{"id":3493,"date":"2019-03-01T23:33:01","date_gmt":"2019-03-01T23:33:01","guid":{"rendered":"https:\/\/drhebertlamblet.com\/procedimentos-faciais\/"},"modified":"2023-08-11T02:21:29","modified_gmt":"2023-08-11T02:21:29","slug":"procedimentos-faciais","status":"publish","type":"page","link":"https:\/\/drhebertlamblet.com\/pt-br\/procedimentos-faciais\/","title":{"rendered":"Procedimentos faciais"},"content":{"rendered":"\n\t<section class=\"section\" id=\"section_433736893\">\n\t\t<div class=\"section-bg fill\" >\n\t\t\t<img loading=\"lazy\" decoding=\"async\" width=\"900\" height=\"466\" src=\"https:\/\/drhebertlamblet.com\/wp-content\/uploads\/2019\/03\/facial_curves.png\" class=\"bg attachment- size-\" alt=\"\" \/>\t\t\t\t\t\t\n\t\t\t\n\n\t\t<\/div>\n\n\t\t\n\n\t\t<div class=\"section-content relative\">\n\t\t\t\n\t<div id=\"gap-523132773\" class=\"gap-element clearfix\" style=\"display:block; height:auto;\">\n\t\t\n<style>\n#gap-523132773 {\n  padding-top: 30px;\n}\n<\/style>\n\t<\/div>\n\t\n<div class=\"row row-divided\"  id=\"row-689652872\">\n\n\t<div id=\"col-747426386\" class=\"col medium-6 small-12 large-6\"  >\n\t\t\t\t<div class=\"col-inner\"  >\n\t\t\t\n\t\t\t\n<h1 style=\"text-align: center;\"><span style=\"color: #ffffff;\">Rejuvenescimento facial<\/span><\/h1>\n\t\t<\/div>\n\t\t\t\t\t<\/div>\n\n\t\n\n\t<div id=\"col-1461795012\" class=\"col medium-6 small-12 large-6\"  >\n\t\t\t\t<div class=\"col-inner\"  >\n\t\t\t\n\t\t\t\n<h3><span style=\"color: #ffffff;\">Rejuvenescer os seus tra\u00e7os faciais<\/span><\/h3>\n<p>H\u00e1 s\u00e9culos que homens e mulheres procuram a fonte da juventude, mas s\u00f3 nos \u00faltimos 10 a 20 anos \u00e9 que as t\u00e9cnicas e a tecnologia da cirurgia est\u00e9tica foram desenvolvidas e aperfei\u00e7oadas ao ponto de a beleza jovem e de aspeto natural se poder tornar uma realidade durante toda a vida adulta.<\/p>\n<p>Os melhores resultados poss\u00edveis s\u00f3 podem ser alcan\u00e7ados por um cirurgi\u00e3o cosm\u00e9tico respeit\u00e1vel e experiente como o Dr. Hebert Lamblet, com talento, habilidade e um olho para a beleza e harmonia facial.  <\/p>\n<a data-animate=\"fadeInUp\" href=\"\/contact-us\" class=\"button secondary is-outline is-smaller\" >\n\t\t<span>contacte-nos para marcar a sua consulta<\/span>\n\t<\/a>\n\n\t\t<\/div>\n\t\t\t\t\t<\/div>\n\n\t\n<\/div>\n\t\t<\/div>\n\n\t\t\n<style>\n#section_433736893 {\n  padding-top: 30px;\n  padding-bottom: 30px;\n}\n<\/style>\n\t<\/section>\n\t\n\t<div id=\"gap-1092115134\" class=\"gap-element clearfix\" style=\"display:block; height:auto;\">\n\t\t\n<style>\n#gap-1092115134 {\n  padding-top: 30px;\n}\n<\/style>\n\t<\/div>\n\t\n<div class=\"container section-title-container\" ><h3 class=\"section-title section-title-center\"><b aria-hidden=\"true\"><\/b><span class=\"section-title-main\" >Os nossos procedimentos cosm\u00e9ticos e cir\u00fargicos faciais mais populares<\/span><b aria-hidden=\"true\"><\/b><\/h3><\/div>\n<div class=\"row\"  id=\"row-1250200091\">\n\n\t<div id=\"col-1664676996\" class=\"col small-12 large-12\"  >\n\t\t\t\t<div class=\"col-inner\"  >\n\t\t\t\n\t\t\t\n<p style=\"text-align: center;\">O Dr. Lamblet est\u00e1 comprometido com seu of\u00edcio e orgulhosamente oferece procedimentos cosm\u00e9ticos como lifting facial, rinoplastia, Restylane\u00ae e Perlane\u00ae para pessoas do Brasil e de todo o mundo.<\/p>\n\t\t<\/div>\n\t\t\t\t\t<\/div>\n\n\t\n<\/div>\n<div class=\"row row-dashed\"  id=\"row-2003753201\">\n\n\t<div id=\"col-1738665413\" class=\"col medium-4 small-12 large-4\"  >\n\t\t\t\t<div class=\"col-inner\"  >\n\t\t\t\n\t\t\t\n\n  <div class=\"banner has-hover bg-zoom\" id=\"banner-281499902\">\n          <div class=\"banner-inner fill\">\n        <div class=\"banner-bg fill\" >\n            <img loading=\"lazy\" decoding=\"async\" width=\"485\" height=\"534\" src=\"https:\/\/drhebertlamblet.com\/wp-content\/uploads\/2019\/03\/facelift_surgery.jpg\" class=\"bg attachment-large size-large\" alt=\"\" \/>                        <div class=\"overlay\"><\/div>            \n                    <\/div>\n\t\t\n        <div class=\"banner-layers container\">\n            <a class=\"fill\" href=\"\/facial-procedures\/face-lift\/\"><div class=\"fill banner-link\"><\/div><\/a>            \n   <div id=\"text-box-677640468\" class=\"text-box banner-layer x50 md-x50 lg-x50 y50 md-y50 lg-y50 res-text\">\n                                <div class=\"text-box-content text dark\">\n              \n              <div class=\"text-inner text-center\">\n                  \n<h3 class=\"uppercase\"><a href=\"https:\/\/drhebertlamblet.com\/pt-br\/procedimentos-faciais\/lifting-facial\/\"><strong>LIFT DE ROSTO<\/strong><\/a><\/h3>\n              <\/div>\n           <\/div>\n                            \n<style>\n#text-box-677640468 {\n  width: 60%;\n}\n#text-box-677640468 .text-box-content {\n  font-size: 100%;\n}\n<\/style>\n    <\/div>\n \n        <\/div>\n      <\/div>\n\n            \n<style>\n#banner-281499902 {\n  padding-top: 270px;\n}\n#banner-281499902 .overlay {\n  background-color: rgba(0, 0, 0, 0.26);\n}\n<\/style>\n  <\/div>\n\n\n\t\t<\/div>\n\t\t\t\t\t<\/div>\n\n\t\n\n\t<div id=\"col-1375061625\" class=\"col medium-4 small-12 large-4\"  >\n\t\t\t\t<div class=\"col-inner\"  >\n\t\t\t\n\t\t\t\n\n  <div class=\"banner has-hover bg-zoom\" id=\"banner-385687050\">\n          <div class=\"banner-inner fill\">\n        <div class=\"banner-bg fill\" >\n            <img loading=\"lazy\" decoding=\"async\" width=\"620\" height=\"388\" src=\"https:\/\/drhebertlamblet.com\/wp-content\/uploads\/2019\/03\/rhinoplasty_procedure.jpg\" class=\"bg attachment-large size-large\" alt=\"\" \/>                        <div class=\"overlay\"><\/div>            \n                    <\/div>\n\t\t\n        <div class=\"banner-layers container\">\n            <a class=\"fill\" href=\"\/facial-procedures\/rhinoplasty-nose-surgery\/\"><div class=\"fill banner-link\"><\/div><\/a>            \n   <div id=\"text-box-736285588\" class=\"text-box banner-layer x50 md-x50 lg-x50 y50 md-y50 lg-y50 res-text\">\n                                <div class=\"text-box-content text dark\">\n              \n              <div class=\"text-inner text-center\">\n                  \n<h3 class=\"uppercase\"><a href=\"https:\/\/drhebertlamblet.com\/pt-br\/procedimentos-faciais\/rinoplastia-cirurgia-do-nariz\/\"><strong>RHINOPLASTIA<\/strong><\/a><\/h3>\n              <\/div>\n           <\/div>\n                            \n<style>\n#text-box-736285588 {\n  width: 60%;\n}\n#text-box-736285588 .text-box-content {\n  font-size: 100%;\n}\n<\/style>\n    <\/div>\n \n        <\/div>\n      <\/div>\n\n            \n<style>\n#banner-385687050 {\n  padding-top: 270px;\n}\n#banner-385687050 .overlay {\n  background-color: rgba(0, 0, 0, 0.24);\n}\n#banner-385687050 .banner-bg img {\n  object-position: 80% 47%;\n}\n<\/style>\n  <\/div>\n\n\n\t\t<\/div>\n\t\t\t\t\t<\/div>\n\n\t\n\n\t<div id=\"col-1064322256\" class=\"col medium-4 small-12 large-4\"  >\n\t\t\t\t<div class=\"col-inner\"  >\n\t\t\t\n\t\t\t\n\n  <div class=\"banner has-hover bg-zoom\" id=\"banner-770263763\">\n          <div class=\"banner-inner fill\">\n        <div class=\"banner-bg fill\" >\n            <img loading=\"lazy\" decoding=\"async\" width=\"1000\" height=\"1000\" src=\"https:\/\/drhebertlamblet.com\/wp-content\/uploads\/2019\/03\/eyelid_surgery.jpg\" class=\"bg attachment-large size-large\" alt=\"\" \/>                        <div class=\"overlay\"><\/div>            \n                    <\/div>\n\t\t\n        <div class=\"banner-layers container\">\n            <a class=\"fill\" href=\"\/facial-procedures\/blepharoplasty-eyelid-surgery\/\"><div class=\"fill banner-link\"><\/div><\/a>            \n   <div id=\"text-box-571561883\" class=\"text-box banner-layer x50 md-x50 lg-x50 y50 md-y50 lg-y50 res-text\">\n                                <div class=\"text-box-content text dark\">\n              \n              <div class=\"text-inner text-center\">\n                  \n<h3 class=\"uppercase\"><a href=\"https:\/\/drhebertlamblet.com\/pt-br\/procedimentos-faciais\/blefaroplastia-cirurgia-das-palpebras\/\"><strong>CIRURGIA DAS P\u00c1LPEBRAS (BLEFAROPLASTIA)<\/strong><\/a><\/h3>\n              <\/div>\n           <\/div>\n                            \n<style>\n#text-box-571561883 {\n  width: 60%;\n}\n#text-box-571561883 .text-box-content {\n  font-size: 100%;\n}\n<\/style>\n    <\/div>\n \n        <\/div>\n      <\/div>\n\n            \n<style>\n#banner-770263763 {\n  padding-top: 270px;\n}\n#banner-770263763 .overlay {\n  background-color: rgba(0, 0, 0, 0.3);\n}\n<\/style>\n  <\/div>\n\n\n\t\t<\/div>\n\t\t\t\t\t<\/div>\n\n\t\n\n\t<div id=\"col-1848808254\" class=\"col medium-4 small-12 large-4\"  >\n\t\t\t\t<div class=\"col-inner\"  >\n\t\t\t\n\t\t\t\n\n  <div class=\"banner has-hover bg-zoom\" id=\"banner-410533906\">\n          <div class=\"banner-inner fill\">\n        <div class=\"banner-bg fill\" >\n            <img loading=\"lazy\" decoding=\"async\" width=\"700\" height=\"553\" src=\"https:\/\/drhebertlamblet.com\/wp-content\/uploads\/2019\/03\/volumetric_facial_rejuvenation.png\" class=\"bg attachment-large size-large\" alt=\"Volumetric Facial Reshaping\" \/>                        <div class=\"overlay\"><\/div>            \n                    <\/div>\n\t\t\n        <div class=\"banner-layers container\">\n            <a class=\"fill\" href=\"\/facial-procedures\/volumetric-facial-reshaping\/\"><div class=\"fill banner-link\"><\/div><\/a>            \n   <div id=\"text-box-1157975143\" class=\"text-box banner-layer x50 md-x50 lg-x50 y50 md-y50 lg-y50 res-text\">\n                                <div class=\"text-box-content text dark\">\n              \n              <div class=\"text-inner text-center\">\n                  \n<h3 class=\"uppercase\"><a href=\"https:\/\/drhebertlamblet.com\/pt-br\/procedimentos-faciais\/remodelacao-facial-volumetrica\/\"><strong>REMODELA\u00c7\u00c3O FACIAL VOLUM\u00c9TRICA<\/strong><\/a><\/h3>\n              <\/div>\n           <\/div>\n                            \n<style>\n#text-box-1157975143 {\n  width: 60%;\n}\n#text-box-1157975143 .text-box-content {\n  font-size: 100%;\n}\n<\/style>\n    <\/div>\n \n        <\/div>\n      <\/div>\n\n            \n<style>\n#banner-410533906 {\n  padding-top: 270px;\n}\n#banner-410533906 .overlay {\n  background-color: rgba(0, 0, 0, 0.26);\n}\n#banner-410533906 .banner-bg img {\n  object-position: 34% 49%;\n}\n<\/style>\n  <\/div>\n\n\n\t\t<\/div>\n\t\t\t\t\t<\/div>\n\n\t\n\n\t<div id=\"col-287345486\" class=\"col medium-4 small-12 large-4\"  >\n\t\t\t\t<div class=\"col-inner\"  >\n\t\t\t\n\t\t\t\n\n  <div class=\"banner has-hover bg-zoom\" id=\"banner-1403247217\">\n          <div class=\"banner-inner fill\">\n        <div class=\"banner-bg fill\" >\n            <img loading=\"lazy\" decoding=\"async\" width=\"870\" height=\"580\" src=\"https:\/\/drhebertlamblet.com\/wp-content\/uploads\/2019\/03\/chin_augmentation_surgery.jpg\" class=\"bg attachment-large size-large\" alt=\"Chin Augmentation\" \/>                        <div class=\"overlay\"><\/div>            \n                    <\/div>\n\t\t\n        <div class=\"banner-layers container\">\n            <a class=\"fill\" href=\"\/facial-procedures\/chin-augmentation\/\"><div class=\"fill banner-link\"><\/div><\/a>            \n   <div id=\"text-box-1950262979\" class=\"text-box banner-layer x50 md-x50 lg-x50 y50 md-y50 lg-y50 res-text\">\n                                <div class=\"text-box-content text dark\">\n              \n              <div class=\"text-inner text-center\">\n                  \n<h3 class=\"uppercase\"><a href=\"https:\/\/drhebertlamblet.com\/pt-br\/procedimentos-faciais\/aumento-do-queixo\/\"><strong>AUMENTO DO QUEIXO<\/strong><\/a><\/h3>\n              <\/div>\n           <\/div>\n                            \n<style>\n#text-box-1950262979 {\n  width: 60%;\n}\n#text-box-1950262979 .text-box-content {\n  font-size: 100%;\n}\n<\/style>\n    <\/div>\n \n        <\/div>\n      <\/div>\n\n            \n<style>\n#banner-1403247217 {\n  padding-top: 270px;\n}\n#banner-1403247217 .overlay {\n  background-color: rgba(0, 0, 0, 0.32);\n}\n#banner-1403247217 .banner-bg img {\n  object-position: 52% 51%;\n}\n<\/style>\n  <\/div>\n\n\n\t\t<\/div>\n\t\t\t\t\t<\/div>\n\n\t\n\n\t<div id=\"col-2092876160\" class=\"col medium-4 small-12 large-4\"  >\n\t\t\t\t<div class=\"col-inner\"  >\n\t\t\t\n\t\t\t\n\n  <div class=\"banner has-hover bg-zoom\" id=\"banner-1186887143\">\n          <div class=\"banner-inner fill\">\n        <div class=\"banner-bg fill\" >\n            <img loading=\"lazy\" decoding=\"async\" width=\"685\" height=\"355\" src=\"https:\/\/drhebertlamblet.com\/wp-content\/uploads\/2019\/03\/otoplasty_ear_surgery.jpg\" class=\"bg attachment-large size-large\" alt=\"Ear Surgery (Otoplasty)\" \/>                        <div class=\"overlay\"><\/div>            \n                    <\/div>\n\t\t\n        <div class=\"banner-layers container\">\n            <a class=\"fill\" href=\"\/facial-procedures\/ear-surgery\/\"><div class=\"fill banner-link\"><\/div><\/a>            \n   <div id=\"text-box-153021801\" class=\"text-box banner-layer x50 md-x50 lg-x50 y50 md-y50 lg-y50 res-text\">\n                                <div class=\"text-box-content text dark\">\n              \n              <div class=\"text-inner text-center\">\n                  \n<h3 class=\"uppercase\"><a href=\"https:\/\/drhebertlamblet.com\/pt-br\/procedimentos-faciais\/cirurgia-do-ouvido-otoplastia\/\"><strong>CIRURGIA DO OUVIDO (OTOPLASTIA)<\/strong><\/a><\/h3>\n              <\/div>\n           <\/div>\n                            \n<style>\n#text-box-153021801 {\n  width: 60%;\n}\n#text-box-153021801 .text-box-content {\n  font-size: 100%;\n}\n<\/style>\n    <\/div>\n \n        <\/div>\n      <\/div>\n\n            \n<style>\n#banner-1186887143 {\n  padding-top: 270px;\n}\n#banner-1186887143 .overlay {\n  background-color: rgba(0, 0, 0, 0.26);\n}\n#banner-1186887143 .banner-bg img {\n  object-position: 88% 64%;\n}\n<\/style>\n  <\/div>\n\n\n\t\t<\/div>\n\t\t\t\t\t<\/div>\n\n\t\n<\/div>\n\t<div id=\"gap-1767838271\" class=\"gap-element clearfix\" style=\"display:block; height:auto;\">\n\t\t\n<style>\n#gap-1767838271 {\n  padding-top: 30px;\n}\n<\/style>\n\t<\/div>\n\t\n\t<div id=\"gap-1541049202\" class=\"gap-element clearfix\" style=\"display:block; height:auto;\">\n\t\t\n<style>\n#gap-1541049202 {\n  padding-top: 30px;\n}\n<\/style>\n\t<\/div>\n\t\n","protected":false},"excerpt":{"rendered":"","protected":false},"author":1,"featured_media":0,"parent":0,"menu_order":0,"comment_status":"closed","ping_status":"closed","template":"page-blank.php","meta":{"footnotes":""},"class_list":["post-3493","page","type-page","status-publish","hentry"],"_links":{"self":[{"href":"https:\/\/drhebertlamblet.com\/pt-br\/wp-json\/wp\/v2\/pages\/3493","targetHints":{"allow":["GET"]}}],"collection":[{"href":"https:\/\/drhebertlamblet.com\/pt-br\/wp-json\/wp\/v2\/pages"}],"about":[{"href":"https:\/\/drhebertlamblet.com\/pt-br\/wp-json\/wp\/v2\/types\/page"}],"author":[{"embeddable":true,"href":"https:\/\/drhebertlamblet.com\/pt-br\/wp-json\/wp\/v2\/users\/1"}],"replies":[{"embeddable":true,"href":"https:\/\/drhebertlamblet.com\/pt-br\/wp-json\/wp\/v2\/comments?post=3493"}],"version-history":[{"count":1,"href":"https:\/\/drhebertlamblet.com\/pt-br\/wp-json\/wp\/v2\/pages\/3493\/revisions"}],"predecessor-version":[{"id":3494,"href":"https:\/\/drhebertlamblet.com\/pt-br\/wp-json\/wp\/v2\/pages\/3493\/revisions\/3494"}],"wp:attachment":[{"href":"https:\/\/drhebertlamblet.com\/pt-br\/wp-json\/wp\/v2\/media?parent=3493"}],"curies":[{"name":"wp","href":"https:\/\/api.w.org\/{rel}","templated":true}]}}