{"id":3486,"date":"2019-03-24T20:08:44","date_gmt":"2019-03-24T20:08:44","guid":{"rendered":"https:\/\/drhebertlamblet.com\/sobre-a-nossa-clinica\/"},"modified":"2023-08-11T02:21:25","modified_gmt":"2023-08-11T02:21:25","slug":"sobre-a-nossa-clinica","status":"publish","type":"page","link":"https:\/\/drhebertlamblet.com\/pt-br\/sobre-a-nossa-clinica\/","title":{"rendered":"Sobre a nossa cl\u00ednica"},"content":{"rendered":"\n\t<section class=\"section\" id=\"section_879293872\">\n\t\t<div class=\"section-bg fill\" >\n\t\t\t\t\t\t\t\t\t\n\t\t\t\n\n\t\t<\/div>\n\n\t\t\n\n\t\t<div class=\"section-content relative\">\n\t\t\t\n\t<div id=\"gap-301761152\" class=\"gap-element clearfix\" style=\"display:block; height:auto;\">\n\t\t\n<style>\n#gap-301761152 {\n  padding-top: 50px;\n}\n<\/style>\n\t<\/div>\n\t\n<div class=\"row align-center\"  id=\"row-1505920424\">\n\n\t<div id=\"col-108061767\" class=\"col medium-4 small-10 large-4\"  >\n\t\t\t\t<div class=\"col-inner\"  >\n\t\t\t\n\t\t\t\n<h1><span style=\"font-size: 150%;\">Sobre a nossa cl\u00ednica<\/span><\/h1>\n<p>A Vikaara Klinik\u00ae, cl\u00ednica de cirurgia pl\u00e1stica do Dr. Hebert Lamblet no Brasil<\/p>\n\t\t<\/div>\n\t\t\t\t\n<style>\n#col-108061767 > .col-inner {\n  padding: 0px 40px 0px 0px;\n}\n<\/style>\n\t<\/div>\n\n\t\n\n\t<div id=\"col-1368351526\" class=\"col medium-8 small-10 large-8\"  >\n\t\t\t\t<div class=\"col-inner\"  >\n\t\t\t\n\t\t\t\n<p>Na Vikaara Klinik\u00ae no Rio de Janeiro e em Manaus, Brasil, estamos atentos \u00e0s necessidades dos nossos pacientes. Os nossos profissionais altamente qualificados e dedicados trabalham arduamente para alcan\u00e7ar os resultados cir\u00fargicos e n\u00e3o cir\u00fargicos que espera.<\/p>\n<p>Os pacientes que optam por procedimentos de cirurgia pl\u00e1stica ou reconstrutiva receber\u00e3o um elevado n\u00edvel de cuidados cir\u00fargicos de acordo com as melhores pr\u00e1ticas. O Dr. Lamblet \u00e9 um cirurgi\u00e3o pl\u00e1stico e reconstrutivo distinto, certificado pelo conselho, que recomenda tratamentos ap\u00f3s um exame minucioso do historial m\u00e9dico do paciente, da sua condi\u00e7\u00e3o m\u00e9dica atual e dos seus requisitos.  <\/p>\n<p>Ele dedica tempo para o ouvir e para o ajudar a compreender tudo o que est\u00e1 envolvido no seu procedimento m\u00e9dico. Tu \u00e9s \u00fanico. Como tal, o Dr. Lamblet combina a sua experi\u00eancia cir\u00fargica e sentido de est\u00e9tica para encontrar a solu\u00e7\u00e3o mais adequada para atingir o seu objetivo. Qualquer que seja o servi\u00e7o que pretenda escolher, o nosso grupo assegurar\u00e1 que a sua cura seja a esperada e que fique satisfeito com os resultados. Desde a sua primeira consulta com o Dr. Lamblet, at\u00e9 \u00e0 sua recupera\u00e7\u00e3o, os nossos m\u00e9dicos e pessoal de enfermagem ter\u00e3o em conta os seus cuidados e seguran\u00e7a em primeiro lugar.<\/p>\n\t\t<\/div>\n\t\t\t\t\t<\/div>\n\n\t\n<\/div>\n<div class=\"row align-center\"  id=\"row-1859392177\">\n\n\t<div id=\"col-21479450\" class=\"col medium-4 small-10 large-4\"  >\n\t\t\t\t<div class=\"col-inner\"  >\n\t\t\t\n\t\t\t\n<h3><span style=\"font-size: 150%;\">Cirurgia cosm\u00e9tica de espetro total<\/span><\/h3>\n\t\t<\/div>\n\t\t\t\t\n<style>\n#col-21479450 > .col-inner {\n  padding: 0px 40px 0px 0px;\n}\n<\/style>\n\t<\/div>\n\n\t\n\n\t<div id=\"col-1937062738\" class=\"col medium-8 small-10 large-8\"  >\n\t\t\t\t<div class=\"col-inner\"  >\n\t\t\t\n\t\t\t\n<p>Na Vikaara Klinik\u00ae, o Dr. Lamblet oferece procedimentos cosm\u00e9ticos cir\u00fargicos e n\u00e3o cir\u00fargicos que restauram uma apar\u00eancia natural ao seu rosto, seios, corpo e aos tons de pele claros, azeitona ou mais escuros. Quer se trate de uma mamoplastia de aumento, de um procedimento de eleva\u00e7\u00e3o do peito, de uma lipoaspira\u00e7\u00e3o ou de um tratamento de contorno corporal, o Dr. Lamblet ajud\u00e1-la-\u00e1 a alcan\u00e7ar a figura bem torneada que deseja para redescobrir a sua beleza natural. Se o objetivo for refor\u00e7ar os tra\u00e7os masculinos, existem op\u00e7\u00f5es n\u00e3o cir\u00fargicas, minimamente invasivas e cir\u00fargicas para procedimentos na linha do maxilar, um aumento do queixo e at\u00e9 para a redu\u00e7\u00e3o do peito masculino.  <\/p>\n<p>Muitos doentes est\u00e3o interessados em abrandar ou inverter os sinais de envelhecimento. A nossa cl\u00ednica oferece cirurgia de lifting facial e preenchimentos d\u00e9rmicos n\u00e3o invasivos que podem ajudar a suavizar os contornos faciais, ou a criar \u00e2ngulos e reposicionar os m\u00fasculos, para restaurar uma apar\u00eancia saud\u00e1vel e jovem em qualquer cor de pele.<\/p>\n<p>O nosso compromisso \u00e9 proporcionar-lhe o m\u00e1ximo de cuidados m\u00e9dicos e aten\u00e7\u00e3o, enquanto nos empenhamos em fazer sobressair o seu lado mais atraente, saud\u00e1vel, confiante e desej\u00e1vel.<\/p>\n\t\t<\/div>\n\t\t\t\t\t<\/div>\n\n\t\n<\/div>\n\t\t<\/div>\n\n\t\t\n<style>\n#section_879293872 {\n  padding-top: 20px;\n  padding-bottom: 20px;\n}\n<\/style>\n\t<\/section>\n\t\n\t<div id=\"gap-1396820734\" class=\"gap-element clearfix\" style=\"display:block; height:auto;\">\n\t\t\n<style>\n#gap-1396820734 {\n  padding-top: 49px;\n}\n<\/style>\n\t<\/div>\n\t\n\n\t<section class=\"section\" id=\"section_1866338402\">\n\t\t<div class=\"section-bg fill\" >\n\t\t\t<img loading=\"lazy\" decoding=\"async\" width=\"1000\" height=\"667\" src=\"https:\/\/drhebertlamblet.com\/wp-content\/uploads\/2019\/03\/unsplash30-4-of-7.jpg\" class=\"bg attachment- size-\" alt=\"\" \/>\t\t\t\t\t\t<div class=\"section-bg-overlay absolute fill\"><\/div>\n\t\t\t\n\n\t\t<\/div>\n\n\t\t\n\n\t\t<div class=\"section-content relative\">\n\t\t\t\n<div class=\"row\"  id=\"row-718173864\">\n\n\t<div id=\"col-2124300978\" class=\"col small-12 large-12\"  >\n\t\t\t\t<div class=\"col-inner\"  >\n\t\t\t\n\t\t\t\n\t<div id=\"gap-582481106\" class=\"gap-element clearfix\" style=\"display:block; height:auto;\">\n\t\t\n<style>\n#gap-582481106 {\n  padding-top: 35px;\n}\n<\/style>\n\t<\/div>\n\t\n<div class=\"row row-collapse row-full-width\"  id=\"row-1648332430\">\n\n\t<div id=\"col-1892947007\" class=\"col medium-7 small-12 large-7\"  >\n\t\t\t\t<div class=\"col-inner\"  >\n\t\t\t\n\t\t\t\n\n  <div class=\"banner has-hover\" id=\"banner-638640995\">\n          <div class=\"banner-inner fill\">\n        <div class=\"banner-bg fill\" >\n                                                \n                    <\/div>\n\t\t\n        <div class=\"banner-layers container\">\n            <div class=\"fill banner-link\"><\/div>            \n   <div id=\"text-box-1202062595\" class=\"text-box banner-layer x50 md-x50 lg-x50 y50 md-y50 lg-y50 res-text\">\n                                <div class=\"text-box-content text \">\n              \n              <div class=\"text-inner text-center\">\n                  \n<h2 class=\"uppercase\" style=\"text-align: center;\"><strong>Localiza\u00e7\u00e3o do escrit\u00f3rio<\/strong><\/h2>\n<p style=\"text-align: center;\"><span style=\"font-size: 130%;\">Nosso centro de cirurgia pl\u00e1stica est\u00e1 localizado no Rio de Janeiro, Brasil, no cora\u00e7\u00e3o de Ipanema, a apenas 100 metros da Praia de Ipanema. Os pacientes que se deslocam \u00e0 Vikaara Klinik\u00ae para cirurgia pl\u00e1stica podem desfrutar das muitas atrac\u00e7\u00f5es tur\u00edsticas e locais de interesse assim que o Dr. Lamblet der a sua aprova\u00e7\u00e3o para que possa ser mais ativo.<\/span><\/p>\n<p style=\"text-align: center;\"><span style=\"font-size: 130%;\">Quanto aos transportes, o nosso escrit\u00f3rio oferece estacionamento acess\u00edvel na rua e \u00e9 f\u00e1cil apanhar t\u00e1xis na cidade. Com nossa localiza\u00e7\u00e3o privilegiada e central, viajar para qualquer lugar da cidade a partir da Vikaara Klinik\u00ae \u00e9 simples e r\u00e1pido, levando menos de 10 minutos para chegar a Copacabana, 20 minutos para o centro do Rio e 40 minutos para o aeroporto internacional.  <\/span><\/p>\n<p><span style=\"font-size: 130%;\">Se tiver alguma quest\u00e3o sobre um procedimento de cirurgia pl\u00e1stica ou sobre a nossa cl\u00ednica, n\u00e3o hesite em <a href=\"http:\/\/www.drhebertlamblet.com\/contact-us\/\">contactar o nosso gabinete de cirurgia est\u00e9tica<\/a>.<\/span><\/p>\n\t<div id=\"gap-1640711648\" class=\"gap-element clearfix\" style=\"display:block; height:auto;\">\n\t\t\n<style>\n#gap-1640711648 {\n  padding-top: 10px;\n}\n<\/style>\n\t<\/div>\n\t\n              <\/div>\n           <\/div>\n                            \n<style>\n#text-box-1202062595 {\n  width: 94%;\n}\n#text-box-1202062595 .text-box-content {\n  font-size: 100%;\n}\n<\/style>\n    <\/div>\n \n        <\/div>\n      <\/div>\n\n            \n<style>\n#banner-638640995 {\n  padding-top: 499px;\n  background-color: rgb(255,255,255);\n}\n<\/style>\n  <\/div>\n\n\n\t\t<\/div>\n\t\t\t\t\t<\/div>\n\n\t\n\n\t<div id=\"col-1951715479\" class=\"col medium-5 small-12 large-5\"  >\n\t\t\t\t<div class=\"col-inner\"  >\n\t\t\t\n\t\t\t\n\t<div class=\"img has-hover x md-x lg-x y md-y lg-y\" id=\"image_1958691914\">\n\t\t\t\t\t\t\t\t<div class=\"img-inner image-zoom-long image-grayscale image-cover dark\" style=\"padding-top:500px;\">\n\t\t\t<img loading=\"lazy\" decoding=\"async\" width=\"1020\" height=\"663\" src=\"https:\/\/drhebertlamblet.com\/wp-content\/uploads\/2019\/03\/maps-1024x666.png\" class=\"attachment-large size-large\" alt=\"\" srcset=\"https:\/\/drhebertlamblet.com\/wp-content\/uploads\/2019\/03\/maps-1024x666.png 1024w, https:\/\/drhebertlamblet.com\/wp-content\/uploads\/2019\/03\/maps-300x195.png 300w, https:\/\/drhebertlamblet.com\/wp-content\/uploads\/2019\/03\/maps-768x500.png 768w, https:\/\/drhebertlamblet.com\/wp-content\/uploads\/2019\/03\/maps.png 1125w\" sizes=\"auto, (max-width: 1020px) 100vw, 1020px\" \/>\t\t\t\t\t\t\n\t\t\t\t\t<\/div>\n\t\t\t\t\t\t\t\t\n<style>\n#image_1958691914 {\n  width: 100%;\n}\n<\/style>\n\t<\/div>\n\t\n\t\t<\/div>\n\t\t\t\t\t<\/div>\n\n\t\n<\/div>\n\t\t<\/div>\n\t\t\t\t\t<\/div>\n\n\t\n<\/div>\n\t\t<\/div>\n\n\t\t\n<style>\n#section_1866338402 {\n  padding-top: 30px;\n  padding-bottom: 30px;\n}\n#section_1866338402 .section-bg-overlay {\n  background-color: rgba(32, 82, 101, 0.6);\n}\n#section_1866338402 .section-bg img {\n  object-position: 54% 59%;\n}\n<\/style>\n\t<\/section>\n\t\n\n\t<section class=\"section\" id=\"section_917605497\">\n\t\t<div class=\"section-bg fill\" >\n\t\t\t\t\t\t\t\t\t\n\t\t\t\n\n\t\t<\/div>\n\n\t\t\n\n\t\t<div class=\"section-content relative\">\n\t\t\t\n<div class=\"row align-center\"  id=\"row-388567012\">\n\n\t<div id=\"col-2107584118\" class=\"col medium-11 small-9 large-11\"  >\n\t\t\t\t<div class=\"col-inner text-center\"  >\n\t\t\t\n\t\t\t\n\t<div id=\"gap-2006435050\" class=\"gap-element clearfix\" style=\"display:block; height:auto;\">\n\t\t\n<style>\n#gap-2006435050 {\n  padding-top: 25px;\n}\n<\/style>\n\t<\/div>\n\t\n<h1 class=\"uppercase\"><span style=\"font-size: 115%;\">Instala\u00e7\u00f5es cir\u00fargicas<\/span><\/h1>\n<p>Se o paciente necessitar de interna\u00e7\u00e3o hospitalar para o seu procedimento, este ser\u00e1 realizado no Hospital Copa D`Or, em Copacabana. Temos o prazer de trabalhar neste hospital, que disp\u00f5e de instala\u00e7\u00f5es seguras e modernas para a sua cirurgia. Para obter mais informa\u00e7\u00f5es sobre o Hospital Copa D`Or, visite o seu s\u00edtio Web.<\/p>\n<p>Muitos procedimentos n\u00e3o requerem mais do que uma noite de interna\u00e7\u00e3o e, para esses, oferecemos tratamento na Barra Clinic, um hospital-dia na Barra da Tijuca que oferece o mesmo conforto, seguran\u00e7a e instala\u00e7\u00f5es m\u00e9dicas modernas de um hospital completo com um ambiente mais caseiro.<\/p>\n<p>Se estiver interessado em saber mais sobre as instala\u00e7\u00f5es onde realizamos cirurgia pl\u00e1stica, por favor&nbsp;<a href=\"http:\/\/www.drhebertlamblet.com\/contact-us\/\">contacte os nossos prest\u00e1veis funcion\u00e1rios no nosso escrit\u00f3rio do Rio de Janeiro<\/a>.<\/p>\n\t\t<\/div>\n\t\t\t\t\t<\/div>\n\n\t\n<\/div>\n<div class=\"row align-center\"  id=\"row-270781705\">\n\n\t<div id=\"col-1842640884\" class=\"col medium-5 small-9 large-5\"  >\n\t\t\t\t<div class=\"col-inner text-center\"  >\n\t\t\t\n\t\t\t\n\n\t\t<div class=\"icon-box featured-box icon-box-center text-center\"  >\n\t\t\t\t\t<div class=\"icon-box-img\" style=\"width: 100px\">\n\t\t\t\t<div class=\"icon\">\n\t\t\t\t\t<div class=\"icon-inner\" >\n\t\t\t\t\t\t<img loading=\"lazy\" decoding=\"async\" width=\"296\" height=\"300\" src=\"https:\/\/drhebertlamblet.com\/wp-content\/uploads\/2019\/03\/costs-296x300.png\" class=\"attachment-medium size-medium\" alt=\"\" srcset=\"https:\/\/drhebertlamblet.com\/wp-content\/uploads\/2019\/03\/costs-296x300.png 296w, https:\/\/drhebertlamblet.com\/wp-content\/uploads\/2019\/03\/costs-100x100.png 100w, https:\/\/drhebertlamblet.com\/wp-content\/uploads\/2019\/03\/costs.png 486w\" sizes=\"auto, (max-width: 296px) 100vw, 296px\" \/>\t\t\t\t\t<\/div>\n\t\t\t\t<\/div>\n\t\t\t<\/div>\n\t\t\t\t<div class=\"icon-box-text last-reset\">\n\t\t\t\t\t\t\t\t\t\n<h3 class=\"uppercase\">custo do tratamento<\/h3>\n<p>O custo da cirurgia pl\u00e1stica varia consoante o tratamento, a dura\u00e7\u00e3o e as circunst\u00e2ncias especiais do procedimento. Por favor&nbsp;<a href=\"http:\/\/www.drhebertlamblet.com\/contact-us\/\">contactar o nosso gabinete<\/a>&nbsp;para obter informa\u00e7\u00f5es espec\u00edficas sobre pre\u00e7os.<\/p>\n\t\t<\/div>\n\t<\/div>\n\t\n\t\n\t\t<\/div>\n\t\t\t\t\t<\/div>\n\n\t\n\n\t<div id=\"col-1345619705\" class=\"col medium-5 small-9 large-5\"  >\n\t\t\t\t<div class=\"col-inner text-center\"  >\n\t\t\t\n\t\t\t\n\n\t\t<div class=\"icon-box featured-box icon-box-center text-center\"  >\n\t\t\t\t\t<div class=\"icon-box-img\" style=\"width: 111px\">\n\t\t\t\t<div class=\"icon\">\n\t\t\t\t\t<div class=\"icon-inner\" >\n\t\t\t\t\t\t<img loading=\"lazy\" decoding=\"async\" width=\"300\" height=\"273\" src=\"https:\/\/drhebertlamblet.com\/wp-content\/uploads\/2019\/03\/payment-300x273.png\" class=\"attachment-medium size-medium\" alt=\"\" srcset=\"https:\/\/drhebertlamblet.com\/wp-content\/uploads\/2019\/03\/payment-300x273.png 300w, https:\/\/drhebertlamblet.com\/wp-content\/uploads\/2019\/03\/payment.png 562w\" sizes=\"auto, (max-width: 300px) 100vw, 300px\" \/>\t\t\t\t\t<\/div>\n\t\t\t\t<\/div>\n\t\t\t<\/div>\n\t\t\t\t<div class=\"icon-box-text last-reset\">\n\t\t\t\t\t\t\t\t\t\n<h3 class=\"uppercase\">op\u00e7\u00f5es de pagamento<\/h3>\n<p>A cirurgia pl\u00e1stica n\u00e3o \u00e9 normalmente coberta pelos planos de sa\u00fade. O pagamento do seu tratamento pode ser efectuado em dinheiro ou cheque pessoal. Contactar o&nbsp;<a href=\"http:\/\/www.drhebertlamblet.com\/contact-us\/\">Vikaara Klinik\u00ae<\/a>&nbsp;se pretender obter mais informa\u00e7\u00f5es sobre a forma de pagamento dos tratamentos.<\/p>\n\t\t<\/div>\n\t<\/div>\n\t\n\t\n\t\t<\/div>\n\t\t\t\t\t<\/div>\n\n\t\n<\/div>\n\t\t<\/div>\n\n\t\t\n<style>\n#section_917605497 {\n  padding-top: 60px;\n  padding-bottom: 60px;\n}\n<\/style>\n\t<\/section>\n\t\n<div class=\"row row-collapse row-full-width\"  id=\"row-441640814\">\n\n\t<div id=\"col-352210856\" class=\"col medium-6 small-12 large-6\"  >\n\t\t\t\t<div class=\"col-inner\"  >\n\t\t\t\n\t\t\t\n\n  <div class=\"banner has-hover\" id=\"banner-40438075\">\n          <div class=\"banner-inner fill\">\n        <div class=\"banner-bg fill\" >\n                                                \n                    <\/div>\n\t\t\n        <div class=\"banner-layers container\">\n            <div class=\"fill banner-link\"><\/div>            \n   <div id=\"text-box-671345582\" class=\"text-box banner-layer x50 md-x50 lg-x50 y50 md-y50 lg-y50 res-text\">\n                                <div class=\"text-box-content text \">\n              \n              <div class=\"text-inner text-left\">\n                  \n<h2 class=\"uppercase\">para os nossos pacientes em viagem<\/h2>\n<p class=\"thin-font\"><span style=\"font-size: 160%;\">Muitos pacientes de todo o mundo procuram tratamento junto do Dr. Lamblet, que \u00e9 um cirurgi\u00e3o pl\u00e1stico competente e bem conhecido. Para aqueles que nos procuram para cirurgia pl\u00e1stica de fora do Rio de Janeiro ou do Brasil, fornecemos algumas informa\u00e7\u00f5es sobre a \u00e1rea para tornar sua visita f\u00e1cil, agrad\u00e1vel e confort\u00e1vel.<\/span><\/p>\n<h4>ONDE FICAR<\/h4>\n<p><span style=\"font-size: 160%;\">A Vikaara Klinik\u00ae est\u00e1 localizada num destino tur\u00edstico privilegiado no Rio de Janeiro, o que oferece aos nossos pacientes de fora da \u00e1rea numerosos hot\u00e9is para as suas estadias. Com alojamentos dispon\u00edveis para qualquer or\u00e7amento ou gosto, desde o modesto ao luxuoso, encontrar\u00e1 certamente um local adequado para ficar.<\/span><\/p>\n<h4>CONTACTE-NOS<\/h4>\n<p><span style=\"font-size: 160%;\">Por favor, <a href=\"http:\/\/www.drhebertlamblet.com\/contact-us\/\">contacte a Vikaara Klinik\u00ae<\/a> para obter informa\u00e7\u00f5es sobre a cirurgia pl\u00e1stica com o Dr. Hebert Lamblet no seu consult\u00f3rio no Rio de Janeiro, Brasil. Um membro da nossa equipa pode tamb\u00e9m ajud\u00e1-lo a marcar uma consulta com o Dr. Lamblet. Durante esta consulta, voc\u00ea e o Dr. Lamblet discutir\u00e3o as suas preocupa\u00e7\u00f5es cosm\u00e9ticas e o plano cir\u00fargico mais adequado para o ajudar a alcan\u00e7ar uma melhoria est\u00e9tica excecional.<\/span><\/p>\n              <\/div>\n           <\/div>\n                            \n<style>\n#text-box-671345582 {\n  width: 78%;\n}\n#text-box-671345582 .text-box-content {\n  font-size: 100%;\n}\n<\/style>\n    <\/div>\n \n        <\/div>\n      <\/div>\n\n            \n<style>\n#banner-40438075 {\n  padding-top: 400px;\n  background-color: rgb(255, 255, 255);\n}\n@media (min-width:550px) {\n  #banner-40438075 {\n    padding-top: 700px;\n  }\n}\n<\/style>\n  <\/div>\n\n\n\t\t<\/div>\n\t\t\t\t\t<\/div>\n\n\t\n\n\t<div id=\"col-1627749501\" class=\"col medium-6 small-12 large-6\"  >\n\t\t\t\t<div class=\"col-inner\"  >\n\t\t\t\n\t\t\t\n\n  <div class=\"banner has-hover\" id=\"banner-1190525706\">\n          <div class=\"banner-inner fill\">\n        <div class=\"banner-bg fill\" >\n            <img loading=\"lazy\" decoding=\"async\" width=\"1020\" height=\"567\" src=\"https:\/\/drhebertlamblet.com\/wp-content\/uploads\/2019\/03\/rio-de-janeiro-brazil-1024x569.jpg\" class=\"bg attachment-large size-large\" alt=\"Rio de Janeiro, Brazil\" \/>                                    \n                    <\/div>\n\t\t\n        <div class=\"banner-layers container\">\n            <div class=\"fill banner-link\"><\/div>               <div id=\"text-box-388088366\" class=\"text-box banner-layer x50 md-x50 lg-x50 y50 md-y50 lg-y50 res-text\">\n                     <div data-animate=\"fadeIn\">           <div class=\"text-box-content text dark\">\n              \n              <div class=\"text-inner text-center\">\n                  \n              <\/div>\n           <\/div>\n       <\/div>                     \n<style>\n#text-box-388088366 {\n  width: 60%;\n}\n#text-box-388088366 .text-box-content {\n  font-size: 100%;\n}\n@media (min-width:550px) {\n  #text-box-388088366 {\n    width: 60%;\n  }\n}\n<\/style>\n    <\/div>\n         <\/div>\n      <\/div>\n\n            \n<style>\n#banner-1190525706 {\n  padding-top: 700px;\n}\n<\/style>\n  <\/div>\n\n\n\t\t<\/div>\n\t\t\t\t\t<\/div>\n\n\t\n<\/div>\n\t<div id=\"gap-506331018\" class=\"gap-element clearfix\" style=\"display:block; height:auto;\">\n\t\t\n<style>\n#gap-506331018 {\n  padding-top: 60px;\n}\n<\/style>\n\t<\/div>\n\t\n","protected":false},"excerpt":{"rendered":"","protected":false},"author":1,"featured_media":0,"parent":0,"menu_order":0,"comment_status":"closed","ping_status":"closed","template":"page-blank.php","meta":{"footnotes":""},"class_list":["post-3486","page","type-page","status-publish","hentry"],"_links":{"self":[{"href":"https:\/\/drhebertlamblet.com\/pt-br\/wp-json\/wp\/v2\/pages\/3486","targetHints":{"allow":["GET"]}}],"collection":[{"href":"https:\/\/drhebertlamblet.com\/pt-br\/wp-json\/wp\/v2\/pages"}],"about":[{"href":"https:\/\/drhebertlamblet.com\/pt-br\/wp-json\/wp\/v2\/types\/page"}],"author":[{"embeddable":true,"href":"https:\/\/drhebertlamblet.com\/pt-br\/wp-json\/wp\/v2\/users\/1"}],"replies":[{"embeddable":true,"href":"https:\/\/drhebertlamblet.com\/pt-br\/wp-json\/wp\/v2\/comments?post=3486"}],"version-history":[{"count":1,"href":"https:\/\/drhebertlamblet.com\/pt-br\/wp-json\/wp\/v2\/pages\/3486\/revisions"}],"predecessor-version":[{"id":3492,"href":"https:\/\/drhebertlamblet.com\/pt-br\/wp-json\/wp\/v2\/pages\/3486\/revisions\/3492"}],"wp:attachment":[{"href":"https:\/\/drhebertlamblet.com\/pt-br\/wp-json\/wp\/v2\/media?parent=3486"}],"curies":[{"name":"wp","href":"https:\/\/api.w.org\/{rel}","templated":true}]}}