{"id":3482,"date":"2019-03-26T00:06:06","date_gmt":"2019-03-26T00:06:06","guid":{"rendered":"https:\/\/drhebertlamblet.com\/conheca-o-dr-hebert-lamblet\/"},"modified":"2023-08-11T03:43:20","modified_gmt":"2023-08-11T03:43:20","slug":"conheca-o-dr-hebert-lamblet","status":"publish","type":"page","link":"https:\/\/drhebertlamblet.com\/pt-br\/conheca-o-dr-hebert-lamblet\/","title":{"rendered":"Conhe\u00e7a o Dr. Hebert Lamblet"},"content":{"rendered":"\n\t<section class=\"section\" id=\"section_1054845735\">\n\t\t<div class=\"section-bg fill\" >\n\t\t\t\t\t\t\t\t\t\n\t\t\t\n\n\t\t<\/div>\n\n\t\t\n\n\t\t<div class=\"section-content relative\">\n\t\t\t\n\t<div id=\"gap-324993171\" class=\"gap-element clearfix\" style=\"display:block; height:auto;\">\n\t\t\n<style>\n#gap-324993171 {\n  padding-top: 30px;\n}\n<\/style>\n\t<\/div>\n\t\n<div class=\"row\"  id=\"row-1838702301\">\n\n\t<div id=\"col-95264830\" class=\"col medium-3 small-12 large-3\"  >\n\t\t\t\t<div class=\"col-inner\"  >\n\t\t\t\n\t\t\t\n\n  <div class=\"banner has-hover\" id=\"banner-1323717674\">\n          <div class=\"banner-inner fill\">\n        <div class=\"banner-bg fill\" >\n            <img loading=\"lazy\" decoding=\"async\" width=\"720\" height=\"1005\" src=\"https:\/\/drhebertlamblet.com\/wp-content\/uploads\/2019\/03\/Hebert-Lamblet.jpeg\" class=\"bg attachment-original size-original\" alt=\"\" \/>                                    \n                    <\/div>\n\t\t\n        <div class=\"banner-layers container\">\n            <div class=\"fill banner-link\"><\/div>               <div id=\"text-box-661725164\" class=\"text-box banner-layer x50 md-x50 lg-x50 y50 md-y50 lg-y50 res-text\">\n                     <div data-animate=\"fadeIn\">           <div class=\"text-box-content text dark\">\n              \n              <div class=\"text-inner text-center\">\n                  \n              <\/div>\n           <\/div>\n       <\/div>                     \n<style>\n#text-box-661725164 {\n  width: 60%;\n}\n#text-box-661725164 .text-box-content {\n  font-size: 100%;\n}\n@media (min-width:550px) {\n  #text-box-661725164 {\n    width: 60%;\n  }\n}\n<\/style>\n    <\/div>\n         <\/div>\n      <\/div>\n\n            \n<style>\n#banner-1323717674 {\n  padding-top: 420px;\n}\n<\/style>\n  <\/div>\n\n\n\t\t<\/div>\n\t\t\t\t\t<\/div>\n\n\t\n\n\t<div id=\"col-1482551232\" class=\"col medium-3 small-12 large-3\"  >\n\t\t\t\t<div class=\"col-inner\"  >\n\t\t\t\n\t\t\t\n\t<div id=\"gap-122954054\" class=\"gap-element clearfix\" style=\"display:block; height:auto;\">\n\t\t\n<style>\n#gap-122954054 {\n  padding-top: 23px;\n}\n<\/style>\n\t<\/div>\n\t\n\n  <div class=\"banner has-hover\" id=\"banner-802246651\">\n          <div class=\"banner-inner fill\">\n        <div class=\"banner-bg fill\" >\n            <img loading=\"lazy\" decoding=\"async\" width=\"722\" height=\"956\" src=\"https:\/\/drhebertlamblet.com\/wp-content\/uploads\/2019\/06\/Dr_Hebert_Lamblet.jpg\" class=\"bg attachment-large size-large\" alt=\"Dr. Hebert Lamblet\" \/>                                    \n                    <\/div>\n\t\t\n        <div class=\"banner-layers container\">\n            <div class=\"fill banner-link\"><\/div>               <div id=\"text-box-961288917\" class=\"text-box banner-layer x50 md-x50 lg-x50 y50 md-y50 lg-y50 res-text\">\n                     <div data-animate=\"fadeIn\">           <div class=\"text-box-content text dark\">\n              \n              <div class=\"text-inner text-center\">\n                  \n              <\/div>\n           <\/div>\n       <\/div>                     \n<style>\n#text-box-961288917 {\n  width: 60%;\n}\n#text-box-961288917 .text-box-content {\n  font-size: 100%;\n}\n@media (min-width:550px) {\n  #text-box-961288917 {\n    width: 60%;\n  }\n}\n<\/style>\n    <\/div>\n         <\/div>\n      <\/div>\n\n            \n<style>\n#banner-802246651 {\n  padding-top: 380px;\n}\n<\/style>\n  <\/div>\n\n\n\t\t<\/div>\n\t\t\t\t\t<\/div>\n\n\t\n\n\t<div id=\"col-628176717\" class=\"col medium-6 small-12 large-6\"  >\n\t\t\t\t<div class=\"col-inner\"  >\n\t\t\t\n\t\t\t\n\t<div id=\"gap-419471493\" class=\"gap-element clearfix\" style=\"display:block; height:auto;\">\n\t\t\n<style>\n#gap-419471493 {\n  padding-top: 39px;\n}\n<\/style>\n\t<\/div>\n\t\n<h1 class=\"uppercase\"><span style=\"font-size: 120%;\">Conhe\u00e7a o Dr. Lamblet<\/span><\/h1>\n<p>O Dr. Lamblet \u00e9 um cirurgi\u00e3o pl\u00e1stico e reconstrutivo certificado pela Sociedade Brasileira de Cirurgia Pl\u00e1stica. \u00c9 tamb\u00e9m um membro ativo e patrocinado de longa data da American Society for Aesthetic Plastic Surgery, Inc., uma organiza\u00e7\u00e3o que admite apenas pessoas com forma\u00e7\u00e3o extensiva comprovada no espetro completo de procedimentos est\u00e9ticos cir\u00fargicos e n\u00e3o cir\u00fargicos. Como membro da International Federation for Adipose Therapeutics and Science, \u00e9 procurado por colegas e outros cientistas para fazer apresenta\u00e7\u00f5es, trocar informa\u00e7\u00f5es e colaborar na investiga\u00e7\u00e3o do tecido adiposo. \u00c9 reconhecido como um especialista em enxertos de gordura adiposa para remodela\u00e7\u00e3o e rejuvenescimento facial.<\/p>\n\t\t<\/div>\n\t\t\t\t\n<style>\n#col-628176717 > .col-inner {\n  padding: 0px 10px 0px 20px;\n}\n<\/style>\n\t<\/div>\n\n\t\n<\/div>\n\t\t<\/div>\n\n\t\t\n<style>\n#section_1054845735 {\n  padding-top: 20px;\n  padding-bottom: 20px;\n}\n<\/style>\n\t<\/section>\n\t\n\n\t<section class=\"section\" id=\"section_1835129919\">\n\t\t<div class=\"section-bg fill\" >\n\t\t\t\t\t\t\t\t\t\n\t\t\t\n\n\t\t<\/div>\n\n\t\t\n\n\t\t<div class=\"section-content relative\">\n\t\t\t\n<div class=\"row align-center\"  id=\"row-1209780876\">\n\n\t<div id=\"col-522324612\" class=\"col medium-4 small-10 large-4\"  >\n\t\t\t\t<div class=\"col-inner\"  >\n\t\t\t\n\t\t\t\n<h1 class=\"uppercase\"><span style=\"font-size: 150%;\">sobre a pr\u00e1tica<\/span><\/h1>\n\t<div id=\"gap-202012418\" class=\"gap-element clearfix\" style=\"display:block; height:auto;\">\n\t\t\n<style>\n#gap-202012418 {\n  padding-top: 30px;\n}\n<\/style>\n\t<\/div>\n\t\n<h3 style=\"text-align: center;\">PROJECTO DE MISS\u00c3O M\u00c9DICA<\/h3>\n<a data-animate=\"blurIn\" href=\"\/humanitarian-contribution\" class=\"button secondary\" >\n\t\t<span>Saiba mais sobre a sua contribui\u00e7\u00e3o humanit\u00e1ria<\/span>\n\t<\/a>\n\n\t\t<\/div>\n\t\t\t\t\t<\/div>\n\n\t\n\n\t<div id=\"col-1177518944\" class=\"col medium-8 small-10 large-8\"  >\n\t\t\t\t<div class=\"col-inner\"  >\n\t\t\t\n\t\t\t\n<p>O Dr. Lamblet tamb\u00e9m \u00e9 membro fundador da Sociedade Brasileira de Cirurgia Cr\u00e2nio-Maxilo-Facial e da Sociedade Brasileira de Queimaduras. \u00c9 tamb\u00e9m membro ativo de outras associa\u00e7\u00f5es nacionais e internacionais de prest\u00edgio, todas enumeradas abaixo.<\/p>\n<p>O Dr. Lamblet tem privil\u00e9gios hospitalares na Europa, uma vez que \u00e9 certificado pela Associa\u00e7\u00e3o M\u00e9dica Portuguesa em Portugal. O Dr. Lamblet tem uma reputa\u00e7\u00e3o bem merecida de excel\u00eancia m\u00e9dica, guiada por uma dedica\u00e7\u00e3o intransigente \u00e0 seguran\u00e7a do paciente e \u00e0 qualidade do resultado final.  <\/p>\n\t\t<\/div>\n\t\t\t\t\t<\/div>\n\n\t\n<\/div>\n\t\t<\/div>\n\n\t\t\n<style>\n#section_1835129919 {\n  padding-top: 0px;\n  padding-bottom: 0px;\n}\n<\/style>\n\t<\/section>\n\t\n<div class=\"row\"  id=\"row-2047188780\">\n\n\t<div id=\"col-1218659161\" class=\"col small-12 large-12\"  >\n\t\t\t\t<div class=\"col-inner text-center\"  >\n\t\t\t\n\t\t\t\n<div class=\"ux-logo has-hover align-middle ux_logo inline-block\" style=\"max-width: 100%!important; width: 193.71604938272px!important\"><div class=\"ux-logo-link block image-\" title=\"\" href=\"\" style=\"padding: 15px;\"><img decoding=\"async\" src=\"https:\/\/drhebertlamblet.com\/wp-content\/uploads\/2019\/03\/member_logos_ASAPS.png\" title=\"\" alt=\"\" class=\"ux-logo-image block\" style=\"height:149px;\" \/><\/div><\/div>\n<div class=\"ux-logo has-hover align-middle ux_logo inline-block\" style=\"max-width: 100%!important; width: 194.80263157895px!important\"><div class=\"ux-logo-link block image-\" title=\"\" href=\"\" style=\"padding: 15px;\"><img decoding=\"async\" src=\"https:\/\/drhebertlamblet.com\/wp-content\/uploads\/2019\/03\/member_logos_brasil.png\" title=\"\" alt=\"\" class=\"ux-logo-image block\" style=\"height:150px;\" \/><\/div><\/div>\n<div class=\"ux-logo has-hover align-middle ux_logo inline-block\" style=\"max-width: 100%!important; width: 211.40972222222px!important\"><div class=\"ux-logo-link block image-\" title=\"\" href=\"\" style=\"padding: 15px;\"><img decoding=\"async\" src=\"https:\/\/drhebertlamblet.com\/wp-content\/uploads\/2019\/03\/member_logos_pitanguy.png\" title=\"\" alt=\"\" class=\"ux-logo-image block\" style=\"height:151px;\" \/><\/div><\/div>\n<div class=\"ux-logo has-hover align-middle ux_logo inline-block\" style=\"max-width: 100%!important; width: 220.58139534884px!important\"><div class=\"ux-logo-link block image-\" title=\"\" href=\"\" style=\"padding: 15px;\"><img decoding=\"async\" src=\"https:\/\/drhebertlamblet.com\/wp-content\/uploads\/2019\/05\/iFATS_.png\" title=\"\" alt=\"\" class=\"ux-logo-image block\" style=\"height:149px;\" \/><\/div><\/div>\n<div class=\"ux-logo has-hover align-middle ux_logo inline-block\" style=\"max-width: 100%!important; width: 183.47916666667px!important\"><div class=\"ux-logo-link block image-\" title=\"\" href=\"\" style=\"padding: 15px;\"><img decoding=\"async\" src=\"https:\/\/drhebertlamblet.com\/wp-content\/uploads\/2019\/03\/member_logos_ISBI.png\" title=\"\" alt=\"\" class=\"ux-logo-image block\" style=\"height:139px;\" \/><\/div><\/div>\n\t\t<\/div>\n\t\t\t\t\t<\/div>\n\n\t\n<\/div>\n\n\t<section class=\"section\" id=\"section_1714551628\">\n\t\t<div class=\"section-bg fill\" >\n\t\t\t\t\t\t\t\t\t\n\t\t\t\n\n\t\t<\/div>\n\n\t\t\n\n\t\t<div class=\"section-content relative\">\n\t\t\t\n<div class=\"row align-center\"  id=\"row-385876128\">\n\n\t<div id=\"col-1188031701\" class=\"col medium-4 small-10 large-4\"  >\n\t\t\t\t<div class=\"col-inner\"  >\n\t\t\t\n\t\t\t\n<h1><span style=\"font-size: 150%;\">Filia\u00e7\u00f5es e associa\u00e7\u00f5es  <\/span><\/h1>\n<p><span style=\"font-weight: 400;\">Associa\u00e7\u00f5es actuais e membros internacionais do Dr. Hebert Lamblet:<\/span><\/p>\n\t\t<\/div>\n\t\t\t\t\n<style>\n#col-1188031701 > .col-inner {\n  padding: 0px 40px 0px 0px;\n}\n<\/style>\n\t<\/div>\n\n\t\n\n\t<div id=\"col-618664871\" class=\"col medium-8 small-10 large-8\"  >\n\t\t\t\t<div class=\"col-inner\"  >\n\t\t\t\n\t\t\t\n<ul>\n<li style=\"font-weight: 400;\"><span style=\"font-weight: 400;\">Membro da Sociedade Brasileira de Cirurgia Pl\u00e1stica e Reconstrutiva (SBCP)<\/span><\/li>\n<li style=\"font-weight: 400;\"><span style=\"font-weight: 400;\">Membro da Associa\u00e7\u00e3o dos Antigos Alunos do Professor Ivo Pitanguy<\/span><\/li>\n<li style=\"font-weight: 400;\"><span style=\"font-weight: 400;\">Membro ativo internacional da Sociedade Americana de Cirurgia Pl\u00e1stica Est\u00e9tica (ASAPS)<\/span><\/li>\n<li style=\"font-weight: 400;\"><span style=\"font-weight: 400;\">Membro do Conselho M\u00e9dico Portugu\u00eas Lisboa &#8211; Portugal (OMP)<\/span><\/li>\n<li style=\"font-weight: 400;\"><span style=\"font-weight: 400;\">Membro fundador da Sociedade Brasileira de Cirurgia Cr\u00e2nio-Maxilo-Facial (SBCC)<\/span><\/li>\n<li style=\"font-weight: 400;\"><span style=\"font-weight: 400;\">Membro fundador da Sociedade Brasileira de Queimaduras (SBQ)<\/span><\/li>\n<li style=\"font-weight: 400;\"><span style=\"font-weight: 400;\">Membro da Sociedade Internacional de Les\u00f5es por Queimaduras (ISBI)<\/span><\/li>\n<\/ul>\n<p><span style=\"font-weight: 400;\">O Dr. Hebert Lamblet e a sua equipa est\u00e3o ansiosos por responder a quaisquer perguntas que possa ter sobre cirurgia est\u00e9tica na Vikaara Klinik\u00ae no Rio de Janeiro, Brasil. Contacte hoje mesmo o nosso consult\u00f3rio de cirurgia est\u00e9tica para marcar uma consulta ou para saber mais sobre os melhoramentos cosm\u00e9ticos para os seios, corpo, rosto e pele que oferecemos.<\/span><\/p>\n<p><b>ENTRAR EM CONTACTO CONNOSCO  <\/b><\/p>\n<p><span style=\"font-weight: 400;\">O Dr. Lamblet oferece cirurgia pl\u00e1stica para pacientes no Brasil e no mundo. O seu consult\u00f3rio no Rio de Janeiro atende frequentemente pacientes de pa\u00edses europeus,<\/span><span style=\"font-weight: 400;\"> <\/span><span style=\"font-weight: 400;\">os Estados Unidos<\/span><span style=\"font-weight: 400;\"> e Canad\u00e1<\/span><span style=\"font-weight: 400;\">.<\/span><\/p>\n<p><span style=\"font-weight: 400;\">A<\/span><span style=\"font-weight: 400;\">  falante fluente de portugu\u00eas e ingl\u00eas,  <\/span><span style=\"font-weight: 400;\">italiano  <\/span><span style=\"font-weight: 400;\">e franc\u00eas, o Dr. Lamblet consult\u00e1-lo-\u00e1 para saber quais os objectivos que deseja alcan\u00e7ar atrav\u00e9s da cirurgia est\u00e9tica.  <\/span><span style=\"font-weight: 400;\">Ele<\/span><span style=\"font-weight: 400;\">  utiliza a tecnologia e as t\u00e9cnicas mais seguras e avan\u00e7adas, como a c\u00e2mara endosc\u00f3pica e os m\u00e9todos minimamente invasivos, para produzir um aspeto natural  <\/span><span style=\"font-weight: 400;\">bonito  <\/span><span style=\"font-weight: 400;\">resultados no nosso centro cir\u00fargico de \u00faltima gera\u00e7\u00e3o.<\/span><\/p>\n\t\t<\/div>\n\t\t\t\t\t<\/div>\n\n\t\n<\/div>\n\t\t<\/div>\n\n\t\t\n<style>\n#section_1714551628 {\n  padding-top: 20px;\n  padding-bottom: 20px;\n}\n<\/style>\n\t<\/section>\n\t\n","protected":false},"excerpt":{"rendered":"","protected":false},"author":1,"featured_media":0,"parent":0,"menu_order":0,"comment_status":"closed","ping_status":"closed","template":"page-blank.php","meta":{"footnotes":""},"class_list":["post-3482","page","type-page","status-publish","hentry"],"_links":{"self":[{"href":"https:\/\/drhebertlamblet.com\/pt-br\/wp-json\/wp\/v2\/pages\/3482","targetHints":{"allow":["GET"]}}],"collection":[{"href":"https:\/\/drhebertlamblet.com\/pt-br\/wp-json\/wp\/v2\/pages"}],"about":[{"href":"https:\/\/drhebertlamblet.com\/pt-br\/wp-json\/wp\/v2\/types\/page"}],"author":[{"embeddable":true,"href":"https:\/\/drhebertlamblet.com\/pt-br\/wp-json\/wp\/v2\/users\/1"}],"replies":[{"embeddable":true,"href":"https:\/\/drhebertlamblet.com\/pt-br\/wp-json\/wp\/v2\/comments?post=3482"}],"version-history":[{"count":2,"href":"https:\/\/drhebertlamblet.com\/pt-br\/wp-json\/wp\/v2\/pages\/3482\/revisions"}],"predecessor-version":[{"id":3513,"href":"https:\/\/drhebertlamblet.com\/pt-br\/wp-json\/wp\/v2\/pages\/3482\/revisions\/3513"}],"wp:attachment":[{"href":"https:\/\/drhebertlamblet.com\/pt-br\/wp-json\/wp\/v2\/media?parent=3482"}],"curies":[{"name":"wp","href":"https:\/\/api.w.org\/{rel}","templated":true}]}}