{"id":3480,"date":"2019-03-01T23:32:15","date_gmt":"2019-03-01T23:32:15","guid":{"rendered":"https:\/\/drhebertlamblet.com\/procedimentos-mamarios\/"},"modified":"2023-08-11T02:21:18","modified_gmt":"2023-08-11T02:21:18","slug":"procedimentos-mamarios","status":"publish","type":"page","link":"https:\/\/drhebertlamblet.com\/pt-br\/procedimentos-mamarios\/","title":{"rendered":"Procedimentos mam\u00e1rios"},"content":{"rendered":"\n\t<section class=\"section\" id=\"section_47955313\">\n\t\t<div class=\"section-bg fill\" >\n\t\t\t<img loading=\"lazy\" decoding=\"async\" width=\"900\" height=\"434\" src=\"https:\/\/drhebertlamblet.com\/wp-content\/uploads\/2019\/03\/breast_curves.png\" class=\"bg attachment- size-\" alt=\"\" \/>\t\t\t\t\t\t\n\t\t\t\n\n\t\t<\/div>\n\n\t\t\n\n\t\t<div class=\"section-content relative\">\n\t\t\t\n\t<div id=\"gap-196411049\" class=\"gap-element clearfix\" style=\"display:block; height:auto;\">\n\t\t\n<style>\n#gap-196411049 {\n  padding-top: 30px;\n}\n<\/style>\n\t<\/div>\n\t\n<div class=\"row row-divided\"  id=\"row-1126173059\">\n\n\t<div id=\"col-1527365461\" class=\"col medium-6 small-12 large-6\"  >\n\t\t\t\t<div class=\"col-inner\"  >\n\t\t\t\n\t\t\t\n<h1 style=\"text-align: center;\"><span style=\"color: #ffffff;\">Procedimentos mam\u00e1rios<\/span><\/h1>\n\t\t<\/div>\n\t\t\t\t\t<\/div>\n\n\t\n\n\t<div id=\"col-137408288\" class=\"col medium-6 small-12 large-6\"  >\n\t\t\t\t<div class=\"col-inner\"  >\n\t\t\t\n\t\t\t\n<h3><span style=\"color: #ffffff;\">Aumentar o seu potencial feminino<\/span><\/h3>\n<p>Muitas das nossas pacientes do sexo feminino contactam a Vikarra Klinik\u00ae porque desejam curvas completas e de aspeto natural. O Dr. Hebert Lamblet \u00e9 especialista em procedimentos de mamoplastia de aumento e lifting de mama, e atende mulheres do Brasil e do mundo que desejam mudar o tamanho ou a forma dos seios.<\/p>\n<p>Se estiver interessada em implantes mam\u00e1rios para aumento, eleva\u00e7\u00e3o, redu\u00e7\u00e3o ou reconstru\u00e7\u00e3o, contacte a nossa cl\u00ednica de cirurgia pl\u00e1stica no Brasil para qualquer informa\u00e7\u00e3o adicional sobre cirurgia mam\u00e1ria cosm\u00e9tica ou reconstrutiva.<\/p>\n<a data-animate=\"fadeInUp\" href=\"\/contact-us\" class=\"button secondary is-outline is-smaller\" >\n\t\t<span>Marque uma consulta para come\u00e7ar agora<\/span>\n\t<\/a>\n\n\t\t<\/div>\n\t\t\t\t\t<\/div>\n\n\t\n<\/div>\n\t\t<\/div>\n\n\t\t\n<style>\n#section_47955313 {\n  padding-top: 30px;\n  padding-bottom: 30px;\n}\n#section_47955313 .section-bg img {\n  object-position: 32% 100%;\n}\n<\/style>\n\t<\/section>\n\t\n\t<div id=\"gap-416451562\" class=\"gap-element clearfix\" style=\"display:block; height:auto;\">\n\t\t\n<style>\n#gap-416451562 {\n  padding-top: 30px;\n}\n<\/style>\n\t<\/div>\n\t\n<div class=\"container section-title-container\" ><h3 class=\"section-title section-title-center\"><b aria-hidden=\"true\"><\/b><span class=\"section-title-main\" >Os nossos procedimentos mais populares para o peito<\/span><b aria-hidden=\"true\"><\/b><\/h3><\/div>\n<div class=\"row\"  id=\"row-58582289\">\n\n\t<div id=\"col-459708760\" class=\"col small-12 large-12\"  >\n\t\t\t\t<div class=\"col-inner\"  >\n\t\t\t\n\t\t\t\n<p>O Dr. Lamblet \u00e9 especialista na sele\u00e7\u00e3o e coloca\u00e7\u00e3o de implantes mam\u00e1rios, e cria contornos bonitos e femininos em nosso consult\u00f3rio no Rio de Janeiro, Brasil, para mulheres de todas as idades. Quer pretenda curvas mais voluptuosas ou queira restaurar os seios bem torneados e firmes que tinha quando era mais jovem, o Dr. Lamblet efectua procedimentos de aumento e eleva\u00e7\u00e3o do peito que satisfazem os objectivos cosm\u00e9ticos das suas pacientes.<\/p>\n\t<div id=\"gap-1137788265\" class=\"gap-element clearfix\" style=\"display:block; height:auto;\">\n\t\t\n<style>\n#gap-1137788265 {\n  padding-top: 30px;\n}\n<\/style>\n\t<\/div>\n\t\n<div class=\"row row-dashed\"  id=\"row-2091020395\">\n\n\t<div id=\"col-2083816657\" class=\"col medium-6 small-12 large-6\"  >\n\t\t\t\t<div class=\"col-inner\"  >\n\t\t\t\n\t\t\t\n\n  <div class=\"banner has-hover bg-zoom\" id=\"banner-2082860052\">\n          <div class=\"banner-inner fill\">\n        <div class=\"banner-bg fill\" >\n            <img loading=\"lazy\" decoding=\"async\" width=\"616\" height=\"567\" src=\"https:\/\/drhebertlamblet.com\/wp-content\/uploads\/2019\/03\/breast-augmentation-surgery.jpg\" class=\"bg attachment-large size-large\" alt=\"\" \/>                        <div class=\"overlay\"><\/div>            \n                    <\/div>\n\t\t\n        <div class=\"banner-layers container\">\n            <a class=\"fill\" href=\"\/breast-procedures\/breast-augmentation\"><div class=\"fill banner-link\"><\/div><\/a>            \n   <div id=\"text-box-1322153737\" class=\"text-box banner-layer x50 md-x50 lg-x50 y50 md-y50 lg-y50 res-text\">\n                                <div class=\"text-box-content text dark\">\n              \n              <div class=\"text-inner text-center\">\n                  \n\t<div id=\"gap-900251299\" class=\"gap-element clearfix\" style=\"display:block; height:auto;\">\n\t\t\n<style>\n#gap-900251299 {\n  padding-top: 10px;\n}\n<\/style>\n\t<\/div>\n\t\n<h3 class=\"uppercase\"><a href=\"https:\/\/drhebertlamblet.com\/pt-br\/procedimentos-mamarios\/aumento-do-peito\/\"><strong>Aumento do peito<\/strong><\/a><\/h3>\n              <\/div>\n           <\/div>\n                            \n<style>\n#text-box-1322153737 {\n  width: 60%;\n}\n#text-box-1322153737 .text-box-content {\n  font-size: 100%;\n}\n<\/style>\n    <\/div>\n \n        <\/div>\n      <\/div>\n\n            \n<style>\n#banner-2082860052 {\n  padding-top: 270px;\n}\n#banner-2082860052 .overlay {\n  background-color: rgba(0, 0, 0, 0.35);\n}\n<\/style>\n  <\/div>\n\n\n\t\t<\/div>\n\t\t\t\t\t<\/div>\n\n\t\n\n\t<div id=\"col-1147789210\" class=\"col medium-6 small-12 large-6\"  >\n\t\t\t\t<div class=\"col-inner\"  >\n\t\t\t\n\t\t\t\n\n  <div class=\"banner has-hover bg-zoom\" id=\"banner-1774403173\">\n          <div class=\"banner-inner fill\">\n        <div class=\"banner-bg fill\" >\n            <img loading=\"lazy\" decoding=\"async\" width=\"644\" height=\"597\" src=\"https:\/\/drhebertlamblet.com\/wp-content\/uploads\/2019\/03\/breast-lift-2.jpg\" class=\"bg attachment-large size-large\" alt=\"\" \/>                        <div class=\"overlay\"><\/div>            \n                    <\/div>\n\t\t\n        <div class=\"banner-layers container\">\n            <a class=\"fill\" href=\"\/breast-procedures\/breast-lift\"><div class=\"fill banner-link\"><\/div><\/a>            \n   <div id=\"text-box-1903665369\" class=\"text-box banner-layer x50 md-x50 lg-x50 y50 md-y50 lg-y50 res-text\">\n                                <div class=\"text-box-content text dark\">\n              \n              <div class=\"text-inner text-center\">\n                  \n\t<div id=\"gap-1091217811\" class=\"gap-element clearfix\" style=\"display:block; height:auto;\">\n\t\t\n<style>\n#gap-1091217811 {\n  padding-top: 10px;\n}\n<\/style>\n\t<\/div>\n\t\n<h3 class=\"uppercase\"><a href=\"https:\/\/drhebertlamblet.com\/pt-br\/procedimentos-mamarios\/elevacao-do-peito\/\"><strong>eleva\u00e7\u00e3o do peito<\/strong><\/a><\/h3>\n              <\/div>\n           <\/div>\n                            \n<style>\n#text-box-1903665369 {\n  width: 60%;\n}\n#text-box-1903665369 .text-box-content {\n  font-size: 100%;\n}\n<\/style>\n    <\/div>\n \n        <\/div>\n      <\/div>\n\n            \n<style>\n#banner-1774403173 {\n  padding-top: 270px;\n}\n#banner-1774403173 .overlay {\n  background-color: rgba(0, 0, 0, 0.24);\n}\n<\/style>\n  <\/div>\n\n\n\t\t<\/div>\n\t\t\t\t\t<\/div>\n\n\t\n\n\t<div id=\"col-115829370\" class=\"col medium-6 small-12 large-6\"  >\n\t\t\t\t<div class=\"col-inner\"  >\n\t\t\t\n\t\t\t\n\n  <div class=\"banner has-hover bg-zoom\" id=\"banner-1374227293\">\n          <div class=\"banner-inner fill\">\n        <div class=\"banner-bg fill\" >\n            <img loading=\"lazy\" decoding=\"async\" width=\"1020\" height=\"679\" src=\"https:\/\/drhebertlamblet.com\/wp-content\/uploads\/2019\/03\/breast-reduction-1-1024x682.jpg\" class=\"bg attachment-large size-large\" alt=\"\" \/>                        <div class=\"overlay\"><\/div>            \n                    <\/div>\n\t\t\n        <div class=\"banner-layers container\">\n            <a class=\"fill\" href=\"\/breast-procedures\/breast-reduction\"><div class=\"fill banner-link\"><\/div><\/a>            \n   <div id=\"text-box-660530746\" class=\"text-box banner-layer x50 md-x50 lg-x50 y50 md-y50 lg-y50 res-text\">\n                                <div class=\"text-box-content text dark\">\n              \n              <div class=\"text-inner text-center\">\n                  \n\t<div id=\"gap-114569318\" class=\"gap-element clearfix\" style=\"display:block; height:auto;\">\n\t\t\n<style>\n#gap-114569318 {\n  padding-top: 10px;\n}\n<\/style>\n\t<\/div>\n\t\n<h3 class=\"uppercase\"><a href=\"https:\/\/drhebertlamblet.com\/pt-br\/procedimentos-mamarios\/reducao-do-peito\/\"><b>Redu\u00e7\u00e3o do peito<\/b><\/a><\/h3>\n              <\/div>\n           <\/div>\n                            \n<style>\n#text-box-660530746 {\n  width: 60%;\n}\n#text-box-660530746 .text-box-content {\n  font-size: 100%;\n}\n<\/style>\n    <\/div>\n \n        <\/div>\n      <\/div>\n\n            \n<style>\n#banner-1374227293 {\n  padding-top: 270px;\n}\n#banner-1374227293 .overlay {\n  background-color: rgba(0, 0, 0, 0.28);\n}\n<\/style>\n  <\/div>\n\n\n\t\t<\/div>\n\t\t\t\t\t<\/div>\n\n\t\n\n\t<div id=\"col-1379635242\" class=\"col medium-6 small-12 large-6\"  >\n\t\t\t\t<div class=\"col-inner\"  >\n\t\t\t\n\t\t\t\n\n  <div class=\"banner has-hover bg-zoom\" id=\"banner-740389764\">\n          <div class=\"banner-inner fill\">\n        <div class=\"banner-bg fill\" >\n            <img loading=\"lazy\" decoding=\"async\" width=\"608\" height=\"665\" src=\"https:\/\/drhebertlamblet.com\/wp-content\/uploads\/2019\/03\/breast-reconstruction.jpg\" class=\"bg attachment-large size-large\" alt=\"\" \/>                        <div class=\"overlay\"><\/div>            \n                    <\/div>\n\t\t\n        <div class=\"banner-layers container\">\n            <a class=\"fill\" href=\"\/breast-procedures\/breast-reconstruction\"><div class=\"fill banner-link\"><\/div><\/a>            \n   <div id=\"text-box-2091744454\" class=\"text-box banner-layer x50 md-x50 lg-x50 y50 md-y50 lg-y50 res-text\">\n                                <div class=\"text-box-content text dark\">\n              \n              <div class=\"text-inner text-center\">\n                  \n\t<div id=\"gap-2083370989\" class=\"gap-element clearfix\" style=\"display:block; height:auto;\">\n\t\t\n<style>\n#gap-2083370989 {\n  padding-top: 10px;\n}\n<\/style>\n\t<\/div>\n\t\n<h3 class=\"uppercase\"><a href=\"https:\/\/drhebertlamblet.com\/pt-br\/procedimentos-mamarios\/reconstrucao-mamaria\/\"><b>Reconstru\u00e7\u00e3o mam\u00e1ria<\/b><\/a><\/h3>\n              <\/div>\n           <\/div>\n                            \n<style>\n#text-box-2091744454 {\n  width: 60%;\n}\n#text-box-2091744454 .text-box-content {\n  font-size: 100%;\n}\n<\/style>\n    <\/div>\n \n        <\/div>\n      <\/div>\n\n            \n<style>\n#banner-740389764 {\n  padding-top: 270px;\n}\n#banner-740389764 .overlay {\n  background-color: rgba(0, 0, 0, 0.27);\n}\n<\/style>\n  <\/div>\n\n\n\t\t<\/div>\n\t\t\t\t\t<\/div>\n\n\t\n<\/div>\n\t<div id=\"gap-2037755954\" class=\"gap-element clearfix\" style=\"display:block; height:auto;\">\n\t\t\n<style>\n#gap-2037755954 {\n  padding-top: 30px;\n}\n<\/style>\n\t<\/div>\n\t\n\t\t<\/div>\n\t\t\t\t\t<\/div>\n\n\t\n<\/div>\n","protected":false},"excerpt":{"rendered":"","protected":false},"author":1,"featured_media":0,"parent":0,"menu_order":0,"comment_status":"closed","ping_status":"closed","template":"page-blank.php","meta":{"footnotes":""},"class_list":["post-3480","page","type-page","status-publish","hentry"],"_links":{"self":[{"href":"https:\/\/drhebertlamblet.com\/pt-br\/wp-json\/wp\/v2\/pages\/3480","targetHints":{"allow":["GET"]}}],"collection":[{"href":"https:\/\/drhebertlamblet.com\/pt-br\/wp-json\/wp\/v2\/pages"}],"about":[{"href":"https:\/\/drhebertlamblet.com\/pt-br\/wp-json\/wp\/v2\/types\/page"}],"author":[{"embeddable":true,"href":"https:\/\/drhebertlamblet.com\/pt-br\/wp-json\/wp\/v2\/users\/1"}],"replies":[{"embeddable":true,"href":"https:\/\/drhebertlamblet.com\/pt-br\/wp-json\/wp\/v2\/comments?post=3480"}],"version-history":[{"count":1,"href":"https:\/\/drhebertlamblet.com\/pt-br\/wp-json\/wp\/v2\/pages\/3480\/revisions"}],"predecessor-version":[{"id":3483,"href":"https:\/\/drhebertlamblet.com\/pt-br\/wp-json\/wp\/v2\/pages\/3480\/revisions\/3483"}],"wp:attachment":[{"href":"https:\/\/drhebertlamblet.com\/pt-br\/wp-json\/wp\/v2\/media?parent=3480"}],"curies":[{"name":"wp","href":"https:\/\/api.w.org\/{rel}","templated":true}]}}