{"id":3477,"date":"2019-03-26T02:57:26","date_gmt":"2019-03-26T02:57:26","guid":{"rendered":"https:\/\/drhebertlamblet.com\/aumento-do-peito\/"},"modified":"2023-08-11T02:21:17","modified_gmt":"2023-08-11T02:21:17","slug":"aumento-do-peito","status":"publish","type":"page","link":"https:\/\/drhebertlamblet.com\/pt-br\/procedimentos-mamarios\/aumento-do-peito\/","title":{"rendered":"Aumento do peito"},"content":{"rendered":"  <div id=\"page-header-795251053\" class=\"page-header-wrapper\">\n  <div class=\"page-title light divided-title\">\n\n    \n    <div class=\"page-title-inner container align-center flex-row medium-flex-wrap\" >\n              <div class=\"title-wrapper flex-col text-left medium-text-center\">\n          <h1 class=\"entry-title mb-0\">\n            Aumento do peito          <\/h1>\n        <\/div>\n                    <div class=\"title-content flex-col flex-right text-right medium-text-center\">\n        <div class=\"title-breadcrumbs pb-half pt-half\"><\/div>      <\/div>\n    <\/div>\n\n       <\/div>\n  <div class=\"container header-wrapper-divider\"><hr\/><\/div>  <\/div>\n  \n\t<div id=\"gap-1249060784\" class=\"gap-element clearfix\" style=\"display:block; height:auto;\">\n\t\t\n<style>\n#gap-1249060784 {\n  padding-top: 30px;\n}\n<\/style>\n\t<\/div>\n\t\n<div class=\"row\"  id=\"row-986106939\">\n\n\t<div id=\"col-543941667\" class=\"col medium-5 small-12 large-5 col-divided\"  >\n\t\t\t\t<div class=\"col-inner\"  >\n\t\t\t\n\t\t\t\n\t<div class=\"img has-hover x md-x lg-x y md-y lg-y\" id=\"image_2144638654\">\n\t\t\t\t\t\t<div data-animate=\"fadeInLeft\">\t\t<div class=\"img-inner image-cover dark\" style=\"padding-top:100%;\">\n\t\t\t<img loading=\"lazy\" decoding=\"async\" width=\"500\" height=\"333\" src=\"https:\/\/drhebertlamblet.com\/wp-content\/uploads\/2019\/03\/breast-augmentation-procedures.jpg\" class=\"attachment-large size-large\" alt=\"\" srcset=\"https:\/\/drhebertlamblet.com\/wp-content\/uploads\/2019\/03\/breast-augmentation-procedures.jpg 500w, https:\/\/drhebertlamblet.com\/wp-content\/uploads\/2019\/03\/breast-augmentation-procedures-300x200.jpg 300w\" sizes=\"auto, (max-width: 500px) 100vw, 500px\" \/>\t\t\t\t\t\t\n\t\t\t\t\t<\/div>\n\t\t<\/div>\t\t\t\t\t\t\n<style>\n#image_2144638654 {\n  width: 100%;\n}\n<\/style>\n\t<\/div>\n\t\n\t\t<\/div>\n\t\t\t\t\t<\/div>\n\n\t\n\n\t<div id=\"col-1488314676\" class=\"col medium-7 small-12 large-7\"  >\n\t\t\t\t<div class=\"col-inner\"  >\n\t\t\t\n\t\t\t\n<h5 class=\"uppercase\">Cirurgia de aumento do peito<\/h5>\n<p>O aumento e a melhoria do peito s\u00e3o procedimentos cosm\u00e9ticos efectuados para aumentar o tamanho e a forma da linha do busto utilizando implantes mam\u00e1rios. As mulheres interessadas na mamoplastia de aumento ter\u00e3o primeiro uma consulta com o cirurgi\u00e3o pl\u00e1stico Hebert Lamblet, durante a qual ele avaliar\u00e1 a candidatura e discutir\u00e1 os resultados desejados da cirurgia. Durante a mamoplastia de aumento, o Dr. Lamblet guia endoscopicamente um implante mam\u00e1rio de gel de silicone para a sua posi\u00e7\u00e3o sob o m\u00fasculo peitoral atrav\u00e9s de uma pequena incis\u00e3o na axila (abordagem axilar).<\/p>\n<p>Em compara\u00e7\u00e3o com outros m\u00e9todos de aumento mam\u00e1rio, a t\u00e9cnica axilar endosc\u00f3pica resulta num peito com uma forma mais natural, com cicatrizes, n\u00f3doas negras e incha\u00e7o m\u00ednimos ap\u00f3s a cirurgia.<\/p>\n<a href=\"\/contact-us\" class=\"button secondary is-outline\" >\n\t\t<span>Pedir uma consulta<\/span>\n\t<i class=\"icon-angle-right\" aria-hidden=\"true\"><\/i><\/a>\n\n\t\t<\/div>\n\t\t\t\t\t<\/div>\n\n\t\n<\/div>\n\t<div id=\"gap-1171401718\" class=\"gap-element clearfix\" style=\"display:block; height:auto;\">\n\t\t\n<style>\n#gap-1171401718 {\n  padding-top: 30px;\n}\n<\/style>\n\t<\/div>\n\t\n<div class=\"row\"  id=\"row-1294153892\">\n\n\t<div id=\"col-964146592\" class=\"col medium-7 small-12 large-7\"  >\n\t\t\t\t<div class=\"col-inner\"  >\n\t\t\t\n\t\t\t\n<p>Uma vez colocados os implantes mam\u00e1rios, o Dr. Lamblet efectua pequenos ajustes para garantir um resultado de aspeto natural. As gl\u00e2ndulas mam\u00e1rias nunca s\u00e3o danificadas durante este procedimento, pelo que as pacientes de mamoplastia de aumento do Dr. Lamblet mant\u00eam a capacidade de amamentar ap\u00f3s a cirurgia. Ap\u00f3s uma semana de repouso ap\u00f3s o procedimento, muitos doentes regressam ao trabalho, desde que as suas fun\u00e7\u00f5es n\u00e3o exijam levantar pesos ou outras actividades f\u00edsicas <span style=\"font-weight: 400;\">extenuantes <\/span>. Os seios podem permanecer sens\u00edveis durante v\u00e1rias semanas adicionais.<\/p>\n<p>Para marcar uma consulta ou para saber mais sobre a mamoplastia de aumento e os implantes mam\u00e1rios no nosso consult\u00f3rio do Rio de Janeiro, Brasil, convidamo-lo a <a href=\"http:\/\/www.drhebertlamblet.com\/contact-us\/\">contactar<\/a> a Vikarra Klinik\u00ae hoje mesmo.<\/p>\n\t\t<\/div>\n\t\t\t\t\t<\/div>\n\n\t\n\n\t<div id=\"col-2077404993\" class=\"col medium-5 small-12 large-5\"  >\n\t\t\t\t<div class=\"col-inner\"  >\n\t\t\t\n\t\t\t\n\t<div class=\"box has-hover   has-hover box-bounce box-text-bottom\" >\n\n\t\t<div class=\"box-image\" >\n\t\t\t\t\t\t<div class=\"\" >\n\t\t\t\t<img loading=\"lazy\" decoding=\"async\" width=\"440\" height=\"337\" src=\"https:\/\/drhebertlamblet.com\/wp-content\/uploads\/2019\/06\/breast-augmentation-procedure-options.png\" class=\"attachment- size-\" alt=\"Breast Augmentation Procedure Options\" srcset=\"https:\/\/drhebertlamblet.com\/wp-content\/uploads\/2019\/06\/breast-augmentation-procedure-options.png 440w, https:\/\/drhebertlamblet.com\/wp-content\/uploads\/2019\/06\/breast-augmentation-procedure-options-300x230.png 300w\" sizes=\"auto, (max-width: 440px) 100vw, 440px\" \/>\t\t\t\t\t\t\t\t\t\t\t<\/div>\n\t\t\t\t\t<\/div>\n\n\t\t<div class=\"box-text text-center\" >\n\t\t\t<div class=\"box-text-inner\">\n\t\t\t\t\n<h4>OP\u00c7\u00d5ES DE COLOCA\u00c7\u00c3O DE IMPLANTES<\/h4>\n<p>Procedimentos de aumento do peito<\/p>\n\t\t\t<\/div>\n\t\t<\/div>\n\t<\/div>\n\t\n\t\t<\/div>\n\t\t\t\t\t<\/div>\n\n\t\n<\/div>\n\t<div id=\"gap-1404733065\" class=\"gap-element clearfix\" style=\"display:block; height:auto;\">\n\t\t\n<style>\n#gap-1404733065 {\n  padding-top: 65px;\n}\n<\/style>\n\t<\/div>\n\t\n","protected":false},"excerpt":{"rendered":"","protected":false},"author":1,"featured_media":0,"parent":3480,"menu_order":0,"comment_status":"closed","ping_status":"closed","template":"page-blank.php","meta":{"footnotes":""},"class_list":["post-3477","page","type-page","status-publish","hentry"],"_links":{"self":[{"href":"https:\/\/drhebertlamblet.com\/pt-br\/wp-json\/wp\/v2\/pages\/3477","targetHints":{"allow":["GET"]}}],"collection":[{"href":"https:\/\/drhebertlamblet.com\/pt-br\/wp-json\/wp\/v2\/pages"}],"about":[{"href":"https:\/\/drhebertlamblet.com\/pt-br\/wp-json\/wp\/v2\/types\/page"}],"author":[{"embeddable":true,"href":"https:\/\/drhebertlamblet.com\/pt-br\/wp-json\/wp\/v2\/users\/1"}],"replies":[{"embeddable":true,"href":"https:\/\/drhebertlamblet.com\/pt-br\/wp-json\/wp\/v2\/comments?post=3477"}],"version-history":[{"count":1,"href":"https:\/\/drhebertlamblet.com\/pt-br\/wp-json\/wp\/v2\/pages\/3477\/revisions"}],"predecessor-version":[{"id":3481,"href":"https:\/\/drhebertlamblet.com\/pt-br\/wp-json\/wp\/v2\/pages\/3477\/revisions\/3481"}],"up":[{"embeddable":true,"href":"https:\/\/drhebertlamblet.com\/pt-br\/wp-json\/wp\/v2\/pages\/3480"}],"wp:attachment":[{"href":"https:\/\/drhebertlamblet.com\/pt-br\/wp-json\/wp\/v2\/media?parent=3477"}],"curies":[{"name":"wp","href":"https:\/\/api.w.org\/{rel}","templated":true}]}}