{"id":3475,"date":"2019-03-01T23:32:34","date_gmt":"2019-03-01T23:32:34","guid":{"rendered":"https:\/\/drhebertlamblet.com\/procedimentos-corporais\/"},"modified":"2023-08-11T02:21:15","modified_gmt":"2023-08-11T02:21:15","slug":"procedimentos-corporais","status":"publish","type":"page","link":"https:\/\/drhebertlamblet.com\/pt-br\/procedimentos-corporais\/","title":{"rendered":"Procedimentos corporais"},"content":{"rendered":"\n\t<section class=\"section\" id=\"section_617947991\">\n\t\t<div class=\"section-bg fill\" >\n\t\t\t<img loading=\"lazy\" decoding=\"async\" width=\"960\" height=\"537\" src=\"https:\/\/drhebertlamblet.com\/wp-content\/uploads\/2019\/03\/body_curves.jpg\" class=\"bg attachment- size-\" alt=\"\" \/>\t\t\t\t\t\t\n\t\t\t\n\n\t\t<\/div>\n\n\t\t\n\n\t\t<div class=\"section-content relative\">\n\t\t\t\n\t<div id=\"gap-638466201\" class=\"gap-element clearfix\" style=\"display:block; height:auto;\">\n\t\t\n<style>\n#gap-638466201 {\n  padding-top: 30px;\n}\n<\/style>\n\t<\/div>\n\t\n<div class=\"row\"  id=\"row-1685408765\">\n\n\t<div id=\"col-1068399035\" class=\"col medium-5 small-12 large-5 col-divided\"  >\n\t\t\t\t<div class=\"col-inner text-center\"  >\n\t\t\t\n\t\t\t\n<h1><span style=\"color: #f1f1f1;\">Procedimentos corporais<\/span><\/h1>\n\t\t<\/div>\n\t\t\t\t\t<\/div>\n\n\t\n\n\t<div id=\"col-262684971\" class=\"col medium-7 small-12 large-7\"  >\n\t\t\t\t<div class=\"col-inner\"  >\n\t\t\t\n\t\t\t\n<h3><span style=\"color: #ffffff;\">Mostre as curvas naturais do seu corpo<\/span><\/h3>\n<p>Um cirurgi\u00e3o pl\u00e1stico habilidoso e art\u00edstico, o Dr. Hebert Lamblet realiza procedimentos de contorno corporal em sua cl\u00ednica no Brasil. Oferece lipoaspira\u00e7\u00e3o, enxerto de gordura, abdominoplastia, mesoterapia, lifting de bumbum brasileiro e muito mais.<\/p>\n<p>O Dr. Lamblet ajuda os pacientes a esculpir o seu corpo, utilizando a tecnologia e as t\u00e9cnicas mais avan\u00e7adas que v\u00e3o ao encontro dos seus objectivos cosm\u00e9ticos e superam as suas expectativas.<\/p>\n<a data-animate=\"fadeInUp\" href=\"\/contact-us\" class=\"button secondary is-outline is-small\" >\n\t\t<span>vamos come\u00e7ar com uma consulta<\/span>\n\t<\/a>\n\n\t\t<\/div>\n\t\t\t\t\t<\/div>\n\n\t\n<\/div>\n\t<div id=\"gap-1406349910\" class=\"gap-element clearfix\" style=\"display:block; height:auto;\">\n\t\t\n<style>\n#gap-1406349910 {\n  padding-top: 60px;\n}\n<\/style>\n\t<\/div>\n\t\n\t\t<\/div>\n\n\t\t\n<style>\n#section_617947991 {\n  padding-top: 30px;\n  padding-bottom: 30px;\n}\n<\/style>\n\t<\/section>\n\t\n\t<div id=\"gap-1930469545\" class=\"gap-element clearfix\" style=\"display:block; height:auto;\">\n\t\t\n<style>\n#gap-1930469545 {\n  padding-top: 30px;\n}\n<\/style>\n\t<\/div>\n\t\n<div class=\"container section-title-container\" ><h3 class=\"section-title section-title-center\"><b aria-hidden=\"true\"><\/b><span class=\"section-title-main\" >Os nossos procedimentos corporais mais populares<\/span><b aria-hidden=\"true\"><\/b><\/h3><\/div>\n<div class=\"row\"  id=\"row-1944826212\">\n\n\t<div id=\"col-1361823731\" class=\"col small-12 large-12\"  >\n\t\t\t\t<div class=\"col-inner\"  >\n\t\t\t\n\t\t\t\n<p>Se procura uma cirurgia pl\u00e1stica no Brasil para uma abdominoplastia, lipoaspira\u00e7\u00e3o ou um lifting de bumbum brasileiro, por favor <a href=\"http:\/\/www.drhebertlamblet.com\/contact-us\">contacte<\/a> a nossa simp\u00e1tica equipa para mais informa\u00e7\u00f5es. Para al\u00e9m dos procedimentos de contorno corporal, o Dr. Lamblet oferece tratamentos de rejuvenescimento do rosto e da pele.<\/p>\n\t\t<\/div>\n\t\t\t\t\t<\/div>\n\n\t\n<\/div>\n<div class=\"row row-dashed\"  id=\"row-68406245\">\n\n\t<div id=\"col-1555431365\" class=\"col medium-4 small-12 large-4\"  >\n\t\t\t\t<div class=\"col-inner\"  >\n\t\t\t\n\t\t\t\n\n  <div class=\"banner has-hover bg-zoom\" id=\"banner-967042099\">\n          <div class=\"banner-inner fill\">\n        <div class=\"banner-bg fill\" >\n            <img loading=\"lazy\" decoding=\"async\" width=\"991\" height=\"690\" src=\"https:\/\/drhebertlamblet.com\/wp-content\/uploads\/2019\/03\/arm_lift_surgery.png\" class=\"bg attachment-large size-large\" alt=\"\" \/>                        <div class=\"overlay\"><\/div>            \n                    <\/div>\n\t\t\n        <div class=\"banner-layers container\">\n            <a class=\"fill\" href=\"http:\/\/..\/body-procedures\/arm-lift\/\"><div class=\"fill banner-link\"><\/div><\/a>            \n   <div id=\"text-box-449450791\" class=\"text-box banner-layer x50 md-x50 lg-x50 y50 md-y50 lg-y50 res-text\">\n                                <div class=\"text-box-content text dark\">\n              \n              <div class=\"text-inner text-center\">\n                  \n<h3 class=\"uppercase\"><a href=\"..\/body-procedures\/arm-lift\/\"><strong>ELEVA\u00c7\u00c3O DO BRA\u00c7O<\/strong><\/a><\/h3>\n              <\/div>\n           <\/div>\n                            \n<style>\n#text-box-449450791 {\n  width: 60%;\n}\n#text-box-449450791 .text-box-content {\n  font-size: 100%;\n}\n<\/style>\n    <\/div>\n \n        <\/div>\n      <\/div>\n\n            \n<style>\n#banner-967042099 {\n  padding-top: 270px;\n}\n#banner-967042099 .overlay {\n  background-color: rgba(0, 0, 0, 0.32);\n}\n<\/style>\n  <\/div>\n\n\n\t\t<\/div>\n\t\t\t\t\t<\/div>\n\n\t\n\n\t<div id=\"col-369701546\" class=\"col medium-4 small-12 large-4\"  >\n\t\t\t\t<div class=\"col-inner\"  >\n\t\t\t\n\t\t\t\n\n  <div class=\"banner has-hover bg-zoom\" id=\"banner-996690814\">\n          <div class=\"banner-inner fill\">\n        <div class=\"banner-bg fill\" >\n            <img loading=\"lazy\" decoding=\"async\" width=\"800\" height=\"542\" src=\"https:\/\/drhebertlamblet.com\/wp-content\/uploads\/2019\/03\/brazillian_butt_lift_procedure.png\" class=\"bg attachment-large size-large\" alt=\"\" \/>                        <div class=\"overlay\"><\/div>            \n                    <\/div>\n\t\t\n        <div class=\"banner-layers container\">\n            <a class=\"fill\" href=\"http:\/\/..\/body-procedures\/brazilian-butt-lift\/\"><div class=\"fill banner-link\"><\/div><\/a>            \n   <div id=\"text-box-1917909490\" class=\"text-box banner-layer x50 md-x50 lg-x50 y50 md-y50 lg-y50 res-text\">\n                                <div class=\"text-box-content text dark\">\n              \n              <div class=\"text-inner text-center\">\n                  \n<h3 class=\"uppercase\"><a href=\"..\/body-procedures\/brazilian-butt-lift\/\"><strong>ELEVA\u00c7\u00c3O DO BUMBUM \u00c0 BRASILEIRA<\/strong><\/a><\/h3>\n              <\/div>\n           <\/div>\n                            \n<style>\n#text-box-1917909490 {\n  width: 60%;\n}\n#text-box-1917909490 .text-box-content {\n  font-size: 100%;\n}\n<\/style>\n    <\/div>\n \n        <\/div>\n      <\/div>\n\n            \n<style>\n#banner-996690814 {\n  padding-top: 270px;\n}\n#banner-996690814 .overlay {\n  background-color: rgba(0, 0, 0, 0.24);\n}\n<\/style>\n  <\/div>\n\n\n\t\t<\/div>\n\t\t\t\t\t<\/div>\n\n\t\n\n\t<div id=\"col-1202794829\" class=\"col medium-4 small-12 large-4\"  >\n\t\t\t\t<div class=\"col-inner\"  >\n\t\t\t\n\t\t\t\n\n  <div class=\"banner has-hover bg-zoom\" id=\"banner-2002824133\">\n          <div class=\"banner-inner fill\">\n        <div class=\"banner-bg fill\" >\n            <img loading=\"lazy\" decoding=\"async\" width=\"636\" height=\"420\" src=\"https:\/\/drhebertlamblet.com\/wp-content\/uploads\/2019\/03\/autologous_micro_fat_grafting.jpg\" class=\"bg attachment-large size-large\" alt=\"\" \/>                        <div class=\"overlay\"><\/div>            \n                    <\/div>\n\t\t\n        <div class=\"banner-layers container\">\n            <a class=\"fill\" href=\"http:\/\/..\/body-procedures\/autologous-micro-fat-grafting\/\"><div class=\"fill banner-link\"><\/div><\/a>            \n   <div id=\"text-box-429330740\" class=\"text-box banner-layer x50 md-x50 lg-x50 y50 md-y50 lg-y50 res-text\">\n                                <div class=\"text-box-content text dark\">\n              \n              <div class=\"text-inner text-center\">\n                  \n<h3 class=\"uppercase\"><a href=\"..\/body-procedures\/autologous-micro-fat-grafting\/\"><strong>MICROENXERTO AUT\u00d3LOGO DE GORDURA<\/strong><\/a><\/h3>\n              <\/div>\n           <\/div>\n                            \n<style>\n#text-box-429330740 {\n  width: 60%;\n}\n#text-box-429330740 .text-box-content {\n  font-size: 100%;\n}\n<\/style>\n    <\/div>\n \n        <\/div>\n      <\/div>\n\n            \n<style>\n#banner-2002824133 {\n  padding-top: 270px;\n}\n#banner-2002824133 .overlay {\n  background-color: rgba(0, 0, 0, 0.32);\n}\n#banner-2002824133 .banner-bg img {\n  object-position: 15% 0%;\n}\n<\/style>\n  <\/div>\n\n\n\t\t<\/div>\n\t\t\t\t\t<\/div>\n\n\t\n\n\t<div id=\"col-801700096\" class=\"col medium-4 small-12 large-4\"  >\n\t\t\t\t<div class=\"col-inner\"  >\n\t\t\t\n\t\t\t\n\n  <div class=\"banner has-hover bg-zoom\" id=\"banner-141272873\">\n          <div class=\"banner-inner fill\">\n        <div class=\"banner-bg fill\" >\n            <img loading=\"lazy\" decoding=\"async\" width=\"768\" height=\"512\" src=\"https:\/\/drhebertlamblet.com\/wp-content\/uploads\/2019\/03\/thight_lift_surgery.jpg\" class=\"bg attachment-large size-large\" alt=\"\" \/>                        <div class=\"overlay\"><\/div>            \n                    <\/div>\n\t\t\n        <div class=\"banner-layers container\">\n            <a class=\"fill\" href=\"http:\/\/..\/body-procedures\/thigh-lift\/\"><div class=\"fill banner-link\"><\/div><\/a>            \n   <div id=\"text-box-1560572068\" class=\"text-box banner-layer x50 md-x50 lg-x50 y50 md-y50 lg-y50 res-text\">\n                                <div class=\"text-box-content text dark\">\n              \n              <div class=\"text-inner text-center\">\n                  \n<h3 class=\"uppercase\"><a href=\"..\/body-procedures\/thigh-lift\/\"><strong>LEVANTAMENTO DE PERNAS<\/strong><\/a><\/h3>\n              <\/div>\n           <\/div>\n                            \n<style>\n#text-box-1560572068 {\n  width: 60%;\n}\n#text-box-1560572068 .text-box-content {\n  font-size: 100%;\n}\n<\/style>\n    <\/div>\n \n        <\/div>\n      <\/div>\n\n            \n<style>\n#banner-141272873 {\n  padding-top: 270px;\n}\n#banner-141272873 .overlay {\n  background-color: rgba(0, 0, 0, 0.26);\n}\n#banner-141272873 .banner-bg img {\n  object-position: 49% 98%;\n}\n<\/style>\n  <\/div>\n\n\n\t\t<\/div>\n\t\t\t\t\t<\/div>\n\n\t\n\n\t<div id=\"col-1708466420\" class=\"col medium-4 small-12 large-4\"  >\n\t\t\t\t<div class=\"col-inner\"  >\n\t\t\t\n\t\t\t\n\n  <div class=\"banner has-hover bg-zoom\" id=\"banner-2124429473\">\n          <div class=\"banner-inner fill\">\n        <div class=\"banner-bg fill\" >\n            <img loading=\"lazy\" decoding=\"async\" width=\"1000\" height=\"800\" src=\"https:\/\/drhebertlamblet.com\/wp-content\/uploads\/2019\/03\/tummy-tuck-surgery.jpg\" class=\"bg attachment-large size-large\" alt=\"\" \/>                        <div class=\"overlay\"><\/div>            \n                    <\/div>\n\t\t\n        <div class=\"banner-layers container\">\n            <a class=\"fill\" href=\"http:\/\/..\/body-procedures\/abdominoplasty-tummy-tuck\/\"><div class=\"fill banner-link\"><\/div><\/a>            \n   <div id=\"text-box-1238924768\" class=\"text-box banner-layer x50 md-x50 lg-x50 y50 md-y50 lg-y50 res-text\">\n                                <div class=\"text-box-content text dark\">\n              \n              <div class=\"text-inner text-center\">\n                  \n<h3 class=\"uppercase\"><a href=\"..\/body-procedures\/abdominoplasty-tummy-tuck\/\"><strong>Abdominoplastia (Tummy Tuck)<\/strong><\/a><\/h3>\n              <\/div>\n           <\/div>\n                            \n<style>\n#text-box-1238924768 {\n  width: 60%;\n}\n#text-box-1238924768 .text-box-content {\n  font-size: 100%;\n}\n<\/style>\n    <\/div>\n \n        <\/div>\n      <\/div>\n\n            \n<style>\n#banner-2124429473 {\n  padding-top: 270px;\n}\n#banner-2124429473 .overlay {\n  background-color: rgba(0, 0, 0, 0.27);\n}\n#banner-2124429473 .banner-bg img {\n  object-position: 56% 88%;\n}\n<\/style>\n  <\/div>\n\n\n\t\t<\/div>\n\t\t\t\t\t<\/div>\n\n\t\n\n\t<div id=\"col-2125053302\" class=\"col medium-4 small-12 large-4\"  >\n\t\t\t\t<div class=\"col-inner\"  >\n\t\t\t\n\t\t\t\n\n  <div class=\"banner has-hover bg-zoom\" id=\"banner-992315249\">\n          <div class=\"banner-inner fill\">\n        <div class=\"banner-bg fill\" >\n            <img loading=\"lazy\" decoding=\"async\" width=\"1000\" height=\"667\" src=\"https:\/\/drhebertlamblet.com\/wp-content\/uploads\/2019\/03\/liposuction_surgery.jpg\" class=\"bg attachment-large size-large\" alt=\"\" \/>                        <div class=\"overlay\"><\/div>            \n                    <\/div>\n\t\t\n        <div class=\"banner-layers container\">\n            <a class=\"fill\" href=\"http:\/\/..\/body-procedures\/liposuction\"><div class=\"fill banner-link\"><\/div><\/a>            \n   <div id=\"text-box-2027692973\" class=\"text-box banner-layer x50 md-x50 lg-x50 y50 md-y50 lg-y50 res-text\">\n                                <div class=\"text-box-content text dark\">\n              \n              <div class=\"text-inner text-center\">\n                  \n<h3 class=\"uppercase\"><a href=\"..\/body-procedures\/liposuction\"><strong>LIPOSSUC\u00c7\u00c3O<\/strong><\/a><\/h3>\n              <\/div>\n           <\/div>\n                            \n<style>\n#text-box-2027692973 {\n  width: 60%;\n}\n#text-box-2027692973 .text-box-content {\n  font-size: 100%;\n}\n<\/style>\n    <\/div>\n \n        <\/div>\n      <\/div>\n\n            \n<style>\n#banner-992315249 {\n  padding-top: 270px;\n}\n#banner-992315249 .overlay {\n  background-color: rgba(0, 0, 0, 0.32);\n}\n#banner-992315249 .banner-bg img {\n  object-position: 53% 69%;\n}\n<\/style>\n  <\/div>\n\n\n\t\t<\/div>\n\t\t\t\t\t<\/div>\n\n\t\n<\/div>\n\t<div id=\"gap-962368347\" class=\"gap-element clearfix\" style=\"display:block; height:auto;\">\n\t\t\n<style>\n#gap-962368347 {\n  padding-top: 30px;\n}\n<\/style>\n\t<\/div>\n\t\n\t<div id=\"gap-1162708527\" class=\"gap-element clearfix\" style=\"display:block; height:auto;\">\n\t\t\n<style>\n#gap-1162708527 {\n  padding-top: 30px;\n}\n<\/style>\n\t<\/div>\n\t\n","protected":false},"excerpt":{"rendered":"","protected":false},"author":1,"featured_media":0,"parent":0,"menu_order":0,"comment_status":"closed","ping_status":"closed","template":"page-blank.php","meta":{"footnotes":""},"class_list":["post-3475","page","type-page","status-publish","hentry"],"_links":{"self":[{"href":"https:\/\/drhebertlamblet.com\/pt-br\/wp-json\/wp\/v2\/pages\/3475","targetHints":{"allow":["GET"]}}],"collection":[{"href":"https:\/\/drhebertlamblet.com\/pt-br\/wp-json\/wp\/v2\/pages"}],"about":[{"href":"https:\/\/drhebertlamblet.com\/pt-br\/wp-json\/wp\/v2\/types\/page"}],"author":[{"embeddable":true,"href":"https:\/\/drhebertlamblet.com\/pt-br\/wp-json\/wp\/v2\/users\/1"}],"replies":[{"embeddable":true,"href":"https:\/\/drhebertlamblet.com\/pt-br\/wp-json\/wp\/v2\/comments?post=3475"}],"version-history":[{"count":1,"href":"https:\/\/drhebertlamblet.com\/pt-br\/wp-json\/wp\/v2\/pages\/3475\/revisions"}],"predecessor-version":[{"id":3479,"href":"https:\/\/drhebertlamblet.com\/pt-br\/wp-json\/wp\/v2\/pages\/3475\/revisions\/3479"}],"wp:attachment":[{"href":"https:\/\/drhebertlamblet.com\/pt-br\/wp-json\/wp\/v2\/media?parent=3475"}],"curies":[{"name":"wp","href":"https:\/\/api.w.org\/{rel}","templated":true}]}}