{"id":3474,"date":"2019-03-01T22:51:07","date_gmt":"2019-03-01T22:51:07","guid":{"rendered":"https:\/\/drhebertlamblet.com\/politica-de-privacidade\/"},"modified":"2023-08-11T02:21:15","modified_gmt":"2023-08-11T02:21:15","slug":"politica-de-privacidade","status":"publish","type":"page","link":"https:\/\/drhebertlamblet.com\/pt-br\/politica-de-privacidade\/","title":{"rendered":"Pol\u00edtica de privacidade"},"content":{"rendered":"<div class=\"row\"  id=\"row-1185328692\">\n\n\t<div id=\"col-828530062\" class=\"col small-12 large-12\"  >\n\t\t\t\t<div class=\"col-inner\"  >\n\t\t\t\n\t\t\t\n\t<div id=\"gap-816236099\" class=\"gap-element clearfix\" style=\"display:block; height:auto;\">\n\t\t\n<style>\n#gap-816236099 {\n  padding-top: 30px;\n}\n<\/style>\n\t<\/div>\n\t\n<h2><strong>PREOCUPAMO-NOS COM A SUA PRIVACIDADE<\/strong><\/h2>\n<p><strong>Que informa\u00e7\u00f5es recolhemos?<\/strong><br \/>Recolhemos informa\u00e7\u00f5es do utilizador quando este se regista no nosso site, efectua uma encomenda, subscreve a nossa newsletter, responde a um inqu\u00e9rito ou preenche um formul\u00e1rio.<br \/>Ao encomendar ou registar-se no nosso site, conforme o caso, poder\u00e1 ser-lhe pedido que introduza o seu: nome, endere\u00e7o de correio eletr\u00f3nico, endere\u00e7o postal, n\u00famero de telefone e\/ou informa\u00e7\u00f5es sobre o cart\u00e3o de cr\u00e9dito. Pode, no entanto, visitar o nosso s\u00edtio anonimamente.<\/p>\n<p><strong>Para que \u00e9 que utilizamos as suas informa\u00e7\u00f5es?<\/strong><br \/>Todas as informa\u00e7\u00f5es que recolhemos do utilizador podem ser utilizadas de uma das seguintes formas:<\/p>\n<ul>\n<li>Para personalizar a sua experi\u00eancia<br \/>As suas informa\u00e7\u00f5es ajudam-nos a responder melhor \u00e0s suas necessidades individuais<\/li>\n<li>Para melhorar o nosso s\u00edtio Web<br \/>Esfor\u00e7amo-nos continuamente por melhorar as ofertas do nosso s\u00edtio Web com base nas informa\u00e7\u00f5es e coment\u00e1rios que recebemos dos utilizadores<\/li>\n<li>Para melhorar o servi\u00e7o ao cliente<br \/>As suas informa\u00e7\u00f5es ajudam-nos a responder mais eficazmente aos seus pedidos de servi\u00e7o ao cliente e \u00e0s suas necessidades de apoio<\/li>\n<li>Para processar transac\u00e7\u00f5es<\/li>\n<li>Para administrar um concurso, promo\u00e7\u00e3o, inqu\u00e9rito ou outra funcionalidade do s\u00edtio<\/li>\n<li>Para enviar mensagens electr\u00f3nicas peri\u00f3dicas<br \/>O endere\u00e7o de correio eletr\u00f3nico que fornecer para o processamento da encomenda pode ser utilizado para lhe enviar informa\u00e7\u00f5es e actualiza\u00e7\u00f5es relativas \u00e0 sua encomenda, para al\u00e9m de receber ocasionalmente not\u00edcias da empresa, actualiza\u00e7\u00f5es, informa\u00e7\u00f5es sobre produtos ou servi\u00e7os relacionados, etc.<\/li>\n<\/ul>\n<p><strong>Nota:<\/strong> Se, em qualquer altura, pretender anular a subscri\u00e7\u00e3o de futuras mensagens de correio eletr\u00f3nico, inclu\u00edmos instru\u00e7\u00f5es detalhadas para anular a subscri\u00e7\u00e3o na parte inferior de cada mensagem.<\/p>\n<p><strong>Como \u00e9 que protegemos as suas informa\u00e7\u00f5es?<\/strong><br \/>Implementamos uma s\u00e9rie de medidas de seguran\u00e7a para manter a seguran\u00e7a das suas informa\u00e7\u00f5es pessoais quando efectua uma encomenda ou acede \u00e0s suas informa\u00e7\u00f5es pessoais.<\/p>\n<p>Oferecemos a utiliza\u00e7\u00e3o de um servidor seguro. Todas as informa\u00e7\u00f5es sens\u00edveis\/de cr\u00e9dito fornecidas s\u00e3o transmitidas atrav\u00e9s da tecnologia Secure Socket Layer (SSL) e, em seguida, encriptadas na base de dados dos nossos fornecedores de gateway de pagamento, apenas para serem acedidas por pessoas autorizadas com direitos de acesso especiais a esses sistemas e que s\u00e3o obrigadas a manter as informa\u00e7\u00f5es confidenciais.<br \/>Ap\u00f3s uma transa\u00e7\u00e3o, as suas informa\u00e7\u00f5es privadas (cart\u00f5es de cr\u00e9dito, n\u00fameros de seguran\u00e7a social, dados financeiros, etc.) n\u00e3o ser\u00e3o mantidas em arquivo por mais de 60 dias.<\/p>\n<p><strong>Utilizamos cookies?<\/strong><br \/>Sim (Os cookies s\u00e3o pequenos ficheiros que um site ou o seu fornecedor de servi\u00e7os transfere para o disco r\u00edgido do seu computador atrav\u00e9s do seu navegador Web (se o permitir) que permite que os sistemas dos sites ou fornecedores de servi\u00e7os reconhe\u00e7am o seu navegador e capturem e memorizem determinadas informa\u00e7\u00f5es.<\/p>\n<p>Utilizamos cookies para nos ajudar a recordar e processar os itens do seu carrinho de compras, compreender e guardar as suas prefer\u00eancias para futuras visitas, acompanhar os an\u00fancios e compilar dados agregados sobre o tr\u00e1fego e a intera\u00e7\u00e3o do site, para que possamos oferecer melhores experi\u00eancias e ferramentas no futuro. Podemos contratar prestadores de servi\u00e7os terceiros para nos ajudarem a compreender melhor os visitantes do nosso s\u00edtio. Estes fornecedores de servi\u00e7os n\u00e3o est\u00e3o autorizados a utilizar as informa\u00e7\u00f5es recolhidas em nosso nome, exceto para nos ajudar a conduzir e melhorar a nossa atividade.<br \/>Se preferir, pode optar por que o seu computador o avise sempre que um cookie estiver a ser enviado, ou pode optar por desativar todos os cookies atrav\u00e9s das defini\u00e7\u00f5es do seu browser. Tal como a maioria dos s\u00edtios Web, se desativar os cookies, alguns dos nossos servi\u00e7os poder\u00e3o n\u00e3o funcionar corretamente. No entanto, pode continuar a fazer encomendas por telefone ou contactando o servi\u00e7o de apoio ao cliente.<\/p>\n<p><strong>Divulgamos alguma informa\u00e7\u00e3o a terceiros?<\/strong><br \/>N\u00e3o vendemos, trocamos ou transferimos de outra forma para terceiros as suas informa\u00e7\u00f5es de identifica\u00e7\u00e3o pessoal. Isto n\u00e3o inclui terceiros de confian\u00e7a que nos ajudam a operar o nosso s\u00edtio Web, a conduzir o nosso neg\u00f3cio ou a prestar servi\u00e7os ao utilizador, desde que essas partes concordem em manter estas informa\u00e7\u00f5es confidenciais. Tamb\u00e9m podemos divulgar as suas informa\u00e7\u00f5es quando considerarmos que a divulga\u00e7\u00e3o \u00e9 adequada para cumprir a lei, aplicar as pol\u00edticas do nosso s\u00edtio ou proteger os nossos direitos, propriedade ou seguran\u00e7a, ou os de outros. No entanto, as informa\u00e7\u00f5es n\u00e3o pessoalmente identific\u00e1veis dos visitantes podem ser fornecidas a outras entidades para fins de marketing, publicidade ou outras utiliza\u00e7\u00f5es.<\/p>\n<p><strong>Liga\u00e7\u00f5es de terceiros<\/strong><br \/>Ocasionalmente, \u00e0 nossa discri\u00e7\u00e3o, podemos incluir ou oferecer produtos ou servi\u00e7os de terceiros no nosso s\u00edtio Web. Estes s\u00edtios de terceiros t\u00eam pol\u00edticas de privacidade separadas e independentes. Por conseguinte, n\u00e3o temos qualquer responsabilidade pelo conte\u00fado e actividades desses s\u00edtios ligados. No entanto, procuramos proteger a integridade do nosso s\u00edtio e agradecemos qualquer coment\u00e1rio sobre estes s\u00edtios.<\/p>\n<p><strong>Conformidade com a Lei de Prote\u00e7\u00e3o da Privacidade em Linha<\/strong><br \/>Porque valorizamos a sua privacidade, tom\u00e1mos as precau\u00e7\u00f5es necess\u00e1rias para estar em conformidade com a Lei de Prote\u00e7\u00e3o da Privacidade em Linha da Calif\u00f3rnia e a Lei de Prote\u00e7\u00e3o de Informa\u00e7\u00f5es Pessoais e Documentos Electr\u00f3nicos do Canad\u00e1 (PIPEDA). Por conseguinte, n\u00e3o divulgaremos as suas informa\u00e7\u00f5es pessoais a terceiros sem o seu consentimento.<\/p>\n<p><strong>O seu consentimento<\/strong><br \/>Ao utilizar o nosso s\u00edtio, o utilizador concorda com a pol\u00edtica de privacidade do nosso s\u00edtio e subdom\u00ednio(s).<\/p>\n<p><strong>Altera\u00e7\u00f5es \u00e0 nossa pol\u00edtica de privacidade<\/strong><br \/>Se decidirmos alterar a nossa pol\u00edtica de privacidade, publicaremos essas altera\u00e7\u00f5es nesta p\u00e1gina.<\/p>\n<hr>\n<p>\u00daltima atualiza\u00e7\u00e3o em: 10 de abril de 2019<\/p>\n\t<div id=\"gap-2080981311\" class=\"gap-element clearfix\" style=\"display:block; height:auto;\">\n\t\t\n<style>\n#gap-2080981311 {\n  padding-top: 30px;\n}\n<\/style>\n\t<\/div>\n\t\n\t\t<\/div>\n\t\t\t\t\t<\/div>\n\n\t\n<\/div>\n","protected":false},"excerpt":{"rendered":"","protected":false},"author":1,"featured_media":0,"parent":0,"menu_order":0,"comment_status":"closed","ping_status":"closed","template":"page-blank.php","meta":{"footnotes":""},"class_list":["post-3474","page","type-page","status-publish","hentry"],"_links":{"self":[{"href":"https:\/\/drhebertlamblet.com\/pt-br\/wp-json\/wp\/v2\/pages\/3474","targetHints":{"allow":["GET"]}}],"collection":[{"href":"https:\/\/drhebertlamblet.com\/pt-br\/wp-json\/wp\/v2\/pages"}],"about":[{"href":"https:\/\/drhebertlamblet.com\/pt-br\/wp-json\/wp\/v2\/types\/page"}],"author":[{"embeddable":true,"href":"https:\/\/drhebertlamblet.com\/pt-br\/wp-json\/wp\/v2\/users\/1"}],"replies":[{"embeddable":true,"href":"https:\/\/drhebertlamblet.com\/pt-br\/wp-json\/wp\/v2\/comments?post=3474"}],"version-history":[{"count":1,"href":"https:\/\/drhebertlamblet.com\/pt-br\/wp-json\/wp\/v2\/pages\/3474\/revisions"}],"predecessor-version":[{"id":3478,"href":"https:\/\/drhebertlamblet.com\/pt-br\/wp-json\/wp\/v2\/pages\/3474\/revisions\/3478"}],"wp:attachment":[{"href":"https:\/\/drhebertlamblet.com\/pt-br\/wp-json\/wp\/v2\/media?parent=3474"}],"curies":[{"name":"wp","href":"https:\/\/api.w.org\/{rel}","templated":true}]}}