{"id":3473,"date":"2019-04-15T22:04:21","date_gmt":"2019-04-15T22:04:21","guid":{"rendered":"https:\/\/drhebertlamblet.com\/levantamento-de-bracos\/"},"modified":"2023-08-11T02:21:15","modified_gmt":"2023-08-11T02:21:15","slug":"levantamento-de-bracos","status":"publish","type":"page","link":"https:\/\/drhebertlamblet.com\/pt-br\/procedimentos-corporais\/levantamento-de-bracos\/","title":{"rendered":"Levantamento de bra\u00e7os"},"content":{"rendered":"  <div id=\"page-header-2026740126\" class=\"page-header-wrapper\">\n  <div class=\"page-title light divided-title\">\n\n    \n    <div class=\"page-title-inner container align-center flex-row medium-flex-wrap\" >\n              <div class=\"title-wrapper flex-col text-left medium-text-center\">\n          <h1 class=\"entry-title mb-0\">\n            Levantamento de bra\u00e7os          <\/h1>\n        <\/div>\n                    <div class=\"title-content flex-col flex-right text-right medium-text-center\">\n        <div class=\"title-breadcrumbs pb-half pt-half\"><\/div>      <\/div>\n    <\/div>\n\n       <\/div>\n  <div class=\"container header-wrapper-divider\"><hr\/><\/div>  <\/div>\n  \n\t<div id=\"gap-1848366835\" class=\"gap-element clearfix\" style=\"display:block; height:auto;\">\n\t\t\n<style>\n#gap-1848366835 {\n  padding-top: 30px;\n}\n<\/style>\n\t<\/div>\n\t\n<div class=\"row\"  id=\"row-51786479\">\n\n\t<div id=\"col-2092289201\" class=\"col medium-5 small-12 large-5 col-divided\"  >\n\t\t\t\t<div class=\"col-inner\"  >\n\t\t\t\n\t\t\t\n\t<div class=\"img has-hover x md-x lg-x y md-y lg-y\" id=\"image_940571686\">\n\t\t\t\t\t\t<div data-animate=\"fadeInLeft\">\t\t<div class=\"img-inner image-cover dark\" style=\"padding-top:100%;\">\n\t\t\t<img loading=\"lazy\" decoding=\"async\" width=\"720\" height=\"480\" src=\"https:\/\/drhebertlamblet.com\/wp-content\/uploads\/2019\/04\/arm-lift-procedures.jpg\" class=\"attachment-large size-large\" alt=\"\" srcset=\"https:\/\/drhebertlamblet.com\/wp-content\/uploads\/2019\/04\/arm-lift-procedures.jpg 720w, https:\/\/drhebertlamblet.com\/wp-content\/uploads\/2019\/04\/arm-lift-procedures-300x200.jpg 300w\" sizes=\"auto, (max-width: 720px) 100vw, 720px\" \/>\t\t\t\t\t\t\n\t\t\t\t\t<\/div>\n\t\t<\/div>\t\t\t\t\t\t\n<style>\n#image_940571686 {\n  width: 100%;\n}\n<\/style>\n\t<\/div>\n\t\n\t\t<\/div>\n\t\t\t\t\t<\/div>\n\n\t\n\n\t<div id=\"col-1346303019\" class=\"col medium-7 small-12 large-7\"  >\n\t\t\t\t<div class=\"col-inner\"  >\n\t\t\t\n\t\t\t\n<h5 class=\"uppercase\">Cirurgia ARM LIFT<\/h5>\n<p>Normalmente, a queda da pele e da gordura na parte superior do bra\u00e7o ocorre como resultado do envelhecimento ou de uma perda de peso significativa. A diminui\u00e7\u00e3o da elasticidade da pele pode fazer com que a pele fique solta no bra\u00e7o. Os candidatos ideais para este procedimento s\u00e3o os doentes com laxidez da pele moderada a grave e dep\u00f3sitos de gordura teimosos na parte superior do bra\u00e7o.<\/p>\n<p>O lifting do bra\u00e7o aperta cirurgicamente a pele do bra\u00e7o para que os bra\u00e7os fiquem esticados e esguios. As t\u00e9cnicas utilizadas durante a cirurgia de eleva\u00e7\u00e3o do bra\u00e7o s\u00e3o semelhantes \u00e0s t\u00e9cnicas utilizadas numa <a href=\"http:\/\/www.drhebertlamblet.com\/body-procedures\/abdominoplasty-tummy-tuck\/\">abdominoplastia<\/a>.<\/p>\n<a href=\"\/contact-us\" class=\"button secondary is-outline\" >\n\t\t<span>Pedir uma consulta<\/span>\n\t<i class=\"icon-angle-right\" aria-hidden=\"true\"><\/i><\/a>\n\n\t\t<\/div>\n\t\t\t\t\t<\/div>\n\n\t\n<\/div>\n\t<div id=\"gap-1471606925\" class=\"gap-element clearfix\" style=\"display:block; height:auto;\">\n\t\t\n<style>\n#gap-1471606925 {\n  padding-top: 30px;\n}\n<\/style>\n\t<\/div>\n\t\n<div class=\"row\"  id=\"row-2082227244\">\n\n\t<div id=\"col-1386348583\" class=\"col medium-7 small-12 large-7\"  >\n\t\t\t\t<div class=\"col-inner\"  >\n\t\t\t\n\t\t\t\n<p>O Dr. Lamblet faz uma incis\u00e3o atrav\u00e9s da qual remove a gordura e a pele para remodelar e apertar o bra\u00e7o. Como esta incis\u00e3o fica escondida na parte inferior do bra\u00e7o, n\u00e3o h\u00e1 cicatrizes vis\u00edveis ap\u00f3s o procedimento. O lifting do bra\u00e7o resulta num contorno do bra\u00e7o melhorado que \u00e9 mais suave, mais esguio e proporcional.<\/p>\n<p>Para agendar uma consulta ou para saber mais sobre os procedimentos de eleva\u00e7\u00e3o do bra\u00e7o no nosso consult\u00f3rio no Rio de Janeiro, Brasil, convidamo-lo a <a href=\"http:\/\/www.drhebertlamblet.com\/contact-us\/\">contactar<\/a> a <span style=\"font-weight: 400;\">Vikaara<\/span> Klinik\u00ae hoje mesmo.<\/p>\n\t\t<\/div>\n\t\t\t\t\t<\/div>\n\n\t\n\n\t<div id=\"col-155920441\" class=\"col medium-5 small-12 large-5\"  >\n\t\t\t\t<div class=\"col-inner\"  >\n\t\t\t\n\t\t\t\n\t<div class=\"box has-hover   has-hover box-bounce box-text-bottom\" >\n\n\t\t<div class=\"box-image\" >\n\t\t\t\t\t\t<div class=\"\" >\n\t\t\t\t<img loading=\"lazy\" decoding=\"async\" width=\"562\" height=\"336\" src=\"https:\/\/drhebertlamblet.com\/wp-content\/uploads\/2019\/04\/arm-lift-surgery.jpg\" class=\"attachment- size-\" alt=\"\" srcset=\"https:\/\/drhebertlamblet.com\/wp-content\/uploads\/2019\/04\/arm-lift-surgery.jpg 562w, https:\/\/drhebertlamblet.com\/wp-content\/uploads\/2019\/04\/arm-lift-surgery-300x179.jpg 300w\" sizes=\"auto, (max-width: 562px) 100vw, 562px\" \/>\t\t\t\t\t\t\t\t\t\t\t<\/div>\n\t\t\t\t\t<\/div>\n\n\t\t<div class=\"box-text text-center\" >\n\t\t\t<div class=\"box-text-inner\">\n\t\t\t\t\n<h4>CIRURGIA DE ELEVA\u00c7\u00c3O DO BRA\u00c7O<\/h4>\n<p>Procedimentos de eleva\u00e7\u00e3o do bra\u00e7o<\/p>\n\t\t\t<\/div>\n\t\t<\/div>\n\t<\/div>\n\t\n\t\t<\/div>\n\t\t\t\t\t<\/div>\n\n\t\n<\/div>\n\t<div id=\"gap-1621197928\" class=\"gap-element clearfix\" style=\"display:block; height:auto;\">\n\t\t\n<style>\n#gap-1621197928 {\n  padding-top: 65px;\n}\n<\/style>\n\t<\/div>\n\t\n","protected":false},"excerpt":{"rendered":"","protected":false},"author":1,"featured_media":0,"parent":3475,"menu_order":0,"comment_status":"closed","ping_status":"closed","template":"page-blank.php","meta":{"footnotes":""},"class_list":["post-3473","page","type-page","status-publish","hentry"],"_links":{"self":[{"href":"https:\/\/drhebertlamblet.com\/pt-br\/wp-json\/wp\/v2\/pages\/3473","targetHints":{"allow":["GET"]}}],"collection":[{"href":"https:\/\/drhebertlamblet.com\/pt-br\/wp-json\/wp\/v2\/pages"}],"about":[{"href":"https:\/\/drhebertlamblet.com\/pt-br\/wp-json\/wp\/v2\/types\/page"}],"author":[{"embeddable":true,"href":"https:\/\/drhebertlamblet.com\/pt-br\/wp-json\/wp\/v2\/users\/1"}],"replies":[{"embeddable":true,"href":"https:\/\/drhebertlamblet.com\/pt-br\/wp-json\/wp\/v2\/comments?post=3473"}],"version-history":[{"count":1,"href":"https:\/\/drhebertlamblet.com\/pt-br\/wp-json\/wp\/v2\/pages\/3473\/revisions"}],"predecessor-version":[{"id":3476,"href":"https:\/\/drhebertlamblet.com\/pt-br\/wp-json\/wp\/v2\/pages\/3473\/revisions\/3476"}],"up":[{"embeddable":true,"href":"https:\/\/drhebertlamblet.com\/pt-br\/wp-json\/wp\/v2\/pages\/3475"}],"wp:attachment":[{"href":"https:\/\/drhebertlamblet.com\/pt-br\/wp-json\/wp\/v2\/media?parent=3473"}],"curies":[{"name":"wp","href":"https:\/\/api.w.org\/{rel}","templated":true}]}}