{"id":3466,"date":"2019-04-01T02:24:05","date_gmt":"2019-04-01T02:24:05","guid":{"rendered":"https:\/\/drhebertlamblet.com\/reconstrucao-mamaria\/"},"modified":"2023-08-11T02:19:14","modified_gmt":"2023-08-11T02:19:14","slug":"reconstrucao-mamaria","status":"publish","type":"page","link":"https:\/\/drhebertlamblet.com\/pt-br\/procedimentos-mamarios\/reconstrucao-mamaria\/","title":{"rendered":"Reconstru\u00e7\u00e3o mam\u00e1ria"},"content":{"rendered":"  <div id=\"page-header-502503784\" class=\"page-header-wrapper\">\n  <div class=\"page-title light divided-title\">\n\n    \n    <div class=\"page-title-inner container align-center flex-row medium-flex-wrap\" >\n              <div class=\"title-wrapper flex-col text-left medium-text-center\">\n          <h1 class=\"entry-title mb-0\">\n            Reconstru\u00e7\u00e3o mam\u00e1ria          <\/h1>\n        <\/div>\n                    <div class=\"title-content flex-col flex-right text-right medium-text-center\">\n        <div class=\"title-breadcrumbs pb-half pt-half\"><\/div>      <\/div>\n    <\/div>\n\n       <\/div>\n  <div class=\"container header-wrapper-divider\"><hr\/><\/div>  <\/div>\n  \n<div class=\"row row-divided\"  id=\"row-1231304150\">\n\n\t<div id=\"col-1168432163\" class=\"col medium-6 small-12 large-6\"  >\n\t\t\t\t<div class=\"col-inner\"  >\n\t\t\t\n\t\t\t\n\t<div class=\"img has-hover x md-x lg-x y md-y lg-y\" id=\"image_1193224941\">\n\t\t\t\t\t\t<div data-animate=\"fadeInLeft\">\t\t<div class=\"img-inner dark\" >\n\t\t\t<img loading=\"lazy\" decoding=\"async\" width=\"608\" height=\"665\" src=\"https:\/\/drhebertlamblet.com\/wp-content\/uploads\/2019\/03\/breast-reconstruction.jpg\" class=\"attachment-large size-large\" alt=\"\" srcset=\"https:\/\/drhebertlamblet.com\/wp-content\/uploads\/2019\/03\/breast-reconstruction.jpg 608w, https:\/\/drhebertlamblet.com\/wp-content\/uploads\/2019\/03\/breast-reconstruction-274x300.jpg 274w\" sizes=\"auto, (max-width: 608px) 100vw, 608px\" \/>\t\t\t\t\t\t\n\t\t\t\t\t<\/div>\n\t\t<\/div>\t\t\t\t\t\t\n<style>\n#image_1193224941 {\n  width: 100%;\n}\n<\/style>\n\t<\/div>\n\t\n\t\t<\/div>\n\t\t\t\t\t<\/div>\n\n\t\n\n\t<div id=\"col-1256846414\" class=\"col medium-6 small-12 large-6\"  >\n\t\t\t\t<div class=\"col-inner\"  >\n\t\t\t\n\t\t\t\n<h2>Cirurgia de reconstru\u00e7\u00e3o da mama<\/h2>\n<p>O Dr. Lamblet \u00e9 sens\u00edvel \u00e0s necessidades de reconstru\u00e7\u00e3o das pacientes com cancro da mama. Efectua a reconstru\u00e7\u00e3o mam\u00e1ria utilizando as t\u00e9cnicas mais avan\u00e7adas e est\u00e1 atualmente a investigar um tratamento que poder\u00e1 ser ainda mais ben\u00e9fico para as pacientes de reconstru\u00e7\u00e3o mam\u00e1ria.<\/p>\n<p>Para reconstruir a mama ap\u00f3s uma mastectomia ou lumpectomia, o Dr. Lamblet pode utilizar tecido da pr\u00f3pria paciente (retalho de reconstru\u00e7\u00e3o), implante(s) mam\u00e1rio(s) de gel de silicone ou uma combina\u00e7\u00e3o dos dois, dependendo da anatomia e dos objectivos cosm\u00e9ticos espec\u00edficos da paciente. Utilizando estas t\u00e9cnicas de reconstru\u00e7\u00e3o mam\u00e1ria, o Dr. Lamblet \u00e9 capaz de recriar um peito de aspeto natural, proporcional e sim\u00e9trico. Ap\u00f3s a sua consulta e um exame m\u00e9dico completo, o Dr. Lamblet elaborar\u00e1 um plano de reconstru\u00e7\u00e3o mam\u00e1ria cir\u00fargica personalizado para a ajudar a recuperar a linha natural do busto.<\/p>\n<a href=\"\/contact-us\" class=\"button secondary is-outline\" >\n\t\t<span>Pedir uma consulta<\/span>\n\t<\/a>\n\n\t\t<\/div>\n\t\t\t\t\t<\/div>\n\n\t\n<\/div>\n\t<div id=\"gap-68330733\" class=\"gap-element clearfix\" style=\"display:block; height:auto;\">\n\t\t\n<style>\n#gap-68330733 {\n  padding-top: 30px;\n}\n<\/style>\n\t<\/div>\n\t\n<div class=\"row\"  id=\"row-641888468\">\n\n\t<div id=\"col-1187292128\" class=\"col small-12 large-12\"  >\n\t\t\t\t<div class=\"col-inner\"  >\n\t\t\t\n\t\t\t\n<h3>Nova alternativa para a reconstru\u00e7\u00e3o da mama<\/h3>\n<p>Durante muitos anos, o Dr. Lamblet utilizou com sucesso as <a href=\"https:\/\/drhebertlamblet.com\/pt-br\/procedimentos-corporais\/microenxerto-de-gordura-autologo\/\">t\u00e9cnicas de enxerto de gordura aut\u00f3loga com ADCs<\/a> para a reconstru\u00e7\u00e3o mam\u00e1ria. O seu objetivo com esta t\u00e9cnica \u00e9 restaurar o volume da mama e melhorar a qualidade da pele da mama que foi submetida a tratamento de radia\u00e7\u00e3o, e acomodar uma pr\u00f3tese expans\u00edvel (implante mam\u00e1rio). Os doentes com tecido cicatricial, perda de volume no peito e m\u00e1 qualidade da pele podem beneficiar desta metodologia bem estabelecida.<\/p>\n<p>Para mais informa\u00e7\u00f5es sobre reconstru\u00e7\u00e3o mam\u00e1ria, implantes, lift e aumento, <a href=\"http:\/\/www.drhebertlamblet.com\/contact-us\/\">contacte hoje mesmo a nossa cl\u00ednica no Brasil<\/a>.<\/p>\n\t\t<\/div>\n\t\t\t\t\t<\/div>\n\n\t\n<\/div>\n\t<div id=\"gap-1548513702\" class=\"gap-element clearfix\" style=\"display:block; height:auto;\">\n\t\t\n<style>\n#gap-1548513702 {\n  padding-top: 30px;\n}\n<\/style>\n\t<\/div>\n\t\n","protected":false},"excerpt":{"rendered":"","protected":false},"author":1,"featured_media":0,"parent":3480,"menu_order":0,"comment_status":"closed","ping_status":"closed","template":"page-blank.php","meta":{"footnotes":""},"class_list":["post-3466","page","type-page","status-publish","hentry"],"_links":{"self":[{"href":"https:\/\/drhebertlamblet.com\/pt-br\/wp-json\/wp\/v2\/pages\/3466","targetHints":{"allow":["GET"]}}],"collection":[{"href":"https:\/\/drhebertlamblet.com\/pt-br\/wp-json\/wp\/v2\/pages"}],"about":[{"href":"https:\/\/drhebertlamblet.com\/pt-br\/wp-json\/wp\/v2\/types\/page"}],"author":[{"embeddable":true,"href":"https:\/\/drhebertlamblet.com\/pt-br\/wp-json\/wp\/v2\/users\/1"}],"replies":[{"embeddable":true,"href":"https:\/\/drhebertlamblet.com\/pt-br\/wp-json\/wp\/v2\/comments?post=3466"}],"version-history":[{"count":1,"href":"https:\/\/drhebertlamblet.com\/pt-br\/wp-json\/wp\/v2\/pages\/3466\/revisions"}],"predecessor-version":[{"id":3469,"href":"https:\/\/drhebertlamblet.com\/pt-br\/wp-json\/wp\/v2\/pages\/3466\/revisions\/3469"}],"up":[{"embeddable":true,"href":"https:\/\/drhebertlamblet.com\/pt-br\/wp-json\/wp\/v2\/pages\/3480"}],"wp:attachment":[{"href":"https:\/\/drhebertlamblet.com\/pt-br\/wp-json\/wp\/v2\/media?parent=3466"}],"curies":[{"name":"wp","href":"https:\/\/api.w.org\/{rel}","templated":true}]}}