{"id":3464,"date":"2019-04-22T03:07:29","date_gmt":"2019-04-22T03:07:29","guid":{"rendered":"https:\/\/drhebertlamblet.com\/aumento-do-queixo\/"},"modified":"2023-08-11T02:19:13","modified_gmt":"2023-08-11T02:19:13","slug":"aumento-do-queixo","status":"publish","type":"page","link":"https:\/\/drhebertlamblet.com\/pt-br\/procedimentos-faciais\/aumento-do-queixo\/","title":{"rendered":"Aumento do queixo"},"content":{"rendered":"  <div id=\"page-header-1267000887\" class=\"page-header-wrapper\">\n  <div class=\"page-title light divided-title\">\n\n    \n    <div class=\"page-title-inner container align-center flex-row medium-flex-wrap\" >\n              <div class=\"title-wrapper flex-col text-left medium-text-center\">\n          <h1 class=\"entry-title mb-0\">\n            Aumento do queixo          <\/h1>\n        <\/div>\n                    <div class=\"title-content flex-col flex-right text-right medium-text-center\">\n        <div class=\"title-breadcrumbs pb-half pt-half\"><\/div>      <\/div>\n    <\/div>\n\n       <\/div>\n  <div class=\"container header-wrapper-divider\"><hr\/><\/div>  <\/div>\n  \n\t<div id=\"gap-2099545751\" class=\"gap-element clearfix\" style=\"display:block; height:auto;\">\n\t\t\n<style>\n#gap-2099545751 {\n  padding-top: 30px;\n}\n<\/style>\n\t<\/div>\n\t\n<div class=\"row\"  id=\"row-1326088548\">\n\n\t<div id=\"col-1445734293\" class=\"col medium-5 small-12 large-5 col-divided\"  >\n\t\t\t\t<div class=\"col-inner\"  >\n\t\t\t\n\t\t\t\n\t<div class=\"img has-hover x md-x lg-x y md-y lg-y\" id=\"image_59595065\">\n\t\t\t\t\t\t<div data-animate=\"fadeInLeft\">\t\t<div class=\"img-inner image-cover dark\" style=\"padding-top:100%;\">\n\t\t\t<img loading=\"lazy\" decoding=\"async\" width=\"870\" height=\"580\" src=\"https:\/\/drhebertlamblet.com\/wp-content\/uploads\/2019\/03\/chin_augmentation_surgery.jpg\" class=\"attachment-large size-large\" alt=\"Chin Augmentation\" srcset=\"https:\/\/drhebertlamblet.com\/wp-content\/uploads\/2019\/03\/chin_augmentation_surgery.jpg 870w, https:\/\/drhebertlamblet.com\/wp-content\/uploads\/2019\/03\/chin_augmentation_surgery-300x200.jpg 300w, https:\/\/drhebertlamblet.com\/wp-content\/uploads\/2019\/03\/chin_augmentation_surgery-768x512.jpg 768w\" sizes=\"auto, (max-width: 870px) 100vw, 870px\" \/>\t\t\t\t\t\t\n\t\t\t\t\t<\/div>\n\t\t<\/div>\t\t\t\t\t\t\n<style>\n#image_59595065 {\n  width: 100%;\n}\n<\/style>\n\t<\/div>\n\t\n\t\t<\/div>\n\t\t\t\t\t<\/div>\n\n\t\n\n\t<div id=\"col-1184027100\" class=\"col medium-7 small-12 large-7\"  >\n\t\t\t\t<div class=\"col-inner\"  >\n\t\t\t\n\t\t\t\n<h5 class=\"uppercase\">Contorno do queixo e da mand\u00edbula<\/h5>\n<p>O aumento do queixo \u00e9 ideal para corrigir o desequil\u00edbrio est\u00e9tico causado por um queixo &#8220;fraco&#8221; ou recuado. Durante o procedimento, um implante de queixo de tamanho adequado \u00e9 inserido atrav\u00e9s de uma incis\u00e3o na boca ou atrav\u00e9s de uma pequena incis\u00e3o sob o queixo para aumentar o tamanho e\/ou a proje\u00e7\u00e3o do queixo.<\/p>\n<p>O aumento do queixo \u00e9 frequentemente realizado em conjunto com a <a href=\"https:\/\/drhebertlamblet.com\/pt-br\/procedimentos-faciais\/rinoplastia-cirurgia-do-nariz\/\">rinoplastia<\/a> para obter uma propor\u00e7\u00e3o \u00f3ptima entre o queixo, o nariz e outras caracter\u00edsticas faciais.<\/p>\n<a href=\"\/contact-us\" class=\"button secondary is-outline\" >\n\t\t<span>Pedir uma consulta<\/span>\n\t<i class=\"icon-angle-right\" aria-hidden=\"true\"><\/i><\/a>\n\n\t\t<\/div>\n\t\t\t\t\t<\/div>\n\n\t\n<\/div>\n\t<div id=\"gap-695265152\" class=\"gap-element clearfix\" style=\"display:block; height:auto;\">\n\t\t\n<style>\n#gap-695265152 {\n  padding-top: 30px;\n}\n<\/style>\n\t<\/div>\n\t\n<div class=\"row\"  id=\"row-1683282429\">\n\n\t<div id=\"col-1667280169\" class=\"col medium-6 small-12 large-6\"  >\n\t\t\t\t<div class=\"col-inner\"  >\n\t\t\t\n\t\t\t\n\t<div id=\"gap-1343529870\" class=\"gap-element clearfix hide-for-small\" style=\"display:block; height:auto;\">\n\t\t\n<style>\n#gap-1343529870 {\n  padding-top: 60px;\n}\n<\/style>\n\t<\/div>\n\t\n<h2><b>Procedimentos de aumento do queixo<\/b><\/h2>\n<p>Antes da cirurgia, ser\u00e3o tiradas radiografias ao rosto e ao queixo, que ser\u00e3o utilizadas para determinar a parte do queixo a operar.<\/p>\n<p>Se apenas for necess\u00e1rio um implante para arredondar o queixo, os procedimentos seguintes s\u00e3o os mais utilizados:<\/p>\n<ul>\n<li>Realizado sob anestesia geral (adormecido e sem dor).<\/li>\n<li>\u00c9 efectuada uma pequena incis\u00e3o, no interior da boca ou no exterior, sob o queixo, que cria uma bolsa \u00e0 frente do osso do queixo e sob os m\u00fasculos. O implante \u00e9 colocado no interior e fixado ao osso com pontos ou parafusos.<\/li>\n<li>As suturas s\u00e3o utilizadas para fechar o corte cir\u00fargico. Quando o corte \u00e9 feito dentro da boca, a cicatriz quase n\u00e3o se v\u00ea.<\/li>\n<\/ul>\n<p>Dependendo de cada paciente, tamb\u00e9m pode ser necess\u00e1rio deslocar alguns ossos e cortar o interior da boca ao longo da gengiva inferior para dar acesso ao osso do queixo. Este procedimento <\/span>demora entre uma e tr\u00eas horas.<\/p>\n\t\t<\/div>\n\t\t\t\t\t<\/div>\n\n\t\n\n\t<div id=\"col-1108567654\" class=\"col medium-6 small-12 large-6\"  >\n\t\t\t\t<div class=\"col-inner\"  >\n\t\t\t\n\t\t\t\n\t<div class=\"box has-hover   has-hover box-bounce box-text-bottom\" >\n\n\t\t<div class=\"box-image\" style=\"width:76%;\">\n\t\t\t\t\t\t<div class=\"\" >\n\t\t\t\t<img loading=\"lazy\" decoding=\"async\" width=\"500\" height=\"747\" src=\"https:\/\/drhebertlamblet.com\/wp-content\/uploads\/2019\/04\/chin-augmentation-procedure.jpg\" class=\"attachment- size-\" alt=\"Chin Augmentation Procedures\" srcset=\"https:\/\/drhebertlamblet.com\/wp-content\/uploads\/2019\/04\/chin-augmentation-procedure.jpg 500w, https:\/\/drhebertlamblet.com\/wp-content\/uploads\/2019\/04\/chin-augmentation-procedure-201x300.jpg 201w\" sizes=\"auto, (max-width: 500px) 100vw, 500px\" \/>\t\t\t\t\t\t\t\t\t\t\t<\/div>\n\t\t\t\t\t<\/div>\n\n\t\t<div class=\"box-text text-center\" >\n\t\t\t<div class=\"box-text-inner\">\n\t\t\t\t\n<h4>CIRURGIA DE IMPLANTE DE QUEIXO<\/h4>\n<p>Procedimentos de aumento do queixo<\/p>\n\t\t\t<\/div>\n\t\t<\/div>\n\t<\/div>\n\t\n\t\t<\/div>\n\t\t\t\t\t<\/div>\n\n\t\n<\/div>\n\t<div id=\"gap-829270179\" class=\"gap-element clearfix\" style=\"display:block; height:auto;\">\n\t\t\n<style>\n#gap-829270179 {\n  padding-top: 65px;\n}\n<\/style>\n\t<\/div>\n\t\n","protected":false},"excerpt":{"rendered":"","protected":false},"author":1,"featured_media":0,"parent":3493,"menu_order":0,"comment_status":"closed","ping_status":"closed","template":"page-blank.php","meta":{"footnotes":""},"class_list":["post-3464","page","type-page","status-publish","hentry"],"_links":{"self":[{"href":"https:\/\/drhebertlamblet.com\/pt-br\/wp-json\/wp\/v2\/pages\/3464","targetHints":{"allow":["GET"]}}],"collection":[{"href":"https:\/\/drhebertlamblet.com\/pt-br\/wp-json\/wp\/v2\/pages"}],"about":[{"href":"https:\/\/drhebertlamblet.com\/pt-br\/wp-json\/wp\/v2\/types\/page"}],"author":[{"embeddable":true,"href":"https:\/\/drhebertlamblet.com\/pt-br\/wp-json\/wp\/v2\/users\/1"}],"replies":[{"embeddable":true,"href":"https:\/\/drhebertlamblet.com\/pt-br\/wp-json\/wp\/v2\/comments?post=3464"}],"version-history":[{"count":1,"href":"https:\/\/drhebertlamblet.com\/pt-br\/wp-json\/wp\/v2\/pages\/3464\/revisions"}],"predecessor-version":[{"id":3468,"href":"https:\/\/drhebertlamblet.com\/pt-br\/wp-json\/wp\/v2\/pages\/3464\/revisions\/3468"}],"up":[{"embeddable":true,"href":"https:\/\/drhebertlamblet.com\/pt-br\/wp-json\/wp\/v2\/pages\/3493"}],"wp:attachment":[{"href":"https:\/\/drhebertlamblet.com\/pt-br\/wp-json\/wp\/v2\/media?parent=3464"}],"curies":[{"name":"wp","href":"https:\/\/api.w.org\/{rel}","templated":true}]}}