{"id":3459,"date":"2019-04-15T22:53:04","date_gmt":"2019-04-15T22:53:04","guid":{"rendered":"https:\/\/drhebertlamblet.com\/elevacao-das-coxas\/"},"modified":"2023-08-11T02:19:08","modified_gmt":"2023-08-11T02:19:08","slug":"elevacao-das-coxas","status":"publish","type":"page","link":"https:\/\/drhebertlamblet.com\/pt-br\/procedimentos-corporais\/elevacao-das-coxas\/","title":{"rendered":"Eleva\u00e7\u00e3o das coxas"},"content":{"rendered":"  <div id=\"page-header-420479336\" class=\"page-header-wrapper\">\n  <div class=\"page-title light divided-title\">\n\n    \n    <div class=\"page-title-inner container align-center flex-row medium-flex-wrap\" >\n              <div class=\"title-wrapper flex-col text-left medium-text-center\">\n          <h1 class=\"entry-title mb-0\">\n            Eleva\u00e7\u00e3o das coxas          <\/h1>\n        <\/div>\n                    <div class=\"title-content flex-col flex-right text-right medium-text-center\">\n        <div class=\"title-breadcrumbs pb-half pt-half\"><\/div>      <\/div>\n    <\/div>\n\n       <\/div>\n  <div class=\"container header-wrapper-divider\"><hr\/><\/div>  <\/div>\n  \n\t<div id=\"gap-2096846380\" class=\"gap-element clearfix\" style=\"display:block; height:auto;\">\n\t\t\n<style>\n#gap-2096846380 {\n  padding-top: 30px;\n}\n<\/style>\n\t<\/div>\n\t\n<div class=\"row\"  id=\"row-36077720\">\n\n\t<div id=\"col-756899376\" class=\"col medium-5 small-12 large-5 col-divided\"  >\n\t\t\t\t<div class=\"col-inner\"  >\n\t\t\t\n\t\t\t\n\t<div class=\"img has-hover x md-x lg-x y md-y lg-y\" id=\"image_1719099117\">\n\t\t\t\t\t\t<div data-animate=\"fadeInLeft\">\t\t<div class=\"img-inner image-cover dark\" style=\"padding-top:100%;\">\n\t\t\t<img loading=\"lazy\" decoding=\"async\" width=\"768\" height=\"512\" src=\"https:\/\/drhebertlamblet.com\/wp-content\/uploads\/2019\/03\/thight_lift_surgery.jpg\" class=\"attachment-large size-large\" alt=\"\" srcset=\"https:\/\/drhebertlamblet.com\/wp-content\/uploads\/2019\/03\/thight_lift_surgery.jpg 768w, https:\/\/drhebertlamblet.com\/wp-content\/uploads\/2019\/03\/thight_lift_surgery-300x200.jpg 300w\" sizes=\"auto, (max-width: 768px) 100vw, 768px\" \/>\t\t\t\t\t\t\n\t\t\t\t\t<\/div>\n\t\t<\/div>\t\t\t\t\t\t\n<style>\n#image_1719099117 {\n  width: 100%;\n}\n<\/style>\n\t<\/div>\n\t\n\t\t<\/div>\n\t\t\t\t\t<\/div>\n\n\t\n\n\t<div id=\"col-853856506\" class=\"col medium-7 small-12 large-7\"  >\n\t\t\t\t<div class=\"col-inner\"  >\n\t\t\t\n\t\t\t\n<h5 class=\"uppercase\">Cirurgia THIGH LIFT<\/h5>\n<p>O lifting de coxas \u00e9 um procedimento cir\u00fargico concebido para remover a pele e a gordura extra para lhe dar coxas mais firmes, tonificadas e com melhores propor\u00e7\u00f5es. Se perdeu uma quantidade significativa de peso, quer devido a cirurgia bari\u00e1trica, quer devido a exerc\u00edcio e dieta, pode ter reparado que a pele das suas coxas se tornou frouxa e obscurece a sua verdadeira forma.<\/p>\n<p>Problemas semelhantes com o excesso de pele podem ocorrer \u00e0 medida que envelhecemos e a pele come\u00e7a a perder a sua elasticidade natural. A cirurgia de eleva\u00e7\u00e3o da coxa \u00e9 um procedimento de contorno corporal seguro e eficaz que envolve a remo\u00e7\u00e3o da pele solta da coxa para restaurar o contorno adequado da \u00e1rea.<\/p>\n<a href=\"\/contact-us\" class=\"button secondary is-outline\" >\n\t\t<span>Pedir uma consulta<\/span>\n\t<i class=\"icon-angle-right\" aria-hidden=\"true\"><\/i><\/a>\n\n\t\t<\/div>\n\t\t\t\t\t<\/div>\n\n\t\n<\/div>\n\t<div id=\"gap-1769524298\" class=\"gap-element clearfix\" style=\"display:block; height:auto;\">\n\t\t\n<style>\n#gap-1769524298 {\n  padding-top: 30px;\n}\n<\/style>\n\t<\/div>\n\t\n<div class=\"row\"  id=\"row-43509073\">\n\n\t<div id=\"col-1921112762\" class=\"col medium-7 small-12 large-7\"  >\n\t\t\t\t<div class=\"col-inner\"  >\n\t\t\t\n\t\t\t\n\t<div id=\"gap-1259216422\" class=\"gap-element clearfix hide-for-small\" style=\"display:block; height:auto;\">\n\t\t\n<style>\n#gap-1259216422 {\n  padding-top: 60px;\n}\n<\/style>\n\t<\/div>\n\t\n<p>Durante um lifting das coxas, o Dr. Lamblet remove o excesso de pele e gordura \u00e0 volta das coxas e aperta a pele solta. Atrav\u00e9s de uma incis\u00e3o efectuada ao longo da linha do biqu\u00edni, a pele e a camada de gordura da parte superior da coxa s\u00e3o puxadas para cima para apertar e suavizar o aspeto das coxas.<\/p>\n<p><a href=\"http:\/\/www.drhebertlamblet.com\/body-procedures\/liposuction\/\">A lipoaspira\u00e7\u00e3o<\/a> pode ser utilizada nesta altura para obter mais contorno e firmeza. A pele e a gordura extra s\u00e3o ent\u00e3o cortadas e a incis\u00e3o \u00e9 fechada para revelar coxas esbeltas e de aspeto jovem. Se pensa que pode beneficiar de um lifting das coxas, <a href=\"http:\/\/www.drhebertlamblet.com\/contact-us\/\">contacte hoje mesmo o consult\u00f3rio do Dr. Lamblet<\/a>.<\/p>\n\t\t<\/div>\n\t\t\t\t\t<\/div>\n\n\t\n\n\t<div id=\"col-1079713768\" class=\"col medium-5 small-12 large-5\"  >\n\t\t\t\t<div class=\"col-inner\"  >\n\t\t\t\n\t\t\t\n\t<div class=\"box has-hover   has-hover box-bounce box-text-bottom\" >\n\n\t\t<div class=\"box-image\" >\n\t\t\t\t\t\t<div class=\"\" >\n\t\t\t\t<img loading=\"lazy\" decoding=\"async\" width=\"546\" height=\"449\" src=\"https:\/\/drhebertlamblet.com\/wp-content\/uploads\/2019\/04\/thigh-lift-procedures.png\" class=\"attachment- size-\" alt=\"\" srcset=\"https:\/\/drhebertlamblet.com\/wp-content\/uploads\/2019\/04\/thigh-lift-procedures.png 546w, https:\/\/drhebertlamblet.com\/wp-content\/uploads\/2019\/04\/thigh-lift-procedures-300x247.png 300w\" sizes=\"auto, (max-width: 546px) 100vw, 546px\" \/>\t\t\t\t\t\t\t\t\t\t\t<\/div>\n\t\t\t\t\t<\/div>\n\n\t\t<div class=\"box-text text-center\" >\n\t\t\t<div class=\"box-text-inner\">\n\t\t\t\t\n<h4>CIRURGIA DE ELEVA\u00c7\u00c3O DA PARTE INTERNA E EXTERNA DA COXA<\/h4>\n<p>Procedimentos de eleva\u00e7\u00e3o das coxas<\/p>\n\t\t\t<\/div>\n\t\t<\/div>\n\t<\/div>\n\t\n\t\t<\/div>\n\t\t\t\t\t<\/div>\n\n\t\n<\/div>\n\t<div id=\"gap-1953194172\" class=\"gap-element clearfix\" style=\"display:block; height:auto;\">\n\t\t\n<style>\n#gap-1953194172 {\n  padding-top: 65px;\n}\n<\/style>\n\t<\/div>\n\t\n","protected":false},"excerpt":{"rendered":"","protected":false},"author":1,"featured_media":0,"parent":3475,"menu_order":0,"comment_status":"closed","ping_status":"closed","template":"page-blank.php","meta":{"footnotes":""},"class_list":["post-3459","page","type-page","status-publish","hentry"],"_links":{"self":[{"href":"https:\/\/drhebertlamblet.com\/pt-br\/wp-json\/wp\/v2\/pages\/3459","targetHints":{"allow":["GET"]}}],"collection":[{"href":"https:\/\/drhebertlamblet.com\/pt-br\/wp-json\/wp\/v2\/pages"}],"about":[{"href":"https:\/\/drhebertlamblet.com\/pt-br\/wp-json\/wp\/v2\/types\/page"}],"author":[{"embeddable":true,"href":"https:\/\/drhebertlamblet.com\/pt-br\/wp-json\/wp\/v2\/users\/1"}],"replies":[{"embeddable":true,"href":"https:\/\/drhebertlamblet.com\/pt-br\/wp-json\/wp\/v2\/comments?post=3459"}],"version-history":[{"count":1,"href":"https:\/\/drhebertlamblet.com\/pt-br\/wp-json\/wp\/v2\/pages\/3459\/revisions"}],"predecessor-version":[{"id":3465,"href":"https:\/\/drhebertlamblet.com\/pt-br\/wp-json\/wp\/v2\/pages\/3459\/revisions\/3465"}],"up":[{"embeddable":true,"href":"https:\/\/drhebertlamblet.com\/pt-br\/wp-json\/wp\/v2\/pages\/3475"}],"wp:attachment":[{"href":"https:\/\/drhebertlamblet.com\/pt-br\/wp-json\/wp\/v2\/media?parent=3459"}],"curies":[{"name":"wp","href":"https:\/\/api.w.org\/{rel}","templated":true}]}}