{"id":3457,"date":"2019-04-26T19:38:42","date_gmt":"2019-04-26T19:38:42","guid":{"rendered":"https:\/\/drhebertlamblet.com\/nao-cirurgico\/enchimentos-dermicos-injectaveis\/"},"modified":"2023-08-11T02:19:07","modified_gmt":"2023-08-11T02:19:07","slug":"enchimentos-dermicos-injectaveis","status":"publish","type":"page","link":"https:\/\/drhebertlamblet.com\/pt-br\/nao-cirurgico\/enchimentos-dermicos-injectaveis\/","title":{"rendered":"Enchimentos d\u00e9rmicos inject\u00e1veis"},"content":{"rendered":"  <div id=\"page-header-1871771302\" class=\"page-header-wrapper\">\n  <div class=\"page-title light divided-title\">\n\n    \n    <div class=\"page-title-inner container align-center flex-row medium-flex-wrap\" >\n              <div class=\"title-wrapper flex-col text-left medium-text-center\">\n          <h1 class=\"entry-title mb-0\">\n            Enchimentos d\u00e9rmicos inject\u00e1veis          <\/h1>\n        <\/div>\n                    <div class=\"title-content flex-col flex-right text-right medium-text-center\">\n        <div class=\"title-breadcrumbs pb-half pt-half\"><\/div>      <\/div>\n    <\/div>\n\n       <\/div>\n  <div class=\"container header-wrapper-divider\"><hr\/><\/div>  <\/div>\n  \n\t<div id=\"gap-1515725405\" class=\"gap-element clearfix\" style=\"display:block; height:auto;\">\n\t\t\n<style>\n#gap-1515725405 {\n  padding-top: 30px;\n}\n<\/style>\n\t<\/div>\n\t\n<div class=\"row\"  id=\"row-1373299004\">\n\n\t<div id=\"col-1523464479\" class=\"col small-12 large-12\"  >\n\t\t\t\t<div class=\"col-inner\"  >\n\t\t\t\n\t\t\t\n<p class=\"lead\" style=\"text-align: left;\">Os nossos tratamentos cosm\u00e9ticos inject\u00e1veis e n\u00e3o cir\u00fargicos incluem a terapia Restylane\u00ae, Perlane\u00ae, Artecoll\u00ae e BOTOX\u00ae.<\/p>\n\t\t<\/div>\n\t\t\t\t\t<\/div>\n\n\t\n<\/div>\n\t<div id=\"gap-1168368309\" class=\"gap-element clearfix\" style=\"display:block; height:auto;\">\n\t\t\n<style>\n#gap-1168368309 {\n  padding-top: 30px;\n}\n<\/style>\n\t<\/div>\n\t\n<div class=\"row\"  id=\"row-2057143931\">\n\n\t<div id=\"col-1946779998\" class=\"col medium-4 small-12 large-4 col-divided\"  >\n\t\t\t\t<div class=\"col-inner\"  >\n\t\t\t\n\t\t\t\n\t<div class=\"img has-hover x md-x lg-x y md-y lg-y\" id=\"image_255320440\">\n\t\t\t\t\t\t<div data-animate=\"fadeInLeft\">\t\t<div class=\"img-inner image-cover dark\" style=\"padding-top:69%;\">\n\t\t\t<img loading=\"lazy\" decoding=\"async\" width=\"1020\" height=\"598\" src=\"https:\/\/drhebertlamblet.com\/wp-content\/uploads\/2019\/04\/BOTOX\u00ae-Cosmetic-1024x600.jpg\" class=\"attachment-large size-large\" alt=\"BOTOX\u00ae Cosmetic\" srcset=\"https:\/\/drhebertlamblet.com\/wp-content\/uploads\/2019\/04\/BOTOX\u00ae-Cosmetic.jpg 1024w, https:\/\/drhebertlamblet.com\/wp-content\/uploads\/2019\/04\/BOTOX\u00ae-Cosmetic-300x176.jpg 300w, https:\/\/drhebertlamblet.com\/wp-content\/uploads\/2019\/04\/BOTOX\u00ae-Cosmetic-768x450.jpg 768w\" sizes=\"auto, (max-width: 1020px) 100vw, 1020px\" \/>\t\t\t\t\t\t\n\t\t\t\t\t<\/div>\n\t\t<\/div>\t\t\t\t\t\t\n<style>\n#image_255320440 {\n  width: 100%;\n}\n<\/style>\n\t<\/div>\n\t\n\t<div class=\"img has-hover x md-x lg-x y md-y lg-y\" id=\"image_1255097307\">\n\t\t\t\t\t\t<div data-animate=\"fadeInUp\">\t\t<div class=\"img-inner image-cover dark\" style=\"padding-top:86%;\">\n\t\t\t<img loading=\"lazy\" decoding=\"async\" width=\"957\" height=\"1024\" src=\"https:\/\/drhebertlamblet.com\/wp-content\/uploads\/2019\/04\/BOTOX\u00ae-Box-957x1024.jpg\" class=\"attachment-large size-large\" alt=\"BOTOX\u00ae Cosmetics\" srcset=\"https:\/\/drhebertlamblet.com\/wp-content\/uploads\/2019\/04\/BOTOX\u00ae-Box-957x1024.jpg 957w, https:\/\/drhebertlamblet.com\/wp-content\/uploads\/2019\/04\/BOTOX\u00ae-Box-280x300.jpg 280w, https:\/\/drhebertlamblet.com\/wp-content\/uploads\/2019\/04\/BOTOX\u00ae-Box-768x822.jpg 768w, https:\/\/drhebertlamblet.com\/wp-content\/uploads\/2019\/04\/BOTOX\u00ae-Box.jpg 1028w\" sizes=\"auto, (max-width: 957px) 100vw, 957px\" \/>\t\t\t\t\t\t\n\t\t\t\t\t<\/div>\n\t\t<\/div>\t\t\t\t\t\t\n<style>\n#image_1255097307 {\n  width: 100%;\n}\n<\/style>\n\t<\/div>\n\t\n\t\t<\/div>\n\t\t\t\t\t<\/div>\n\n\t\n\n\t<div id=\"col-829244804\" class=\"col medium-8 small-12 large-8\"  >\n\t\t\t\t<div class=\"col-inner\"  >\n\t\t\t\n\t\t\t\n<h5 class=\"uppercase\">BOTOX\u00ae Cosm\u00e9tico<\/h5>\n<p>Os preenchimentos d\u00e9rmicos s\u00e3o tratamentos n\u00e3o cir\u00fargicos bem conhecidos, dispon\u00edveis para a redu\u00e7\u00e3o e, em alguns casos, para a elimina\u00e7\u00e3o de linhas faciais e rugas na testa, nas \u00e1reas dos olhos e at\u00e9 no pesco\u00e7o. O Dr. Lamblet tem uma vasta experi\u00eancia na administra\u00e7\u00e3o de injec\u00e7\u00f5es de Botox\u00ae Cosmetic e ganhou uma grande reputa\u00e7\u00e3o entre os seus pacientes por produzir resultados de aspeto natural. Antes de qualquer paciente ser tratado com BOTOX\u00ae Cosmetic, o Dr. Lamblet efectua uma consulta minuciosa durante a qual a anatomia facial do paciente \u00e9 cuidadosamente examinada para garantir a obten\u00e7\u00e3o de um resultado seguro e previs\u00edvel. Uma vez determinada a dosagem adequada, o Dr. Lamblet injectar\u00e1 BOTOX\u00ae em \u00e1reas espec\u00edficas do rosto, o que reduzir\u00e1 a contra\u00e7\u00e3o dos m\u00fasculos faciais que causam as rugas e resultar\u00e1 numa pele mais suave e sem rugas na superf\u00edcie facial. O tratamento \u00e9 normalmente conclu\u00eddo em quinze a trinta minutos e os resultados s\u00e3o vis\u00edveis na primeira semana e podem durar at\u00e9 seis a oito meses.<\/p>\n<p>Para mais informa\u00e7\u00f5es sobre BOTOX\u00ae Cosmetic ou para marcar uma consulta, <a href=\"http:\/\/www.drhebertlamblet.com\/contact-us\/\">contacte Vikaara Klinik \u00ae hoje mesmo<\/a>!<\/p>\n<a href=\"\/contact-us\" class=\"button secondary is-outline\" >\n\t\t<span>Marcar a sua consulta<\/span>\n\t<i class=\"icon-angle-right\" aria-hidden=\"true\"><\/i><\/a>\n\n\t\t<\/div>\n\t\t\t\t\t<\/div>\n\n\t\n<\/div>\n\t<div id=\"gap-2105733826\" class=\"gap-element clearfix hide-for-small\" style=\"display:block; height:auto;\">\n\t\t\n<style>\n#gap-2105733826 {\n  padding-top: 60px;\n}\n<\/style>\n\t<\/div>\n\t\n<div class=\"row\"  id=\"row-172403598\">\n\n\t<div id=\"col-1367071471\" class=\"col medium-4 small-12 large-4 col-divided\"  >\n\t\t\t\t<div class=\"col-inner\"  >\n\t\t\t\n\t\t\t\n\t<div class=\"img has-hover x md-x lg-x y md-y lg-y\" id=\"image_1785945637\">\n\t\t\t\t\t\t<div data-animate=\"fadeInLeft\">\t\t<div class=\"img-inner image-cover dark\" style=\"padding-top:34%;\">\n\t\t\t<img loading=\"lazy\" decoding=\"async\" width=\"580\" height=\"204\" src=\"https:\/\/drhebertlamblet.com\/wp-content\/uploads\/2019\/04\/Restylane\u00ae.png\" class=\"attachment-large size-large\" alt=\"\" srcset=\"https:\/\/drhebertlamblet.com\/wp-content\/uploads\/2019\/04\/Restylane\u00ae.png 580w, https:\/\/drhebertlamblet.com\/wp-content\/uploads\/2019\/04\/Restylane\u00ae-300x106.png 300w\" sizes=\"auto, (max-width: 580px) 100vw, 580px\" \/>\t\t\t\t\t\t\n\t\t\t\t\t<\/div>\n\t\t<\/div>\t\t\t\t\t\t\n<style>\n#image_1785945637 {\n  width: 100%;\n}\n<\/style>\n\t<\/div>\n\t\n\t<div class=\"img has-hover x md-x lg-x y md-y lg-y\" id=\"image_1962009564\">\n\t\t\t\t\t\t<div data-animate=\"fadeInUp\">\t\t<div class=\"img-inner image-cover dark\" style=\"padding-top:65%;\">\n\t\t\t<img loading=\"lazy\" decoding=\"async\" width=\"1020\" height=\"648\" src=\"https:\/\/drhebertlamblet.com\/wp-content\/uploads\/2019\/04\/Restylane\u00ae-Injectable-Gel-1024x651.jpg\" class=\"attachment-large size-large\" alt=\"Restylane\u00ae\" srcset=\"https:\/\/drhebertlamblet.com\/wp-content\/uploads\/2019\/04\/Restylane\u00ae-Injectable-Gel.jpg 1024w, https:\/\/drhebertlamblet.com\/wp-content\/uploads\/2019\/04\/Restylane\u00ae-Injectable-Gel-300x191.jpg 300w, https:\/\/drhebertlamblet.com\/wp-content\/uploads\/2019\/04\/Restylane\u00ae-Injectable-Gel-768x488.jpg 768w\" sizes=\"auto, (max-width: 1020px) 100vw, 1020px\" \/>\t\t\t\t\t\t\n\t\t\t\t\t<\/div>\n\t\t<\/div>\t\t\t\t\t\t\n<style>\n#image_1962009564 {\n  width: 100%;\n}\n<\/style>\n\t<\/div>\n\t\n\t\t<\/div>\n\t\t\t\t\t<\/div>\n\n\t\n\n\t<div id=\"col-19690101\" class=\"col medium-8 small-12 large-8\"  >\n\t\t\t\t<div class=\"col-inner\"  >\n\t\t\t\n\t\t\t\n<h3 id=\"restylane\">RESTYLANE\u00ae<\/h3>\n<p>O Restylane\u00ae n\u00e3o \u00e9 talvez t\u00e3o conhecido como o BOTOX\u00ae Cosmetic, mas os seus resultados podem ser igualmente dram\u00e1ticos. O Dr. Hebert Lamblet realiza tratamentos com Restylane\u00ae em seu consult\u00f3rio no Rio de Janeiro e em Manaus, Brasil, para pacientes que desejam uma pele bonita, lisa e de apar\u00eancia jovem, mas n\u00e3o est\u00e3o prontos para a cirurgia de lifting facial.<\/p>\n<p>O Restylane\u00ae \u00e9 utilizado principalmente para preencher rugas faciais e vincos profundos, especialmente as pregas nasolabiais que come\u00e7am na base do nariz e continuam para fora at\u00e9 aos cantos dos l\u00e1bios. Para diminuir o aparecimento de rugas ou real\u00e7ar os l\u00e1bios, o gel Restylane\u00ae \u00e9 injetado sob a \u00e1rea alvo, aumentando a plenitude e criando uma apar\u00eancia mais suave. O gel \u00e9 composto por uma subst\u00e2ncia chamada \u00e1cido hialur\u00f3nico que se encontra naturalmente no interior do corpo e que atrai as mol\u00e9culas de \u00e1gua. As mol\u00e9culas de \u00e1gua s\u00e3o atra\u00eddas para as \u00e1reas de tratamento visadas, onde proporcionam uma hidrata\u00e7\u00e3o extra e aumentam o volume facial. Como resultado, as rugas e os vincos s\u00e3o suavizados e \u00e9 restaurada uma luminosidade jovem e radiante.<\/p>\n<p>Na maioria dos casos, o Dr. Lamblet aplica um creme anestesiante na zona a tratar antes da inje\u00e7\u00e3o. A dor \u00e9 m\u00ednima e normalmente n\u00e3o \u00e9 necess\u00e1ria anestesia. A dura\u00e7\u00e3o do tratamento depende da quantidade de gel Restylane\u00ae que \u00e9 injetado, mas normalmente dura menos de uma hora. Os resultados obtidos com as injec\u00e7\u00f5es de Restylane\u00ae duram aproximadamente seis meses antes de ser necess\u00e1rio repetir o tratamento. Convidamo-lo a <a href=\"http:\/\/www.drhebertlamblet.com\/contact-us\/\">marcar uma consulta de Restylane\u00ae<\/a> com o Dr. Lamblet no nosso consult\u00f3rio do Rio de Janeiro, Brasil, para saber mais sobre os seus benef\u00edcios rejuvenescedores.<\/p>\n<a href=\"\/contact-us\" class=\"button secondary is-outline\" >\n\t\t<span>Marcar a sua consulta<\/span>\n\t<i class=\"icon-angle-right\" aria-hidden=\"true\"><\/i><\/a>\n\n\t\t<\/div>\n\t\t\t\t\t<\/div>\n\n\t\n<\/div>\n\t<div id=\"gap-1030026599\" class=\"gap-element clearfix hide-for-small\" style=\"display:block; height:auto;\">\n\t\t\n<style>\n#gap-1030026599 {\n  padding-top: 60px;\n}\n<\/style>\n\t<\/div>\n\t\n<div class=\"row\"  id=\"row-387153947\">\n\n\t<div id=\"col-669101426\" class=\"col medium-4 small-12 large-4 col-divided\"  >\n\t\t\t\t<div class=\"col-inner\"  >\n\t\t\t\n\t\t\t\n\t<div class=\"img has-hover x md-x lg-x y md-y lg-y\" id=\"image_1967655243\">\n\t\t\t\t\t\t<div data-animate=\"fadeInLeft\">\t\t<div class=\"img-inner image-cover dark\" style=\"padding-top:52%;\">\n\t\t\t<img loading=\"lazy\" decoding=\"async\" width=\"1020\" height=\"492\" src=\"https:\/\/drhebertlamblet.com\/wp-content\/uploads\/2019\/04\/Perlane\u00ae-1024x494.png\" class=\"attachment-large size-large\" alt=\"Perlane\u00ae\" srcset=\"https:\/\/drhebertlamblet.com\/wp-content\/uploads\/2019\/04\/Perlane\u00ae-1024x494.png 1024w, https:\/\/drhebertlamblet.com\/wp-content\/uploads\/2019\/04\/Perlane\u00ae-300x145.png 300w, https:\/\/drhebertlamblet.com\/wp-content\/uploads\/2019\/04\/Perlane\u00ae-768x370.png 768w, https:\/\/drhebertlamblet.com\/wp-content\/uploads\/2019\/04\/Perlane\u00ae.png 1224w\" sizes=\"auto, (max-width: 1020px) 100vw, 1020px\" \/>\t\t\t\t\t\t\n\t\t\t\t\t<\/div>\n\t\t<\/div>\t\t\t\t\t\t\n<style>\n#image_1967655243 {\n  width: 100%;\n}\n<\/style>\n\t<\/div>\n\t\n\t\t<\/div>\n\t\t\t\t\t<\/div>\n\n\t\n\n\t<div id=\"col-1795799775\" class=\"col medium-8 small-12 large-8\"  >\n\t\t\t\t<div class=\"col-inner\"  >\n\t\t\t\n\t\t\t\n<h3 id=\"perlane\">PERLANE\u00ae<\/h3>\n<p>Para al\u00e9m do Restylane\u00ae, tamb\u00e9m oferecemos os preenchimentos inject\u00e1veis Perlane\u00ae nos nossos consult\u00f3rios do Rio de Janeiro e de Manaus, Brasil. Perlane\u00ae \u00e9 um gel de \u00e1cido hialur\u00f3nico de origem n\u00e3o animal utilizado para preencher rugas e aumentar os l\u00e1bios. O \u00e1cido hialur\u00f3nico \u00e9 uma subst\u00e2ncia que ocorre naturalmente no corpo e que cria um volume facial saud\u00e1vel e jovem. Quando o Perlane\u00ae \u00e9 injetado sob a pele, liga-se \u00e0 \u00e1gua para aumentar o volume da pele e proporcionar uma nova plenitude. Os efeitos do Perlane\u00ae s\u00e3o extremamente duradouros em compara\u00e7\u00e3o com outros tratamentos de volume e rugas dispon\u00edveis, durando entre 12 e 15 meses at\u00e9 o gel ser absorvido em seguran\u00e7a pelo organismo. O Perlane\u00ae \u00e9 muito semelhante ao Restylane\u00ae; a \u00fanica diferen\u00e7a entre os produtos est\u00e1 na quantidade de \u00e1cido hialur\u00f3nico que cada um cont\u00e9m. Uma vez que o Perlane\u00ae tem uma maior concentra\u00e7\u00e3o de \u00e1cido hialur\u00f3nico, \u00e9 mais adequado para dobras cut\u00e2neas maiores e o Restylane\u00ae \u00e9 mais adequado para rugas mais pequenas.<\/p>\n<p><a href=\"http:\/\/www.drhebertlamblet.com\/contact-us\/\">Contacte<\/a> hoje mesmo a equipa simp\u00e1tica e informativa da Vikaara Klinik\u00ae para agendar uma consulta de Perlane\u00ae na Vikaara Klinik\u00ae no Rio de Janeiro, Brasil.<\/p>\n<a href=\"\/contact-us\" class=\"button secondary is-outline\" >\n\t\t<span>Marcar a sua consulta<\/span>\n\t<i class=\"icon-angle-right\" aria-hidden=\"true\"><\/i><\/a>\n\n\t\t<\/div>\n\t\t\t\t\t<\/div>\n\n\t\n<\/div>\n\t<div id=\"gap-1601202887\" class=\"gap-element clearfix\" style=\"display:block; height:auto;\">\n\t\t\n<style>\n#gap-1601202887 {\n  padding-top: 65px;\n}\n<\/style>\n\t<\/div>\n\t\n","protected":false},"excerpt":{"rendered":"","protected":false},"author":1,"featured_media":0,"parent":3448,"menu_order":0,"comment_status":"closed","ping_status":"closed","template":"page-blank.php","meta":{"footnotes":""},"class_list":["post-3457","page","type-page","status-publish","hentry"],"_links":{"self":[{"href":"https:\/\/drhebertlamblet.com\/pt-br\/wp-json\/wp\/v2\/pages\/3457","targetHints":{"allow":["GET"]}}],"collection":[{"href":"https:\/\/drhebertlamblet.com\/pt-br\/wp-json\/wp\/v2\/pages"}],"about":[{"href":"https:\/\/drhebertlamblet.com\/pt-br\/wp-json\/wp\/v2\/types\/page"}],"author":[{"embeddable":true,"href":"https:\/\/drhebertlamblet.com\/pt-br\/wp-json\/wp\/v2\/users\/1"}],"replies":[{"embeddable":true,"href":"https:\/\/drhebertlamblet.com\/pt-br\/wp-json\/wp\/v2\/comments?post=3457"}],"version-history":[{"count":1,"href":"https:\/\/drhebertlamblet.com\/pt-br\/wp-json\/wp\/v2\/pages\/3457\/revisions"}],"predecessor-version":[{"id":3463,"href":"https:\/\/drhebertlamblet.com\/pt-br\/wp-json\/wp\/v2\/pages\/3457\/revisions\/3463"}],"up":[{"embeddable":true,"href":"https:\/\/drhebertlamblet.com\/pt-br\/wp-json\/wp\/v2\/pages\/3448"}],"wp:attachment":[{"href":"https:\/\/drhebertlamblet.com\/pt-br\/wp-json\/wp\/v2\/media?parent=3457"}],"curies":[{"name":"wp","href":"https:\/\/api.w.org\/{rel}","templated":true}]}}