{"id":3452,"date":"2019-04-16T00:19:25","date_gmt":"2019-04-16T00:19:25","guid":{"rendered":"https:\/\/drhebertlamblet.com\/abdominoplastia-tummy-tuck\/"},"modified":"2023-08-11T02:19:04","modified_gmt":"2023-08-11T02:19:04","slug":"abdominoplastia-tummy-tuck","status":"publish","type":"page","link":"https:\/\/drhebertlamblet.com\/pt-br\/procedimentos-corporais\/abdominoplastia-tummy-tuck\/","title":{"rendered":"Abdominoplastia (Tummy Tuck)"},"content":{"rendered":"  <div id=\"page-header-1291283478\" class=\"page-header-wrapper\">\n  <div class=\"page-title light divided-title\">\n\n    \n    <div class=\"page-title-inner container align-center flex-row medium-flex-wrap\" >\n              <div class=\"title-wrapper flex-col text-left medium-text-center\">\n          <h1 class=\"entry-title mb-0\">\n            Abdominoplastia (Tummy Tuck)          <\/h1>\n        <\/div>\n                    <div class=\"title-content flex-col flex-right text-right medium-text-center\">\n        <div class=\"title-breadcrumbs pb-half pt-half\"><\/div>      <\/div>\n    <\/div>\n\n       <\/div>\n  <div class=\"container header-wrapper-divider\"><hr\/><\/div>  <\/div>\n  \n\t<div id=\"gap-105869433\" class=\"gap-element clearfix\" style=\"display:block; height:auto;\">\n\t\t\n<style>\n#gap-105869433 {\n  padding-top: 30px;\n}\n<\/style>\n\t<\/div>\n\t\n<div class=\"row\"  id=\"row-1464964386\">\n\n\t<div id=\"col-1907649205\" class=\"col medium-5 small-12 large-5 col-divided\"  >\n\t\t\t\t<div class=\"col-inner\"  >\n\t\t\t\n\t\t\t\n\t<div class=\"img has-hover x md-x lg-x y md-y lg-y\" id=\"image_236901423\">\n\t\t\t\t\t\t<div data-animate=\"fadeInLeft\">\t\t<div class=\"img-inner image-cover dark\" style=\"padding-top:100%;\">\n\t\t\t<img loading=\"lazy\" decoding=\"async\" width=\"1000\" height=\"800\" src=\"https:\/\/drhebertlamblet.com\/wp-content\/uploads\/2019\/03\/tummy-tuck-surgery.jpg\" class=\"attachment-large size-large\" alt=\"\" srcset=\"https:\/\/drhebertlamblet.com\/wp-content\/uploads\/2019\/03\/tummy-tuck-surgery.jpg 1000w, https:\/\/drhebertlamblet.com\/wp-content\/uploads\/2019\/03\/tummy-tuck-surgery-300x240.jpg 300w, https:\/\/drhebertlamblet.com\/wp-content\/uploads\/2019\/03\/tummy-tuck-surgery-768x614.jpg 768w\" sizes=\"auto, (max-width: 1000px) 100vw, 1000px\" \/>\t\t\t\t\t\t\n\t\t\t\t\t<\/div>\n\t\t<\/div>\t\t\t\t\t\t\n<style>\n#image_236901423 {\n  width: 100%;\n}\n<\/style>\n\t<\/div>\n\t\n\t\t<\/div>\n\t\t\t\t\t<\/div>\n\n\t\n\n\t<div id=\"col-9964297\" class=\"col medium-7 small-12 large-7\"  >\n\t\t\t\t<div class=\"col-inner\"  >\n\t\t\t\n\t\t\t\n<h5 class=\"uppercase\">Cirurgia de abdominoplastia<\/h5>\n<p>O abd\u00f3men \u00e9 uma zona do corpo onde a gordura se acumula e \u00e9 por vezes especialmente dif\u00edcil de combater. Por vezes, especialmente ap\u00f3s uma gravidez ou uma grande perda de peso, a pele do abd\u00f3men pode descair. Para pacientes que desejam tornar seu abd\u00f4men mais fino e sua cintura mais estreita instantaneamente, a pr\u00e1tica do Dr. Lamblet no Brasil oferece a cirurgia de abdominoplastia.<\/p>\n<p>A abdominoplastia, tecnicamente conhecida como abdominoplastia, envolve a remo\u00e7\u00e3o de pele e gordura soltas \u00e0 volta da zona m\u00e9dia e o aperto dos m\u00fasculos do abd\u00f3men. O resultado \u00e9 uma regi\u00e3o abdominal mais firme, mais lisa e mais atractiva. Para alguns pacientes, pode ser efectuada uma lipoaspira\u00e7\u00e3o ou lipoescultura para apertar ainda mais a pele e refinar o contorno abdominal.<\/p>\n<a href=\"\/contact-us\" class=\"button secondary is-outline\" >\n\t\t<span>Pedir uma consulta<\/span>\n\t<i class=\"icon-angle-right\" aria-hidden=\"true\"><\/i><\/a>\n\n\t\t<\/div>\n\t\t\t\t\t<\/div>\n\n\t\n<\/div>\n\t<div id=\"gap-2119615729\" class=\"gap-element clearfix\" style=\"display:block; height:auto;\">\n\t\t\n<style>\n#gap-2119615729 {\n  padding-top: 30px;\n}\n<\/style>\n\t<\/div>\n\t\n<div class=\"row\"  id=\"row-1453706852\">\n\n\t<div id=\"col-1033003958\" class=\"col medium-7 small-12 large-7\"  >\n\t\t\t\t<div class=\"col-inner\"  >\n\t\t\t\n\t\t\t\n\t<div id=\"gap-1623441065\" class=\"gap-element clearfix hide-for-small\" style=\"display:block; height:auto;\">\n\t\t\n<style>\n#gap-1623441065 {\n  padding-top: 60px;\n}\n<\/style>\n\t<\/div>\n\t\n<p>A t\u00e9cnica cir\u00fargica que o Dr. Lamblet utiliza para realizar a abdominoplastia envolve a coloca\u00e7\u00e3o de uma incis\u00e3o discreta ao longo da linha do biqu\u00edni em vez de ao longo do abd\u00f3men, para minimizar as cicatrizes vis\u00edveis. O Dr. Lamblet tamb\u00e9m utiliza uma t\u00e9cnica especial para criar um umbigo de aspeto mais natural do que os m\u00e9todos tradicionais de abdominoplastia permitem.<\/p>\n<p>Entre <a href=\"http:\/\/www.drhebertlamblet.com\/contact-us\/\">em contato com o consult\u00f3rio do Dr. Lamblet<\/a> para obter mais informa\u00e7\u00f5es sobre como vir ao Brasil para uma cirurgia de abdominoplastia de alta qualidade.  <\/p>\n<p><span style=\"font-size: 14.4px;\">.<\/span><\/p>\n\t\t<\/div>\n\t\t\t\t\t<\/div>\n\n\t\n\n\t<div id=\"col-249912156\" class=\"col medium-5 small-12 large-5\"  >\n\t\t\t\t<div class=\"col-inner\"  >\n\t\t\t\n\t\t\t\n\t<div class=\"box has-hover   has-hover box-bounce box-text-bottom\" >\n\n\t\t<div class=\"box-image\" >\n\t\t\t\t\t\t<div class=\"\" >\n\t\t\t\t<img loading=\"lazy\" decoding=\"async\" width=\"479\" height=\"342\" src=\"https:\/\/drhebertlamblet.com\/wp-content\/uploads\/2019\/04\/Tummy-Tuck-surgery.jpg\" class=\"attachment- size-\" alt=\"\" srcset=\"https:\/\/drhebertlamblet.com\/wp-content\/uploads\/2019\/04\/Tummy-Tuck-surgery.jpg 479w, https:\/\/drhebertlamblet.com\/wp-content\/uploads\/2019\/04\/Tummy-Tuck-surgery-300x214.jpg 300w\" sizes=\"auto, (max-width: 479px) 100vw, 479px\" \/>\t\t\t\t\t\t\t\t\t\t\t<\/div>\n\t\t\t\t\t<\/div>\n\n\t\t<div class=\"box-text text-center\" >\n\t\t\t<div class=\"box-text-inner\">\n\t\t\t\t\n<h4>CIRURGIA DE ABDOMINOPLASTIA<\/h4>\n\t\t\t<\/div>\n\t\t<\/div>\n\t<\/div>\n\t\n\t\t<\/div>\n\t\t\t\t\t<\/div>\n\n\t\n<\/div>\n\t<div id=\"gap-458851580\" class=\"gap-element clearfix\" style=\"display:block; height:auto;\">\n\t\t\n<style>\n#gap-458851580 {\n  padding-top: 65px;\n}\n<\/style>\n\t<\/div>\n\t\n","protected":false},"excerpt":{"rendered":"","protected":false},"author":1,"featured_media":0,"parent":3475,"menu_order":0,"comment_status":"closed","ping_status":"closed","template":"page-blank.php","meta":{"footnotes":""},"class_list":["post-3452","page","type-page","status-publish","hentry"],"_links":{"self":[{"href":"https:\/\/drhebertlamblet.com\/pt-br\/wp-json\/wp\/v2\/pages\/3452","targetHints":{"allow":["GET"]}}],"collection":[{"href":"https:\/\/drhebertlamblet.com\/pt-br\/wp-json\/wp\/v2\/pages"}],"about":[{"href":"https:\/\/drhebertlamblet.com\/pt-br\/wp-json\/wp\/v2\/types\/page"}],"author":[{"embeddable":true,"href":"https:\/\/drhebertlamblet.com\/pt-br\/wp-json\/wp\/v2\/users\/1"}],"replies":[{"embeddable":true,"href":"https:\/\/drhebertlamblet.com\/pt-br\/wp-json\/wp\/v2\/comments?post=3452"}],"version-history":[{"count":1,"href":"https:\/\/drhebertlamblet.com\/pt-br\/wp-json\/wp\/v2\/pages\/3452\/revisions"}],"predecessor-version":[{"id":3458,"href":"https:\/\/drhebertlamblet.com\/pt-br\/wp-json\/wp\/v2\/pages\/3452\/revisions\/3458"}],"up":[{"embeddable":true,"href":"https:\/\/drhebertlamblet.com\/pt-br\/wp-json\/wp\/v2\/pages\/3475"}],"wp:attachment":[{"href":"https:\/\/drhebertlamblet.com\/pt-br\/wp-json\/wp\/v2\/media?parent=3452"}],"curies":[{"name":"wp","href":"https:\/\/api.w.org\/{rel}","templated":true}]}}