{"id":3450,"date":"2019-04-26T21:22:14","date_gmt":"2019-04-26T21:22:14","guid":{"rendered":"https:\/\/drhebertlamblet.com\/planear-a-sua-viagem\/"},"modified":"2023-09-19T22:54:55","modified_gmt":"2023-09-19T22:54:55","slug":"planejar-a-sua-viagem","status":"publish","type":"page","link":"https:\/\/drhebertlamblet.com\/pt-br\/planejar-a-sua-viagem\/","title":{"rendered":"Planejar a sua viagem"},"content":{"rendered":"\n\n\t<section class=\"section\" id=\"section_1731229320\">\n\t\t<div class=\"section-bg fill\" >\n\t\t\t<img loading=\"lazy\" decoding=\"async\" width=\"1800\" height=\"600\" src=\"https:\/\/drhebertlamblet.com\/wp-content\/uploads\/2019\/04\/Rio_de_Janeiro_Brasil.jpg\" class=\"bg attachment- size-\" alt=\"Travel to Rio for Surgery\" \/>\t\t\t\t\t\t<div class=\"section-bg-overlay absolute fill\"><\/div>\n\t\t\t\n\n\t\t<\/div>\n\n\t\t\n\n\t\t<div class=\"section-content relative\">\n\t\t\t\n\n\t<div id=\"gap-881106223\" class=\"gap-element clearfix\" style=\"display:block; height:auto;\">\n\t\t\n<style>\n#gap-881106223 {\n  padding-top: 30px;\n}\n<\/style>\n\t<\/div>\n\t\n\n<div class=\"row row-divided\"  id=\"row-1984681727\">\n\n\n\t<div id=\"col-54535002\" class=\"col medium-6 small-12 large-6\"  >\n\t\t\t\t<div class=\"col-inner\"  >\n\t\t\t\n\t\t\t\n<h1 style=\"text-align: center;\"><span style=\"color: #ffffff;\">Planejar a sua viagem ao Brasil<\/span><\/h1>\n\t\t<\/div>\n\t\t\t\t\t<\/div>\n\n\t\n\n\t<div id=\"col-1228155551\" class=\"col medium-6 small-12 large-6\"  >\n\t\t\t\t<div class=\"col-inner\"  >\n\t\t\t\n\t\t\t\n\n<span style=\"color: #ffffff;\">Parta numa viagem ao Rio de Janeiro e regresse a casa com um aspeto e uma sensa\u00e7\u00e3o melhores do que nunca! Se voc\u00ea mora fora do Rio de Janeiro, n\u00f3s convidamos voc\u00ea a viajar para a nossa bela cidade para fazer melhorias cosm\u00e9ticas rejuvenescedoras realizadas pelo Dr. Hebert Lamblet.  <\/span>\n\n<span style=\"color: #ffffff;\">A nossa simp\u00e1tica equipa trabalhar\u00e1 consigo para o ajudar a planear as suas consultas, a cirurgia e a recupera\u00e7\u00e3o no \u00e2mbito da sua estadia connosco.  <\/span>\n\n<a data-animate=\"fadeInUp\" href=\"\/contact-us\" class=\"button secondary is-outline is-smaller\" >\n\t\t<span>Vamos come\u00e7ar agora<\/span>\n\t<\/a>\n\n\n\t\t<\/div>\n\t\t\t\t\t<\/div>\n\n\t\n\n<\/div>\n\n\t\t<\/div>\n\n\t\t\n<style>\n#section_1731229320 {\n  padding-top: 30px;\n  padding-bottom: 30px;\n}\n#section_1731229320 .section-bg-overlay {\n  background-color: rgba(0,0,0,.5);\n}\n#section_1731229320 .section-bg img {\n  object-position: 47% 42%;\n}\n<\/style>\n\t<\/section>\n\t\n\t<div id=\"gap-425445909\" class=\"gap-element clearfix\" style=\"display:block; height:auto;\">\n\t\t\n<style>\n#gap-425445909 {\n  padding-top: 50px;\n}\n<\/style>\n\t<\/div>\n\t\n\n<div class=\"container section-title-container\" ><h2 class=\"section-title section-title-center\"><b aria-hidden=\"true\"><\/b><span class=\"section-title-main\" >Viajar para o Brasil para fazer cirurgia pl\u00e1stica<\/span><b aria-hidden=\"true\"><\/b><\/h2><\/div>\n\n<div class=\"row\"  id=\"row-255813958\">\n\n\n\t<div id=\"col-556928385\" class=\"col small-12 large-12\"  >\n\t\t\t\t<div class=\"col-inner\"  >\n\t\t\t\n\t\t\t\n\n<div class=\"row\"  id=\"row-627127209\">\n\n\n\t<div id=\"col-1357836041\" class=\"col small-12 large-12\"  >\n\t\t\t\t<div class=\"col-inner text-center\"  >\n\t\t\t\n\t\t\t\t\t<\/div>\n\t\t\t\t\t<\/div>\n\n\t\n<p style=\"text-align: center;\"><span style=\"color: #282828;\">Fornecemos algumas informa\u00e7\u00f5es \u00fateis para come\u00e7ar a planear a sua viagem, incluindo uma lista de alguns aspectos importantes que n\u00e3o deve esquecer. Para obter mais informa\u00e7\u00f5es sobre viagens m\u00e9dicas ao Brasil, visite o site <a href=\"https:\/\/drhebertlamblet.com\/pt-br\/sobre-o-turismo-medico\/\">\n  <span class=\"fancy-underline\">Sobre o Turismo M\u00e9dico<\/span>\n<\/a> p\u00e1gina.<\/span><\/p>\n\n\n\t<div id=\"col-2134393073\" class=\"col small-12 large-12\"  >\n\t\t\t\t<div class=\"col-inner text-center\"  >\n\t\t\t\n\t\t\t\t\t<\/div>\n\t\t\t\t\t<\/div>\n\n\t\n<p style=\"text-align: center;\"><span style=\"color: #282828;\">Por favor, verifique com a Embaixada ou Consulado Brasileiro mais pr\u00f3ximo os requisitos de visto para o seu pa\u00eds e informa\u00e7\u00f5es sobre vacinas.  <\/p>\n\n<p style=\"text-align: center;\">Estamos ansiosos por o conhecer!<\/p>\n\t<div id=\"gap-1191272413\" class=\"gap-element clearfix\" style=\"display:block; height:auto;\">\n\t\t\n<style>\n#gap-1191272413 {\n  padding-top: 30px;\n}\n<\/style>\n\t<\/div>\n\t\n\n<\/div>\n\n\t\t<\/div>\n\t\t\t\t\t<\/div>\n\n\t\n<div class=\"row row-dashed\"  id=\"row-1658210273\">\n\n\n\t<div id=\"col-230387820\" class=\"col medium-4 small-12 large-4 col-divided\"  >\n\t\t\t\t<div class=\"col-inner\"  >\n\t\t\t\n\t\t\t\n<h3><span style=\"font-size: 150%;\">N\u00e3o se esque\u00e7a<\/span><\/h3>\n<p class=\"lead\">Seguro m\u00e9dico, visto, documentos de identifica\u00e7\u00e3o e vacinas.<\/p>\n\t\t<\/div>\n\t\t\t\t\t<\/div>\n\n\t\n\n\t<div id=\"col-784371006\" class=\"col medium-8 small-12 large-8\"  >\n\t\t\t\t<div class=\"col-inner\"  >\n\t\t\t\n\t\t\t\n<h3 id=\"insurance\">Seguro m\u00e9dico<\/h3>\nAconselha-se vivamente a subscrever um seguro m\u00e9dico adequado antes de viajar para o Brasil.\n<h3 id=\"voltage\">Tens\u00e3o<\/h3>\nA tens\u00e3o el\u00e9ctrica no Rio \u00e9 de 110 ou 120 volts, 60 ciclos, corrente alternada. Muitos hot\u00e9is e grandes blocos de apartamentos t\u00eam tomadas de 220 volts.\n<h3 id=\"departure-tax\">Taxa de partida<\/h3>\nQuando sair do Brasil, ter\u00e1 de pagar uma taxa de sa\u00edda. A taxa de sa\u00edda do aeroporto no Brasil pode ser paga em d\u00f3lares americanos ou em reais, a moeda do Brasil. A taxa de partida pode estar inclu\u00edda no pre\u00e7o do bilhete de avi\u00e3o, pelo que conv\u00e9m verificar esse facto junto do agente da companhia a\u00e9rea.\n\n\t\t<\/div>\n\t\t\t\t\t<\/div>\n\n\t\n\n<\/div>\n\t<div id=\"gap-1957457969\" class=\"gap-element clearfix\" style=\"display:block; height:auto;\">\n\t\t\n<style>\n#gap-1957457969 {\n  padding-top: 30px;\n}\n<\/style>\n\t<\/div>\n\t\n\n<div class=\"row row-dashed\"  id=\"row-1192680862\">\n\n\n\t<div id=\"col-1546318910\" class=\"col medium-4 small-12 large-4 col-divided\"  >\n\t\t\t\t<div class=\"col-inner\"  >\n\t\t\t\n\t\t\t\n<h3><span style=\"font-size: 150%;\">Quando estiver no Rio<\/span><\/h3>\n<p class=\"lead\">Informa\u00e7\u00f5es gerais, hor\u00e1rio banc\u00e1rio, dinheiro, clima, compras e gorjetas<\/p>\n\t\t<\/div>\n\t\t\t\t\t<\/div>\n\n\t\n\n\t<div id=\"col-1919916143\" class=\"col medium-8 small-12 large-8\"  >\n\t\t\t\t<div class=\"col-inner\"  >\n\t\t\t\n\t\t\t\n<h3 id=\"bank-hours\">Hor\u00e1rio banc\u00e1rio<\/h3>\nRegra geral, o hor\u00e1rio de funcionamento dos bancos durante a semana \u00e9 das 10h00 (1000) \u00e0s 16h00 (1600). Todos os bancos est\u00e3o encerrados nos feriados. Muitos balc\u00f5es disp\u00f5em de m\u00e1quinas banc\u00e1rias 24 horas (ATM) que oferecem v\u00e1rios servi\u00e7os. Os visitantes estrangeiros devem informar-se junto dos seus bancos locais para verificar se podem aceder aos seus fundos atrav\u00e9s destas facilidades. Os bancos cobram geralmente uma taxa adicional pelas transac\u00e7\u00f5es no estrangeiro.\n<h3 id=\"climate\">Clima<\/h3>\n<ul>\n \t<li>O clima no Rio \u00e9 tropical, quente e h\u00famido, com varia\u00e7\u00f5es locais dependendo da altitude e de outros factores.<\/li>\n \t<li>A temperatura m\u00e9dia anual \u00e9 de aproximadamente 22\u00b0 C, com m\u00e1ximas de ver\u00e3o que variam entre 30\u00b0C e 32\u00b0C.<\/li>\n \t<li>A precipita\u00e7\u00e3o pode variar de 1.200 mm a 2.800 mm por ano.<\/li>\n \t<li>O per\u00edodo de dezembro a mar\u00e7o marca o &#8220;alto ver\u00e3o&#8221; no Brasil, e os dias muito quentes d\u00e3o muitas vezes origem a chuvas tropicais fortes e r\u00e1pidas.<\/li>\n<\/ul>\n<h3 id=\"money\">Dinheiro<\/h3>\nO dinheiro brasileiro \u00e9 baseado no &#8220;real&#8221;, que \u00e9 representado pelo s\u00edmbolo &#8216;R$&#8217;. Um &#8220;real&#8221; \u00e9 equivalente a cem &#8220;centavos&#8221;.\n<ul>\n \t<li>As c\u00e9dulas (notas) s\u00e3o emitidas nas seguintes denomina\u00e7\u00f5es: R$ 1; R$ 10; R$ 20; R$ 50; R$ 100.<\/li>\n \t<li>As moedas s\u00e3o emitidas nas seguintes denomina\u00e7\u00f5es: de R$ 0,01; R$ 0,05; R$ 0,10; R$ 0,25; R$ 0,50; R$ 1,00.<\/li>\n<\/ul>\n<h3 id=\"credit-cards\">Cart\u00f5es de cr\u00e9dito<\/h3>\nQualquer cart\u00e3o de cr\u00e9dito que tenha o s\u00edmbolo Visa, MasterCard ou American Express ser\u00e1 amplamente aceite no Brasil. Os visitantes com outros tipos de cart\u00f5es de cr\u00e9dito devem verificar se o seu cart\u00e3o \u00e9 aceite no Brasil. Note-se que os retalhistas t\u00eam a possibilidade de cobrar mais por bens e servi\u00e7os adquiridos com cart\u00e3o de cr\u00e9dito. Aconselhamos que se informe previamente junto de um retalhista se se aplica uma taxa adicional.\n<h3 id=\"language\">L\u00edngua<\/h3>\nO portugu\u00eas \u00e9 a l\u00edngua falada no Brasil e \u00e9 uma das l\u00ednguas mais utilizadas no mundo. O Brasil \u00e9 o \u00fanico pa\u00eds de l\u00edngua portuguesa na Am\u00e9rica do Sul.\n<h3 id=\"shopping\">Compras<\/h3>\nAs lojas no Brasil est\u00e3o geralmente abertas de segunda a s\u00e1bado, das 9h00 \u00e0s 19h00 (09h00-19h00). Os centros comerciais est\u00e3o abertos de segunda a s\u00e1bado, das 10h \u00e0s 22h (1000-2200) e domingo, das 15h \u00e0s 21h (1500-2100).\n<h3 id=\"tipping\">Gorjeta<\/h3>\nSegue-se um guia sobre as pr\u00e1ticas habituais em mat\u00e9ria de gorjetas para os seguintes servi\u00e7os:\n<ul>\n \t<li>Hot\u00e9is &#8211; A maioria das facturas de hot\u00e9is inclui uma taxa de servi\u00e7o de 10 por cento. Se n\u00e3o estiver inclu\u00edda uma taxa de servi\u00e7o na fatura do quarto ou na conta do restaurante do hotel, \u00e9 habitual dar uma gorjeta de 10% do montante total.<\/li>\n \t<li>Restaurantes &#8211; Algumas facturas de restaurantes incluem uma taxa de servi\u00e7o. Se n\u00e3o estiver inclu\u00edda uma taxa de servi\u00e7o, \u00e9 habitual dar uma gorjeta de 10% da conta.<\/li>\n \t<li>Bagagem &#8211; \u00c9 costume dar gorjeta de um real (R$ 1) por mala.<\/li>\n \t<li>Cabeleireiros &#8211; \u00c9 habitual deixar uma gorjeta de 10% da conta.<\/li>\n<\/ul>\n\t\t<\/div>\n\t\t\t\t\t<\/div>\n\n\t\n\n<\/div>\n\t<div id=\"gap-597675730\" class=\"gap-element clearfix\" style=\"display:block; height:auto;\">\n\t\t\n<style>\n#gap-597675730 {\n  padding-top: 30px;\n}\n<\/style>\n\t<\/div>\n\t\n\n<div class=\"row row-dashed\"  id=\"row-1264155651\">\n\n\n\t<div id=\"col-1911922572\" class=\"col medium-4 small-12 large-4 col-divided\"  >\n\t\t\t\t<div class=\"col-inner\"  >\n\t\t\t\n\t\t\t\n<h3><span style=\"font-size: 150%;\">Seguran\u00e7a e Assist\u00eancia ao Turista no Rio de Janeiro<\/span><\/h3>\n<p class=\"lead\">Dicas de seguran\u00e7a e prote\u00e7\u00e3o, pol\u00edcia tur\u00edstica e outros n\u00fameros \u00fateis<\/p>\n\t\t<\/div>\n\t\t\t\t\t<\/div>\n\n\t\n\n\t<div id=\"col-1903028474\" class=\"col medium-8 small-12 large-8\"  >\n\t\t\t\t<div class=\"col-inner\"  >\n\t\t\t\n\t\t\t\n<h3 id=\"safety-tips\">Dicas de seguran\u00e7a e prote\u00e7\u00e3o<\/h3>\nComo em qualquer cidade grande e movimentada, o crime pode, por vezes, ocorrer no Rio. Quando visitar uma grande cidade, ter\u00e1 de tomar precau\u00e7\u00f5es adicionais para garantir a sua seguran\u00e7a pessoal e proteger os seus pertences. Aqui est\u00e3o algumas dicas de seguran\u00e7a que s\u00e3o muito \u00fateis para quem viaja para o Rio:\n<ul>\n \t<li>Evite deixar objectos de valor no seu quarto &#8211; guarde-os no cofre do hotel.<\/li>\n \t<li>Certifique-se de que a porta do seu quarto est\u00e1 fechada quando sai do hotel.<\/li>\n \t<li>Os \u00e1trios dos hot\u00e9is e as \u00e1reas de rece\u00e7\u00e3o est\u00e3o abertos ao p\u00fablico, por isso n\u00e3o deixe as suas malas ou objectos de valor sem vigil\u00e2ncia.  <\/li>\n<\/ul>\n<h3 id=\"out-about\">Fora e por a\u00ed<\/h3>\n<ul>\n \t<li>N\u00e3o transporte a sua m\u00e1quina fotogr\u00e1fica e outros objectos de valor num saco de m\u00e1quina fotogr\u00e1fica ou \u00e0 volta do pesco\u00e7o.<\/li>\n \t<li>Evite usar j\u00f3ias vistosas ou artigos caros, como \u00f3culos de marca e rel\u00f3gios valiosos, nas ruas.<\/li>\n \t<li>Quando estiver em restaurantes, bares, teatros ou cinemas, nunca deixe a sua mala no ch\u00e3o ou nas costas da sua cadeira. Mantenha-o sempre \u00e0 vista.<\/li>\n \t<li>Se sair \u00e0 noite a p\u00e9, tente manter-se em zonas movimentadas e bem iluminadas.<\/li>\n \t<li>Tenha muito cuidado ao atravessar a estrada. Lembre-se sempre de olhar para os dois lados, pois o tr\u00e2nsito pode vir de uma dire\u00e7\u00e3o inesperada.<\/li>\n<\/ul>\n<h3 id=\"police\">O Distrito de Atendimento ao Turista (DEAT) &#8211; Pol\u00edcia<\/h3>\nSe algo correr mal e os seus bens se perderem ou forem roubados, deve contactar a pol\u00edcia o mais rapidamente poss\u00edvel. A Delega\u00e7\u00e3o de Atendimento ao Turista (DEAT) \u00e9 respons\u00e1vel pela investiga\u00e7\u00e3o e pelo registo das ocorr\u00eancias. A DEAT fica no Leblon, e os policiais s\u00e3o treinados especificamente para atender os visitantes estrangeiros.\nDelegacia de Atendimento ao Turista &#8211; DEAT\n\nEndere\u00e7o: Rua Afr\u00e2nio de Mello Franco, s \/ n\u00ba &#8211; Leblon\n22430-060 Rio de Janeiro &#8211; Brasil\nTel: (55 21) 2511-5112 \/ 3399-7170\nFax: (55 21) 3399-7172\n<h3>Outros n\u00fameros \u00fateis para os turistas<\/h3>\nPol\u00edcia: 190\nAmbul\u00e2ncia: 192\nInc\u00eandio: 193\nDiscagem direta internacional a partir do Brasil: 00 + (c\u00f3digo da operadora: Embratel 21 ou Intelig 23) + (c\u00f3digo do pa\u00eds) + (c\u00f3digo de \u00e1rea) + (n\u00famero)\n\n\t\t<\/div>\n\t\t\t\t\t<\/div>\n\n\t\n\n<\/div>\n\t<div id=\"gap-2039882987\" class=\"gap-element clearfix\" style=\"display:block; height:auto;\">\n\t\t\n<style>\n#gap-2039882987 {\n  padding-top: 30px;\n}\n<\/style>\n\t<\/div>\n\t\n\n<\/div>\n\n[\/]\n","protected":false},"excerpt":{"rendered":"[\/]\n","protected":false},"author":1,"featured_media":0,"parent":0,"menu_order":0,"comment_status":"closed","ping_status":"closed","template":"page-blank.php","meta":{"footnotes":""},"class_list":["post-3450","page","type-page","status-publish","hentry"],"_links":{"self":[{"href":"https:\/\/drhebertlamblet.com\/pt-br\/wp-json\/wp\/v2\/pages\/3450","targetHints":{"allow":["GET"]}}],"collection":[{"href":"https:\/\/drhebertlamblet.com\/pt-br\/wp-json\/wp\/v2\/pages"}],"about":[{"href":"https:\/\/drhebertlamblet.com\/pt-br\/wp-json\/wp\/v2\/types\/page"}],"author":[{"embeddable":true,"href":"https:\/\/drhebertlamblet.com\/pt-br\/wp-json\/wp\/v2\/users\/1"}],"replies":[{"embeddable":true,"href":"https:\/\/drhebertlamblet.com\/pt-br\/wp-json\/wp\/v2\/comments?post=3450"}],"version-history":[{"count":3,"href":"https:\/\/drhebertlamblet.com\/pt-br\/wp-json\/wp\/v2\/pages\/3450\/revisions"}],"predecessor-version":[{"id":3854,"href":"https:\/\/drhebertlamblet.com\/pt-br\/wp-json\/wp\/v2\/pages\/3450\/revisions\/3854"}],"wp:attachment":[{"href":"https:\/\/drhebertlamblet.com\/pt-br\/wp-json\/wp\/v2\/media?parent=3450"}],"curies":[{"name":"wp","href":"https:\/\/api.w.org\/{rel}","templated":true}]}}