{"id":3448,"date":"2019-03-01T23:33:39","date_gmt":"2019-03-01T23:33:39","guid":{"rendered":"https:\/\/drhebertlamblet.com\/nao-cirurgico\/"},"modified":"2023-08-11T02:19:02","modified_gmt":"2023-08-11T02:19:02","slug":"nao-cirurgico","status":"publish","type":"page","link":"https:\/\/drhebertlamblet.com\/pt-br\/nao-cirurgico\/","title":{"rendered":"N\u00e3o cir\u00fargico"},"content":{"rendered":"\n\t<section class=\"section\" id=\"section_1411061686\">\n\t\t<div class=\"section-bg fill\" >\n\t\t\t<img loading=\"lazy\" decoding=\"async\" width=\"1000\" height=\"440\" src=\"https:\/\/drhebertlamblet.com\/wp-content\/uploads\/2019\/03\/non-surgical.png\" class=\"bg attachment- size-\" alt=\"\" \/>\t\t\t\t\t\t\n\t\t\t\n\n\t\t<\/div>\n\n\t\t\n\n\t\t<div class=\"section-content relative\">\n\t\t\t\n<div class=\"row\"  id=\"row-983508422\">\n\n\t<div id=\"col-1580251642\" class=\"col small-12 large-12\"  >\n\t\t\t\t<div class=\"col-inner\"  >\n\t\t\t\n\t\t\t\n\t<div id=\"gap-1911666318\" class=\"gap-element clearfix\" style=\"display:block; height:auto;\">\n\t\t\n<style>\n#gap-1911666318 {\n  padding-top: 30px;\n}\n<\/style>\n\t<\/div>\n\t\n<div class=\"row\"  id=\"row-1688967481\">\n\n\t<div id=\"col-432239503\" class=\"col medium-6 small-12 large-6\"  >\n\t\t\t\t<div class=\"col-inner\"  >\n\t\t\t\n\t\t\t\n<h1 style=\"text-align: center;\"><span style=\"color: #ffffff;\">N\u00e3o cir\u00fargico<\/span><\/h1>\n\t\t<\/div>\n\t\t\t\t\t<\/div>\n\n\t\n\n\t<div id=\"col-1123277554\" class=\"col medium-6 small-12 large-6\"  >\n\t\t\t\t<div class=\"col-inner\"  >\n\t\t\t\n\t\t\t\n<h3><span style=\"color: #ffffff;\">Extens\u00e3o de beleza natural<\/span><\/h3>\n<p>H\u00e1 s\u00e9culos que homens e mulheres procuram a fonte da juventude, mas s\u00f3 nos \u00faltimos 10 a 20 anos \u00e9 que as t\u00e9cnicas e a tecnologia da cirurgia est\u00e9tica foram desenvolvidas e aperfei\u00e7oadas ao ponto de a beleza jovem e de aspeto natural se poder tornar uma realidade durante toda a vida adulta.<\/p>\n<p>No entanto, os melhores resultados poss\u00edveis s\u00f3 podem ser alcan\u00e7ados por um cirurgi\u00e3o cosm\u00e9tico respeit\u00e1vel e experiente como o Dr. Hebert Lamblet, com talento, habilidade e um olho para a beleza e harmonia facial.  <\/p>\n<a href=\"\/contact-us\" class=\"button secondary is-outline is-small\" >\n\t\t<span>Marcar uma consulta hoje<\/span>\n\t<\/a>\n\n\t\t<\/div>\n\t\t\t\t\t<\/div>\n\n\t\n<\/div>\n\t\t<\/div>\n\t\t\t\t\t<\/div>\n\n\t\n<\/div>\n\t\t<\/div>\n\n\t\t\n<style>\n#section_1411061686 {\n  padding-top: 30px;\n  padding-bottom: 30px;\n}\n<\/style>\n\t<\/section>\n\t\n\t<div id=\"gap-1082117980\" class=\"gap-element clearfix\" style=\"display:block; height:auto;\">\n\t\t\n<style>\n#gap-1082117980 {\n  padding-top: 30px;\n}\n<\/style>\n\t<\/div>\n\t\n<div class=\"container section-title-container\" ><h3 class=\"section-title section-title-center\"><b aria-hidden=\"true\"><\/b><span class=\"section-title-main\" >Procedimentos n\u00e3o cir\u00fargicos mais comuns<\/span><b aria-hidden=\"true\"><\/b><\/h3><\/div>\n<div class=\"row\"  id=\"row-1682119011\">\n\n\t<div id=\"col-723909696\" class=\"col small-12 large-12\"  >\n\t\t\t\t<div class=\"col-inner\"  >\n\t\t\t\n\t\t\t\n<div class=\"row\"  id=\"row-95223356\">\n\n\t<div id=\"col-1805816089\" class=\"col small-12 large-12\"  >\n\t\t\t\t<div class=\"col-inner\"  >\n\t\t\t\n\t\t\t\n<p style=\"text-align: center;\">O Dr. Lamblet est\u00e1 comprometido com seu of\u00edcio e orgulhosamente oferece procedimentos cosm\u00e9ticos n\u00e3o-cir\u00fargicos como Botox Cosmetic\u00ae, Restylane\u00ae e Perlane\u00ae para pessoas do Brasil e de todo o mundo.<\/p>\n\t\t<\/div>\n\t\t\t\t\t<\/div>\n\n\t\n<\/div>\n<div class=\"row row-dashed\"  id=\"row-1286101022\">\n\n\t<div id=\"col-1732212298\" class=\"col medium-6 small-12 large-6\"  >\n\t\t\t\t<div class=\"col-inner\"  >\n\t\t\t\n\t\t\t\n\n  <div class=\"banner has-hover bg-zoom\" id=\"banner-716567025\">\n          <div class=\"banner-inner fill\">\n        <div class=\"banner-bg fill\" >\n            <img loading=\"lazy\" decoding=\"async\" width=\"750\" height=\"566\" src=\"https:\/\/drhebertlamblet.com\/wp-content\/uploads\/2019\/04\/injectables.jpeg\" class=\"bg attachment-large size-large\" alt=\"Injectable Dermal Fillers\" \/>                        <div class=\"overlay\"><\/div>            \n                    <\/div>\n\t\t\n        <div class=\"banner-layers container\">\n            <a class=\"fill\" href=\"\/non-surgical\/injectable-dermal-fillers\/\"><div class=\"fill banner-link\"><\/div><\/a>            \n   <div id=\"text-box-282850922\" class=\"text-box banner-layer x50 md-x50 lg-x50 y50 md-y50 lg-y50 res-text\">\n                                <div class=\"text-box-content text dark\">\n              \n              <div class=\"text-inner text-center\">\n                  \n<h3 class=\"uppercase\"><a href=\"https:\/\/drhebertlamblet.com\/pt-br\/nao-cirurgico\/enchimentos-dermicos-injectaveis\/\"><strong>PREENCHIMENTOS D\u00c9RMICOS INJECT\u00c1VEIS<\/strong><\/a><\/h3>\n<p><span style=\"font-size: 140%;\">Botox Cosmetic\u00ae | Restylane\u00ae | Perlane\u00ae<\/span><\/p>\n              <\/div>\n           <\/div>\n                            \n<style>\n#text-box-282850922 {\n  width: 60%;\n}\n#text-box-282850922 .text-box-content {\n  font-size: 100%;\n}\n<\/style>\n    <\/div>\n \n        <\/div>\n      <\/div>\n\n            \n<style>\n#banner-716567025 {\n  padding-top: 500px;\n}\n#banner-716567025 .overlay {\n  background-color: rgba(0, 0, 0, 0.4);\n}\n#banner-716567025 .banner-bg img {\n  object-position: 43% 54%;\n}\n<\/style>\n  <\/div>\n\n\n\t\t<\/div>\n\t\t\t\t\t<\/div>\n\n\t\n\n\t<div id=\"col-57973496\" class=\"col medium-6 small-12 large-6\"  >\n\t\t\t\t<div class=\"col-inner\"  >\n\t\t\t\n\t\t\t\n\n  <div class=\"banner has-hover bg-zoom\" id=\"banner-1322177651\">\n          <div class=\"banner-inner fill\">\n        <div class=\"banner-bg fill\" >\n            <img loading=\"lazy\" decoding=\"async\" width=\"878\" height=\"1024\" src=\"https:\/\/drhebertlamblet.com\/wp-content\/uploads\/2019\/03\/facial_rejuvenation_treatments-878x1024.jpg\" class=\"bg attachment-large size-large\" alt=\"\" \/>                        <div class=\"overlay\"><\/div>            \n                    <\/div>\n\t\t\n        <div class=\"banner-layers container\">\n            <a class=\"fill\" href=\"\/non-surgical\/skin-care\"><div class=\"fill banner-link\"><\/div><\/a>            \n   <div id=\"text-box-1559527157\" class=\"text-box banner-layer x50 md-x50 lg-x50 y50 md-y50 lg-y50 res-text\">\n                                <div class=\"text-box-content text dark\">\n              \n              <div class=\"text-inner text-center\">\n                  \n<h3 class=\"uppercase\"><a href=\"https:\/\/drhebertlamblet.com\/pt-br\/nao-cirurgico\/cuidados-com-a-pele\/\"><strong>TRATAMENTOS DE REJUVENESCIMENTO DA PELE<\/strong><\/a><\/h3>\n<p><span style=\"font-size: 140%;\">Peeling qu\u00edmico glic\u00f3lico | Microdermoabras\u00e3o | Produtos para cuidados da pele<\/span><\/p>\n              <\/div>\n           <\/div>\n                            \n<style>\n#text-box-1559527157 {\n  width: 60%;\n}\n#text-box-1559527157 .text-box-content {\n  font-size: 100%;\n}\n<\/style>\n    <\/div>\n \n        <\/div>\n      <\/div>\n\n            \n<style>\n#banner-1322177651 {\n  padding-top: 500px;\n}\n#banner-1322177651 .overlay {\n  background-color: rgba(0, 0, 0, 0.33);\n}\n#banner-1322177651 .banner-bg img {\n  object-position: 53% 95%;\n}\n<\/style>\n  <\/div>\n\n\n\t\t<\/div>\n\t\t\t\t\t<\/div>\n\n\t\n<\/div>\n\t<div id=\"gap-1379623035\" class=\"gap-element clearfix\" style=\"display:block; height:auto;\">\n\t\t\n<style>\n#gap-1379623035 {\n  padding-top: 30px;\n}\n<\/style>\n\t<\/div>\n\t\n\t\t<\/div>\n\t\t\t\t\t<\/div>\n\n\t\n<\/div>\n","protected":false},"excerpt":{"rendered":"","protected":false},"author":1,"featured_media":0,"parent":0,"menu_order":0,"comment_status":"closed","ping_status":"closed","template":"page-blank.php","meta":{"footnotes":""},"class_list":["post-3448","page","type-page","status-publish","hentry"],"_links":{"self":[{"href":"https:\/\/drhebertlamblet.com\/pt-br\/wp-json\/wp\/v2\/pages\/3448","targetHints":{"allow":["GET"]}}],"collection":[{"href":"https:\/\/drhebertlamblet.com\/pt-br\/wp-json\/wp\/v2\/pages"}],"about":[{"href":"https:\/\/drhebertlamblet.com\/pt-br\/wp-json\/wp\/v2\/types\/page"}],"author":[{"embeddable":true,"href":"https:\/\/drhebertlamblet.com\/pt-br\/wp-json\/wp\/v2\/users\/1"}],"replies":[{"embeddable":true,"href":"https:\/\/drhebertlamblet.com\/pt-br\/wp-json\/wp\/v2\/comments?post=3448"}],"version-history":[{"count":1,"href":"https:\/\/drhebertlamblet.com\/pt-br\/wp-json\/wp\/v2\/pages\/3448\/revisions"}],"predecessor-version":[{"id":3455,"href":"https:\/\/drhebertlamblet.com\/pt-br\/wp-json\/wp\/v2\/pages\/3448\/revisions\/3455"}],"wp:attachment":[{"href":"https:\/\/drhebertlamblet.com\/pt-br\/wp-json\/wp\/v2\/media?parent=3448"}],"curies":[{"name":"wp","href":"https:\/\/api.w.org\/{rel}","templated":true}]}}