{"id":3447,"date":"2019-04-01T01:55:02","date_gmt":"2019-04-01T01:55:02","guid":{"rendered":"https:\/\/drhebertlamblet.com\/elevacao-do-peito\/"},"modified":"2023-08-11T02:19:01","modified_gmt":"2023-08-11T02:19:01","slug":"elevacao-do-peito","status":"publish","type":"page","link":"https:\/\/drhebertlamblet.com\/pt-br\/procedimentos-mamarios\/elevacao-do-peito\/","title":{"rendered":"Eleva\u00e7\u00e3o do peito"},"content":{"rendered":"  <div id=\"page-header-351064754\" class=\"page-header-wrapper\">\n  <div class=\"page-title light divided-title\">\n\n    \n    <div class=\"page-title-inner container align-center flex-row medium-flex-wrap\" >\n              <div class=\"title-wrapper flex-col text-left medium-text-center\">\n          <h1 class=\"entry-title mb-0\">\n            Eleva\u00e7\u00e3o do peito          <\/h1>\n        <\/div>\n                    <div class=\"title-content flex-col flex-right text-right medium-text-center\">\n        <div class=\"title-breadcrumbs pb-half pt-half\"><\/div>      <\/div>\n    <\/div>\n\n       <\/div>\n  <div class=\"container header-wrapper-divider\"><hr\/><\/div>  <\/div>\n  \n<div class=\"row row-divided\"  id=\"row-626450018\">\n\n\t<div id=\"col-833561424\" class=\"col medium-6 small-12 large-6\"  >\n\t\t\t\t<div class=\"col-inner\"  >\n\t\t\t\n\t\t\t\n\t<div class=\"img has-hover x md-x lg-x y md-y lg-y\" id=\"image_1131652688\">\n\t\t\t\t\t\t<div data-animate=\"fadeInLeft\">\t\t<div class=\"img-inner dark\" >\n\t\t\t<img loading=\"lazy\" decoding=\"async\" width=\"616\" height=\"567\" src=\"https:\/\/drhebertlamblet.com\/wp-content\/uploads\/2019\/03\/breast-augmentation-surgery.jpg\" class=\"attachment-large size-large\" alt=\"\" srcset=\"https:\/\/drhebertlamblet.com\/wp-content\/uploads\/2019\/03\/breast-augmentation-surgery.jpg 616w, https:\/\/drhebertlamblet.com\/wp-content\/uploads\/2019\/03\/breast-augmentation-surgery-300x276.jpg 300w\" sizes=\"auto, (max-width: 616px) 100vw, 616px\" \/>\t\t\t\t\t\t\n\t\t\t\t\t<\/div>\n\t\t<\/div>\t\t\t\t\t\t\n<style>\n#image_1131652688 {\n  width: 100%;\n}\n<\/style>\n\t<\/div>\n\t\n\t\t<\/div>\n\t\t\t\t\t<\/div>\n\n\t\n\n\t<div id=\"col-1813709570\" class=\"col medium-6 small-12 large-6\"  >\n\t\t\t\t<div class=\"col-inner\"  >\n\t\t\t\n\t\t\t\n<h3>Cirurgia de eleva\u00e7\u00e3o do peito<\/h3>\n<p>O lifting mam\u00e1rio \u00e9 um procedimento cir\u00fargico que eleva e recondiciona os seios desca\u00eddos, que podem come\u00e7ar a cair como resultado da gravidez, perda de peso ou envelhecimento. O Dr. Hebert Lamblet executa a t\u00e9cnica de eleva\u00e7\u00e3o vertical do peito para remover o excesso de pele e esculpir o tecido glandular, restaurando a forma e o volume juvenis do peito. Utilizando este m\u00e9todo, o Dr. Lamblet tem sido capaz de produzir resultados cosm\u00e9ticos consistentemente excelentes para as suas pacientes com menos cicatrizes do que a cirurgia tradicional de eleva\u00e7\u00e3o do peito. Tamb\u00e9m pode reduzir o tamanho da ar\u00e9ola (a pele escura \u00e0 volta do mamilo) e do mamilo durante este procedimento ou adicionar mais volume ao peito, se desejado. Muitas pacientes desejam implantes mam\u00e1rios para aumentar o tamanho dos seus seios, para al\u00e9m de alterar a forma do busto. Podem tamb\u00e9m combinar um procedimento <a href=\"http:\/\/www.drhebertlamblet.com\/breast-procedures\/breast-augmentation\/\">de aumento do peito <\/a>ao mesmo tempo que a mamoplastia <a href=\"http:\/\/www.drhebertlamblet.com\/breast-procedures\/breast-augmentation\/\">de aumento <\/a>.<\/p>\n<a class=\"button secondary is-outline\" >\n\t\t<span>Pedir uma consulta<\/span>\n\t<\/a>\n\n\t\t<\/div>\n\t\t\t\t\t<\/div>\n\n\t\n<\/div>\n\t<div id=\"gap-140953638\" class=\"gap-element clearfix\" style=\"display:block; height:auto;\">\n\t\t\n<style>\n#gap-140953638 {\n  padding-top: 30px;\n}\n<\/style>\n\t<\/div>\n\t\n<div class=\"row\"  id=\"row-464012890\">\n\n\t<div id=\"col-1132885345\" class=\"col medium-6 small-12 large-6\"  >\n\t\t\t\t<div class=\"col-inner\"  >\n\t\t\t\n\t\t\t\n<p>Normalmente, as pacientes podem regressar ao trabalho uma semana ap\u00f3s o procedimento de eleva\u00e7\u00e3o do peito, embora se deva evitar levantar pesos e outras actividades extenuantes durante, pelo menos, mais algumas semanas. Um soutien cir\u00fargico ser\u00e1 usado durante alguns dias ap\u00f3s a cirurgia e, em seguida, uma ligadura de suporte ou um soutien de apoio ser\u00e1 usado durante cerca de um m\u00eas. No final do primeiro m\u00eas, o incha\u00e7o e as n\u00f3doas negras devem desaparecer e os pacientes poder\u00e3o desfrutar de todos os benef\u00edcios das suas novas e belas curvas. Se gostaria de ter seios que parecem e se sentem mais jovens, marque hoje uma consulta de lifting mam\u00e1rio na <a href=\"http:\/\/www.drhebertlamblet.com\/contact-us\/\">Vikaara Klinik\u00ae no Rio de Janeiro, Brasil<\/a>.<\/p>\n\t\t<\/div>\n\t\t\t\t\t<\/div>\n\n\t\n\n\t<div id=\"col-1594739662\" class=\"col medium-6 small-12 large-6\"  >\n\t\t\t\t<div class=\"col-inner\"  >\n\t\t\t\n\t\t\t\n\t<div class=\"box has-hover   has-hover box-bounce box-text-bottom\" >\n\n\t\t<div class=\"box-image\" >\n\t\t\t\t\t\t<div class=\"\" >\n\t\t\t\t<img loading=\"lazy\" decoding=\"async\" width=\"1024\" height=\"576\" src=\"https:\/\/drhebertlamblet.com\/wp-content\/uploads\/2019\/04\/breast-lift-procedure-info.jpg\" class=\"attachment- size-\" alt=\"\" srcset=\"https:\/\/drhebertlamblet.com\/wp-content\/uploads\/2019\/04\/breast-lift-procedure-info.jpg 1024w, https:\/\/drhebertlamblet.com\/wp-content\/uploads\/2019\/04\/breast-lift-procedure-info-300x169.jpg 300w, https:\/\/drhebertlamblet.com\/wp-content\/uploads\/2019\/04\/breast-lift-procedure-info-768x432.jpg 768w\" sizes=\"auto, (max-width: 1024px) 100vw, 1024px\" \/>\t\t\t\t\t\t\t\t\t\t\t<\/div>\n\t\t\t\t\t<\/div>\n\n\t\t<div class=\"box-text text-center\" >\n\t\t\t<div class=\"box-text-inner\">\n\t\t\t\t\n<h4 class=\"uppercase\">Procedimento de levantamento do peito<\/h4>\n<p>Mastopexia<\/p>\n\t\t\t<\/div>\n\t\t<\/div>\n\t<\/div>\n\t\n\t\t<\/div>\n\t\t\t\t\t<\/div>\n\n\t\n<\/div>\n\t<div id=\"gap-1314930104\" class=\"gap-element clearfix\" style=\"display:block; height:auto;\">\n\t\t\n<style>\n#gap-1314930104 {\n  padding-top: 30px;\n}\n<\/style>\n\t<\/div>\n\t\n","protected":false},"excerpt":{"rendered":"","protected":false},"author":1,"featured_media":0,"parent":3480,"menu_order":0,"comment_status":"closed","ping_status":"closed","template":"page-blank.php","meta":{"footnotes":""},"class_list":["post-3447","page","type-page","status-publish","hentry"],"_links":{"self":[{"href":"https:\/\/drhebertlamblet.com\/pt-br\/wp-json\/wp\/v2\/pages\/3447","targetHints":{"allow":["GET"]}}],"collection":[{"href":"https:\/\/drhebertlamblet.com\/pt-br\/wp-json\/wp\/v2\/pages"}],"about":[{"href":"https:\/\/drhebertlamblet.com\/pt-br\/wp-json\/wp\/v2\/types\/page"}],"author":[{"embeddable":true,"href":"https:\/\/drhebertlamblet.com\/pt-br\/wp-json\/wp\/v2\/users\/1"}],"replies":[{"embeddable":true,"href":"https:\/\/drhebertlamblet.com\/pt-br\/wp-json\/wp\/v2\/comments?post=3447"}],"version-history":[{"count":1,"href":"https:\/\/drhebertlamblet.com\/pt-br\/wp-json\/wp\/v2\/pages\/3447\/revisions"}],"predecessor-version":[{"id":3453,"href":"https:\/\/drhebertlamblet.com\/pt-br\/wp-json\/wp\/v2\/pages\/3447\/revisions\/3453"}],"up":[{"embeddable":true,"href":"https:\/\/drhebertlamblet.com\/pt-br\/wp-json\/wp\/v2\/pages\/3480"}],"wp:attachment":[{"href":"https:\/\/drhebertlamblet.com\/pt-br\/wp-json\/wp\/v2\/media?parent=3447"}],"curies":[{"name":"wp","href":"https:\/\/api.w.org\/{rel}","templated":true}]}}