{"id":3444,"date":"2019-04-16T00:54:29","date_gmt":"2019-04-16T00:54:29","guid":{"rendered":"https:\/\/drhebertlamblet.com\/microenxerto-de-gordura-autologo\/"},"modified":"2023-08-11T02:19:01","modified_gmt":"2023-08-11T02:19:01","slug":"microenxerto-de-gordura-autologo","status":"publish","type":"page","link":"https:\/\/drhebertlamblet.com\/pt-br\/procedimentos-corporais\/microenxerto-de-gordura-autologo\/","title":{"rendered":"Microenxerto de gordura aut\u00f3logo"},"content":{"rendered":"  <div id=\"page-header-694839323\" class=\"page-header-wrapper\">\n  <div class=\"page-title light divided-title\">\n\n    \n    <div class=\"page-title-inner container align-center flex-row medium-flex-wrap\" >\n              <div class=\"title-wrapper flex-col text-left medium-text-center\">\n          <h1 class=\"entry-title mb-0\">\n            Microenxerto de gordura aut\u00f3logo          <\/h1>\n        <\/div>\n                    <div class=\"title-content flex-col flex-right text-right medium-text-center\">\n        <div class=\"title-breadcrumbs pb-half pt-half\"><\/div>      <\/div>\n    <\/div>\n\n       <\/div>\n  <div class=\"container header-wrapper-divider\"><hr\/><\/div>  <\/div>\n  \n\t<div id=\"gap-1762225192\" class=\"gap-element clearfix\" style=\"display:block; height:auto;\">\n\t\t\n<style>\n#gap-1762225192 {\n  padding-top: 30px;\n}\n<\/style>\n\t<\/div>\n\t\n<div class=\"row\"  id=\"row-360491962\">\n\n\t<div id=\"col-1815295432\" class=\"col medium-5 small-12 large-5 col-divided\"  >\n\t\t\t\t<div class=\"col-inner\"  >\n\t\t\t\n\t\t\t\n\t<div class=\"img has-hover x md-x lg-x y md-y lg-y\" id=\"image_894136369\">\n\t\t\t\t\t\t<div data-animate=\"fadeInLeft\">\t\t<div class=\"img-inner image-cover dark\" style=\"padding-top:100%;\">\n\t\t\t<img loading=\"lazy\" decoding=\"async\" width=\"636\" height=\"420\" src=\"https:\/\/drhebertlamblet.com\/wp-content\/uploads\/2019\/03\/autologous_micro_fat_grafting.jpg\" class=\"attachment-large size-large\" alt=\"\" srcset=\"https:\/\/drhebertlamblet.com\/wp-content\/uploads\/2019\/03\/autologous_micro_fat_grafting.jpg 636w, https:\/\/drhebertlamblet.com\/wp-content\/uploads\/2019\/03\/autologous_micro_fat_grafting-300x198.jpg 300w\" sizes=\"auto, (max-width: 636px) 100vw, 636px\" \/>\t\t\t\t\t\t\n\t\t\t\t\t<\/div>\n\t\t<\/div>\t\t\t\t\t\t\n<style>\n#image_894136369 {\n  width: 100%;\n}\n<\/style>\n\t<\/div>\n\t\n\t\t<\/div>\n\t\t\t\t\t<\/div>\n\n\t\n\n\t<div id=\"col-2072132098\" class=\"col medium-7 small-12 large-7\"  >\n\t\t\t\t<div class=\"col-inner\"  >\n\t\t\t\n\t\t\t\n<h5 class=\"uppercase\">  Procedimentos de microtransfer\u00eancia de gordura<\/h5>\n<p>O enxerto de gordura aut\u00f3loga, tamb\u00e9m conhecido como transfer\u00eancia de gordura ou microlipoinjec\u00e7\u00e3o, pode fazer maravilhas para dar volume aos tra\u00e7os faciais, aumentar os l\u00e1bios e recontornar as n\u00e1degas para uma est\u00e9tica mais bem formada e jovem.<\/p>\n<p>O termo aut\u00f3logo \u00e9 simplesmente definido como sendo derivado ou transferido do corpo do mesmo indiv\u00edduo. No procedimento de enxerto de gordura aut\u00f3logo, as c\u00e9lulas de gordura do pr\u00f3prio doente s\u00e3o colhidas de outras \u00e1reas do corpo e reinjectadas na \u00e1rea que o doente pretende melhorar. Uma vez que o processo envolve a utiliza\u00e7\u00e3o da sua gordura corporal natural, n\u00e3o \u00e9 necess\u00e1rio efetuar testes de alergia. Al\u00e9m disso, sabe-se que a transfer\u00eancia de gordura tem resultados que duram mais tempo do que muitos enchimentos cosm\u00e9ticos inject\u00e1veis &#8211; de facto, n\u00e3o se desconhecem resultados permanentes.  <a href=\"http:\/\/www.drhebertlamblet.com\/meet-dr-lamblet\/\">O Dr. Hebert Lamblet<\/a> \u00e9 um dos poucos cirurgi\u00f5es cosm\u00e9ticos no mundo especializado em procedimentos de enxerto de gordura e tem estado envolvido em investiga\u00e7\u00e3o cl\u00ednica durante a \u00faltima d\u00e9cada.<\/p>\n<a href=\"\/contact-us\" class=\"button secondary is-outline\" >\n\t\t<span>Pedir uma consulta<\/span>\n\t<i class=\"icon-angle-right\" aria-hidden=\"true\"><\/i><\/a>\n\n\t<div id=\"gap-1684925321\" class=\"gap-element clearfix\" style=\"display:block; height:auto;\">\n\t\t\n<style>\n#gap-1684925321 {\n  padding-top: 30px;\n}\n<\/style>\n\t<\/div>\n\t\n\t\t<\/div>\n\t\t\t\t\t<\/div>\n\n\t\n<\/div>\n\t<div id=\"gap-941220227\" class=\"gap-element clearfix\" style=\"display:block; height:auto;\">\n\t\t\n<style>\n#gap-941220227 {\n  padding-top: 30px;\n}\n<\/style>\n\t<\/div>\n\t\n<div class=\"row\"  id=\"row-1384003465\">\n\n\t<div id=\"col-1609469423\" class=\"col small-12 large-12\"  >\n\t\t\t\t<div class=\"col-inner\"  >\n\t\t\t\n\t\t\t\n<div class=\"row\"  id=\"row-2007826673\">\n\n\t<div id=\"col-2002605791\" class=\"col small-12 large-12\"  >\n\t\t\t\t<div class=\"col-inner\"  >\n\t\t\t\n\t\t\t\n<h2>O procedimento de enxerto de gordura aut\u00f3loga<\/h2>\n<p>O procedimento de enxerto de gordura aut\u00f3loga envolve um processo de v\u00e1rias etapas que come\u00e7a com a lipoaspira\u00e7\u00e3o. As \u00e1reas do corpo com bolsas de gordura em excesso &#8211; normalmente a zona m\u00e9dia, coxas, ancas, n\u00e1degas ou papada &#8211; s\u00e3o tratadas com lipoaspira\u00e7\u00e3o para colher as c\u00e9lulas adiposas. Uma vez recolhidas as c\u00e9lulas adiposas, o passo seguinte envolve a prepara\u00e7\u00e3o destas c\u00e9lulas colhidas para serem injectadas na \u00e1rea que se pretende rejuvenescer. Utilizando t\u00e9cnicas avan\u00e7adas, o Dr. Lamblet <span style=\"font-weight: 400;\">separa<\/span> as c\u00e9lulas adiposas regenerativas conhecidas como c\u00e9lulas ADC para garantir que apenas as c\u00e9lulas saud\u00e1veis e n\u00e3o danificadas s\u00e3o utilizadas durante o procedimento de reinjec\u00e7\u00e3o.<\/p>\n<p>Antes da re-inje\u00e7\u00e3o, as \u00e1reas-alvo podem ser tratadas com um anest\u00e9sico local, se o doente assim o desejar, para tornar o procedimento mais confort\u00e1vel. Por fim, as c\u00e9lulas de gordura colhidas e limpas s\u00e3o injectadas na \u00e1rea de tratamento e os resultados do procedimento s\u00e3o muitas vezes imediatamente vis\u00edveis. Os pacientes podem esperar algum incha\u00e7o ligeiro ap\u00f3s o procedimento; no entanto, este \u00e9 apenas tempor\u00e1rio e deve desaparecer rapidamente. A transfer\u00eancia de gordura pode normalmente ser conclu\u00edda numa \u00fanica visita ao consult\u00f3rio e a maioria dos pacientes retoma as suas rotinas di\u00e1rias normais no mesmo dia do procedimento ou no dia seguinte.<\/p>\n\t\t<\/div>\n\t\t\t\t\t<\/div>\n\n\t\n<\/div>\n\t<div class=\"box has-hover   has-hover box-bounce box-text-bottom\" >\n\n\t\t<div class=\"box-image\" style=\"width:86%;\">\n\t\t\t\t\t\t<div class=\"\" >\n\t\t\t\t<img loading=\"lazy\" decoding=\"async\" width=\"985\" height=\"426\" src=\"https:\/\/drhebertlamblet.com\/wp-content\/uploads\/2019\/05\/fat-grafting-process.png\" class=\"attachment- size-\" alt=\"Autologous Micro Fat Grafting Process\" srcset=\"https:\/\/drhebertlamblet.com\/wp-content\/uploads\/2019\/05\/fat-grafting-process.png 985w, https:\/\/drhebertlamblet.com\/wp-content\/uploads\/2019\/05\/fat-grafting-process-300x130.png 300w, https:\/\/drhebertlamblet.com\/wp-content\/uploads\/2019\/05\/fat-grafting-process-768x332.png 768w\" sizes=\"auto, (max-width: 985px) 100vw, 985px\" \/>\t\t\t\t\t\t\t\t\t\t\t<\/div>\n\t\t\t\t\t<\/div>\n\n\t\t<div class=\"box-text text-center\" >\n\t\t\t<div class=\"box-text-inner\">\n\t\t\t\t\n<h2 style=\"text-align: left;\">Benef\u00edcios do enxerto de gordura aut\u00f3loga<\/h2>\n<p style=\"text-align: left;\">O enxerto de gordura oferece in\u00fameros benef\u00edcios para os pacientes que pretendem um rejuvenescimento e melhoria eficazes da pele facial, bem como para os que pretendem recontornar as n\u00e1degas. Estes incluem:<\/p>\n<ul>\n<li style=\"text-align: left;\">Sem testes de alergia.<\/li>\n<li style=\"text-align: left;\">Resultados duradouros.<\/li>\n<li style=\"text-align: left;\">Acrescenta volume aos tra\u00e7os faciais.<\/li>\n<li style=\"text-align: left;\">Redu\u00e7\u00e3o do aparecimento de r\u00eddulas, rugas e depress\u00f5es no rosto.<\/li>\n<li style=\"text-align: left;\">Aumento e novos contornos das n\u00e1degas.<\/li>\n<\/ul>\n\t\t\t<\/div>\n\t\t<\/div>\n\t<\/div>\n\t\n\t\t<\/div>\n\t\t\t\t\t<\/div>\n\n\t\n<\/div>\n<div class=\"row\"  id=\"row-1538129162\">\n\n\t<div id=\"col-890684258\" class=\"col medium-6 small-12 large-6\"  >\n\t\t\t\t<div class=\"col-inner\"  >\n\t\t\t\n\t\t\t\n<h3>Microenxerto de gordura aut\u00f3logo para remodela\u00e7\u00e3o e rejuvenescimento facial<\/h3>\n<p>A microenxertia de gordura aut\u00f3loga pode ser utilizada como alternativa a outros preenchimentos d\u00e9rmicos inject\u00e1veis para preencher rugas e depress\u00f5es no rosto e para dar volume \u00e0s caracter\u00edsticas faciais. O recontorno facial com enxerto de gordura pode aumentar os l\u00e1bios, restaurar o contorno das bochechas encovadas e dar ao seu rosto um aspeto mais jovem e refrescado.<br \/>\n<a href=\"https:\/\/drhebertlamblet.com\/pt-br\/procedimentos-faciais\/remodelacao-facial-volumetrica\/\">Saiba mais sobre a remodela\u00e7\u00e3o volum\u00e9trica do rosto com microenxerto de gordura aut\u00f3logo.<\/a><\/p>\n\t\t<\/div>\n\t\t\t\t\t<\/div>\n\n\t\n\n\t<div id=\"col-1087653667\" class=\"col medium-6 small-12 large-6\"  >\n\t\t\t\t<div class=\"col-inner\"  >\n\t\t\t\n\t\t\t\n<h3>Lifting de gl\u00fateos brasileiro<\/h3>\n<p>O Dr. Lamblet utiliza enxerto de gordura para o popular Brazilian Butt Lift. Este procedimento de melhoramento cosm\u00e9tico envolve o enxerto de gordura atrav\u00e9s de lipoaspira\u00e7\u00e3o de outra \u00e1rea do corpo e a inje\u00e7\u00e3o das c\u00e9lulas de gordura nas n\u00e1degas para obter uma apar\u00eancia mais bem formada. O Brazilian Butt Lift com enxerto de gordura oferece o benef\u00edcio de dois procedimentos num s\u00f3 &#8211; lipoaspira\u00e7\u00e3o e inje\u00e7\u00e3o de gordura &#8211; o que lhe proporcionar\u00e1 um melhoramento cosm\u00e9tico mais completo.<br \/>\n<a href=\"http:\/\/www.drhebertlamblet.com\/body-procedures\/brazilian-butt-lift\/\">Saiba mais sobre o Brazilian Butt Lift.<\/a><\/p>\n\t\t<\/div>\n\t\t\t\t\t<\/div>\n\n\t\n<\/div>\n\t<div id=\"gap-2077362016\" class=\"gap-element clearfix\" style=\"display:block; height:auto;\">\n\t\t\n<style>\n#gap-2077362016 {\n  padding-top: 65px;\n}\n<\/style>\n\t<\/div>\n\t\n","protected":false},"excerpt":{"rendered":"","protected":false},"author":1,"featured_media":0,"parent":3475,"menu_order":0,"comment_status":"closed","ping_status":"closed","template":"page-blank.php","meta":{"footnotes":""},"class_list":["post-3444","page","type-page","status-publish","hentry"],"_links":{"self":[{"href":"https:\/\/drhebertlamblet.com\/pt-br\/wp-json\/wp\/v2\/pages\/3444","targetHints":{"allow":["GET"]}}],"collection":[{"href":"https:\/\/drhebertlamblet.com\/pt-br\/wp-json\/wp\/v2\/pages"}],"about":[{"href":"https:\/\/drhebertlamblet.com\/pt-br\/wp-json\/wp\/v2\/types\/page"}],"author":[{"embeddable":true,"href":"https:\/\/drhebertlamblet.com\/pt-br\/wp-json\/wp\/v2\/users\/1"}],"replies":[{"embeddable":true,"href":"https:\/\/drhebertlamblet.com\/pt-br\/wp-json\/wp\/v2\/comments?post=3444"}],"version-history":[{"count":1,"href":"https:\/\/drhebertlamblet.com\/pt-br\/wp-json\/wp\/v2\/pages\/3444\/revisions"}],"predecessor-version":[{"id":3451,"href":"https:\/\/drhebertlamblet.com\/pt-br\/wp-json\/wp\/v2\/pages\/3444\/revisions\/3451"}],"up":[{"embeddable":true,"href":"https:\/\/drhebertlamblet.com\/pt-br\/wp-json\/wp\/v2\/pages\/3475"}],"wp:attachment":[{"href":"https:\/\/drhebertlamblet.com\/pt-br\/wp-json\/wp\/v2\/media?parent=3444"}],"curies":[{"name":"wp","href":"https:\/\/api.w.org\/{rel}","templated":true}]}}