{"id":3442,"date":"2019-04-26T22:15:54","date_gmt":"2019-04-26T22:15:54","guid":{"rendered":"https:\/\/drhebertlamblet.com\/contactar-nos\/localizacao-dos-nossos-escritorios\/"},"modified":"2023-08-11T02:19:00","modified_gmt":"2023-08-11T02:19:00","slug":"localizacao-dos-nossos-escritorios","status":"publish","type":"page","link":"https:\/\/drhebertlamblet.com\/pt-br\/entre-em-contato\/localizacao-dos-nossos-escritorios\/","title":{"rendered":"Localiza\u00e7\u00e3o dos nossos escrit\u00f3rios"},"content":{"rendered":"<div class=\"row\"  id=\"row-2032807815\">\n\n\t<div id=\"col-450945364\" class=\"col small-12 large-12\"  >\n\t\t\t\t<div class=\"col-inner\"  >\n\t\t\t\n\t\t\t\n\t<div id=\"gap-199993097\" class=\"gap-element clearfix\" style=\"display:block; height:auto;\">\n\t\t\n<style>\n#gap-199993097 {\n  padding-top: 30px;\n}\n<\/style>\n\t<\/div>\n\t\n<h2>Nossos escrit\u00f3rios no Brasil<\/h2>\n<div class=\"is-divider divider clearfix\" style=\"margin-top:0.1em;margin-bottom:0.1em;max-width:375px;height:2px;\"><\/div>\n\t\t<\/div>\n\t\t\t\t\t<\/div>\n\n\t\n<\/div>\n<div class=\"row\"  id=\"row-1290212660\">\n\n\t<div id=\"col-578870284\" class=\"col medium-6 small-12 large-6 col-divided\"  >\n\t\t\t\t<div class=\"col-inner\"  >\n\t\t\t\n\t\t\t\n<h3 id=\"rio\">Vikaara Klinik \u00ae Rio de Janeiro<\/h3>\n<p>Celular\/WhatsApp: +55 (21) 98182-9808<\/p>\n<p>Rua Visconde de Piraj\u00e1, 550<br \/>1114 Suite, Ipanema<br \/>Esquina com Rua Anibal de Mendon\u00e7a<\/p>\n<p><iframe loading=\"lazy\" style=\"border: 0;\" src=\"https:\/\/www.google.com\/maps\/embed?pb=!1m14!1m8!1m3!1d58769.500355490665!2d-43.211641!3d-22.983579!3m2!1i1024!2i768!4f13.1!3m3!1m2!1s0x9bd5070e2d0dad%3A0x181b217e02a88666!2sR.+Visc.+de+Piraj%C3%A1%2C+550+-+Ipanema%2C+Rio+de+Janeiro+-+RJ%2C+22410-003%2C+Brazil!5e0!3m2!1sen!2sus!4v1556322158493!5m2!1sen!2sus\" width=\"600\" height=\"450\" frameborder=\"0\" allowfullscreen=\"allowfullscreen\"><\/iframe><\/p>\n\t\t<\/div>\n\t\t\t\t\t<\/div>\n\n\t\n\n\t<div id=\"col-632558724\" class=\"col medium-6 small-12 large-6\"  >\n\t\t\t\t<div class=\"col-inner\"  >\n\t\t\t\n\t\t\t\n<h3 id=\"manaus\">Vikaara Klinik \u00ae Manaus<\/h3>\n<p>Celular\/WhatsApp: +55 (92) 9101-5696 \/ +55 (92) 98129-3429<\/p>\n<p>Av. \u00c1lvaro Botelho Maia, 1444<br \/>P\u00e7. 14 de janeiro<br \/>Manaus, AM &#8211; Brasil<\/p>\n<p><iframe loading=\"lazy\" src=\"https:\/\/www.google.com\/maps\/embed?pb=!1m18!1m12!1m3!1d3983.9193589991164!2d-60.01558288524282!3d-3.116035297730972!2m3!1f0!2f0!3f0!3m2!1i1024!2i768!4f13.1!3m3!1m2!1s0x926c05449d77a47f%3A0x1357b9ee278bb3ac!2sInstituto+Victor+Dib!5e0!3m2!1sen!2sca!4v1557511663445!5m2!1sen!2sca\" width=\"600\" height=\"450\" frameborder=\"0\" style=\"border:0\" allowfullscreen=\"\"><\/iframe><\/p>\n\t\t<\/div>\n\t\t\t\t\t<\/div>\n\n\t\n<\/div>\n\t<div id=\"gap-1724388191\" class=\"gap-element clearfix\" style=\"display:block; height:auto;\">\n\t\t\n<style>\n#gap-1724388191 {\n  padding-top: 30px;\n}\n<\/style>\n\t<\/div>\n\t\n<div class=\"row\"  id=\"row-1763605184\">\n\n\t<div id=\"col-499895726\" class=\"col small-12 large-12\"  >\n\t\t\t\t<div class=\"col-inner\"  >\n\t\t\t\n\t\t\t\n\t<div id=\"gap-1004219888\" class=\"gap-element clearfix\" style=\"display:block; height:auto;\">\n\t\t\n<style>\n#gap-1004219888 {\n  padding-top: 30px;\n}\n<\/style>\n\t<\/div>\n\t\n<h2>Localiza\u00e7\u00e3o dos nossos escrit\u00f3rios internacionais  <\/h2>\n<div class=\"is-divider divider clearfix\" style=\"margin-top:0.1em;margin-bottom:0.1em;max-width:445px;height:2px;\"><\/div>\n\t\t<\/div>\n\t\t\t\t\t<\/div>\n\n\t\n<\/div>\n<div class=\"row\"  id=\"row-127088916\">\n\n\t<div id=\"col-1616294269\" class=\"col medium-6 small-12 large-6 col-divided\"  >\n\t\t\t\t<div class=\"col-inner\"  >\n\t\t\t\n\t\t\t\n<h3 id=\"portugal\">Vikaara Klinik \u00ae Portugal<\/h3>\n<p>Tel: +351 21 726 4761<\/p>\n<p>Av. Jos\u00e9 Malhoa, 2<br \/>Malhoa Plaza<br \/>Tardoz 3.6<br \/>Lisboa<\/p>\n<p><iframe loading=\"lazy\" src=\"https:\/\/www.google.com\/maps\/embed?pb=!1m14!1m8!1m3!1d24897.393110153174!2d-9.161359!3d38.736766!3m2!1i1024!2i768!4f13.1!3m3!1m2!1s0xd193313ee0de993%3A0x4f57c62107407680!2sAv.+Jos%C3%A9+Malhoa+2%2C+1070-325+Lisboa%2C+Portugal!5e0!3m2!1sen!2sus!4v1556322690673!5m2!1sen!2sus\" width=\"600\" height=\"450\" frameborder=\"0\" style=\"border:0\" allowfullscreen=\"\"><\/iframe><\/p>\n\t\t<\/div>\n\t\t\t\t\t<\/div>\n\n\t\n<\/div>\n\t<div id=\"gap-1676688909\" class=\"gap-element clearfix\" style=\"display:block; height:auto;\">\n\t\t\n<style>\n#gap-1676688909 {\n  padding-top: 60px;\n}\n<\/style>\n\t<\/div>\n\t\n","protected":false},"excerpt":{"rendered":"","protected":false},"author":1,"featured_media":0,"parent":3424,"menu_order":0,"comment_status":"closed","ping_status":"closed","template":"page-blank.php","meta":{"footnotes":""},"class_list":["post-3442","page","type-page","status-publish","hentry"],"_links":{"self":[{"href":"https:\/\/drhebertlamblet.com\/pt-br\/wp-json\/wp\/v2\/pages\/3442","targetHints":{"allow":["GET"]}}],"collection":[{"href":"https:\/\/drhebertlamblet.com\/pt-br\/wp-json\/wp\/v2\/pages"}],"about":[{"href":"https:\/\/drhebertlamblet.com\/pt-br\/wp-json\/wp\/v2\/types\/page"}],"author":[{"embeddable":true,"href":"https:\/\/drhebertlamblet.com\/pt-br\/wp-json\/wp\/v2\/users\/1"}],"replies":[{"embeddable":true,"href":"https:\/\/drhebertlamblet.com\/pt-br\/wp-json\/wp\/v2\/comments?post=3442"}],"version-history":[{"count":1,"href":"https:\/\/drhebertlamblet.com\/pt-br\/wp-json\/wp\/v2\/pages\/3442\/revisions"}],"predecessor-version":[{"id":3449,"href":"https:\/\/drhebertlamblet.com\/pt-br\/wp-json\/wp\/v2\/pages\/3442\/revisions\/3449"}],"up":[{"embeddable":true,"href":"https:\/\/drhebertlamblet.com\/pt-br\/wp-json\/wp\/v2\/pages\/3424"}],"wp:attachment":[{"href":"https:\/\/drhebertlamblet.com\/pt-br\/wp-json\/wp\/v2\/media?parent=3442"}],"curies":[{"name":"wp","href":"https:\/\/api.w.org\/{rel}","templated":true}]}}