{"id":3440,"date":"2019-03-01T23:33:59","date_gmt":"2019-03-01T23:33:59","guid":{"rendered":"https:\/\/drhebertlamblet.com\/para-homens\/"},"modified":"2023-08-11T02:18:58","modified_gmt":"2023-08-11T02:18:58","slug":"para-homens","status":"publish","type":"page","link":"https:\/\/drhebertlamblet.com\/pt-br\/para-homens\/","title":{"rendered":"Para homens"},"content":{"rendered":"\n\t<section class=\"section\" id=\"section_1907902210\">\n\t\t<div class=\"section-bg fill\" >\n\t\t\t<img loading=\"lazy\" decoding=\"async\" width=\"960\" height=\"640\" src=\"https:\/\/drhebertlamblet.com\/wp-content\/uploads\/2019\/03\/man_curves.jpg\" class=\"bg attachment- size-\" alt=\"\" \/>\t\t\t\t\t\t\n\t\t\t\n\n\t\t<\/div>\n\n\t\t\n\n\t\t<div class=\"section-content relative\">\n\t\t\t\n\t<div id=\"gap-265938120\" class=\"gap-element clearfix\" style=\"display:block; height:auto;\">\n\t\t\n<style>\n#gap-265938120 {\n  padding-top: 30px;\n}\n<\/style>\n\t<\/div>\n\t\n<div class=\"row row-divided\"  id=\"row-988161436\">\n\n\t<div id=\"col-1784860347\" class=\"col medium-6 small-12 large-6\"  >\n\t\t\t\t<div class=\"col-inner\"  >\n\t\t\t\n\t\t\t\n<h2 style=\"text-align: center;\"><span style=\"color: #ffffff;\">Procedimentos para homens<\/span><\/h2>\n\t\t<\/div>\n\t\t\t\t\t<\/div>\n\n\t\n\n\t<div id=\"col-1215076253\" class=\"col medium-6 small-12 large-6\"  >\n\t\t\t\t<div class=\"col-inner\"  >\n\t\t\t\n\t\t\t\n<h3><span style=\"color: #ffffff;\">Mostre a sua masculinidade inata<\/span><\/h3>\n<p>A cirurgia pl\u00e1stica para homens tem-se tornado cada vez mais popular ao longo dos anos. Os homens procuram um nariz equilibrado, um rosto rejuvenescido e uma cintura mais fina. Atualmente, s\u00e3o cada vez mais os homens que optam pela cirurgia est\u00e9tica, representando o mercado de cirurgia est\u00e9tica com maior crescimento.<\/p>\n<p>Os rostos dos homens apresentam considera\u00e7\u00f5es especiais para os cirurgi\u00f5es pl\u00e1sticos. A linha do cabelo e a sobrancelha de um homem s\u00e3o mais pronunciadas e os padr\u00f5es da barba afectam o posicionamento. Al\u00e9m disso, as necessidades e as t\u00e9cnicas utilizadas nos homens s\u00e3o \u00fanicas e exigem conhecimentos especializados para criar uma apar\u00eancia natural.<\/p>\n<a href=\"\/contact-us\" class=\"button secondary is-outline is-small\" >\n\t\t<span>Pedir a sua consulta<\/span>\n\t<\/a>\n\n\t\t<\/div>\n\t\t\t\t\t<\/div>\n\n\t\n<\/div>\n\t\t<\/div>\n\n\t\t\n<style>\n#section_1907902210 {\n  padding-top: 30px;\n  padding-bottom: 30px;\n}\n#section_1907902210 .section-bg img {\n  object-position: 15% 25%;\n}\n<\/style>\n\t<\/section>\n\t\n\t<div id=\"gap-1306685913\" class=\"gap-element clearfix\" style=\"display:block; height:auto;\">\n\t\t\n<style>\n#gap-1306685913 {\n  padding-top: 30px;\n}\n<\/style>\n\t<\/div>\n\t\n<div class=\"container section-title-container\" ><h3 class=\"section-title section-title-center\"><b aria-hidden=\"true\"><\/b><span class=\"section-title-main\" >Os nossos procedimentos mais populares para homens<\/span><b aria-hidden=\"true\"><\/b><\/h3><\/div>\n<div class=\"row align-center\"  id=\"row-1911371236\">\n\n\t<div id=\"col-848591663\" class=\"col small-12 large-12\"  >\n\t\t\t\t<div class=\"col-inner\"  >\n\t\t\t\n\t\t\t\n<p style=\"text-align: center;\">Os procedimentos mais comuns para os homens incluem a cirurgia de lifting facial, lifting de sobrancelhas, redu\u00e7\u00e3o da testa, cirurgia das p\u00e1lpebras, implantes faciais e cirurgia de rinoplastia (nariz).<\/p>\n\t\t<\/div>\n\t\t\t\t\t<\/div>\n\n\t\n<\/div>\n<div class=\"row\"  id=\"row-674847310\">\n\n\t<div id=\"col-1642993552\" class=\"col small-12 large-12\"  >\n\t\t\t\t<div class=\"col-inner\"  >\n\t\t\t\n\t\t\t\n<div class=\"row row-dashed\"  id=\"row-1704793011\">\n\n\t<div id=\"col-1633623322\" class=\"col medium-4 small-12 large-4\"  >\n\t\t\t\t<div class=\"col-inner\"  >\n\t\t\t\n\t\t\t\n\n  <div class=\"banner has-hover bg-zoom\" id=\"banner-1102237890\">\n          <div class=\"banner-inner fill\">\n        <div class=\"banner-bg fill\" >\n            <img loading=\"lazy\" decoding=\"async\" width=\"829\" height=\"801\" src=\"https:\/\/drhebertlamblet.com\/wp-content\/uploads\/2019\/03\/facelift_men.jpg\" class=\"bg attachment-large size-large\" alt=\"\" \/>                        <div class=\"overlay\"><\/div>            \n                    <\/div>\n\t\t\n        <div class=\"banner-layers container\">\n            <a class=\"fill\" href=\"\/for-men\/facelift-for-men\/\"><div class=\"fill banner-link\"><\/div><\/a>            \n   <div id=\"text-box-844699288\" class=\"text-box banner-layer x50 md-x50 lg-x50 y50 md-y50 lg-y50 res-text\">\n                                <div class=\"text-box-content text dark\">\n              \n              <div class=\"text-inner text-center\">\n                  \n<h3 class=\"uppercase\"><a href=\"https:\/\/drhebertlamblet.com\/pt-br\/para-homens\/facelift-para-homens\/\"><strong>LIFTING FACIAL PARA HOMENS<\/strong><\/a><\/h3>\n              <\/div>\n           <\/div>\n                            \n<style>\n#text-box-844699288 {\n  width: 60%;\n}\n#text-box-844699288 .text-box-content {\n  font-size: 100%;\n}\n<\/style>\n    <\/div>\n \n        <\/div>\n      <\/div>\n\n            \n<style>\n#banner-1102237890 {\n  padding-top: 270px;\n}\n#banner-1102237890 .overlay {\n  background-color: rgba(0, 0, 0, 0.38);\n}\n#banner-1102237890 .banner-bg img {\n  object-position: 51% 100%;\n}\n<\/style>\n  <\/div>\n\n\n\t\t<\/div>\n\t\t\t\t\t<\/div>\n\n\t\n\n\t<div id=\"col-221214238\" class=\"col medium-4 small-12 large-4\"  >\n\t\t\t\t<div class=\"col-inner\"  >\n\t\t\t\n\t\t\t\n\n  <div class=\"banner has-hover bg-zoom\" id=\"banner-165028041\">\n          <div class=\"banner-inner fill\">\n        <div class=\"banner-bg fill\" >\n            <img loading=\"lazy\" decoding=\"async\" width=\"685\" height=\"355\" src=\"https:\/\/drhebertlamblet.com\/wp-content\/uploads\/2019\/03\/liposuction_for_men.jpg\" class=\"bg attachment-original size-original\" alt=\"Liposuction for Men\" \/>                        <div class=\"overlay\"><\/div>            \n                    <\/div>\n\t\t\n        <div class=\"banner-layers container\">\n            <a class=\"fill\" href=\"\/for-men\/liposuction-for-men\/\"><div class=\"fill banner-link\"><\/div><\/a>            \n   <div id=\"text-box-430415827\" class=\"text-box banner-layer x50 md-x50 lg-x50 y50 md-y50 lg-y50 res-text\">\n                                <div class=\"text-box-content text dark\">\n              \n              <div class=\"text-inner text-center\">\n                  \n<h3 class=\"uppercase\"><a href=\"https:\/\/drhebertlamblet.com\/pt-br\/para-homens\/lipoaspiracao-para-homens\/\"><strong>LIPOASPIRA\u00c7\u00c3O PARA HOMENS<\/strong><\/a><\/h3>\n              <\/div>\n           <\/div>\n                            \n<style>\n#text-box-430415827 {\n  width: 60%;\n}\n#text-box-430415827 .text-box-content {\n  font-size: 100%;\n}\n<\/style>\n    <\/div>\n \n        <\/div>\n      <\/div>\n\n            \n<style>\n#banner-165028041 {\n  padding-top: 270px;\n}\n#banner-165028041 .overlay {\n  background-color: rgba(0, 0, 0, 0.29);\n}\n#banner-165028041 .banner-bg img {\n  object-position: 50% 50%;\n}\n<\/style>\n  <\/div>\n\n\n\t\t<\/div>\n\t\t\t\t\t<\/div>\n\n\t\n\n\t<div id=\"col-1182327710\" class=\"col medium-4 small-12 large-4\"  >\n\t\t\t\t<div class=\"col-inner\"  >\n\t\t\t\n\t\t\t\n\n  <div class=\"banner has-hover bg-zoom\" id=\"banner-539783178\">\n          <div class=\"banner-inner fill\">\n        <div class=\"banner-bg fill\" >\n            <img loading=\"lazy\" decoding=\"async\" width=\"1019\" height=\"642\" src=\"https:\/\/drhebertlamblet.com\/wp-content\/uploads\/2019\/03\/breast_reduction_male.jpg\" class=\"bg attachment-large size-large\" alt=\"\" \/>                        <div class=\"overlay\"><\/div>            \n                    <\/div>\n\t\t\n        <div class=\"banner-layers container\">\n            <a class=\"fill\" href=\"\/for-men\/male-breast-reduction-gynecomastia\/\"><div class=\"fill banner-link\"><\/div><\/a>            \n   <div id=\"text-box-853017314\" class=\"text-box banner-layer x50 md-x50 lg-x50 y50 md-y50 lg-y50 res-text\">\n                                <div class=\"text-box-content text dark\">\n              \n              <div class=\"text-inner text-center\">\n                  \n<h3 class=\"uppercase\"><a href=\"https:\/\/drhebertlamblet.com\/pt-br\/para-homens\/reducao-do-peito-masculino-ginecomastia\/\"><strong>REDU\u00c7\u00c3O DOS PEITOS MASCULINOS (ginecomastia)<\/strong><\/a><\/h3>\n              <\/div>\n           <\/div>\n                            \n<style>\n#text-box-853017314 {\n  width: 60%;\n}\n#text-box-853017314 .text-box-content {\n  font-size: 100%;\n}\n<\/style>\n    <\/div>\n \n        <\/div>\n      <\/div>\n\n            \n<style>\n#banner-539783178 {\n  padding-top: 270px;\n}\n#banner-539783178 .overlay {\n  background-color: rgba(0, 0, 0, 0.27);\n}\n<\/style>\n  <\/div>\n\n\n\t\t<\/div>\n\t\t\t\t\t<\/div>\n\n\t\n<\/div>\n<p style=\"text-align: center;\">Os homens est\u00e3o mais motivados para se submeterem a procedimentos cosm\u00e9ticos faciais e corporais para melhorarem a sua apar\u00eancia, o que frequentemente conduz a um aumento significativo da sua autoimagem e confian\u00e7a.<\/p>\n\t<div id=\"gap-822167873\" class=\"gap-element clearfix\" style=\"display:block; height:auto;\">\n\t\t\n<style>\n#gap-822167873 {\n  padding-top: 30px;\n}\n<\/style>\n\t<\/div>\n\t\n\t\t<\/div>\n\t\t\t\t\t<\/div>\n\n\t\n<\/div>\n","protected":false},"excerpt":{"rendered":"","protected":false},"author":1,"featured_media":0,"parent":0,"menu_order":0,"comment_status":"closed","ping_status":"closed","template":"page-blank.php","meta":{"footnotes":""},"class_list":["post-3440","page","type-page","status-publish","hentry"],"_links":{"self":[{"href":"https:\/\/drhebertlamblet.com\/pt-br\/wp-json\/wp\/v2\/pages\/3440","targetHints":{"allow":["GET"]}}],"collection":[{"href":"https:\/\/drhebertlamblet.com\/pt-br\/wp-json\/wp\/v2\/pages"}],"about":[{"href":"https:\/\/drhebertlamblet.com\/pt-br\/wp-json\/wp\/v2\/types\/page"}],"author":[{"embeddable":true,"href":"https:\/\/drhebertlamblet.com\/pt-br\/wp-json\/wp\/v2\/users\/1"}],"replies":[{"embeddable":true,"href":"https:\/\/drhebertlamblet.com\/pt-br\/wp-json\/wp\/v2\/comments?post=3440"}],"version-history":[{"count":1,"href":"https:\/\/drhebertlamblet.com\/pt-br\/wp-json\/wp\/v2\/pages\/3440\/revisions"}],"predecessor-version":[{"id":3446,"href":"https:\/\/drhebertlamblet.com\/pt-br\/wp-json\/wp\/v2\/pages\/3440\/revisions\/3446"}],"wp:attachment":[{"href":"https:\/\/drhebertlamblet.com\/pt-br\/wp-json\/wp\/v2\/media?parent=3440"}],"curies":[{"name":"wp","href":"https:\/\/api.w.org\/{rel}","templated":true}]}}