{"id":3439,"date":"2019-04-01T02:13:28","date_gmt":"2019-04-01T02:13:28","guid":{"rendered":"https:\/\/drhebertlamblet.com\/reducao-do-peito\/"},"modified":"2023-08-11T02:18:58","modified_gmt":"2023-08-11T02:18:58","slug":"reducao-do-peito","status":"publish","type":"page","link":"https:\/\/drhebertlamblet.com\/pt-br\/procedimentos-mamarios\/reducao-do-peito\/","title":{"rendered":"Redu\u00e7\u00e3o do peito"},"content":{"rendered":"  <div id=\"page-header-1411968105\" class=\"page-header-wrapper\">\n  <div class=\"page-title light divided-title\">\n\n    \n    <div class=\"page-title-inner container align-center flex-row medium-flex-wrap\" >\n              <div class=\"title-wrapper flex-col text-left medium-text-center\">\n          <h1 class=\"entry-title mb-0\">\n            Redu\u00e7\u00e3o do peito          <\/h1>\n        <\/div>\n                    <div class=\"title-content flex-col flex-right text-right medium-text-center\">\n        <div class=\"title-breadcrumbs pb-half pt-half\"><\/div>      <\/div>\n    <\/div>\n\n       <\/div>\n  <div class=\"container header-wrapper-divider\"><hr\/><\/div>  <\/div>\n  \n<div class=\"row row-divided\"  id=\"row-382979920\">\n\n\t<div id=\"col-1804306930\" class=\"col medium-6 small-12 large-6\"  >\n\t\t\t\t<div class=\"col-inner\"  >\n\t\t\t\n\t\t\t\n\t<div class=\"img has-hover x md-x lg-x y md-y lg-y\" id=\"image_1423126918\">\n\t\t\t\t\t\t<div data-animate=\"fadeInLeft\">\t\t<div class=\"img-inner dark\" >\n\t\t\t<img loading=\"lazy\" decoding=\"async\" width=\"1020\" height=\"679\" src=\"https:\/\/drhebertlamblet.com\/wp-content\/uploads\/2019\/03\/breast-reduction-1-1024x682.jpg\" class=\"attachment-large size-large\" alt=\"\" srcset=\"https:\/\/drhebertlamblet.com\/wp-content\/uploads\/2019\/03\/breast-reduction-1-1024x682.jpg 1024w, https:\/\/drhebertlamblet.com\/wp-content\/uploads\/2019\/03\/breast-reduction-1-300x200.jpg 300w, https:\/\/drhebertlamblet.com\/wp-content\/uploads\/2019\/03\/breast-reduction-1-768x512.jpg 768w, https:\/\/drhebertlamblet.com\/wp-content\/uploads\/2019\/03\/breast-reduction-1.jpg 1030w\" sizes=\"auto, (max-width: 1020px) 100vw, 1020px\" \/>\t\t\t\t\t\t\n\t\t\t\t\t<\/div>\n\t\t<\/div>\t\t\t\t\t\t\n<style>\n#image_1423126918 {\n  width: 100%;\n}\n<\/style>\n\t<\/div>\n\t\n\t\t<\/div>\n\t\t\t\t\t<\/div>\n\n\t\n\n\t<div id=\"col-608568215\" class=\"col medium-6 small-12 large-6\"  >\n\t\t\t\t<div class=\"col-inner\"  >\n\t\t\t\n\t\t\t\n<h2>Cirurgia de redu\u00e7\u00e3o do peito<\/h2>\n<p>Enquanto muitas mulheres procuram procedimentos de aumento do peito para aumentar o tamanho do seu peito, algumas mulheres querem uma redu\u00e7\u00e3o do tamanho dos seus seios para atingir um tamanho mais proporcional ao seu corpo e para aliviar as dores de costas e o desconforto frequentemente associados a seios grandes e pesados.<\/p>\n<p>Durante o procedimento de redu\u00e7\u00e3o mam\u00e1ria, o Dr. Lamblet remover\u00e1 o excesso de pele, gordura mam\u00e1ria e tecido glandular.<\/p>\n<a class=\"button secondary is-outline\" >\n\t\t<span>Pedir uma consulta<\/span>\n\t<\/a>\n\n\t\t<\/div>\n\t\t\t\t\t<\/div>\n\n\t\n<\/div>\n\t<div id=\"gap-987875648\" class=\"gap-element clearfix\" style=\"display:block; height:auto;\">\n\t\t\n<style>\n#gap-987875648 {\n  padding-top: 30px;\n}\n<\/style>\n\t<\/div>\n\t\n<div class=\"row\"  id=\"row-1171762498\">\n\n\t<div id=\"col-2074640535\" class=\"col medium-6 small-12 large-6\"  >\n\t\t\t\t<div class=\"col-inner\"  >\n\t\t\t\n\t\t\t\n<h3>Localiza\u00e7\u00e3o da incis\u00e3o<\/h3>\n<p>As pacientes de redu\u00e7\u00e3o mam\u00e1ria no Vikaara Klink \u00ae t\u00eam v\u00e1rias op\u00e7\u00f5es no que diz respeito \u00e0 localiza\u00e7\u00e3o da incis\u00e3o. Durante a sua consulta privada, o Dr. Lamblet avaliar\u00e1 o tamanho e a forma dos seus seios e discutir\u00e1 a quantidade de redu\u00e7\u00e3o desejada para determinar a melhor abordagem para si. Embora as linhas das incis\u00f5es sejam permanentes, diminuir\u00e3o drasticamente com o tempo e n\u00e3o ser\u00e3o vis\u00edveis em fatos de banho ou tops decotados.<\/p>\n<p>Se voc\u00ea est\u00e1 pronta para ganhar um busto mais contornado atrav\u00e9s da cirurgia de redu\u00e7\u00e3o de mama, convidamos voc\u00ea a <a href=\"http:\/\/www.drhebertlamblet.com\/contact-us\/\">contactar o cirurgi\u00e3o pl\u00e1stico do Rio de Janeiro Dr. Hebert Lamblet e o Vikaara Klink\u00ae<\/a> para marcar sua consulta.<\/p>\n\t\t<\/div>\n\t\t\t\t\t<\/div>\n\n\t\n\n\t<div id=\"col-710491508\" class=\"col medium-6 small-12 large-6\"  >\n\t\t\t\t<div class=\"col-inner\"  >\n\t\t\t\n\t\t\t\n\t<div class=\"box has-hover   has-hover box-bounce box-text-bottom\" >\n\n\t\t<div class=\"box-image\" >\n\t\t\t\t\t\t<div class=\"\" >\n\t\t\t\t<img loading=\"lazy\" decoding=\"async\" width=\"850\" height=\"356\" src=\"https:\/\/drhebertlamblet.com\/wp-content\/uploads\/2019\/04\/breast-reduction-procedures.jpg\" class=\"attachment- size-\" alt=\"\" srcset=\"https:\/\/drhebertlamblet.com\/wp-content\/uploads\/2019\/04\/breast-reduction-procedures.jpg 850w, https:\/\/drhebertlamblet.com\/wp-content\/uploads\/2019\/04\/breast-reduction-procedures-300x126.jpg 300w, https:\/\/drhebertlamblet.com\/wp-content\/uploads\/2019\/04\/breast-reduction-procedures-768x322.jpg 768w\" sizes=\"auto, (max-width: 850px) 100vw, 850px\" \/>\t\t\t\t\t\t\t\t\t\t\t<\/div>\n\t\t\t\t\t<\/div>\n\n\t\t<div class=\"box-text text-center\" >\n\t\t\t<div class=\"box-text-inner\">\n\t\t\t\t\n<h4 class=\"uppercase\">Procedimento de redu\u00e7\u00e3o do peito<\/h4>\n<p>Remo\u00e7\u00e3o do excesso de pele e de gordura<\/p>\n\t\t\t<\/div>\n\t\t<\/div>\n\t<\/div>\n\t\n\t\t<\/div>\n\t\t\t\t\t<\/div>\n\n\t\n<\/div>\n\t<div id=\"gap-1671615454\" class=\"gap-element clearfix\" style=\"display:block; height:auto;\">\n\t\t\n<style>\n#gap-1671615454 {\n  padding-top: 30px;\n}\n<\/style>\n\t<\/div>\n\t\n","protected":false},"excerpt":{"rendered":"","protected":false},"author":1,"featured_media":0,"parent":3480,"menu_order":0,"comment_status":"closed","ping_status":"closed","template":"page-blank.php","meta":{"footnotes":""},"class_list":["post-3439","page","type-page","status-publish","hentry"],"_links":{"self":[{"href":"https:\/\/drhebertlamblet.com\/pt-br\/wp-json\/wp\/v2\/pages\/3439","targetHints":{"allow":["GET"]}}],"collection":[{"href":"https:\/\/drhebertlamblet.com\/pt-br\/wp-json\/wp\/v2\/pages"}],"about":[{"href":"https:\/\/drhebertlamblet.com\/pt-br\/wp-json\/wp\/v2\/types\/page"}],"author":[{"embeddable":true,"href":"https:\/\/drhebertlamblet.com\/pt-br\/wp-json\/wp\/v2\/users\/1"}],"replies":[{"embeddable":true,"href":"https:\/\/drhebertlamblet.com\/pt-br\/wp-json\/wp\/v2\/comments?post=3439"}],"version-history":[{"count":1,"href":"https:\/\/drhebertlamblet.com\/pt-br\/wp-json\/wp\/v2\/pages\/3439\/revisions"}],"predecessor-version":[{"id":3445,"href":"https:\/\/drhebertlamblet.com\/pt-br\/wp-json\/wp\/v2\/pages\/3439\/revisions\/3445"}],"up":[{"embeddable":true,"href":"https:\/\/drhebertlamblet.com\/pt-br\/wp-json\/wp\/v2\/pages\/3480"}],"wp:attachment":[{"href":"https:\/\/drhebertlamblet.com\/pt-br\/wp-json\/wp\/v2\/media?parent=3439"}],"curies":[{"name":"wp","href":"https:\/\/api.w.org\/{rel}","templated":true}]}}