{"id":3438,"date":"2019-04-16T02:17:28","date_gmt":"2019-04-16T02:17:28","guid":{"rendered":"https:\/\/drhebertlamblet.com\/rinoplastia-cirurgia-do-nariz\/"},"modified":"2023-08-11T02:18:57","modified_gmt":"2023-08-11T02:18:57","slug":"rinoplastia-cirurgia-do-nariz","status":"publish","type":"page","link":"https:\/\/drhebertlamblet.com\/pt-br\/procedimentos-faciais\/rinoplastia-cirurgia-do-nariz\/","title":{"rendered":"Rinoplastia (Cirurgia do nariz)"},"content":{"rendered":"  <div id=\"page-header-1734373966\" class=\"page-header-wrapper\">\n  <div class=\"page-title light divided-title\">\n\n    \n    <div class=\"page-title-inner container align-center flex-row medium-flex-wrap\" >\n              <div class=\"title-wrapper flex-col text-left medium-text-center\">\n          <h1 class=\"entry-title mb-0\">\n            Rinoplastia (Cirurgia do nariz)          <\/h1>\n        <\/div>\n                    <div class=\"title-content flex-col flex-right text-right medium-text-center\">\n        <div class=\"title-breadcrumbs pb-half pt-half\"><\/div>      <\/div>\n    <\/div>\n\n       <\/div>\n  <div class=\"container header-wrapper-divider\"><hr\/><\/div>  <\/div>\n  \n\t<div id=\"gap-72631128\" class=\"gap-element clearfix\" style=\"display:block; height:auto;\">\n\t\t\n<style>\n#gap-72631128 {\n  padding-top: 30px;\n}\n<\/style>\n\t<\/div>\n\t\n<div class=\"row\"  id=\"row-1995695464\">\n\n\t<div id=\"col-1798829697\" class=\"col medium-5 small-12 large-5 col-divided\"  >\n\t\t\t\t<div class=\"col-inner\"  >\n\t\t\t\n\t\t\t\n\t<div class=\"img has-hover x md-x lg-x y md-y lg-y\" id=\"image_1957009621\">\n\t\t\t\t\t\t<div data-animate=\"fadeInLeft\">\t\t<div class=\"img-inner image-cover dark\" style=\"padding-top:100%;\">\n\t\t\t<img loading=\"lazy\" decoding=\"async\" width=\"620\" height=\"388\" src=\"https:\/\/drhebertlamblet.com\/wp-content\/uploads\/2019\/03\/rhinoplasty_procedure.jpg\" class=\"attachment-large size-large\" alt=\"\" srcset=\"https:\/\/drhebertlamblet.com\/wp-content\/uploads\/2019\/03\/rhinoplasty_procedure.jpg 620w, https:\/\/drhebertlamblet.com\/wp-content\/uploads\/2019\/03\/rhinoplasty_procedure-300x188.jpg 300w\" sizes=\"auto, (max-width: 620px) 100vw, 620px\" \/>\t\t\t\t\t\t\n\t\t\t\t\t<\/div>\n\t\t<\/div>\t\t\t\t\t\t\n<style>\n#image_1957009621 {\n  width: 100%;\n}\n<\/style>\n\t<\/div>\n\t\n\t\t<\/div>\n\t\t\t\t\t<\/div>\n\n\t\n\n\t<div id=\"col-118865688\" class=\"col medium-7 small-12 large-7\"  >\n\t\t\t\t<div class=\"col-inner\"  >\n\t\t\t\n\t\t\t\n<h5 class=\"uppercase\">Cirurgia do nariz<\/h5>\n<p>Os contornos nasais desempenham um papel importante na determina\u00e7\u00e3o da atra\u00e7\u00e3o est\u00e9tica global do rosto. Com a sua localiza\u00e7\u00e3o central e proeminente, o nariz pode real\u00e7ar a beleza de outras caracter\u00edsticas faciais ou diminu\u00ed-las. A rinoplastia, ou cirurgia de remodela\u00e7\u00e3o do nariz, pode melhorar o aspeto geral do nariz, alterando a ponte, a ponta, as narinas ou o \u00e2ngulo. Mesmo que, \u00e0s vezes, apenas pequenas mudan\u00e7as sejam necess\u00e1rias para o equil\u00edbrio dos contornos nasais, a rinoplastia pode oferecer benef\u00edcios cosm\u00e9ticos significativos para nossos pacientes do Brasil e do mundo.<\/p>\n<\/p>\n<a href=\"\/contact-us\" class=\"button secondary is-outline\" >\n\t\t<span>Pedir uma consulta<\/span>\n\t<i class=\"icon-angle-right\" aria-hidden=\"true\"><\/i><\/a>\n\n\t\t<\/div>\n\t\t\t\t\t<\/div>\n\n\t\n<\/div>\n\t<div id=\"gap-1836316264\" class=\"gap-element clearfix\" style=\"display:block; height:auto;\">\n\t\t\n<style>\n#gap-1836316264 {\n  padding-top: 30px;\n}\n<\/style>\n\t<\/div>\n\t\n<div class=\"row\"  id=\"row-1047694317\">\n\n\t<div id=\"col-2055114278\" class=\"col medium-6 small-12 large-6\"  >\n\t\t\t\t<div class=\"col-inner\"  >\n\t\t\t\n\t\t\t\n<p>O Dr. Hebert Lamblet realiza uma rinoplastia aberta, o que lhe permite um maior controlo e um acesso mais direto \u00e0s estruturas do nariz. Os resultados obtidos com a t\u00e9cnica de rinoplastia aberta t\u00eam geralmente uma forma mais ideal e s\u00e3o consistentes com os objectivos cosm\u00e9ticos do doente.<\/p>\n<p>Dependendo da estrutura nasal do paciente, o Dr. Hebert Lamblet pode adicionar ou remover osso e tecido mole durante o procedimento, de modo a obter resultados \u00f3ptimos. Se n\u00e3o est\u00e1 satisfeito com o tamanho ou a forma do seu nariz, convidamo-lo a <a href=\"http:\/\/www.drhebertlamblet.com\/contact-us\/\">marcar uma consulta de rinoplastia<\/a> no nosso consult\u00f3rio no Rio de Janeiro, Brasil. O Dr. Lamblet cria belos contornos nasais que promovem a harmonia e a simetria facial tanto para homens como para mulheres.<\/p>\n\t\t<\/div>\n\t\t\t\t\t<\/div>\n\n\t\n\n\t<div id=\"col-519373756\" class=\"col medium-6 small-12 large-6\"  >\n\t\t\t\t<div class=\"col-inner\"  >\n\t\t\t\n\t\t\t\n\t<div class=\"box has-hover   has-hover box-bounce box-text-bottom\" >\n\n\t\t<div class=\"box-image\" >\n\t\t\t\t\t\t<div class=\"\" >\n\t\t\t\t<img loading=\"lazy\" decoding=\"async\" width=\"576\" height=\"412\" src=\"https:\/\/drhebertlamblet.com\/wp-content\/uploads\/2019\/04\/nose-surgery-procedures.jpg\" class=\"attachment- size-\" alt=\"\" srcset=\"https:\/\/drhebertlamblet.com\/wp-content\/uploads\/2019\/04\/nose-surgery-procedures.jpg 576w, https:\/\/drhebertlamblet.com\/wp-content\/uploads\/2019\/04\/nose-surgery-procedures-300x215.jpg 300w\" sizes=\"auto, (max-width: 576px) 100vw, 576px\" \/>\t\t\t\t\t\t\t\t\t\t\t<\/div>\n\t\t\t\t\t<\/div>\n\n\t\t<div class=\"box-text text-center\" >\n\t\t\t<div class=\"box-text-inner\">\n\t\t\t\t\n<h4>CIRURGIA DO NARIZ<\/h4>\n<p>Procedimentos de rinoplastia<\/p>\n\t\t\t<\/div>\n\t\t<\/div>\n\t<\/div>\n\t\n\t\t<\/div>\n\t\t\t\t\t<\/div>\n\n\t\n<\/div>\n\t<div id=\"gap-1894887829\" class=\"gap-element clearfix\" style=\"display:block; height:auto;\">\n\t\t\n<style>\n#gap-1894887829 {\n  padding-top: 65px;\n}\n<\/style>\n\t<\/div>\n\t\n","protected":false},"excerpt":{"rendered":"","protected":false},"author":1,"featured_media":0,"parent":3493,"menu_order":0,"comment_status":"closed","ping_status":"closed","template":"page-blank.php","meta":{"footnotes":""},"class_list":["post-3438","page","type-page","status-publish","hentry"],"_links":{"self":[{"href":"https:\/\/drhebertlamblet.com\/pt-br\/wp-json\/wp\/v2\/pages\/3438","targetHints":{"allow":["GET"]}}],"collection":[{"href":"https:\/\/drhebertlamblet.com\/pt-br\/wp-json\/wp\/v2\/pages"}],"about":[{"href":"https:\/\/drhebertlamblet.com\/pt-br\/wp-json\/wp\/v2\/types\/page"}],"author":[{"embeddable":true,"href":"https:\/\/drhebertlamblet.com\/pt-br\/wp-json\/wp\/v2\/users\/1"}],"replies":[{"embeddable":true,"href":"https:\/\/drhebertlamblet.com\/pt-br\/wp-json\/wp\/v2\/comments?post=3438"}],"version-history":[{"count":1,"href":"https:\/\/drhebertlamblet.com\/pt-br\/wp-json\/wp\/v2\/pages\/3438\/revisions"}],"predecessor-version":[{"id":3443,"href":"https:\/\/drhebertlamblet.com\/pt-br\/wp-json\/wp\/v2\/pages\/3438\/revisions\/3443"}],"up":[{"embeddable":true,"href":"https:\/\/drhebertlamblet.com\/pt-br\/wp-json\/wp\/v2\/pages\/3493"}],"wp:attachment":[{"href":"https:\/\/drhebertlamblet.com\/pt-br\/wp-json\/wp\/v2\/media?parent=3438"}],"curies":[{"name":"wp","href":"https:\/\/api.w.org\/{rel}","templated":true}]}}