{"id":3437,"date":"2019-06-02T21:44:12","date_gmt":"2019-06-02T21:44:12","guid":{"rendered":"https:\/\/drhebertlamblet.com\/contribuicao-humanitaria\/"},"modified":"2023-08-11T02:18:57","modified_gmt":"2023-08-11T02:18:57","slug":"contribuicao-humanitaria","status":"publish","type":"page","link":"https:\/\/drhebertlamblet.com\/pt-br\/contribuicao-humanitaria\/","title":{"rendered":"Contribui\u00e7\u00e3o humanit\u00e1ria"},"content":{"rendered":"\n\n\t<section class=\"section\" id=\"section_1020115593\">\n\t\t<div class=\"section-bg fill\" >\n\t\t\t<img loading=\"lazy\" decoding=\"async\" width=\"1920\" height=\"1003\" src=\"https:\/\/drhebertlamblet.com\/wp-content\/uploads\/2019\/06\/medical-mission-ghana.jpg\" class=\"bg attachment- size-\" alt=\"\" \/>\t\t\t\t\t\t<div class=\"section-bg-overlay absolute fill\"><\/div>\n\t\t\t\n\n\t\t<\/div>\n\n\t\t\n\n\t\t<div class=\"section-content relative\">\n\t\t\t\n\n\t<div id=\"gap-2028498018\" class=\"gap-element clearfix\" style=\"display:block; height:auto;\">\n\t\t\n<style>\n#gap-2028498018 {\n  padding-top: 30px;\n}\n<\/style>\n\t<\/div>\n\t\n\n<div class=\"row row-divided\"  id=\"row-830517250\">\n\n\n\t<div id=\"col-1470367227\" class=\"col medium-5 small-12 large-5\"  >\n\t\t\t\t<div class=\"col-inner\"  >\n\t\t\t\n\t\t\t\n\n<h1 style=\"text-align: center;\"><span style=\"color: #ffffff;\">Projeto de Miss\u00e3o M\u00e9dica<\/span><\/h1>\n\n\t\t<\/div>\n\t\t\t\t\t<\/div>\n\n\t\n\n\t<div id=\"col-1664989200\" class=\"col medium-7 small-12 large-7\"  >\n\t\t\t\t<div class=\"col-inner\"  >\n\t\t\t\n\t\t\t\n\n<p><span style=\"color: #fff;\"><i><span style=\"font-weight: 400;\">&#8220;Tive uma enorme satisfa\u00e7\u00e3o pessoal com estas miss\u00f5es m\u00e9dicas para aliviar o profundo sofrimento das pessoas que precisam urgentemente de ajuda m\u00e9dica.&#8221;<br>  &#8211; Dr. Hebert Lamblet<\/i><\/span><\/p>\n<a data-animate=\"fadeInUp\" href=\"\/contact-us\" class=\"button secondary is-outline is-smaller\" >\n\t\t<span>Contacte-nos para saber mais<\/span>\n\t<\/a>\n\n\n\n\t\t<\/div>\n\t\t\t\t\t<\/div>\n\n\t\n\n<\/div>\n\n\t\t<\/div>\n\n\t\t\n<style>\n#section_1020115593 {\n  padding-top: 30px;\n  padding-bottom: 30px;\n}\n#section_1020115593 .section-bg-overlay {\n  background-color: rgba(0, 0, 0, 0.74);\n}\n#section_1020115593 .section-bg img {\n  object-position: 51% 44%;\n}\n<\/style>\n\t<\/section>\n\t\n<div class=\"row\"  id=\"row-1169036903\">\n\n\n\t<div id=\"col-1937360104\" class=\"col medium-4 small-6 large-4\"  >\n\t\t\t\t<div class=\"col-inner\"  >\n\t\t\t\n\t\t\t\n\n  <div class=\"icon-box testimonial-box icon-box-center text-center\">\n                <div class=\"icon-box-img testimonial-image circle\" style=\"width: 121px\">\n                      <\/div>\n                <div class=\"icon-box-text p-last-0\">\n          <div class=\"star-rating\" role=\"img\" aria-label=\"Rated 5 out of 5\"><span style=\"width:100%\"><strong class=\"rating\"><\/strong><\/span><\/div>  \t\t\t\t<div class=\"testimonial-text line-height-small italic test_text first-reset last-reset is-italic\">\n            \n\n<p data-pm-slice=\"1 1 &#091;&#093;\">Recentemente, tive o prazer de trabalhar com o Dr. Hebert Lamblet para um procedimento de lifting facial e n\u00e3o posso expressar o suficiente o quanto estou satisfeito com os resultados. Como mulher de 57 anos, estava a come\u00e7ar a notar os sinais de envelhecimento na zona do rosto e do pesco\u00e7o, o que me fazia sentir constrangida e menos confiante. No entanto, as compet\u00eancias especializadas do Dr. Lamblet e a excecional aten\u00e7\u00e3o aos pormenores transformaram completamente a minha apar\u00eancia e, mais importante, a minha autoestima.<\/p>\n\n          <\/div>\n          <div class=\"testimonial-meta pt-half\">\n             <strong class=\"testimonial-name test_name\"><\/strong>\n                          <span class=\"testimonial-company test_company\"><\/span>\n          <\/div>\n        <\/div>\n  <\/div>\n\n  \n\n\t\t<\/div>\n\t\t\t\t\t<\/div>\n\n\t\n\n\t<div id=\"col-186191021\" class=\"col medium-4 small-6 large-4\"  >\n\t\t\t\t<div class=\"col-inner\"  >\n\t\t\t\n\t\t\t\n\n  <div class=\"icon-box testimonial-box icon-box-center text-center\">\n                <div class=\"icon-box-img testimonial-image circle\" style=\"width: 121px\">\n                      <\/div>\n                <div class=\"icon-box-text p-last-0\">\n          <div class=\"star-rating\" role=\"img\" aria-label=\"Rated 5 out of 5\"><span style=\"width:100%\"><strong class=\"rating\"><\/strong><\/span><\/div>  \t\t\t\t<div class=\"testimonial-text line-height-small italic test_text first-reset last-reset is-italic\">\n            \n\n<p data-pm-slice=\"1 1 &#091;&#093;\">A cirurgia em si foi tranquila e bem executada, e o Dr. Lamblet assegurou-se de que eu estava confort\u00e1vel e bem cuidada durante todo o processo. A recupera\u00e7\u00e3o foi mais r\u00e1pida do que eu esperava, e os resultados foram nada menos do que fant\u00e1sticos. A pele do meu rosto e da zona do pesco\u00e7o ficou muito mais firme e suave, e as rugas e a flacidez da pele diminu\u00edram significativamente. Parecia uma vers\u00e3o mais jovem de mim pr\u00f3pria, mas ainda assim muito natural e sem exageros.<\/p>\n\n          <\/div>\n          <div class=\"testimonial-meta pt-half\">\n             <strong class=\"testimonial-name test_name\"><\/strong>\n                          <span class=\"testimonial-company test_company\"><\/span>\n          <\/div>\n        <\/div>\n  <\/div>\n\n  \n\n\t\t<\/div>\n\t\t\t\t\t<\/div>\n\n\t\n\n\t<div id=\"col-718938750\" class=\"col medium-4 small-6 large-4\"  >\n\t\t\t\t<div class=\"col-inner\"  >\n\t\t\t\n\t\t\t\n\n  <div class=\"icon-box testimonial-box icon-box-center text-center\">\n                <div class=\"icon-box-img testimonial-image circle\" style=\"width: 121px\">\n                      <\/div>\n                <div class=\"icon-box-text p-last-0\">\n          <div class=\"star-rating\" role=\"img\" aria-label=\"Rated 5 out of 5\"><span style=\"width:100%\"><strong class=\"rating\"><\/strong><\/span><\/div>  \t\t\t\t<div class=\"testimonial-text line-height-small italic test_text first-reset last-reset is-italic\">\n            \n\n<div class=\"e-box h-p2 -stacked -radius-none\">\n<p data-pm-slice=\"1 1 &#091;&#093;\">Desde a consulta inicial at\u00e9 ao acompanhamento p\u00f3s-operat\u00f3rio, o Dr. Lamblet e a sua equipa foram incrivelmente profissionais, cuidadosos e atenciosos. Dedicaram tempo a compreender as minhas preocupa\u00e7\u00f5es e objectivos para o procedimento e forneceram-me toda a informa\u00e7\u00e3o de que necessitava para tomar uma decis\u00e3o informada. A experi\u00eancia do Dr. Lamblet em procedimentos de lifting facial foi evidente desde o in\u00edcio, e senti-me confiante de que estava em boas m\u00e3os<\/p>\n<\/div>\n\n          <\/div>\n          <div class=\"testimonial-meta pt-half\">\n             <strong class=\"testimonial-name test_name\"><\/strong>\n                          <span class=\"testimonial-company test_company\"><\/span>\n          <\/div>\n        <\/div>\n  <\/div>\n\n  \n\n\t\t<\/div>\n\t\t\t\t\t<\/div>\n\n\t\n\n<\/div>\n\t<div id=\"gap-239776217\" class=\"gap-element clearfix\" style=\"display:block; height:auto;\">\n\t\t\n<style>\n#gap-239776217 {\n  padding-top: 50px;\n}\n<\/style>\n\t<\/div>\n\t\n\n<div class=\"container section-title-container\" ><h2 class=\"section-title section-title-center\"><b aria-hidden=\"true\"><\/b><span class=\"section-title-main\" >Contribui\u00e7\u00e3o humanit\u00e1ria<\/span><b aria-hidden=\"true\"><\/b><\/h2><\/div>\n\n<div class=\"row\"  id=\"row-295621669\">\n\n\n\t<div id=\"col-933936065\" class=\"col small-12 large-12\"  >\n\t\t\t\t<div class=\"col-inner\"  >\n\t\t\t\n\t\t\t\n\n<p>O Dr. Lamblet fornece cirurgia pl\u00e1stica e tratamentos reconstrutivos a pessoas que n\u00e3o t\u00eam acesso a servi\u00e7os m\u00e9dicos b\u00e1sicos. Organiza projectos privados de miss\u00f5es m\u00e9dicas com outros m\u00e9dicos e n\u00e3o m\u00e9dicos que partilham o seu tempo e recursos com estas miss\u00f5es. N\u00e3o est\u00e3o associados a qualquer organiza\u00e7\u00e3o governamental ou n\u00e3o governamental. As Miss\u00f5es M\u00e9dicas s\u00e3o constitu\u00eddas por pessoas como tu e eu, que pagam as suas despesas e que querem ajudar a aliviar o sofrimento mais profundo.  <\/p>\n<p>O Dr. Lamblet d\u00e1 as boas-vindas a todos os volunt\u00e1rios que desejem contribuir com o seu tempo, capacidades e trabalho \u00e1rduo para um projeto de Miss\u00e3o M\u00e9dica. Todos n\u00f3s pagamos as nossas pr\u00f3prias despesas porque n\u00e3o somos financiados por ningu\u00e9m ou por qualquer organiza\u00e7\u00e3o.<\/p>\n\t<div id=\"gap-124750789\" class=\"gap-element clearfix\" style=\"display:block; height:auto;\">\n\t\t\n<style>\n#gap-124750789 {\n  padding-top: 30px;\n}\n<\/style>\n\t<\/div>\n\t\n\n\t<div class=\"img has-hover x md-x lg-x y md-y lg-y\" id=\"image_43997420\">\n\t\t\t\t\t\t\t\t<div class=\"img-inner dark\" >\n\t\t\t<img loading=\"lazy\" decoding=\"async\" width=\"800\" height=\"215\" src=\"https:\/\/drhebertlamblet.com\/wp-content\/uploads\/2019\/06\/medical-mission-3.jpg\" class=\"attachment-large size-large\" alt=\"\" srcset=\"https:\/\/drhebertlamblet.com\/wp-content\/uploads\/2019\/06\/medical-mission-3.jpg 800w, https:\/\/drhebertlamblet.com\/wp-content\/uploads\/2019\/06\/medical-mission-3-300x81.jpg 300w, https:\/\/drhebertlamblet.com\/wp-content\/uploads\/2019\/06\/medical-mission-3-768x206.jpg 768w\" sizes=\"auto, (max-width: 800px) 100vw, 800px\" \/>\t\t\t\t\t\t\n\t\t\t\t\t<\/div>\n\t\t\t\t\t\t\t\t\n<style>\n#image_43997420 {\n  width: 100%;\n}\n<\/style>\n\t<\/div>\n\t\n\n<p>O Dr. Lamblet tratou quase 700 crian\u00e7as e adultos que sofreram queimaduras graves, deformidades cranio-maxilo-faciais, doen\u00e7as cong\u00e9nitas, ressec\u00e7\u00f5es cut\u00e2neas de cancro e sequelas. H\u00e1 d\u00e9cadas, ele realiza essas e outras cirurgias reconstrutivas no Brasil e no exterior, em pa\u00edses onde o acesso aos servi\u00e7os de sa\u00fade \u00e9 dif\u00edcil.<\/p>\n<p>A cirurgia reconstrutiva destina-se tamb\u00e9m a restaurar a fun\u00e7\u00e3o e a amplitude de movimento da pele danificada atrav\u00e9s de v\u00e1rias t\u00e9cnicas que podem incluir descompress\u00e3o articular, repara\u00e7\u00e3o de contratura articular, enxertos de pele, rota\u00e7\u00f5es de retalhos e enxertos de gordura. Nos \u00faltimos 15 anos, o Dr. Lamblet tem vindo a utilizar <a href=\"https:\/\/drhebertlamblet.com\/pt-br\/procedimentos-corporais\/microenxerto-de-gordura-autologo\/\">o enxerto de gordura<\/a> combinado com t\u00e9cnicas tradicionais para melhorar os resultados e a apar\u00eancia de les\u00f5es por queimaduras e deformidades reconstrutivas.<\/p>\n\n\t\t<\/div>\n\t\t\t\t\t<\/div>\n\n\t\n\n<\/div>\n\n\t<section class=\"section\" id=\"section_251072725\">\n\t\t<div class=\"section-bg fill\" >\n\t\t\t\t\t\t\t\t\t\n\t\t\t\n\n\t\t<\/div>\n\n\t\t\n\n\t\t<div class=\"section-content relative\">\n\t\t\t\n\n<div class=\"row row-collapse row-full-width align-middle\"  id=\"row-1718639116\">\n\n\n\t<div id=\"col-2000720009\" class=\"col medium-6 small-12 large-6\"  >\n\t\t\t\t<div class=\"col-inner\"  >\n\t\t\t\n\t\t\t\n\n<div class=\"slider-wrapper relative\" id=\"slider-1359639109\" >\n    <div class=\"slider slider-nav-dots-dashes-spaced slider-nav-simple slider-nav-normal slider-nav-light slider-style-normal slider-show-nav\"\n        data-flickity-options='{\n            \"cellAlign\": \"center\",\n            \"imagesLoaded\": true,\n            \"lazyLoad\": 1,\n            \"freeScroll\": false,\n            \"wrapAround\": true,\n            \"autoPlay\": 4000,\n            \"pauseAutoPlayOnHover\" : true,\n            \"prevNextButtons\": true,\n            \"contain\" : true,\n            \"adaptiveHeight\" : true,\n            \"dragThreshold\" : 10,\n            \"percentPosition\": true,\n            \"pageDots\": true,\n            \"rightToLeft\": false,\n            \"draggable\": true,\n            \"selectedAttraction\": 0.1,\n            \"parallax\" : 0,\n            \"friction\": 0.6        }'\n        >\n        \n\n\t<div class=\"img has-hover x md-x lg-x y md-y lg-y\" id=\"image_1267808234\">\n\t\t\t\t\t\t<div data-animate=\"blurIn\">\t\t<div class=\"img-inner dark\" >\n\t\t\t<img loading=\"lazy\" decoding=\"async\" width=\"1020\" height=\"765\" src=\"https:\/\/drhebertlamblet.com\/wp-content\/uploads\/2019\/06\/Lamblet_Pitanguy-1-1024x768.jpg\" class=\"attachment-large size-large\" alt=\"\" srcset=\"https:\/\/drhebertlamblet.com\/wp-content\/uploads\/2019\/06\/Lamblet_Pitanguy-1.jpg 1024w, https:\/\/drhebertlamblet.com\/wp-content\/uploads\/2019\/06\/Lamblet_Pitanguy-1-300x225.jpg 300w, https:\/\/drhebertlamblet.com\/wp-content\/uploads\/2019\/06\/Lamblet_Pitanguy-1-768x576.jpg 768w, https:\/\/drhebertlamblet.com\/wp-content\/uploads\/2019\/06\/Lamblet_Pitanguy-1-600x450.jpg 600w\" sizes=\"auto, (max-width: 1020px) 100vw, 1020px\" \/>\t\t\t\t\t\t\n\t\t\t\t\t<\/div>\n\t\t<\/div>\t\t\t\t\t\t\n<style>\n#image_1267808234 {\n  width: 100%;\n}\n<\/style>\n\t<\/div>\n\t\n\n\t<div class=\"img has-hover x md-x lg-x y md-y lg-y\" id=\"image_1681295394\">\n\t\t\t\t\t\t<div data-animate=\"blurIn\">\t\t<div class=\"img-inner dark\" >\n\t\t\t<img loading=\"lazy\" decoding=\"async\" width=\"1020\" height=\"765\" src=\"https:\/\/drhebertlamblet.com\/wp-content\/uploads\/2019\/06\/Lamblet_Gallery_3-1024x768.jpg\" class=\"attachment-large size-large\" alt=\"\" srcset=\"https:\/\/drhebertlamblet.com\/wp-content\/uploads\/2019\/06\/Lamblet_Gallery_3-1024x768.jpg 1024w, https:\/\/drhebertlamblet.com\/wp-content\/uploads\/2019\/06\/Lamblet_Gallery_3-300x225.jpg 300w, https:\/\/drhebertlamblet.com\/wp-content\/uploads\/2019\/06\/Lamblet_Gallery_3-768x576.jpg 768w, https:\/\/drhebertlamblet.com\/wp-content\/uploads\/2019\/06\/Lamblet_Gallery_3-600x450.jpg 600w, https:\/\/drhebertlamblet.com\/wp-content\/uploads\/2019\/06\/Lamblet_Gallery_3.jpg 1280w\" sizes=\"auto, (max-width: 1020px) 100vw, 1020px\" \/>\t\t\t\t\t\t\n\t\t\t\t\t<\/div>\n\t\t<\/div>\t\t\t\t\t\t\n<style>\n#image_1681295394 {\n  width: 100%;\n}\n<\/style>\n\t<\/div>\n\t\n\n\t<div class=\"img has-hover x md-x lg-x y md-y lg-y\" id=\"image_108251264\">\n\t\t\t\t\t\t<div data-animate=\"blurIn\">\t\t<div class=\"img-inner dark\" >\n\t\t\t<img loading=\"lazy\" decoding=\"async\" width=\"1020\" height=\"765\" src=\"https:\/\/drhebertlamblet.com\/wp-content\/uploads\/2019\/06\/Lamblet_Gallery-1024x768.jpg\" class=\"attachment-large size-large\" alt=\"\" srcset=\"https:\/\/drhebertlamblet.com\/wp-content\/uploads\/2019\/06\/Lamblet_Gallery.jpg 1024w, https:\/\/drhebertlamblet.com\/wp-content\/uploads\/2019\/06\/Lamblet_Gallery-300x225.jpg 300w, https:\/\/drhebertlamblet.com\/wp-content\/uploads\/2019\/06\/Lamblet_Gallery-768x576.jpg 768w, https:\/\/drhebertlamblet.com\/wp-content\/uploads\/2019\/06\/Lamblet_Gallery-600x450.jpg 600w\" sizes=\"auto, (max-width: 1020px) 100vw, 1020px\" \/>\t\t\t\t\t\t\n\t\t\t\t\t<\/div>\n\t\t<\/div>\t\t\t\t\t\t\n<style>\n#image_108251264 {\n  width: 100%;\n}\n<\/style>\n\t<\/div>\n\t\n\n\t<div class=\"img has-hover x md-x lg-x y md-y lg-y\" id=\"image_1086578017\">\n\t\t\t\t\t\t<div data-animate=\"blurIn\">\t\t<div class=\"img-inner dark\" >\n\t\t\t<img loading=\"lazy\" decoding=\"async\" width=\"1020\" height=\"765\" src=\"https:\/\/drhebertlamblet.com\/wp-content\/uploads\/2019\/06\/medical-mission-2-1024x768.jpg\" class=\"attachment-large size-large\" alt=\"\" srcset=\"https:\/\/drhebertlamblet.com\/wp-content\/uploads\/2019\/06\/medical-mission-2.jpg 1024w, https:\/\/drhebertlamblet.com\/wp-content\/uploads\/2019\/06\/medical-mission-2-300x225.jpg 300w, https:\/\/drhebertlamblet.com\/wp-content\/uploads\/2019\/06\/medical-mission-2-768x576.jpg 768w, https:\/\/drhebertlamblet.com\/wp-content\/uploads\/2019\/06\/medical-mission-2-600x450.jpg 600w\" sizes=\"auto, (max-width: 1020px) 100vw, 1020px\" \/>\t\t\t\t\t\t\n\t\t\t\t\t<\/div>\n\t\t<\/div>\t\t\t\t\t\t\n<style>\n#image_1086578017 {\n  width: 100%;\n}\n<\/style>\n\t<\/div>\n\t\n\n\t<div class=\"img has-hover x md-x lg-x y md-y lg-y\" id=\"image_1942741842\">\n\t\t\t\t\t\t<div data-animate=\"blurIn\">\t\t<div class=\"img-inner dark\" >\n\t\t\t<img loading=\"lazy\" decoding=\"async\" width=\"1020\" height=\"765\" src=\"https:\/\/drhebertlamblet.com\/wp-content\/uploads\/2019\/06\/Lamblet_Gallery_2-1024x768.jpg\" class=\"attachment-large size-large\" alt=\"\" srcset=\"https:\/\/drhebertlamblet.com\/wp-content\/uploads\/2019\/06\/Lamblet_Gallery_2.jpg 1024w, https:\/\/drhebertlamblet.com\/wp-content\/uploads\/2019\/06\/Lamblet_Gallery_2-300x225.jpg 300w, https:\/\/drhebertlamblet.com\/wp-content\/uploads\/2019\/06\/Lamblet_Gallery_2-768x576.jpg 768w, https:\/\/drhebertlamblet.com\/wp-content\/uploads\/2019\/06\/Lamblet_Gallery_2-600x450.jpg 600w\" sizes=\"auto, (max-width: 1020px) 100vw, 1020px\" \/>\t\t\t\t\t\t\n\t\t\t\t\t<\/div>\n\t\t<\/div>\t\t\t\t\t\t\n<style>\n#image_1942741842 {\n  width: 100%;\n}\n<\/style>\n\t<\/div>\n\t\n\n\n     <\/div>\n\n     <div class=\"loading-spin dark large centered\"><\/div>\n\n\t<\/div>\n\n\n\n\t\t<\/div>\n\t\t\t\t\t<\/div>\n\n\t\n\n\t<div id=\"col-1129793582\" class=\"col medium-6 small-12 large-6\"  >\n\t\t\t\t<div class=\"col-inner text-center\"  >\n\t\t\t\n\t\t\t\n\n<p style=\"text-align: left;\"><span style=\"color: #ffffff;\">Est\u00e1 grato ao mundialmente famoso e falecido Dr. Ivo Pitanguy pela sua forma\u00e7\u00e3o sem paralelo em cirurgia pl\u00e1stica e cirurgia reconstrutiva nas muitas t\u00e9cnicas introduzidas que seriam tamb\u00e9m disponibilizadas \u00e0queles que n\u00e3o podiam pagar tratamentos cosm\u00e9ticos e reconstrutivos. O princ\u00edpio orientador do seu mentor era a cren\u00e7a de que a apar\u00eancia \u00e9 importante para o bem-estar emocional.<\/span><\/p>\n<p style=\"text-align: left;\"><span style=\"color: #ffffff;\">Com esta rica heran\u00e7a, o Dr. Lamblet orgulha-se de continuar a participar no desenvolvimento de novas t\u00e9cnicas nesta especialidade altamente inovadora e criativa.<\/span><\/p>\n\n\t\t<\/div>\n\t\t\t\t\n<style>\n#col-1129793582 > .col-inner {\n  padding: 10% 10% 10% 10%;\n  max-width: 520px;\n}\n<\/style>\n\t<\/div>\n\n\t\n\n<\/div>\n\n\t\t<\/div>\n\n\t\t\n<style>\n#section_251072725 {\n  padding-top: 0px;\n  padding-bottom: 0px;\n  background-color: rgb(0,0,0);\n}\n<\/style>\n\t<\/section>\n\t\n<div class=\"row\"  id=\"row-2099583156\">\n\n\n\t<div id=\"col-1489921994\" class=\"col medium-8 small-12 large-8\"  >\n\t\t\t\t<div class=\"col-inner\"  >\n\t\t\t\n\t\t\t\n\n<p>O Dr. Lamblet continua a organizar Miss\u00f5es M\u00e9dicas que consistem em volunt\u00e1rios m\u00e9dicos e n\u00e3o m\u00e9dicos que doam as suas capacidades, tempo e recursos aos doentes, aos desfigurados e aos feridos por nascimento, doen\u00e7a ou acidente.<\/p>\n<p><i>&#8220;H\u00e1 vinte e oito anos, participei na minha primeira miss\u00e3o m\u00e9dica depois de me ter licenciado em medicina no Rio de Janeiro. A assist\u00eancia m\u00e9dica aos menos afortunados tem-me proporcionado desafios e satisfa\u00e7\u00e3o not\u00e1veis. Imagine-se a fazer uma cirurgia e a energia el\u00e9ctrica cai inesperadamente. N\u00e3o h\u00e1 geradores para fornecer energia el\u00e9ctrica autom\u00e1tica. O inesperado obriga-nos a ser criativos e engenhosos. A Equipa de Miss\u00e3o encontra formas de ter sucesso sem a utiliza\u00e7\u00e3o do equipamento moderno a que estamos habituados.&#8221;<\/i><\/p>\n<a data-animate=\"fadeInUp\" href=\"\/contact-us\" class=\"button secondary is-smaller\" >\n\t\t<span>Contacte-nos para saber mais<\/span>\n\t<\/a>\n\n\n\n\t\t<\/div>\n\t\t\t\t\t<\/div>\n\n\t\n\n\t<div id=\"col-433237132\" class=\"col medium-4 small-12 large-4\"  >\n\t\t\t\t<div class=\"col-inner\"  >\n\t\t\t\n\t\t\t\n\n\t<div class=\"box has-hover   has-hover box-text-bottom\" >\n\n\t\t<div class=\"box-image\" >\n\t\t\t\t\t\t<div class=\"\" >\n\t\t\t\t<img loading=\"lazy\" decoding=\"async\" width=\"1024\" height=\"768\" src=\"https:\/\/drhebertlamblet.com\/wp-content\/uploads\/2019\/06\/medical-mission-surgery.jpg\" class=\"attachment- size-\" alt=\"\" srcset=\"https:\/\/drhebertlamblet.com\/wp-content\/uploads\/2019\/06\/medical-mission-surgery.jpg 1024w, https:\/\/drhebertlamblet.com\/wp-content\/uploads\/2019\/06\/medical-mission-surgery-300x225.jpg 300w, https:\/\/drhebertlamblet.com\/wp-content\/uploads\/2019\/06\/medical-mission-surgery-768x576.jpg 768w, https:\/\/drhebertlamblet.com\/wp-content\/uploads\/2019\/06\/medical-mission-surgery-600x450.jpg 600w\" sizes=\"auto, (max-width: 1024px) 100vw, 1024px\" \/>\t\t\t\t\t\t\t\t\t\t\t<\/div>\n\t\t\t\t\t<\/div>\n\n\t\t<div class=\"box-text text-center\" >\n\t\t\t<div class=\"box-text-inner\">\n\t\t\t\t\n\n<p style=\"text-align: center;\">O Prof. Ivo Pitanguy e o Dr. Lamblet operando um paciente no hospital filantr\u00f3pico <i>Santa Casa de Miseric\u00f3rdia<\/i>, localizado no Rio, para a <strong>\n  <i>CBS News 60 minutos <\/i>\n<\/strong>programa de TV americano<\/p>\n\n\t\t\t<\/div>\n\t\t<\/div>\n\t<\/div>\n\t\n\n\t\t<\/div>\n\t\t\t\t\t<\/div>\n\n\t\n\n<\/div>\n<div class=\"row\"  id=\"row-1502630702\">\n\n\n\t<div id=\"col-1942843321\" class=\"col medium-5 small-12 large-5\"  >\n\t\t\t\t<div class=\"col-inner\"  >\n\t\t\t\n\t\t\t\n\n\t<div class=\"box has-hover   has-hover box-text-bottom\" >\n\n\t\t<div class=\"box-image\" >\n\t\t\t\t\t\t<div class=\"\" >\n\t\t\t\t<img loading=\"lazy\" decoding=\"async\" width=\"800\" height=\"600\" src=\"https:\/\/drhebertlamblet.com\/wp-content\/uploads\/2019\/06\/ghana.jpg\" class=\"attachment- size-\" alt=\"\" srcset=\"https:\/\/drhebertlamblet.com\/wp-content\/uploads\/2019\/06\/ghana.jpg 800w, https:\/\/drhebertlamblet.com\/wp-content\/uploads\/2019\/06\/ghana-300x225.jpg 300w, https:\/\/drhebertlamblet.com\/wp-content\/uploads\/2019\/06\/ghana-768x576.jpg 768w, https:\/\/drhebertlamblet.com\/wp-content\/uploads\/2019\/06\/ghana-600x450.jpg 600w\" sizes=\"auto, (max-width: 800px) 100vw, 800px\" \/>\t\t\t\t\t\t\t\t\t\t\t<\/div>\n\t\t\t\t\t<\/div>\n\n\t\t<div class=\"box-text text-center\" >\n\t\t\t<div class=\"box-text-inner\">\n\t\t\t\t\n\n<p>Miss\u00e3o m\u00e9dica no Gana, \u00c1frica<\/p>\n\n\t\t\t<\/div>\n\t\t<\/div>\n\t<\/div>\n\t\n\n\t\t<\/div>\n\t\t\t\t\t<\/div>\n\n\t\n\n\t<div id=\"col-507976597\" class=\"col medium-7 small-12 large-7\"  >\n\t\t\t\t<div class=\"col-inner\"  >\n\t\t\t\n\t\t\t\n\n<blockquote>\n<p><span style=\"font-size: 75%;\"><i>&#8220;No nosso \u00faltimo projeto de Miss\u00e3o M\u00e9dica no Gana, um pequeno autocarro levou-nos para o meio do nada, na fronteira com a Costa do Marfim. Sem o nosso conhecimento, foi feito um an\u00fancio na r\u00e1dio para anunciar a nossa chegada ao hospital, que n\u00e3o estava equipado. Fiquei radiante e humilde, mas tamb\u00e9m com medo de n\u00e3o conseguirmos examinar a fila de mais de um quil\u00f3metro de homens, mulheres e crian\u00e7as \u00e0 espera de serem examinados. Trat\u00e1mos mais de 300 doentes e prest\u00e1mos servi\u00e7os de urg\u00eancia para doen\u00e7as muito graves, apenas com anestesia local e com material improvisado. Imaginem uma opera\u00e7\u00e3o de urg\u00eancia a um homem com uma infe\u00e7\u00e3o abdominal grave. Oper\u00e1mos uma crian\u00e7a com uma h\u00e9rnia estrangulada. Demos \u00e0 luz v\u00e1rios beb\u00e9s. Todos sobreviveram, incluindo a equipa de volunt\u00e1rios m\u00e9dicos e n\u00e3o m\u00e9dicos desta Miss\u00e3o M\u00e9dica!&#8221;<\/i><\/span><\/p>\n<\/blockquote>\n\n\t\t<\/div>\n\t\t\t\t\t<\/div>\n\n\t\n\n<\/div>\n<div class=\"row\"  id=\"row-1535026963\">\n\n\n\t<div id=\"col-806788630\" class=\"col small-12 large-12\"  >\n\t\t\t\t<div class=\"col-inner\"  >\n\t\t\t\n\t\t\t\n\n<blockquote>\n<p><span style=\"font-size: 75%;\"><span style=\"font-weight: 400;\"><i>&#8220;Estou grato por exercer medicina no Brasil, um pa\u00eds cuja Constitui\u00e7\u00e3o garante que todos t\u00eam acesso aos cuidados de sa\u00fade. N\u00e3o tenho como calcular a extens\u00e3o do sofrimento humano e o custo para a sociedade quando ignoramos a vida de pessoas vulner\u00e1veis e grupos marginalizados em popula\u00e7\u00f5es carentes do mundo. O esp\u00edrito humano \u00e9 fr\u00e1gil; a humanidade n\u00e3o \u00e9 um modelo \u00fanico. N\u00e3o posso salvar o mundo, mas posso oferecer as minhas capacidades cir\u00fargicas, o meu tempo e os meus recursos, sem qualquer compromisso, \u00e0s pessoas presas em pa\u00edses pobres em recursos m\u00e9dicos, reparando \u00e1reas danificadas do corpo na esperan\u00e7a de que isso diminua o seu sofrimento e as ajude a tornarem-se membros contribuintes da sua sociedade.&#8221;<\/i><\/span><\/p>\n<\/blockquote>\n\n\t\t<\/div>\n\t\t\t\t\t<\/div>\n\n\t\n\n<\/div>\n\t<div id=\"gap-1327186144\" class=\"gap-element clearfix\" style=\"display:block; height:auto;\">\n\t\t\n<style>\n#gap-1327186144 {\n  padding-top: 50px;\n}\n<\/style>\n\t<\/div>\n\t\n\n\n","protected":false},"excerpt":{"rendered":"","protected":false},"author":1,"featured_media":0,"parent":0,"menu_order":0,"comment_status":"closed","ping_status":"closed","template":"page-blank.php","meta":{"footnotes":""},"class_list":["post-3437","page","type-page","status-publish","hentry"],"_links":{"self":[{"href":"https:\/\/drhebertlamblet.com\/pt-br\/wp-json\/wp\/v2\/pages\/3437","targetHints":{"allow":["GET"]}}],"collection":[{"href":"https:\/\/drhebertlamblet.com\/pt-br\/wp-json\/wp\/v2\/pages"}],"about":[{"href":"https:\/\/drhebertlamblet.com\/pt-br\/wp-json\/wp\/v2\/types\/page"}],"author":[{"embeddable":true,"href":"https:\/\/drhebertlamblet.com\/pt-br\/wp-json\/wp\/v2\/users\/1"}],"replies":[{"embeddable":true,"href":"https:\/\/drhebertlamblet.com\/pt-br\/wp-json\/wp\/v2\/comments?post=3437"}],"version-history":[{"count":1,"href":"https:\/\/drhebertlamblet.com\/pt-br\/wp-json\/wp\/v2\/pages\/3437\/revisions"}],"predecessor-version":[{"id":3441,"href":"https:\/\/drhebertlamblet.com\/pt-br\/wp-json\/wp\/v2\/pages\/3437\/revisions\/3441"}],"wp:attachment":[{"href":"https:\/\/drhebertlamblet.com\/pt-br\/wp-json\/wp\/v2\/media?parent=3437"}],"curies":[{"name":"wp","href":"https:\/\/api.w.org\/{rel}","templated":true}]}}