{"id":3432,"date":"2019-04-26T20:18:12","date_gmt":"2019-04-26T20:18:12","guid":{"rendered":"https:\/\/drhebertlamblet.com\/cuidados-com-a-pele\/"},"modified":"2023-08-11T02:18:25","modified_gmt":"2023-08-11T02:18:25","slug":"cuidados-com-a-pele","status":"publish","type":"page","link":"https:\/\/drhebertlamblet.com\/pt-br\/nao-cirurgico\/cuidados-com-a-pele\/","title":{"rendered":"Cuidados com a pele"},"content":{"rendered":"  <div id=\"page-header-721913753\" class=\"page-header-wrapper\">\n  <div class=\"page-title light divided-title\">\n\n    \n    <div class=\"page-title-inner container align-center flex-row medium-flex-wrap\" >\n              <div class=\"title-wrapper flex-col text-left medium-text-center\">\n          <h1 class=\"entry-title mb-0\">\n            Cuidados com a pele          <\/h1>\n        <\/div>\n                    <div class=\"title-content flex-col flex-right text-right medium-text-center\">\n        <div class=\"title-breadcrumbs pb-half pt-half\"><\/div>      <\/div>\n    <\/div>\n\n       <\/div>\n  <div class=\"container header-wrapper-divider\"><hr\/><\/div>  <\/div>\n  \n\t<div id=\"gap-839991573\" class=\"gap-element clearfix\" style=\"display:block; height:auto;\">\n\t\t\n<style>\n#gap-839991573 {\n  padding-top: 30px;\n}\n<\/style>\n\t<\/div>\n\t\n<div class=\"row\"  id=\"row-2127480544\">\n\n\t<div id=\"col-607776044\" class=\"col small-12 large-12\"  >\n\t\t\t\t<div class=\"col-inner\"  >\n\t\t\t\n\t\t\t\n<p class=\"lead\" style=\"text-align: left;\">Al\u00e9m de procedimentos cir\u00fargicos como <a href=\"https:\/\/drhebertlamblet.com\/pt-br\/procedimentos-faciais\/lifting-facial\/\">lifting facial<\/a>, <a href=\"https:\/\/drhebertlamblet.com\/pt-br\/procedimentos-faciais\/rinoplastia-cirurgia-do-nariz\/\">rinoplastia<\/a> e <a href=\"https:\/\/drhebertlamblet.com\/pt-br\/nao-cirurgico\/enchimentos-dermicos-injectaveis\/\">tratamentos injet\u00e1veis<\/a> como Restylane\u00ae e Perlane\u00ae, nossa cl\u00ednica no Brasil oferece os benef\u00edcios rejuvenescedores dos peelings qu\u00edmicos e da microdermoabras\u00e3o.<\/p>\n\t\t<\/div>\n\t\t\t\t\t<\/div>\n\n\t\n<\/div>\n\t<div id=\"gap-1818365040\" class=\"gap-element clearfix\" style=\"display:block; height:auto;\">\n\t\t\n<style>\n#gap-1818365040 {\n  padding-top: 30px;\n}\n<\/style>\n\t<\/div>\n\t\n<div class=\"row\"  id=\"row-1385607130\">\n\n\t<div id=\"col-714183197\" class=\"col medium-6 small-12 large-6 col-divided\"  >\n\t\t\t\t<div class=\"col-inner\"  >\n\t\t\t\n\t\t\t\n\t<div class=\"img has-hover x md-x lg-x y md-y lg-y\" id=\"image_1985020631\">\n\t\t\t\t\t\t<div data-animate=\"fadeInLeft\">\t\t<div class=\"img-inner image-cover dark\" style=\"padding-top:68%;\">\n\t\t\t<img loading=\"lazy\" decoding=\"async\" width=\"812\" height=\"533\" src=\"https:\/\/drhebertlamblet.com\/wp-content\/uploads\/2019\/04\/Glycolic-Chemical-Peel-Treatment.png\" class=\"attachment-large size-large\" alt=\"Glycolic Chemical Peel Treatment\" srcset=\"https:\/\/drhebertlamblet.com\/wp-content\/uploads\/2019\/04\/Glycolic-Chemical-Peel-Treatment.png 812w, https:\/\/drhebertlamblet.com\/wp-content\/uploads\/2019\/04\/Glycolic-Chemical-Peel-Treatment-300x197.png 300w, https:\/\/drhebertlamblet.com\/wp-content\/uploads\/2019\/04\/Glycolic-Chemical-Peel-Treatment-768x504.png 768w\" sizes=\"auto, (max-width: 812px) 100vw, 812px\" \/>\t\t\t\t\t\t\n\t\t\t\t\t<\/div>\n\t\t<\/div>\t\t\t\t\t\t\n<style>\n#image_1985020631 {\n  width: 100%;\n}\n<\/style>\n\t<\/div>\n\t\n\t\t<\/div>\n\t\t\t\t\t<\/div>\n\n\t\n\n\t<div id=\"col-1076569463\" class=\"col medium-6 small-12 large-6\"  >\n\t\t\t\t<div class=\"col-inner\"  >\n\t\t\t\n\t\t\t\n<h3 id=\"gylcolic\">Peeling qu\u00edmico glic\u00f3lico<\/h3>\n<p>Um peeling qu\u00edmico glic\u00f3lico reduz a pigmenta\u00e7\u00e3o irregular, as rugas finas e os danos gerais causados pelo sol, removendo as camadas superficiais da pele afetada. A f\u00f3rmula de \u00e1cido glic\u00f3lico a 70% \u00e9 aplicada durante o per\u00edodo de tempo adequado e \u00e9 depois neutralizada. Ao longo das semanas seguintes, a pele liberta-se das suas camadas exteriores para revelar uma pele fresca, suave e uniformemente tonificada. Muitas \u00e1reas do rosto, pesco\u00e7o e peito podem ser tratadas com sucesso com um peeling glic\u00f3lico, incluindo as linhas e rugas \u00e0 volta da boca.<\/p>\n<a href=\"\/contact-us\" class=\"button secondary is-outline\" >\n\t\t<span>Marcar a sua consulta<\/span>\n\t<i class=\"icon-angle-right\" aria-hidden=\"true\"><\/i><\/a>\n\n\t\t<\/div>\n\t\t\t\t\t<\/div>\n\n\t\n<\/div>\n\t<div id=\"gap-2130517545\" class=\"gap-element clearfix hide-for-small\" style=\"display:block; height:auto;\">\n\t\t\n<style>\n#gap-2130517545 {\n  padding-top: 60px;\n}\n<\/style>\n\t<\/div>\n\t\n<div class=\"row\"  id=\"row-570964207\">\n\n\t<div id=\"col-1647824297\" class=\"col medium-6 small-12 large-6 col-divided\"  >\n\t\t\t\t<div class=\"col-inner\"  >\n\t\t\t\n\t\t\t\n\t<div class=\"img has-hover x md-x lg-x y md-y lg-y\" id=\"image_967339505\">\n\t\t\t\t\t\t<div data-animate=\"fadeInRight\">\t\t<div class=\"img-inner image-cover dark\" style=\"padding-top:60%;\">\n\t\t\t<img loading=\"lazy\" decoding=\"async\" width=\"1020\" height=\"680\" src=\"https:\/\/drhebertlamblet.com\/wp-content\/uploads\/2019\/04\/microdermabrasion-treatment-1024x683.jpg\" class=\"attachment-large size-large\" alt=\"Microdermabrasion treatment\" srcset=\"https:\/\/drhebertlamblet.com\/wp-content\/uploads\/2019\/04\/microdermabrasion-treatment-1024x683.jpg 1024w, https:\/\/drhebertlamblet.com\/wp-content\/uploads\/2019\/04\/microdermabrasion-treatment-300x200.jpg 300w, https:\/\/drhebertlamblet.com\/wp-content\/uploads\/2019\/04\/microdermabrasion-treatment-768x512.jpg 768w, https:\/\/drhebertlamblet.com\/wp-content\/uploads\/2019\/04\/microdermabrasion-treatment.jpg 1100w\" sizes=\"auto, (max-width: 1020px) 100vw, 1020px\" \/>\t\t\t\t\t\t\n\t\t\t\t\t<\/div>\n\t\t<\/div>\t\t\t\t\t\t\n<style>\n#image_967339505 {\n  width: 100%;\n}\n<\/style>\n\t<\/div>\n\t\n\t\t<\/div>\n\t\t\t\t\t<\/div>\n\n\t\n\n\t<div id=\"col-959724692\" class=\"col medium-6 small-12 large-6\"  >\n\t\t\t\t<div class=\"col-inner\"  >\n\t\t\t\n\t\t\t\n<h3 id=\"microderm\">Microdermoabras\u00e3o<\/h3>\n<p>A microdermoabras\u00e3o pode reduzir uma variedade de imperfei\u00e7\u00f5es da pele com resultados r\u00e1pidos e sem tempo de inatividade. Ideal para ser utilizada em todos os tipos e tons de pele, a microdermoabras\u00e3o \u00e9 um m\u00e9todo de esfolia\u00e7\u00e3o eficaz e praticamente indolor que desobstrui e refina os poros \u00e0 medida que remove uma camada superficial ba\u00e7a de c\u00e9lulas mortas da pele. Ap\u00f3s o tratamento, a pele parecer\u00e1 mais suave e com uma tonalidade mais uniforme. A microdermoabras\u00e3o \u00e9 mais frequentemente utilizada para tratar \u00e1reas do rosto, pesco\u00e7o, ombros, joelhos, cotovelos, peito, costas e m\u00e3os.<\/p>\n<a href=\"\/contact-us\" class=\"button secondary is-outline\" >\n\t\t<span>Marcar a sua consulta<\/span>\n\t<i class=\"icon-angle-right\" aria-hidden=\"true\"><\/i><\/a>\n\n\t\t<\/div>\n\t\t\t\t\t<\/div>\n\n\t\n<\/div>\n\t<div id=\"gap-747545019\" class=\"gap-element clearfix hide-for-small\" style=\"display:block; height:auto;\">\n\t\t\n<style>\n#gap-747545019 {\n  padding-top: 45px;\n}\n<\/style>\n\t<\/div>\n\t\n<div class=\"row\"  id=\"row-678955013\">\n\n\t<div id=\"col-1236855856\" class=\"col small-12 large-12\"  >\n\t\t\t\t<div class=\"col-inner\"  >\n\t\t\t\n\t\t\t\n<h3 id=\"products\">O nosso sistema de cuidados da pele<\/h3>\n<p>Oferecemos um regime de cuidados da pele eficaz que foi desenvolvido atrav\u00e9s de um estudo cuidadoso de muitos produtos de cuidados da pele de qualidade m\u00e9dica existentes no mercado. Este sistema terap\u00eautico anti-envelhecimento \u00e9 composto por quatro produtos: um protetor solar de largo espetro, um produto de limpeza com \u00e1cido glic\u00f3lico a 20%, um hidratante diurno com \u00e1cido glic\u00f3lico e um hidratante noturno com \u00e1cido retin\u00f3ico. \u00c9 poss\u00edvel observar uma melhoria significativa da textura e do tom da pele ap\u00f3s a utiliza\u00e7\u00e3o destes produtos durante um curto per\u00edodo de tempo. Ser\u00e1 vis\u00edvel uma redu\u00e7\u00e3o dr\u00e1stica dos sinais vis\u00edveis de envelhecimento e dos danos causados pelo sol. Este sistema de cuidados da pele \u00e9 ideal para utilizar ap\u00f3s um peeling de \u00e1cido glic\u00f3lico ou um tratamento de microdermoabras\u00e3o para melhorar e manter melhor os resultados.<\/p>\n<a href=\"\/contact-us\" class=\"button secondary is-outline\" >\n\t\t<span>Pedir uma consulta<\/span>\n\t<i class=\"icon-angle-right\" aria-hidden=\"true\"><\/i><\/a>\n\n\t\t<\/div>\n\t\t\t\t\t<\/div>\n\n\t\n<\/div>\n\t<div id=\"gap-23511675\" class=\"gap-element clearfix\" style=\"display:block; height:auto;\">\n\t\t\n<style>\n#gap-23511675 {\n  padding-top: 65px;\n}\n<\/style>\n\t<\/div>\n\t\n","protected":false},"excerpt":{"rendered":"","protected":false},"author":1,"featured_media":0,"parent":3448,"menu_order":0,"comment_status":"closed","ping_status":"closed","template":"page-blank.php","meta":{"footnotes":""},"class_list":["post-3432","page","type-page","status-publish","hentry"],"_links":{"self":[{"href":"https:\/\/drhebertlamblet.com\/pt-br\/wp-json\/wp\/v2\/pages\/3432","targetHints":{"allow":["GET"]}}],"collection":[{"href":"https:\/\/drhebertlamblet.com\/pt-br\/wp-json\/wp\/v2\/pages"}],"about":[{"href":"https:\/\/drhebertlamblet.com\/pt-br\/wp-json\/wp\/v2\/types\/page"}],"author":[{"embeddable":true,"href":"https:\/\/drhebertlamblet.com\/pt-br\/wp-json\/wp\/v2\/users\/1"}],"replies":[{"embeddable":true,"href":"https:\/\/drhebertlamblet.com\/pt-br\/wp-json\/wp\/v2\/comments?post=3432"}],"version-history":[{"count":1,"href":"https:\/\/drhebertlamblet.com\/pt-br\/wp-json\/wp\/v2\/pages\/3432\/revisions"}],"predecessor-version":[{"id":3436,"href":"https:\/\/drhebertlamblet.com\/pt-br\/wp-json\/wp\/v2\/pages\/3432\/revisions\/3436"}],"up":[{"embeddable":true,"href":"https:\/\/drhebertlamblet.com\/pt-br\/wp-json\/wp\/v2\/pages\/3448"}],"wp:attachment":[{"href":"https:\/\/drhebertlamblet.com\/pt-br\/wp-json\/wp\/v2\/media?parent=3432"}],"curies":[{"name":"wp","href":"https:\/\/api.w.org\/{rel}","templated":true}]}}