{"id":3431,"date":"2019-04-27T02:38:53","date_gmt":"2019-04-27T02:38:53","guid":{"rendered":"https:\/\/drhebertlamblet.com\/reducao-do-peito-masculino-ginecomastia\/"},"modified":"2023-08-11T02:18:25","modified_gmt":"2023-08-11T02:18:25","slug":"reducao-do-peito-masculino-ginecomastia","status":"publish","type":"page","link":"https:\/\/drhebertlamblet.com\/pt-br\/para-homens\/reducao-do-peito-masculino-ginecomastia\/","title":{"rendered":"Redu\u00e7\u00e3o do peito masculino (ginecomastia)"},"content":{"rendered":"  <div id=\"page-header-463059362\" class=\"page-header-wrapper\">\n  <div class=\"page-title light divided-title\">\n\n    \n    <div class=\"page-title-inner container align-center flex-row medium-flex-wrap\" >\n              <div class=\"title-wrapper flex-col text-left medium-text-center\">\n          <h1 class=\"entry-title mb-0\">\n            Redu\u00e7\u00e3o do peito masculino (ginecomastia)          <\/h1>\n        <\/div>\n                    <div class=\"title-content flex-col flex-right text-right medium-text-center\">\n        <div class=\"title-breadcrumbs pb-half pt-half\"><\/div>      <\/div>\n    <\/div>\n\n       <\/div>\n  <div class=\"container header-wrapper-divider\"><hr\/><\/div>  <\/div>\n  \n\t<div id=\"gap-612825906\" class=\"gap-element clearfix\" style=\"display:block; height:auto;\">\n\t\t\n<style>\n#gap-612825906 {\n  padding-top: 30px;\n}\n<\/style>\n\t<\/div>\n\t\n<div class=\"row\"  id=\"row-652017262\">\n\n\t<div id=\"col-419345227\" class=\"col medium-5 small-12 large-5 col-divided\"  >\n\t\t\t\t<div class=\"col-inner\"  >\n\t\t\t\n\t\t\t\n\t<div class=\"img has-hover x md-x lg-x y md-y lg-y\" id=\"image_2036299199\">\n\t\t\t\t\t\t<div data-animate=\"fadeInLeft\">\t\t<div class=\"img-inner image-cover dark\" style=\"padding-top:100%;\">\n\t\t\t<img loading=\"lazy\" decoding=\"async\" width=\"1019\" height=\"642\" src=\"https:\/\/drhebertlamblet.com\/wp-content\/uploads\/2019\/03\/breast_reduction_male.jpg\" class=\"attachment-large size-large\" alt=\"\" srcset=\"https:\/\/drhebertlamblet.com\/wp-content\/uploads\/2019\/03\/breast_reduction_male.jpg 1019w, https:\/\/drhebertlamblet.com\/wp-content\/uploads\/2019\/03\/breast_reduction_male-300x189.jpg 300w, https:\/\/drhebertlamblet.com\/wp-content\/uploads\/2019\/03\/breast_reduction_male-768x484.jpg 768w\" sizes=\"auto, (max-width: 1019px) 100vw, 1019px\" \/>\t\t\t\t\t\t\n\t\t\t\t\t<\/div>\n\t\t<\/div>\t\t\t\t\t\t\n<style>\n#image_2036299199 {\n  width: 100%;\n}\n<\/style>\n\t<\/div>\n\t\n\t\t<\/div>\n\t\t\t\t\t<\/div>\n\n\t\n\n\t<div id=\"col-1863808412\" class=\"col medium-7 small-12 large-7\"  >\n\t\t\t\t<div class=\"col-inner\"  >\n\t\t\t\n\t\t\t\n<h5 class=\"uppercase\">Procedimentos mam\u00e1rios para homens<\/h5>\n<p>A redu\u00e7\u00e3o do peito masculino \u00e9 o tratamento mais eficaz conhecido para a ginecomastia, ou aumento do peito masculino. Este procedimento de cirurgia est\u00e9tica remove o excesso de gordura e tecido glandular para restaurar um contorno mais plano, firme e masculino do peito.<\/p>\n<p>Se se sente desconfort\u00e1vel ou inseguro com a apar\u00eancia do seu peito, ou se evita certas actividades porque tem medo de mostrar o seu peito, a redu\u00e7\u00e3o mam\u00e1ria masculina \u00e9 uma op\u00e7\u00e3o a considerar.<\/p>\n<p>Com a ajuda do Dr. Lamblet, o procedimento oferece melhorias dram\u00e1ticas e quase imediatas com cicatrizes m\u00ednimas.<\/p>\n<a href=\"\/contact-us\" class=\"button secondary is-outline\" >\n\t\t<span>Pedir uma consulta<\/span>\n\t<i class=\"icon-angle-right\" aria-hidden=\"true\"><\/i><\/a>\n\n\t\t<\/div>\n\t\t\t\t\t<\/div>\n\n\t\n<\/div>\n\t<div id=\"gap-819963158\" class=\"gap-element clearfix\" style=\"display:block; height:auto;\">\n\t\t\n<style>\n#gap-819963158 {\n  padding-top: 30px;\n}\n<\/style>\n\t<\/div>\n\t\n<div class=\"row\"  id=\"row-346496048\">\n\n\t<div id=\"col-469480038\" class=\"col medium-6 small-12 large-6\"  >\n\t\t\t\t<div class=\"col-inner\"  >\n\t\t\t\n\t\t\t\n\t<div id=\"gap-1418160187\" class=\"gap-element clearfix hide-for-small\" style=\"display:block; height:auto;\">\n\t\t\n<style>\n#gap-1418160187 {\n  padding-top: 30px;\n}\n<\/style>\n\t<\/div>\n\t\n<h2>Acerca da ginecomastia<\/h2>\n<p>A ginecomastia \u00e9 um aumento ou incha\u00e7o do tecido mam\u00e1rio nos homens. \u00c9 mais frequentemente causada por n\u00edveis masculinos de estrog\u00e9nio demasiado elevados ou desequilibrados em rela\u00e7\u00e3o aos n\u00edveis de testosterona.<\/p>\n<p>A ginecomastia \u00e9 mais frequentemente causada por um desequil\u00edbrio entre as hormonas estrog\u00e9nio e testosterona. O estrog\u00e9nio controla as caracter\u00edsticas femininas, incluindo o crescimento dos seios. A testosterona controla as caracter\u00edsticas masculinas, como a massa muscular e os p\u00ealos do corpo. Embora cada uma destas hormonas produza as caracter\u00edsticas habituais observadas nos homens e nas mulheres, os homens produzem uma pequena quantidade de estrog\u00e9nio e as mulheres produzem uma pequena quantidade de testosterona. Os n\u00edveis de estrog\u00e9nio masculino demasiado elevados ou desequilibrados em rela\u00e7\u00e3o aos n\u00edveis de testosterona provocam ginecomastia.<\/p>\n\t\t<\/div>\n\t\t\t\t\t<\/div>\n\n\t\n\n\t<div id=\"col-685939343\" class=\"col medium-6 small-12 large-6\"  >\n\t\t\t\t<div class=\"col-inner\"  >\n\t\t\t\n\t\t\t\n\t<div id=\"gap-1355824944\" class=\"gap-element clearfix hide-for-small\" style=\"display:block; height:auto;\">\n\t\t\n<style>\n#gap-1355824944 {\n  padding-top: 90px;\n}\n<\/style>\n\t<\/div>\n\t\n\t<div class=\"box has-hover   has-hover box-bounce box-text-bottom\" >\n\n\t\t<div class=\"box-image\" >\n\t\t\t\t\t\t<div class=\"\" >\n\t\t\t\t<img loading=\"lazy\" decoding=\"async\" width=\"940\" height=\"351\" src=\"https:\/\/drhebertlamblet.com\/wp-content\/uploads\/2019\/04\/gynecomastia-grades.png\" class=\"attachment- size-\" alt=\"\" srcset=\"https:\/\/drhebertlamblet.com\/wp-content\/uploads\/2019\/04\/gynecomastia-grades.png 940w, https:\/\/drhebertlamblet.com\/wp-content\/uploads\/2019\/04\/gynecomastia-grades-300x112.png 300w, https:\/\/drhebertlamblet.com\/wp-content\/uploads\/2019\/04\/gynecomastia-grades-768x287.png 768w\" sizes=\"auto, (max-width: 940px) 100vw, 940px\" \/>\t\t\t\t\t\t\t\t\t\t\t<\/div>\n\t\t\t\t\t<\/div>\n\n\t\t<div class=\"box-text text-center\" >\n\t\t\t<div class=\"box-text-inner\">\n\t\t\t\t\n<h4>GRAUS DE GINECOMASTIA<\/h4>\n<p>IF= PREGA INFRAMAM\u00c1RIA<\/p>\n\t\t\t<\/div>\n\t\t<\/div>\n\t<\/div>\n\t\n\t\t<\/div>\n\t\t\t\t\t<\/div>\n\n\t\n<\/div>\n\t<div id=\"gap-1101712127\" class=\"gap-element clearfix\" style=\"display:block; height:auto;\">\n\t\t\n<style>\n#gap-1101712127 {\n  padding-top: 65px;\n}\n<\/style>\n\t<\/div>\n\t\n","protected":false},"excerpt":{"rendered":"","protected":false},"author":1,"featured_media":0,"parent":3440,"menu_order":0,"comment_status":"closed","ping_status":"closed","template":"page-blank.php","meta":{"footnotes":""},"class_list":["post-3431","page","type-page","status-publish","hentry"],"_links":{"self":[{"href":"https:\/\/drhebertlamblet.com\/pt-br\/wp-json\/wp\/v2\/pages\/3431","targetHints":{"allow":["GET"]}}],"collection":[{"href":"https:\/\/drhebertlamblet.com\/pt-br\/wp-json\/wp\/v2\/pages"}],"about":[{"href":"https:\/\/drhebertlamblet.com\/pt-br\/wp-json\/wp\/v2\/types\/page"}],"author":[{"embeddable":true,"href":"https:\/\/drhebertlamblet.com\/pt-br\/wp-json\/wp\/v2\/users\/1"}],"replies":[{"embeddable":true,"href":"https:\/\/drhebertlamblet.com\/pt-br\/wp-json\/wp\/v2\/comments?post=3431"}],"version-history":[{"count":1,"href":"https:\/\/drhebertlamblet.com\/pt-br\/wp-json\/wp\/v2\/pages\/3431\/revisions"}],"predecessor-version":[{"id":3435,"href":"https:\/\/drhebertlamblet.com\/pt-br\/wp-json\/wp\/v2\/pages\/3431\/revisions\/3435"}],"up":[{"embeddable":true,"href":"https:\/\/drhebertlamblet.com\/pt-br\/wp-json\/wp\/v2\/pages\/3440"}],"wp:attachment":[{"href":"https:\/\/drhebertlamblet.com\/pt-br\/wp-json\/wp\/v2\/media?parent=3431"}],"curies":[{"name":"wp","href":"https:\/\/api.w.org\/{rel}","templated":true}]}}