{"id":3428,"date":"2021-07-21T01:28:23","date_gmt":"2021-07-21T01:28:23","guid":{"rendered":"https:\/\/drhebertlamblet.com\/contacte-nos-testes-aleatorios\/"},"modified":"2023-08-11T03:11:55","modified_gmt":"2023-08-11T03:11:55","slug":"contacte-nos-testes-aleatorios","status":"publish","type":"page","link":"https:\/\/drhebertlamblet.com\/pt-br\/contacte-nos-testes-aleatorios\/","title":{"rendered":"Contacte-nos (testes aleat\u00f3rios)"},"content":{"rendered":"\n\n\t<section class=\"section\" id=\"section_1126019936\">\n\t\t<div class=\"section-bg fill\" >\n\t\t\t<img loading=\"lazy\" decoding=\"async\" width=\"2000\" height=\"530\" src=\"https:\/\/drhebertlamblet.com\/wp-content\/uploads\/2019\/03\/download-7.jpg\" class=\"bg attachment-original size-original\" alt=\"\" \/>\t\t\t\t\t\t\n\t\t\t\n\n\t\t<\/div>\n\n\t\t\n\n\t\t<div class=\"section-content relative\">\n\t\t\t\n\n<div class=\"row\"  id=\"row-660521145\">\n\n\n\t<div id=\"col-814504828\" class=\"col medium-7 small-12 large-7\"  >\n\t\t\t\t<div class=\"col-inner\"  >\n\t\t\t\n\t\t\t\n\n<h1 class=\"uppercase\" style=\"text-align: center;\">vamos come\u00e7ar com a SUA consulta<\/h1>\n<h3 class=\"thin-font\" style=\"text-align: center;\">E discutir os objectivos que deseja alcan\u00e7ar atrav\u00e9s de&nbsp;<br>cirurgia est\u00e9tica &#8211; sem compromisso.&nbsp;<\/h3>\n\n\t\t<\/div>\n\t\t\t\t\n<style>\n#col-814504828 > .col-inner {\n  margin: 0px 0px 0px 0px;\n}\n<\/style>\n\t<\/div>\n\n\t\n\n<\/div>\n\n\t\t<\/div>\n\n\t\t\n<style>\n#section_1126019936 {\n  padding-top: 57px;\n  padding-bottom: 57px;\n}\n#section_1126019936 .section-bg img {\n  object-position: 44% 31%;\n}\n<\/style>\n\t<\/section>\n\t\n\t<div id=\"gap-1019852062\" class=\"gap-element clearfix\" style=\"display:block; height:auto;\">\n\t\t\n<style>\n#gap-1019852062 {\n  padding-top: 30px;\n}\n<\/style>\n\t<\/div>\n\t\n\n<div class=\"container section-title-container\" ><h3 class=\"section-title section-title-bold-center\"><b aria-hidden=\"true\"><\/b><span class=\"section-title-main\" >Duas op\u00e7\u00f5es \u00e0 escolha<\/span><b aria-hidden=\"true\"><\/b><\/h3><\/div>\n\n<div class=\"row\"  id=\"row-242836449\">\n\n\n\t<div id=\"col-1334209918\" class=\"col medium-5 small-12 large-5 col-divided\"  >\n\t\t\t\t<div class=\"col-inner\"  >\n\t\t\t\n\t\t\t\n\n<h3><strong>#1 &#8211; Solicite uma avalia\u00e7\u00e3o r\u00e1pida preenchendo o formul\u00e1rio  <br><\/strong><\/h3>\n<p>Preencha o formul\u00e1rio de avalia\u00e7\u00e3o r\u00e1pida. O seu pedido ser\u00e1 analisado pela nossa equipa e entraremos em contacto consigo em breve.<\/p>\n\n\t\t<\/div>\n\t\t\t\t\t<\/div>\n\n\t\n\n\t<div id=\"col-611913488\" class=\"col medium-5 small-12 large-5\"  >\n\t\t\t\t<div class=\"col-inner\"  >\n\t\t\t\n\t\t\t\n\n<div class=\"forminator-ui forminator-custom-form forminator-custom-form-1534 forminator-design--bold  forminator_ajax\" data-forminator-render=\"0\" data-form=\"forminator-module-1534\" data-uid=\"69de21172ee14\"><br\/><\/div><form\r\n\t\t\t\tid=\"forminator-module-1534\"\r\n\t\t\t\tclass=\"forminator-ui forminator-custom-form forminator-custom-form-1534 forminator-design--bold  forminator_ajax\"\r\n\t\t\t\tmethod=\"post\"\r\n\t\t\t\tdata-forminator-render=\"0\"\r\n\t\t\t\tdata-form-id=\"1534\"\r\n\t\t\t\t data-color-option=\"default\" data-design=\"bold\" data-grid=\"open\" style=\"display: none;\"\r\n\t\t\t\tdata-uid=\"69de21172ee14\"\r\n\t\t\t><div role=\"alert\" aria-live=\"polite\" class=\"forminator-response-message forminator-error\" aria-hidden=\"true\"><\/div><div\r\n\t\t\t\ttabindex=\"-1\"\r\n\t\t\t\trole=\"tabpanel\"\r\n\t\t\t\tid=\"forminator-custom-form-1534--page-0\"\r\n\t\t\t\tclass=\"forminator-pagination forminator-pagination-start\"\r\n\t\t\t\taria-labelledby=\"forminator-custom-form-1534--page-0-label\"\r\n\t\t\t\tdata-step=\"0\"\r\n\t\t\t\tdata-label=\"Submit\"\r\n\t\t\t\tdata-actual-label=\"Procedures\"\r\n\t\t\t\tdata-name=\"page-break-1\"\r\n\t\t\t><div class=\"forminator-pagination--content\"><div class=\"forminator-row\"><div id=\"checkbox-1\" class=\"forminator-field-checkbox forminator-col forminator-col-12 \"><div role=\"group\" class=\"forminator-field required\" aria-labelledby=\"forminator-checkbox-group-forminator-field-checkbox-1-69de21172ee14-label\"><span id=\"forminator-checkbox-group-forminator-field-checkbox-1-69de21172ee14-label\" class=\"forminator-label\">Which procedure(s) are you interested? (required) <span class=\"forminator-required\">*<\/span><\/span><label id=\"forminator-field-checkbox-1-1-69de21172ee14-label\" for=\"forminator-field-checkbox-1-1-69de21172ee14\" class=\"forminator-checkbox\" title=\"Breast procedures\"><input type=\"checkbox\" name=\"checkbox-1[]\" value=\"Breast procedures\" id=\"forminator-field-checkbox-1-1-69de21172ee14\" aria-labelledby=\"forminator-field-checkbox-1-1-69de21172ee14-label\" data-calculation=\"0\"  \/><span class=\"forminator-checkbox-box\" aria-hidden=\"true\"><\/span><span class=\"forminator-checkbox-label\">Breast procedures<\/span><\/label><label id=\"forminator-field-checkbox-1-2-69de21172ee14-label\" for=\"forminator-field-checkbox-1-2-69de21172ee14\" class=\"forminator-checkbox\" title=\"Body procedures\"><input type=\"checkbox\" name=\"checkbox-1[]\" value=\"Body procedures\" id=\"forminator-field-checkbox-1-2-69de21172ee14\" aria-labelledby=\"forminator-field-checkbox-1-2-69de21172ee14-label\" data-calculation=\"0\"  \/><span class=\"forminator-checkbox-box\" aria-hidden=\"true\"><\/span><span class=\"forminator-checkbox-label\">Body procedures<\/span><\/label><label id=\"forminator-field-checkbox-1-3-69de21172ee14-label\" for=\"forminator-field-checkbox-1-3-69de21172ee14\" class=\"forminator-checkbox\" title=\"Facial procedures\"><input type=\"checkbox\" name=\"checkbox-1[]\" value=\"Facial procedures\" id=\"forminator-field-checkbox-1-3-69de21172ee14\" aria-labelledby=\"forminator-field-checkbox-1-3-69de21172ee14-label\" data-calculation=\"0\"  \/><span class=\"forminator-checkbox-box\" aria-hidden=\"true\"><\/span><span class=\"forminator-checkbox-label\">Facial procedures<\/span><\/label><label id=\"forminator-field-checkbox-1-4-69de21172ee14-label\" for=\"forminator-field-checkbox-1-4-69de21172ee14\" class=\"forminator-checkbox\" title=\"Non-surgical\"><input type=\"checkbox\" name=\"checkbox-1[]\" value=\"Non-surgical\" id=\"forminator-field-checkbox-1-4-69de21172ee14\" aria-labelledby=\"forminator-field-checkbox-1-4-69de21172ee14-label\" data-calculation=\"0\"  \/><span class=\"forminator-checkbox-box\" aria-hidden=\"true\"><\/span><span class=\"forminator-checkbox-label\">Non-surgical<\/span><\/label><label id=\"forminator-field-checkbox-1-5-69de21172ee14-label\" for=\"forminator-field-checkbox-1-5-69de21172ee14\" class=\"forminator-checkbox\" title=\"Other(s)\"><input type=\"checkbox\" name=\"checkbox-1[]\" value=\"Other(s)\" id=\"forminator-field-checkbox-1-5-69de21172ee14\" aria-labelledby=\"forminator-field-checkbox-1-5-69de21172ee14-label\" data-calculation=\"0\"  \/><span class=\"forminator-checkbox-box\" aria-hidden=\"true\"><\/span><span class=\"forminator-checkbox-label\">Other(s)<\/span><\/label><\/div><\/div><\/div><\/div><\/div><div\r\n\t\t\t\ttabindex=\"-1\"\r\n\t\t\t\trole=\"tabpanel\"\r\n\t\t\t\tid=\"forminator-custom-form-1534--page-1\"\r\n\t\t\t\tclass=\"forminator-pagination\"\r\n\t\t\t\taria-labelledby=\"forminator-custom-form-1534--page-1-label\"\r\n\t\t\t\taria-hidden=\"true\"\r\n\t\t\t\tdata-step=\"1\"\r\n\t\t\t\tdata-label=\"Procedures\"\r\n\t\t\t\tdata-actual-label=\"Contact\"\r\n\t\t\t\tdata-name=\"page-break-2\"\r\n\t\t\t\thidden\r\n\t\t\t><div class=\"forminator-pagination--content\"><div class=\"forminator-row\"><div id=\"text-1\" class=\"forminator-field-text forminator-col forminator-col-12 \"><div class=\"forminator-field\"><label for=\"forminator-field-text-1_69de21172ee14\" id=\"forminator-field-text-1_69de21172ee14-label\" class=\"forminator-label\">Your Name (required) <span class=\"forminator-required\">*<\/span><\/label><input type=\"text\" name=\"text-1\" value=\"\" placeholder=\"\" id=\"forminator-field-text-1_69de21172ee14\" class=\"forminator-input forminator-name--field\" data-required=\"1\" \/><\/div><\/div><\/div><div class=\"forminator-row\"><div id=\"email-1\" class=\"forminator-field-email forminator-col forminator-col-12 \"><div class=\"forminator-field\"><label for=\"forminator-field-email-1_69de21172ee14\" id=\"forminator-field-email-1_69de21172ee14-label\" class=\"forminator-label\">Your Email (required) <span class=\"forminator-required\">*<\/span><\/label><input type=\"email\" name=\"email-1\" value=\"\" placeholder=\"\" id=\"forminator-field-email-1_69de21172ee14\" class=\"forminator-input forminator-email--field\" data-required=\"1\" aria-required=\"true\" autocomplete=\"email\" \/><\/div><\/div><\/div><div class=\"forminator-row\"><div id=\"phone-1\" class=\"forminator-field-phone forminator-col forminator-col-12 \"><div class=\"forminator-field\"><label for=\"forminator-field-phone-1_69de21172ee14\" id=\"forminator-field-phone-1_69de21172ee14-label\" class=\"forminator-label\">Would you like a call back?<\/label><input type=\"text\" name=\"phone-1\" value=\"\" placeholder=\"Phone number\" id=\"forminator-field-phone-1_69de21172ee14\" class=\"forminator-input forminator-field--phone\" data-required=\"\" aria-required=\"false\" autocomplete=\"off\" \/><\/div><\/div><\/div><\/div><\/div><div\r\n\t\t\t\ttabindex=\"-1\"\r\n\t\t\t\trole=\"tabpanel\"\r\n\t\t\t\tid=\"forminator-custom-form-1534--page-2\"\r\n\t\t\t\tclass=\"forminator-pagination\"\r\n\t\t\t\taria-labelledby=\"forminator-custom-form-1534--page-2-label\"\r\n\t\t\t\taria-hidden=\"true\"\r\n\t\t\t\tdata-step=\"2\"\r\n\t\t\t\tdata-label=\"Contact\"\r\n\t\t\t\tdata-actual-label=\"Submit\"\r\n\t\t\t\tdata-name=\"\"\r\n\t\t\t\thidden\r\n\t\t\t><div class=\"forminator-pagination--content\"><div class=\"forminator-row\"><div id=\"textarea-1\" class=\"forminator-field-textarea forminator-col forminator-col-12 \"><div class=\"forminator-field\"><label for=\"forminator-field-textarea-1_69de21172ee14\" id=\"forminator-field-textarea-1_69de21172ee14-label\" class=\"forminator-label\">Your case details <span class=\"forminator-required\">*<\/span><\/label><textarea name=\"textarea-1\" placeholder=\"Please enter as much details about your case as possible.\" id=\"forminator-field-textarea-1_69de21172ee14\" class=\"forminator-textarea\" rows=\"6\" style=\"min-height:140px;\" ><\/textarea><\/div><\/div><\/div><div class=\"forminator-row\" style=\"margin: 0;\"><div id=\"captcha-1\" class=\"forminator-field-captcha  forminator-col-12 \"><div class=\"forminator-captcha-left forminator-g-recaptcha recaptcha-invisible\" data-theme=\"light\" data-badge=\"inline\" data-sitekey=\"6LfKyd0UAAAAANktDL46XPrV6F0r9QKxMTYgR5Pm\" data-size=\"invisible\"><\/div> <\/div><\/div><\/div><button class=\"forminator-button forminator-pagination-submit\" style=\"display: none;\" disabled>Send<\/button><\/div><input type=\"hidden\" name=\"referer_url\" value=\"\" \/><input type=\"hidden\" id=\"forminator_nonce\" name=\"forminator_nonce\" value=\"80b33d8c19\" \/><input type=\"hidden\" name=\"_wp_http_referer\" value=\"\/pt-br\/wp-json\/wp\/v2\/pages\/3428\" \/><input type=\"hidden\" name=\"form_id\" value=\"1534\"><input type=\"hidden\" name=\"page_id\" value=\"3428\"><input type=\"hidden\" name=\"form_type\" value=\"\"><input type=\"hidden\" name=\"current_url\" value=\"https:\/\/drhebertlamblet.com\/pt-br\/contacte-nos-testes-aleatorios\/\"><input type=\"hidden\" name=\"render_id\" value=\"0\"><input type=\"hidden\" name=\"action\" value=\"forminator_submit_form_custom-forms\"><\/form>\n\n\t\t<\/div>\n\t\t\t\t\t<\/div>\n\n\t\n\n<\/div>\n\t<div id=\"gap-1676329181\" class=\"gap-element clearfix\" style=\"display:block; height:auto;\">\n\t\t\n<style>\n#gap-1676329181 {\n  padding-top: 50px;\n}\n<\/style>\n\t<\/div>\n\t\n\n<div class=\"row\"  id=\"row-1018858280\">\n\n\n\t<div id=\"col-1459839168\" class=\"col medium-7 small-12 large-7\"  >\n\t\t\t\t<div class=\"col-inner\"  >\n\t\t\t\n\t\t\t\n\n<h3 class=\"lead\" style=\"text-align: left;\">#2 &#8211; Obtenha uma consulta privada online com o Dr. Lamblet para discutir o seu caso em pormenor<\/h3>\n<div class=\"row row-collapse align-middle\"  id=\"row-265669191\">\n\n\n\t<div id=\"col-331824829\" class=\"col medium-6 small-12 large-6\"  >\n\t\t\t\t<div class=\"col-inner\"  >\n\t\t\t\n\t\t\t\n\n\t<div class=\"img has-hover x md-x lg-x y md-y lg-y\" id=\"image_228491021\">\n\t\t\t\t\t\t\t\t<div class=\"img-inner dark\" >\n\t\t\t<img loading=\"lazy\" decoding=\"async\" width=\"500\" height=\"367\" src=\"https:\/\/drhebertlamblet.com\/wp-content\/uploads\/2021\/07\/Dr.Hebert_Lamblet_Video_Call.png\" class=\"attachment-large size-large\" alt=\"Online Consultation with Dr. Hebert Lamblet\" srcset=\"https:\/\/drhebertlamblet.com\/wp-content\/uploads\/2021\/07\/Dr.Hebert_Lamblet_Video_Call.png 500w, https:\/\/drhebertlamblet.com\/wp-content\/uploads\/2021\/07\/Dr.Hebert_Lamblet_Video_Call-300x220.png 300w\" sizes=\"auto, (max-width: 500px) 100vw, 500px\" \/>\t\t\t\t\t\t\n\t\t\t\t\t<\/div>\n\t\t\t\t\t\t\t\t\n<style>\n#image_228491021 {\n  width: 100%;\n}\n<\/style>\n\t<\/div>\n\t\n\n\n\t\t<\/div>\n\t\t\t\t\t<\/div>\n\n\t\n\n\t<div id=\"col-1899244709\" class=\"col medium-6 small-12 large-6\"  >\n\t\t\t\t<div class=\"col-inner\"  >\n\t\t\t\n\t\t\t\n\n<p style=\"text-align: left;\">Junte-se ao Dr. Lamblet numa videochamada privada em linha para discutir o seu caso espec\u00edfico e os procedimentos em pormenor. Ter\u00e1 a oportunidade de fazer perguntas, expressar as suas preocupa\u00e7\u00f5es e obter respostas diretamente do pr\u00f3prio Dr. Lamblet.<\/p>\n\n\t\t<\/div>\n\t\t\t\t\t<\/div>\n\n\t\n\n<\/div>\n<p style=\"text-align: center;\"><div class=\"asp_product_buy_button\"><div class=\"asp-processing-cont\" style=\"display:none;\"><span class=\"asp-processing\">Processing <i>.<\/i><i>.<\/i><i>.<\/i><\/span><\/div><form id=\"asp_ng_form_069de211731be9\" class=\"asp-stripe-form\" action=\"\"  method=\"POST\"> <input type=\"hidden\" name=\"asp_product_id\" value=\"1496\" \/><div class=\"asp-child-hidden-fields\" style=\"display: none !important;\"><\/div><\/form><div id=\"asp-all-buttons-container-069de211731be9\" class=\"asp_all_buttons_container\"><div class=\"asp_product_buy_btn_container\"><button id=\"asp_ng_button_069de211731be9\" type=\"submit\" class=\"asp_product_buy_btn blue\" ><span>BOOK YOUR PRIVATE CONSULTATION NOW<\/span><\/button><\/div><noscript>Stripe Payments requires Javascript to be supported by the browser in order to operate.<\/noscript><\/div><div id=\"asp-btn-spinner-container-069de211731be9\" class=\"asp-btn-spinner-container\" style=\"display: none !important\"><div class=\"asp-btn-spinner\"><div><\/div><div><\/div><div><\/div><div><\/div><\/div><\/div><script>var asp_data_069de211731be9 = {\"is_live\":true,\"product_id\":1496,\"iframe_url\":\"https:\\\/\\\/drhebertlamblet.com\\\/pt-br\\\/asp-payment-box\\\/?product_id=1496\",\"button_key\":\"db54c142973487382d865fd9e2b143a9\",\"item_price\":8000,\"quantity\":1,\"custom_quantity\":\"\",\"description\":\"A private online consultation with Dr. Hebert Lamblet (30 minutes).\",\"descrGenerated\":false,\"shipping\":0,\"tax\":0,\"image\":\"https:\\\/\\\/drhebertlamblet.com\\\/wp-content\\\/uploads\\\/2021\\\/07\\\/asp_product_1496_thumb_4f04cea816685ba3a14e7a0780a44dbf.jpg\",\"currency\":\"USD\",\"currency_variable\":\"\",\"locale\":\"auto\",\"name\":\"Online Consultation with Dr. Lamblet\",\"url\":\"\",\"amount\":8000,\"billingAddress\":true,\"shippingAddress\":false,\"customer_email\":\"\",\"uniq_id\":\"069de211731be9\",\"variable\":false,\"zeroCents\":[\"JPY\",\"MGA\",\"VND\",\"KRW\"],\"addonHooks\":[\"recaptcha\"],\"button_text\":\"BOOK YOUR PRIVATE CONSULTATION NOW\",\"out_of_stock\":false,\"stock_control_enabled\":false,\"stock_items\":0,\"currencyFormat\":{\"c\":2,\"d\":\".\",\"t\":\",\",\"s\":\"$\",\"pos\":\"left\"},\"displayStr\":{\"tax\":\"%s (tax)\",\"ship\":\"%s (shipping)\"},\"thankyou_page_url\":\"aHR0cHM6Ly9kcmhlYmVydGxhbWJsZXQuY29tL2NvbnN1bHRhdGlvbi1wYWlkLw==\",\"show_custom_amount_input\":false,\"recaptchaSiteKey\":\"6LfSBxkiAAAAAABqNdgdkxVo6F8e70hSjtAm9ydO\"};if(typeof jQuery!==\"undefined\") {jQuery(document).ready(function() {new stripeHandlerNG(asp_data_069de211731be9);});} else { if (typeof wpaspInitOnDocReady===\"undefined\") {var wpaspInitOnDocReady=[];} wpaspInitOnDocReady.push(asp_data_069de211731be9);}<\/script><\/div> <\/p>\n<p> <em>*Ap\u00f3s o pagamento, ser\u00e1 redireccionado para uma p\u00e1gina onde poder\u00e1 introduzir os seus dados e selecionar a data preferida para a consulta em linha.<\/em><\/p>\n\t<div id=\"gap-142878322\" class=\"gap-element clearfix\" style=\"display:block; height:auto;\">\n\t\t\n<style>\n#gap-142878322 {\n  padding-top: 20px;\n}\n<\/style>\n\t<\/div>\n\t\n\n\n\t\t<\/div>\n\t\t\t\t\t<\/div>\n\n\t\n\n\t<div id=\"col-1001637220\" class=\"col medium-5 small-12 large-5 col-divided\"  >\n\t\t\t\t<div class=\"col-inner\"  >\n\t\t\t\n\t\t\t\n\n<div class=\"row\"  id=\"row-1841588768\">\n\n\n\t<div id=\"col-104394135\" class=\"col small-12 large-12\"  >\n\t\t\t\t<div class=\"col-inner\"  >\n\t\t\t\n\t\t\t\n\n<p><strong>O custo de uma consulta em linha \u00e9 de 80 USD, incluindo:<\/strong><\/p>\n<ul>\n<li class=\"bullet-checkmark\">Uma consulta em v\u00eddeo via Zoom ou Google Meet<\/li>\n<li class=\"bullet-checkmark\">At\u00e9 30 minutos de tempo exclusivo com o Dr. Lamblet<\/li>\n<li class=\"bullet-checkmark\">Privado e confidencial: discutir \/ apresentar todos os pormenores que desejar<\/li>\n<li class=\"bullet-checkmark\">A forma mais eficaz de descobrir as suas melhores op\u00e7\u00f5es de procedimento<\/li>\n<\/ul>\n\n\t\t<\/div>\n\t\t\t\t\t<\/div>\n\n\t\n\n<\/div>\n\n\t\t<\/div>\n\t\t\t\t\t<\/div>\n\n\t\n\n<\/div>\n\t<div id=\"gap-370808952\" class=\"gap-element clearfix\" style=\"display:block; height:auto;\">\n\t\t\n<style>\n#gap-370808952 {\n  padding-top: 60px;\n}\n<\/style>\n\t<\/div>\n\t\n\n\n","protected":false},"excerpt":{"rendered":"","protected":false},"author":1,"featured_media":0,"parent":0,"menu_order":0,"comment_status":"closed","ping_status":"closed","template":"page-blank.php","meta":{"footnotes":""},"class_list":["post-3428","page","type-page","status-publish","hentry"],"_links":{"self":[{"href":"https:\/\/drhebertlamblet.com\/pt-br\/wp-json\/wp\/v2\/pages\/3428","targetHints":{"allow":["GET"]}}],"collection":[{"href":"https:\/\/drhebertlamblet.com\/pt-br\/wp-json\/wp\/v2\/pages"}],"about":[{"href":"https:\/\/drhebertlamblet.com\/pt-br\/wp-json\/wp\/v2\/types\/page"}],"author":[{"embeddable":true,"href":"https:\/\/drhebertlamblet.com\/pt-br\/wp-json\/wp\/v2\/users\/1"}],"replies":[{"embeddable":true,"href":"https:\/\/drhebertlamblet.com\/pt-br\/wp-json\/wp\/v2\/comments?post=3428"}],"version-history":[{"count":2,"href":"https:\/\/drhebertlamblet.com\/pt-br\/wp-json\/wp\/v2\/pages\/3428\/revisions"}],"predecessor-version":[{"id":3508,"href":"https:\/\/drhebertlamblet.com\/pt-br\/wp-json\/wp\/v2\/pages\/3428\/revisions\/3508"}],"wp:attachment":[{"href":"https:\/\/drhebertlamblet.com\/pt-br\/wp-json\/wp\/v2\/media?parent=3428"}],"curies":[{"name":"wp","href":"https:\/\/api.w.org\/{rel}","templated":true}]}}