{"id":3426,"date":"2019-04-16T00:06:49","date_gmt":"2019-04-16T00:06:49","guid":{"rendered":"https:\/\/drhebertlamblet.com\/lipoaspiracao\/"},"modified":"2023-08-11T02:18:24","modified_gmt":"2023-08-11T02:18:24","slug":"lipoaspiracao","status":"publish","type":"page","link":"https:\/\/drhebertlamblet.com\/pt-br\/procedimentos-corporais\/lipoaspiracao\/","title":{"rendered":"Lipoaspira\u00e7\u00e3o"},"content":{"rendered":"  <div id=\"page-header-1549478896\" class=\"page-header-wrapper\">\n  <div class=\"page-title light divided-title\">\n\n    \n    <div class=\"page-title-inner container align-center flex-row medium-flex-wrap\" >\n              <div class=\"title-wrapper flex-col text-left medium-text-center\">\n          <h1 class=\"entry-title mb-0\">\n            Lipoaspira\u00e7\u00e3o          <\/h1>\n        <\/div>\n                    <div class=\"title-content flex-col flex-right text-right medium-text-center\">\n        <div class=\"title-breadcrumbs pb-half pt-half\"><\/div>      <\/div>\n    <\/div>\n\n       <\/div>\n  <div class=\"container header-wrapper-divider\"><hr\/><\/div>  <\/div>\n  \n\t<div id=\"gap-1222159842\" class=\"gap-element clearfix\" style=\"display:block; height:auto;\">\n\t\t\n<style>\n#gap-1222159842 {\n  padding-top: 30px;\n}\n<\/style>\n\t<\/div>\n\t\n<div class=\"row\"  id=\"row-1650249557\">\n\n\t<div id=\"col-874150835\" class=\"col medium-5 small-12 large-5 col-divided\"  >\n\t\t\t\t<div class=\"col-inner\"  >\n\t\t\t\n\t\t\t\n\t<div class=\"img has-hover x md-x lg-x y md-y lg-y\" id=\"image_892278077\">\n\t\t\t\t\t\t<div data-animate=\"fadeInLeft\">\t\t<div class=\"img-inner image-cover dark\" style=\"padding-top:100%;\">\n\t\t\t<img loading=\"lazy\" decoding=\"async\" width=\"1000\" height=\"667\" src=\"https:\/\/drhebertlamblet.com\/wp-content\/uploads\/2019\/03\/liposuction_surgery.jpg\" class=\"attachment-large size-large\" alt=\"\" srcset=\"https:\/\/drhebertlamblet.com\/wp-content\/uploads\/2019\/03\/liposuction_surgery.jpg 1000w, https:\/\/drhebertlamblet.com\/wp-content\/uploads\/2019\/03\/liposuction_surgery-300x200.jpg 300w, https:\/\/drhebertlamblet.com\/wp-content\/uploads\/2019\/03\/liposuction_surgery-768x512.jpg 768w\" sizes=\"auto, (max-width: 1000px) 100vw, 1000px\" \/>\t\t\t\t\t\t\n\t\t\t\t\t<\/div>\n\t\t<\/div>\t\t\t\t\t\t\n<style>\n#image_892278077 {\n  width: 100%;\n}\n<\/style>\n\t<\/div>\n\t\n\t\t<\/div>\n\t\t\t\t\t<\/div>\n\n\t\n\n\t<div id=\"col-537261664\" class=\"col medium-7 small-12 large-7\"  >\n\t\t\t\t<div class=\"col-inner\"  >\n\t\t\t\n\t\t\t\n<h5 class=\"uppercase\">Procedimentos de lipoaspira\u00e7\u00e3o<\/h5>\n<p>Quando se trata de certos pontos problem\u00e1ticos, como o abd\u00f3men, as ancas, as coxas, os bra\u00e7os, o queixo, o pesco\u00e7o e as n\u00e1degas, por vezes parece que nenhuma dieta ou exerc\u00edcio consegue eliminar completamente os dep\u00f3sitos de gordura teimosos. Na sua cl\u00ednica, o Dr. Lamblet efectua uma lipoaspira\u00e7\u00e3o para remodelar estas \u00e1reas de modo a que fiquem esbeltas e suaves.<\/p>\n<p>A lipoaspira\u00e7\u00e3o \u00e9 um procedimento em que os contornos do corpo s\u00e3o reesculpidos atrav\u00e9s da remo\u00e7\u00e3o de dep\u00f3sitos localizados de gordura indesejada. Durante a \u00faltima d\u00e9cada, os avan\u00e7os nas t\u00e9cnicas de lipoaspira\u00e7\u00e3o e na tecnologia tornaram o procedimento mais seguro e mais eficiente do que nunca.<\/p>\n<a href=\"\/contact-us\" class=\"button secondary is-outline\" >\n\t\t<span>Pedir uma consulta<\/span>\n\t<i class=\"icon-angle-right\" aria-hidden=\"true\"><\/i><\/a>\n\n\t\t<\/div>\n\t\t\t\t\t<\/div>\n\n\t\n<\/div>\n\t<div id=\"gap-1918943466\" class=\"gap-element clearfix\" style=\"display:block; height:auto;\">\n\t\t\n<style>\n#gap-1918943466 {\n  padding-top: 30px;\n}\n<\/style>\n\t<\/div>\n\t\n<div class=\"row\"  id=\"row-433093140\">\n\n\t<div id=\"col-1800196871\" class=\"col medium-6 small-12 large-6\"  >\n\t\t\t\t<div class=\"col-inner\"  >\n\t\t\t\n\t\t\t\n\t<div id=\"gap-1609364547\" class=\"gap-element clearfix hide-for-small\" style=\"display:block; height:auto;\">\n\t\t\n<style>\n#gap-1609364547 {\n  padding-top: 60px;\n}\n<\/style>\n\t<\/div>\n\t\n<p>O Dr. Lamblet efectua a lipoaspira\u00e7\u00e3o utilizando a t\u00e9cnica tumescente. Com esta t\u00e9cnica, a gordura \u00e9 aspirada utilizando um instrumento fino, chamado &#8220;c\u00e2nula&#8221;; as c\u00e2nulas finas provocam menos traumas nos tecidos circundantes do que as c\u00e2nulas mais grossas. No final do procedimento, o Dr. Lamblet pode colocar pequenos drenos que permitem a liberta\u00e7\u00e3o do excesso de fluido durante a cicatriza\u00e7\u00e3o, e coloca um penso na \u00e1rea. A sua recupera\u00e7\u00e3o ser\u00e1 acompanhada de perto pelo Dr. Lamblet para garantir que est\u00e1 a sarar corretamente.<\/p>\n<p>A lipoaspira\u00e7\u00e3o \u00e9 o procedimento ideal para remover \u00e1reas teimosas de gordura que n\u00e3o respondem a dietas e exerc\u00edcios. Contacte o <a href=\"http:\/\/www.drhebertlamblet.com\/contact-us\/\">consult\u00f3rio do Dr. Lamblet<\/a> para saber se \u00e9 um bom candidato \u00e0 lipoaspira\u00e7\u00e3o.<\/p>\n\t\t<\/div>\n\t\t\t\t\t<\/div>\n\n\t\n\n\t<div id=\"col-1643398456\" class=\"col medium-6 small-12 large-6\"  >\n\t\t\t\t<div class=\"col-inner\"  >\n\t\t\t\n\t\t\t\n\t<div class=\"box has-hover   has-hover box-bounce box-text-bottom\" >\n\n\t\t<div class=\"box-image\" >\n\t\t\t\t\t\t<div class=\"\" >\n\t\t\t\t<img loading=\"lazy\" decoding=\"async\" width=\"700\" height=\"683\" src=\"https:\/\/drhebertlamblet.com\/wp-content\/uploads\/2019\/04\/liposuction-procedure-areas.jpg\" class=\"attachment- size-\" alt=\"\" srcset=\"https:\/\/drhebertlamblet.com\/wp-content\/uploads\/2019\/04\/liposuction-procedure-areas.jpg 700w, https:\/\/drhebertlamblet.com\/wp-content\/uploads\/2019\/04\/liposuction-procedure-areas-300x293.jpg 300w\" sizes=\"auto, (max-width: 700px) 100vw, 700px\" \/>\t\t\t\t\t\t\t\t\t\t\t<\/div>\n\t\t\t\t\t<\/div>\n\n\t\t<div class=\"box-text text-center\" >\n\t\t\t<div class=\"box-text-inner\">\n\t\t\t\t\n<h4>\u00c1REAS DE LIPOASPIRA\u00c7\u00c3O<\/h4>\n<p>Procedimentos de lipoaspira\u00e7\u00e3o para homens e mulheres<\/p>\n\t\t\t<\/div>\n\t\t<\/div>\n\t<\/div>\n\t\n\t\t<\/div>\n\t\t\t\t\t<\/div>\n\n\t\n<\/div>\n\t<div id=\"gap-1714706076\" class=\"gap-element clearfix\" style=\"display:block; height:auto;\">\n\t\t\n<style>\n#gap-1714706076 {\n  padding-top: 65px;\n}\n<\/style>\n\t<\/div>\n\t\n","protected":false},"excerpt":{"rendered":"","protected":false},"author":1,"featured_media":0,"parent":3475,"menu_order":0,"comment_status":"closed","ping_status":"closed","template":"page-blank.php","meta":{"footnotes":""},"class_list":["post-3426","page","type-page","status-publish","hentry"],"_links":{"self":[{"href":"https:\/\/drhebertlamblet.com\/pt-br\/wp-json\/wp\/v2\/pages\/3426","targetHints":{"allow":["GET"]}}],"collection":[{"href":"https:\/\/drhebertlamblet.com\/pt-br\/wp-json\/wp\/v2\/pages"}],"about":[{"href":"https:\/\/drhebertlamblet.com\/pt-br\/wp-json\/wp\/v2\/types\/page"}],"author":[{"embeddable":true,"href":"https:\/\/drhebertlamblet.com\/pt-br\/wp-json\/wp\/v2\/users\/1"}],"replies":[{"embeddable":true,"href":"https:\/\/drhebertlamblet.com\/pt-br\/wp-json\/wp\/v2\/comments?post=3426"}],"version-history":[{"count":1,"href":"https:\/\/drhebertlamblet.com\/pt-br\/wp-json\/wp\/v2\/pages\/3426\/revisions"}],"predecessor-version":[{"id":3433,"href":"https:\/\/drhebertlamblet.com\/pt-br\/wp-json\/wp\/v2\/pages\/3426\/revisions\/3433"}],"up":[{"embeddable":true,"href":"https:\/\/drhebertlamblet.com\/pt-br\/wp-json\/wp\/v2\/pages\/3475"}],"wp:attachment":[{"href":"https:\/\/drhebertlamblet.com\/pt-br\/wp-json\/wp\/v2\/media?parent=3426"}],"curies":[{"name":"wp","href":"https:\/\/api.w.org\/{rel}","templated":true}]}}