{"id":3424,"date":"2019-04-26T21:57:38","date_gmt":"2019-04-26T21:57:38","guid":{"rendered":"https:\/\/drhebertlamblet.com\/contactar-nos\/"},"modified":"2023-09-20T17:28:52","modified_gmt":"2023-09-20T17:28:52","slug":"entre-em-contato","status":"publish","type":"page","link":"https:\/\/drhebertlamblet.com\/pt-br\/entre-em-contato\/","title":{"rendered":"Contactar-nos"},"content":{"rendered":"\n\n\t<section class=\"section\" id=\"section_1827884316\">\n\t\t<div class=\"section-bg fill\" >\n\t\t\t<img loading=\"lazy\" decoding=\"async\" width=\"2000\" height=\"530\" src=\"https:\/\/drhebertlamblet.com\/wp-content\/uploads\/2019\/03\/download-7.jpg\" class=\"bg attachment-original size-original\" alt=\"\" \/>\t\t\t\t\t\t\n\t\t\t\n\n\t\t<\/div>\n\n\t\t\n\n\t\t<div class=\"section-content relative\">\n\t\t\t\n\n<div class=\"row\"  id=\"row-706060167\">\n\n\n\t<div id=\"col-2045463567\" class=\"col medium-7 small-12 large-7\"  >\n\t\t\t\t<div class=\"col-inner\"  >\n\t\t\t\n\t\t\t\n\n<h1 class=\"uppercase\" style=\"text-align: center;\">Vamos come\u00e7ar com a sua consulta<\/h1>\n<h3 class=\"thin-font\" style=\"text-align: center;\">e discutir os objectivos que deseja alcan\u00e7ar atrav\u00e9s de&nbsp;<br>cirurgia est\u00e9tica &#8211; sem compromisso.&nbsp;<\/h3>\n\n\t\t<\/div>\n\t\t\t\t\n<style>\n#col-2045463567 > .col-inner {\n  margin: 0px 0px 0px 0px;\n}\n<\/style>\n\t<\/div>\n\n\t\n\n<\/div>\n\n\t\t<\/div>\n\n\t\t\n<style>\n#section_1827884316 {\n  padding-top: 57px;\n  padding-bottom: 57px;\n}\n#section_1827884316 .section-bg img {\n  object-position: 44% 31%;\n}\n<\/style>\n\t<\/section>\n\t\n\t<div id=\"gap-1229762394\" class=\"gap-element clearfix\" style=\"display:block; height:auto;\">\n\t\t\n<style>\n#gap-1229762394 {\n  padding-top: 30px;\n}\n<\/style>\n\t<\/div>\n\t\n\n<div class=\"container section-title-container\" ><h3 class=\"section-title section-title-bold-center\"><b aria-hidden=\"true\"><\/b><span class=\"section-title-main\" >Consulta Privada<\/span><b aria-hidden=\"true\"><\/b><\/h3><\/div>\n\n<div class=\"row\"  id=\"row-680778013\">\n\n\n\t<div id=\"col-2069650120\" class=\"col small-12 large-12\"  >\n\t\t\t\t<div class=\"col-inner\"  >\n\t\t\t\n\t\t\t\n\n<h3 class=\"lead\" style=\"text-align: center;\">Obtenha uma consulta privada online com o Dr. Lamblet para discutir o seu caso em detalhes<\/h3>\n<p style=\"text-align: center;\">Junte-se ao Dr. Lamblet numa video chamada privada online para discutir o seu caso espec\u00edfico e os procedimentos em detalhes. Ter\u00e1 a oportunidade de fazer perguntas, expressar as suas preocupa\u00e7\u00f5es e obter respostas diretamente do pr\u00f3prio Dr. Lamblet.<\/p>\n<div class=\"row row-collapse align-middle\"  id=\"row-1730701922\">\n\n\n\t<div id=\"col-631230968\" class=\"col medium-5 small-12 large-5\"  >\n\t\t\t\t<div class=\"col-inner\"  >\n\t\t\t\n\t\t\t\n\n\t<div class=\"img has-hover x md-x lg-x y md-y lg-y\" id=\"image_585144889\">\n\t\t\t\t\t\t\t\t<div class=\"img-inner dark\" >\n\t\t\t<img loading=\"lazy\" decoding=\"async\" width=\"500\" height=\"367\" src=\"https:\/\/drhebertlamblet.com\/wp-content\/uploads\/2021\/07\/Dr.Hebert_Lamblet_Video_Call.png\" class=\"attachment-large size-large\" alt=\"Online Consultation with Dr. Hebert Lamblet\" srcset=\"https:\/\/drhebertlamblet.com\/wp-content\/uploads\/2021\/07\/Dr.Hebert_Lamblet_Video_Call.png 500w, https:\/\/drhebertlamblet.com\/wp-content\/uploads\/2021\/07\/Dr.Hebert_Lamblet_Video_Call-300x220.png 300w\" sizes=\"auto, (max-width: 500px) 100vw, 500px\" \/>\t\t\t\t\t\t\n\t\t\t\t\t<\/div>\n\t\t\t\t\t\t\t\t\n<style>\n#image_585144889 {\n  width: 100%;\n}\n<\/style>\n\t<\/div>\n\t\n\n\n\t\t<\/div>\n\t\t\t\t\t<\/div>\n\n\t\n\n\t<div id=\"col-398303710\" class=\"col medium-7 small-12 large-7\"  >\n\t\t\t\t<div class=\"col-inner\"  >\n\t\t\t\n\t\t\t\n\n<p><strong>O custo de uma consulta online \u00e9 de 400 Reais, incluindo:<\/strong><\/p>\n<ul>\n<li class=\"bullet-checkmark\">Uma consulta em v\u00eddeo via Zoom ou Google Meet<\/li>\n<li class=\"bullet-checkmark\">At\u00e9 45 minutos de tempo exclusivo com o Dr. Lamblet<\/li>\n<li class=\"bullet-checkmark\">Privado e confidencial: discutir \/ apresentar todos os detalhes que desejar<\/li>\n<li class=\"bullet-checkmark\">A forma mais eficaz de descobrir as suas melhores op\u00e7\u00f5es de procedimento<\/li>\n<\/ul>\n<div class=\"asp_product_buy_button\"><div class=\"asp-processing-cont\" style=\"display:none;\"><span class=\"asp-processing\">Processing <i>.<\/i><i>.<\/i><i>.<\/i><\/span><\/div><form id=\"asp_ng_form_069ee21c002c57\" class=\"asp-stripe-form\" action=\"\"  method=\"POST\"> <input type=\"hidden\" name=\"asp_product_id\" value=\"3959\" \/><div class=\"asp-child-hidden-fields\" style=\"display: none !important;\"><\/div><\/form><div id=\"asp-all-buttons-container-069ee21c002c57\" class=\"asp_all_buttons_container\"><div class=\"asp_product_buy_btn_container\"><button id=\"asp_ng_button_069ee21c002c57\" type=\"submit\" class=\"asp_product_buy_btn blue\" ><span>AGENDE SUA CONSULTA ONLINE AGORA<\/span><\/button><\/div><noscript>Stripe Payments requires Javascript to be supported by the browser in order to operate.<\/noscript><\/div><div id=\"asp-btn-spinner-container-069ee21c002c57\" class=\"asp-btn-spinner-container\" style=\"display: none !important\"><div class=\"asp-btn-spinner\"><div><\/div><div><\/div><div><\/div><div><\/div><\/div><\/div><script>var asp_data_069ee21c002c57 = {\"is_live\":true,\"product_id\":3959,\"iframe_url\":\"https:\\\/\\\/drhebertlamblet.com\\\/pt-br\\\/asp-payment-box\\\/?product_id=3959\",\"button_key\":\"59bd52d8bcea89c3b302b833233d31b4\",\"item_price\":40000,\"quantity\":1,\"custom_quantity\":\"\",\"description\":\"Uma consulta online privada com o Dr. Hebert Lamblet (45 minutos).\",\"descrGenerated\":false,\"shipping\":0,\"tax\":0,\"image\":\"https:\\\/\\\/drhebertlamblet.com\\\/wp-content\\\/uploads\\\/2023\\\/09\\\/asp_product_3959_thumb_4f04cea816685ba3a14e7a0780a44dbf.jpg\",\"currency\":\"BRL\",\"currency_variable\":\"\",\"locale\":\"auto\",\"name\":\"Consulta Online com o Dr. Lamblet\",\"url\":\"\",\"amount\":40000,\"billingAddress\":false,\"shippingAddress\":false,\"customer_email\":\"\",\"uniq_id\":\"069ee21c002c57\",\"variable\":false,\"zeroCents\":[\"JPY\",\"MGA\",\"VND\",\"KRW\"],\"addonHooks\":[\"recaptcha\"],\"button_text\":\"AGENDE SUA CONSULTA ONLINE AGORA\",\"out_of_stock\":false,\"stock_control_enabled\":false,\"stock_items\":0,\"currencyFormat\":{\"c\":2,\"d\":\".\",\"t\":\",\",\"s\":\"R$\",\"pos\":\"left\"},\"displayStr\":{\"tax\":\"%s (tax)\",\"ship\":\"%s (shipping)\"},\"thankyou_page_url\":\"\",\"show_custom_amount_input\":false,\"recaptchaSiteKey\":\"6LfSBxkiAAAAAABqNdgdkxVo6F8e70hSjtAm9ydO\"};if(typeof jQuery!==\"undefined\") {jQuery(document).ready(function() {new stripeHandlerNG(asp_data_069ee21c002c57);});} else { if (typeof wpaspInitOnDocReady===\"undefined\") {var wpaspInitOnDocReady=[];} wpaspInitOnDocReady.push(asp_data_069ee21c002c57);}<\/script><\/div>\n<p>&nbsp;<em>*Ap\u00f3s o pagamento, ser\u00e1 redireccionado para uma p\u00e1gina onde poder\u00e1 introduzir os seus dados e selecionar a data preferida para a consulta em linha.<\/em><\/p>\n\n\t\t<\/div>\n\t\t\t\t\t<\/div>\n\n\t\n\n<\/div>\n\t<div id=\"gap-409393281\" class=\"gap-element clearfix\" style=\"display:block; height:auto;\">\n\t\t\n<style>\n#gap-409393281 {\n  padding-top: 20px;\n}\n<\/style>\n\t<\/div>\n\t\n\n\n\t\t<\/div>\n\t\t\t\t\t<\/div>\n\n\t\n\n<\/div>\n\t<div id=\"gap-1084722339\" class=\"gap-element clearfix\" style=\"display:block; height:auto;\">\n\t\t\n<style>\n#gap-1084722339 {\n  padding-top: 60px;\n}\n<\/style>\n\t<\/div>\n\t\n","protected":false},"excerpt":{"rendered":"","protected":false},"author":1,"featured_media":0,"parent":0,"menu_order":0,"comment_status":"closed","ping_status":"closed","template":"page-blank.php","meta":{"footnotes":""},"class_list":["post-3424","page","type-page","status-publish","hentry"],"_links":{"self":[{"href":"https:\/\/drhebertlamblet.com\/pt-br\/wp-json\/wp\/v2\/pages\/3424","targetHints":{"allow":["GET"]}}],"collection":[{"href":"https:\/\/drhebertlamblet.com\/pt-br\/wp-json\/wp\/v2\/pages"}],"about":[{"href":"https:\/\/drhebertlamblet.com\/pt-br\/wp-json\/wp\/v2\/types\/page"}],"author":[{"embeddable":true,"href":"https:\/\/drhebertlamblet.com\/pt-br\/wp-json\/wp\/v2\/users\/1"}],"replies":[{"embeddable":true,"href":"https:\/\/drhebertlamblet.com\/pt-br\/wp-json\/wp\/v2\/comments?post=3424"}],"version-history":[{"count":4,"href":"https:\/\/drhebertlamblet.com\/pt-br\/wp-json\/wp\/v2\/pages\/3424\/revisions"}],"predecessor-version":[{"id":3972,"href":"https:\/\/drhebertlamblet.com\/pt-br\/wp-json\/wp\/v2\/pages\/3424\/revisions\/3972"}],"wp:attachment":[{"href":"https:\/\/drhebertlamblet.com\/pt-br\/wp-json\/wp\/v2\/media?parent=3424"}],"curies":[{"name":"wp","href":"https:\/\/api.w.org\/{rel}","templated":true}]}}