{"id":3423,"date":"2019-05-23T13:59:39","date_gmt":"2019-05-23T13:59:39","guid":{"rendered":"https:\/\/drhebertlamblet.com\/sobre-o-turismo-medico\/"},"modified":"2023-08-11T02:18:20","modified_gmt":"2023-08-11T02:18:20","slug":"sobre-o-turismo-medico","status":"publish","type":"page","link":"https:\/\/drhebertlamblet.com\/pt-br\/sobre-o-turismo-medico\/","title":{"rendered":"Sobre o turismo m\u00e9dico"},"content":{"rendered":"\t<div id=\"gap-1021814945\" class=\"gap-element clearfix\" style=\"display:block; height:auto;\">\n\t\t\n<style>\n#gap-1021814945 {\n  padding-top: 50px;\n}\n<\/style>\n\t<\/div>\n\t\n<div class=\"container section-title-container\" ><h2 class=\"section-title section-title-center\"><b aria-hidden=\"true\"><\/b><span class=\"section-title-main\" >Sobre o turismo m\u00e9dico<\/span><b aria-hidden=\"true\"><\/b><\/h2><\/div>\n<div class=\"row\"  id=\"row-700127084\">\n\n\t<div id=\"col-1015265780\" class=\"col small-12 large-12\"  >\n\t\t\t\t<div class=\"col-inner\"  >\n\t\t\t\n\t\t\t\n\t<div id=\"gap-882986420\" class=\"gap-element clearfix\" style=\"display:block; height:auto;\">\n\t\t\n<style>\n#gap-882986420 {\n  padding-top: 30px;\n}\n<\/style>\n\t<\/div>\n\t\n<div class=\"row row-dashed\"  id=\"row-87274886\">\n\n\t<div id=\"col-1277878870\" class=\"col medium-4 small-12 large-4 col-divided\"  >\n\t\t\t\t<div class=\"col-inner\"  >\n\t\t\t\n\t\t\t\n<h3><span style=\"font-size: 150%;\">Algumas palavras sobre o turismo m\u00e9dico no Brasil<\/span><\/h3>\n<p class=\"lead\"><span style=\"font-weight: 400;\">O mais importante \u00e9 que o Dr. Lamblet \u00e9 um cirurgi\u00e3o pl\u00e1stico e reconstrutor certificado pelo Conselho de Administra\u00e7\u00e3o em pr\u00e1tica privada no Brasil. Na Vikaara Klinik, oferece servi\u00e7os cir\u00fargicos de alta qualidade, de renome mundial, diretamente a potenciais e antigos pacientes de muitos pa\u00edses diferentes. A cirurgia pl\u00e1stica e a pr\u00e1tica reconstrutiva do Dr. Lamblet n\u00e3o est\u00e3o afiliadas a nenhum facilitador de turismo m\u00e9dico de terceiros ou a nenhum agente de turismo m\u00e9dico.<\/span><\/p>\n\t\t<\/div>\n\t\t\t\t\t<\/div>\n\n\t\n\n\t<div id=\"col-1789630907\" class=\"col medium-8 small-12 large-8\"  >\n\t\t\t\t<div class=\"col-inner\"  >\n\t\t\t\n\t\t\t\n<p><span style=\"font-weight: 400;\">\u00c9 impens\u00e1vel que qualquer m\u00e9dico permita que algo se interponha entre a rela\u00e7\u00e3o m\u00e9dico-doente. A realidade do acordo de neg\u00f3cios do agente de turismo m\u00e9dico \u00e9 que ele obscurece a responsabilidade e o compromisso do m\u00e9dico de n\u00e3o causar danos. Os facilitadores do turismo m\u00e9dico actuam como intermedi\u00e1rios para colocar os compradores, nomeadamente os doentes, junto dos vendedores, neste caso, os m\u00e9dicos, os hospitais e outros servi\u00e7os, sem se apropriarem do ciclo do servi\u00e7o m\u00e9dico centrado no doente.<\/span><\/p>\n<p><span style=\"font-weight: 400;\">Os agentes de viagens m\u00e9dicas n\u00e3o t\u00eam forma\u00e7\u00e3o ou credenciais m\u00e9dicas, mas s\u00e3o, no entanto, encarregados de localizar e coordenar v\u00e1rios interesses de terceiros para organizar pacotes com tudo inclu\u00eddo para v\u00e1rios procedimentos cir\u00fargicos. Escolhem o destino com base no pre\u00e7o mais baixo de honor\u00e1rios m\u00e9dicos, instala\u00e7\u00f5es hospitalares, transporte, alojamento e muito mais. Os agentes recebem normalmente uma comiss\u00e3o de refer\u00eancia entre 7,5% e 30% do custo total dos prestadores de cuidados de sa\u00fade, hospitais ou outros estabelecimentos que utilizam intermedi\u00e1rios para encontrar clientes. Estas ofertas de turismo m\u00e9dico s\u00e3o anunciadas como f\u00e9rias de valor acrescentado com tudo inclu\u00eddo.  <\/span><\/p>\n<p><span style=\"font-weight: 400;\">Obviamente, este servi\u00e7o &#8220;chave na m\u00e3o&#8221; n\u00e3o \u00e9 gratuito. As viagens organizadas pelos facilitadores do turismo m\u00e9dico podem ser muito mais econ\u00f3micas e seguras, na aus\u00eancia de muitos intermedi\u00e1rios e das suas elevadas comiss\u00f5es. Um doente submetido a uma opera\u00e7\u00e3o n\u00e3o viaja para fazer turismo nas f\u00e9rias. As perguntas importantes a fazer sobre os pacotes de turismo m\u00e9dico s\u00e3o: Quem \u00e9 respons\u00e1vel perante o doente e qual \u00e9 essa responsabilidade do princ\u00edpio ao fim? A quem \u00e9 que o doente recorre quando as coisas n\u00e3o correm como planeado?<\/span><\/p>\n<p><span style=\"font-weight: 400;\">Os pacientes do Dr. Lamblet v\u00eam de muitos pa\u00edses diferentes para v\u00e1rios tratamentos de cirurgia pl\u00e1stica e reconstrutiva. Os seus servi\u00e7os s\u00e3o prestados ap\u00f3s um contacto pessoal com o paciente. As avalia\u00e7\u00f5es m\u00e9dicas preliminares do Dr. Lamblet s\u00e3o sempre feitas no contexto de uma rela\u00e7\u00e3o direta m\u00e9dico-paciente. \u00c9 respons\u00e1vel pelos cuidados prestados aos seus pacientes. Antigos pacientes retornam ao Brasil pela qualidade do atendimento e experi\u00eancia personalizada.<\/span><\/p>\n<p><span style=\"font-weight: 400;\">Embora os nossos doentes sejam respons\u00e1veis pela organiza\u00e7\u00e3o do seu pr\u00f3prio voo e alojamento, fornecemos abaixo informa\u00e7\u00f5es e conselhos gerais \u00fateis para ajudar a iniciar a sua pesquisa sobre as melhores companhias a\u00e9reas e onde ficar durante o processo de cura.<\/span><\/p>\n\t\t<\/div>\n\t\t\t\t\t<\/div>\n\n\t\n<\/div>\n\t<div id=\"gap-229312217\" class=\"gap-element clearfix\" style=\"display:block; height:auto;\">\n\t\t\n<style>\n#gap-229312217 {\n  padding-top: 30px;\n}\n<\/style>\n\t<\/div>\n\t\n\t\t<\/div>\n\t\t\t\t\t<\/div>\n\n\t\n<\/div>\n","protected":false},"excerpt":{"rendered":"","protected":false},"author":1,"featured_media":0,"parent":0,"menu_order":0,"comment_status":"closed","ping_status":"closed","template":"page-blank.php","meta":{"footnotes":""},"class_list":["post-3423","page","type-page","status-publish","hentry"],"_links":{"self":[{"href":"https:\/\/drhebertlamblet.com\/pt-br\/wp-json\/wp\/v2\/pages\/3423","targetHints":{"allow":["GET"]}}],"collection":[{"href":"https:\/\/drhebertlamblet.com\/pt-br\/wp-json\/wp\/v2\/pages"}],"about":[{"href":"https:\/\/drhebertlamblet.com\/pt-br\/wp-json\/wp\/v2\/types\/page"}],"author":[{"embeddable":true,"href":"https:\/\/drhebertlamblet.com\/pt-br\/wp-json\/wp\/v2\/users\/1"}],"replies":[{"embeddable":true,"href":"https:\/\/drhebertlamblet.com\/pt-br\/wp-json\/wp\/v2\/comments?post=3423"}],"version-history":[{"count":1,"href":"https:\/\/drhebertlamblet.com\/pt-br\/wp-json\/wp\/v2\/pages\/3423\/revisions"}],"predecessor-version":[{"id":3429,"href":"https:\/\/drhebertlamblet.com\/pt-br\/wp-json\/wp\/v2\/pages\/3423\/revisions\/3429"}],"wp:attachment":[{"href":"https:\/\/drhebertlamblet.com\/pt-br\/wp-json\/wp\/v2\/media?parent=3423"}],"curies":[{"name":"wp","href":"https:\/\/api.w.org\/{rel}","templated":true}]}}