{"id":3420,"date":"2021-07-23T02:56:10","date_gmt":"2021-07-23T02:56:10","guid":{"rendered":"https:\/\/drhebertlamblet.com\/consulta-paga\/"},"modified":"2023-08-11T03:09:54","modified_gmt":"2023-08-11T03:09:54","slug":"consulta-paga","status":"publish","type":"page","link":"https:\/\/drhebertlamblet.com\/pt-br\/consulta-paga\/","title":{"rendered":"Consulta paga"},"content":{"rendered":"\n<div class=\"row\"  id=\"row-1091341726\">\n\n\n\t<div id=\"col-310148761\" class=\"col small-12 large-12\"  >\n\t\t\t\t<div class=\"col-inner\"  >\n\t\t\t\n\t\t\t\n\n<p style=\"text-align: center;\">\n<div class=\"row\"  id=\"row-2043790347\">\n\n\n\t<div id=\"col-2121920944\" class=\"col small-12 large-12\"  >\n\t\t\t\t<div class=\"col-inner\"  >\n\t\t\t\n\t\t\t\n\n<div class=\"container section-title-container\" ><h4 class=\"section-title section-title-center\"><b aria-hidden=\"true\"><\/b><span class=\"section-title-main\" style=\"font-size:91%;\">Escolha a data da sua consulta em linha<\/span><b aria-hidden=\"true\"><\/b><\/h4><\/div>\n\n<div class=\"row\"  id=\"row-472741979\">\n\n\n\t<div id=\"col-2009994747\" class=\"col medium-5 small-12 large-5 col-divided\"  >\n\t\t\t\t<div class=\"col-inner\"  >\n\t\t\t\n\t\t\t\n\n<p style=\"text-align: left;\">Preencha o formul\u00e1rio escolhendo uma data (provis\u00f3ria) e o hor\u00e1rio preferido (manh\u00e3 ou tarde) para a sua marca\u00e7\u00e3o online.<\/p>\n<p><strong><u>NOTA:<\/u><\/strong> <span style=\"background-color: #ffff00;\">devido a diferen\u00e7as de fuso hor\u00e1rio e disponibilidade, a data e a hora que escolher podem n\u00e3o ser exatamente as planejadas.<\/span> Entraremos em contacto consigo em breve com uma confirma\u00e7\u00e3o ou datas alternativas \u00e0 sua escolha.<\/p>\n<p style=\"text-align: left;\">Para cancelamentos de marca\u00e7\u00f5es ou pedidos de altera\u00e7\u00e3o de datas, envie um e-mail para <a href=\"mailto:info@drhebertlamblet.com\">info@drhebertlamblet.com.<\/a> A marca\u00e7\u00e3o da consulta em linha n\u00e3o \u00e9 reembols\u00e1vel.<\/p>\n\n\t\t<\/div>\n\t\t\t\t\t<\/div>\n\n\t\n\n\t<div id=\"col-750479052\" class=\"col medium-6 small-12 large-6\"  >\n\t\t\t\t<div class=\"col-inner\"  >\n\t\t\t\n\t\t\t\n\n<div class=\"forminator-ui forminator-custom-form forminator-custom-form-1567 forminator-design--default  forminator_ajax\" data-forminator-render=\"0\" data-form=\"forminator-module-1567\" data-uid=\"69de525f4626b\"><br\/><\/div><form\r\n\t\t\t\tid=\"forminator-module-1567\"\r\n\t\t\t\tclass=\"forminator-ui forminator-custom-form forminator-custom-form-1567 forminator-design--default  forminator_ajax\"\r\n\t\t\t\tmethod=\"post\"\r\n\t\t\t\tdata-forminator-render=\"0\"\r\n\t\t\t\tdata-form-id=\"1567\"\r\n\t\t\t\t data-color-option=\"default\" data-design=\"default\" data-grid=\"open\" style=\"display: none;\"\r\n\t\t\t\tdata-uid=\"69de525f4626b\"\r\n\t\t\t><div role=\"alert\" aria-live=\"polite\" class=\"forminator-response-message forminator-error\" aria-hidden=\"true\"><\/div><div class=\"forminator-row\"><div id=\"date-1\" class=\"forminator-field-date forminator-col forminator-col-6 \"><div class=\"forminator-field\"><label for=\"forminator-field-date-1-picker_69de525f4626b\" id=\"forminator-field-date-1-picker_69de525f4626b-label\" class=\"forminator-label\">Choose Date <span class=\"forminator-required\">*<\/span><\/label><div class=\"forminator-input-with-icon\"><span class=\"forminator-icon-calendar\" aria-hidden=\"true\"><\/span><input autocomplete=\"off\" type=\"text\" size=\"1\" name=\"date-1\" value=\"\" placeholder=\"\" id=\"forminator-field-date-1-picker_69de525f4626b\" class=\"forminator-input forminator-datepicker\" data-required=\"1\" data-format=\"mm\/dd\/yy\" data-restrict-type=\"week\" data-restrict=\"0,6\" data-start-year=\"2026\" data-end-year=\"2126\" data-past-dates=\"enable\" data-start-of-week=\"1\" data-start-date=\"2026-05-29\" data-end-date=\"\" data-start-field=\"\" data-end-field=\"\" data-start-offset=\"\" data-end-offset=\"\" data-disable-date=\"\" data-disable-range=\"\" \/><\/div><\/div><\/div><div id=\"checkbox-2\" class=\"forminator-field-checkbox forminator-col forminator-col-6 \"><div role=\"group\" class=\"forminator-field required\" aria-labelledby=\"forminator-checkbox-group-forminator-field-checkbox-2-69de525f4626b-label\"><span id=\"forminator-checkbox-group-forminator-field-checkbox-2-69de525f4626b-label\" class=\"forminator-label\">Pick a time frame <span class=\"forminator-required\">*<\/span><\/span><label id=\"forminator-field-checkbox-2-1-69de525f4626b-label\" for=\"forminator-field-checkbox-2-1-69de525f4626b\" class=\"forminator-checkbox forminator-checkbox-inline\" title=\"Morning\"><input type=\"checkbox\" name=\"checkbox-2[]\" value=\"Morning\" id=\"forminator-field-checkbox-2-1-69de525f4626b\" aria-labelledby=\"forminator-field-checkbox-2-1-69de525f4626b-label\" data-calculation=\"0\"  \/><span class=\"forminator-checkbox-box\" aria-hidden=\"true\"><\/span><span class=\"forminator-checkbox-label\">Morning<\/span><\/label><label id=\"forminator-field-checkbox-2-2-69de525f4626b-label\" for=\"forminator-field-checkbox-2-2-69de525f4626b\" class=\"forminator-checkbox forminator-checkbox-inline\" title=\"Afternoon\"><input type=\"checkbox\" name=\"checkbox-2[]\" value=\"Afternoon\" id=\"forminator-field-checkbox-2-2-69de525f4626b\" aria-labelledby=\"forminator-field-checkbox-2-2-69de525f4626b-label\" data-calculation=\"0\"  \/><span class=\"forminator-checkbox-box\" aria-hidden=\"true\"><\/span><span class=\"forminator-checkbox-label\">Afternoon<\/span><\/label><label id=\"forminator-field-checkbox-2-3-69de525f4626b-label\" for=\"forminator-field-checkbox-2-3-69de525f4626b\" class=\"forminator-checkbox forminator-checkbox-inline\" title=\"Any time (no preference)\"><input type=\"checkbox\" name=\"checkbox-2[]\" value=\"Any time (no preference)\" id=\"forminator-field-checkbox-2-3-69de525f4626b\" aria-labelledby=\"forminator-field-checkbox-2-3-69de525f4626b-label\" data-calculation=\"0\"  \/><span class=\"forminator-checkbox-box\" aria-hidden=\"true\"><\/span><span class=\"forminator-checkbox-label\">Any time (no preference)<\/span><\/label><\/div><\/div><\/div><div class=\"forminator-row\"><div id=\"name-1\" class=\"forminator-field-name forminator-col forminator-col-12 \"><div class=\"forminator-field\"><label for=\"forminator-field-name-1_69de525f4626b\" id=\"forminator-field-name-1_69de525f4626b-label\" class=\"forminator-label\">Full Name <span class=\"forminator-required\">*<\/span><\/label><input type=\"text\" name=\"name-1\" value=\"\" placeholder=\"\" id=\"forminator-field-name-1_69de525f4626b\" class=\"forminator-input forminator-name--field\" aria-required=\"true\" autocomplete=\"name\" \/><\/div><\/div><\/div><div class=\"forminator-row\"><div id=\"email-1\" class=\"forminator-field-email forminator-col forminator-col-6 \"><div class=\"forminator-field\"><label for=\"forminator-field-email-1_69de525f4626b\" id=\"forminator-field-email-1_69de525f4626b-label\" class=\"forminator-label\">Email Address <span class=\"forminator-required\">*<\/span><\/label><input type=\"email\" name=\"email-1\" value=\"\" placeholder=\"\" id=\"forminator-field-email-1_69de525f4626b\" class=\"forminator-input forminator-email--field\" data-required=\"1\" aria-required=\"true\" autocomplete=\"email\" \/><\/div><\/div><div id=\"phone-1\" class=\"forminator-field-phone forminator-col forminator-col-6 \"><div class=\"forminator-field\"><label for=\"forminator-field-phone-1_69de525f4626b\" id=\"forminator-field-phone-1_69de525f4626b-label\" class=\"forminator-label\">Phone <span class=\"forminator-required\">*<\/span><\/label><input type=\"text\" name=\"phone-1\" value=\"\" placeholder=\"\" id=\"forminator-field-phone-1_69de525f4626b\" class=\"forminator-input forminator-field--phone\" data-required=\"1\" aria-required=\"true\" autocomplete=\"off\" \/><\/div><\/div><\/div><div class=\"forminator-row\"><div id=\"checkbox-1\" class=\"forminator-field-checkbox forminator-col forminator-col-12 \"><div role=\"group\" class=\"forminator-field\" aria-labelledby=\"forminator-checkbox-group-forminator-field-checkbox-1-69de525f4626b-label\"><span id=\"forminator-checkbox-group-forminator-field-checkbox-1-69de525f4626b-label\" class=\"forminator-label\">Do you have a preference for the video conference platform?<\/span><label id=\"forminator-field-checkbox-1-1-69de525f4626b-label\" for=\"forminator-field-checkbox-1-1-69de525f4626b\" class=\"forminator-checkbox forminator-checkbox-inline\" title=\"No preference\/any\"><input type=\"checkbox\" name=\"checkbox-1[]\" value=\"No preference\/any\" id=\"forminator-field-checkbox-1-1-69de525f4626b\" aria-labelledby=\"forminator-field-checkbox-1-1-69de525f4626b-label\" data-calculation=\"0\"  \/><span class=\"forminator-checkbox-box\" aria-hidden=\"true\"><\/span><span class=\"forminator-checkbox-label\">No preference\/any<\/span><\/label><label id=\"forminator-field-checkbox-1-2-69de525f4626b-label\" for=\"forminator-field-checkbox-1-2-69de525f4626b\" class=\"forminator-checkbox forminator-checkbox-inline\" title=\"Zoom\"><input type=\"checkbox\" name=\"checkbox-1[]\" value=\"Zoom\" id=\"forminator-field-checkbox-1-2-69de525f4626b\" aria-labelledby=\"forminator-field-checkbox-1-2-69de525f4626b-label\" data-calculation=\"0\"  \/><span class=\"forminator-checkbox-box\" aria-hidden=\"true\"><\/span><span class=\"forminator-checkbox-label\">Zoom<\/span><\/label><label id=\"forminator-field-checkbox-1-3-69de525f4626b-label\" for=\"forminator-field-checkbox-1-3-69de525f4626b\" class=\"forminator-checkbox forminator-checkbox-inline\" title=\"Google Meet\"><input type=\"checkbox\" name=\"checkbox-1[]\" value=\"Google Meet\" id=\"forminator-field-checkbox-1-3-69de525f4626b\" aria-labelledby=\"forminator-field-checkbox-1-3-69de525f4626b-label\" data-calculation=\"0\"  \/><span class=\"forminator-checkbox-box\" aria-hidden=\"true\"><\/span><span class=\"forminator-checkbox-label\">Google Meet<\/span><\/label><\/div><\/div><\/div><input type=\"hidden\" name=\"referer_url\" value=\"\" \/><div class=\"forminator-row forminator-row-last\"><div class=\"forminator-col\"><div class=\"forminator-field\"><button class=\"forminator-button forminator-button-submit\">Submit<\/button><\/div><\/div><\/div><input type=\"hidden\" id=\"forminator_nonce\" name=\"forminator_nonce\" value=\"1a8e9bb53b\" \/><input type=\"hidden\" name=\"_wp_http_referer\" value=\"\/pt-br\/wp-json\/wp\/v2\/pages\/3420\" \/><input type=\"hidden\" name=\"form_id\" value=\"1567\"><input type=\"hidden\" name=\"page_id\" value=\"3420\"><input type=\"hidden\" name=\"form_type\" value=\"default\"><input type=\"hidden\" name=\"current_url\" value=\"https:\/\/drhebertlamblet.com\/pt-br\/consulta-paga\/\"><input type=\"hidden\" name=\"render_id\" value=\"0\"><input type=\"hidden\" name=\"action\" value=\"forminator_submit_form_custom-forms\"><label for=\"input_7\" class=\"forminator-hidden\" aria-hidden=\"true\">Por favor, n\u00e3o preencha este campo. <input id=\"input_7\" type=\"text\" name=\"input_7\" value=\"\" autocomplete=\"off\"><\/label><\/form>\n\n\t\t<\/div>\n\t\t\t\t\t<\/div>\n\n\t\n\n<\/div>\n\n\t\t<\/div>\n\t\t\t\t\t<\/div>\n\n\t\n\n<\/div>\n\n\t\t<\/div>\n\t\t\t\t\t<\/div>\n\n\t\n\n\n<style>\n#row-1091341726 > .col > .col-inner {\n  padding: 57px 0px 0px 0px;\n}\n<\/style>\n<\/div>\n\n","protected":false},"excerpt":{"rendered":"","protected":false},"author":1,"featured_media":0,"parent":0,"menu_order":0,"comment_status":"closed","ping_status":"closed","template":"page-blank.php","meta":{"footnotes":""},"class_list":["post-3420","page","type-page","status-publish","hentry"],"_links":{"self":[{"href":"https:\/\/drhebertlamblet.com\/pt-br\/wp-json\/wp\/v2\/pages\/3420","targetHints":{"allow":["GET"]}}],"collection":[{"href":"https:\/\/drhebertlamblet.com\/pt-br\/wp-json\/wp\/v2\/pages"}],"about":[{"href":"https:\/\/drhebertlamblet.com\/pt-br\/wp-json\/wp\/v2\/types\/page"}],"author":[{"embeddable":true,"href":"https:\/\/drhebertlamblet.com\/pt-br\/wp-json\/wp\/v2\/users\/1"}],"replies":[{"embeddable":true,"href":"https:\/\/drhebertlamblet.com\/pt-br\/wp-json\/wp\/v2\/comments?post=3420"}],"version-history":[{"count":2,"href":"https:\/\/drhebertlamblet.com\/pt-br\/wp-json\/wp\/v2\/pages\/3420\/revisions"}],"predecessor-version":[{"id":3505,"href":"https:\/\/drhebertlamblet.com\/pt-br\/wp-json\/wp\/v2\/pages\/3420\/revisions\/3505"}],"wp:attachment":[{"href":"https:\/\/drhebertlamblet.com\/pt-br\/wp-json\/wp\/v2\/media?parent=3420"}],"curies":[{"name":"wp","href":"https:\/\/api.w.org\/{rel}","templated":true}]}}