{"id":3418,"date":"2019-04-16T01:17:34","date_gmt":"2019-04-16T01:17:34","guid":{"rendered":"https:\/\/drhebertlamblet.com\/lifting-facial\/"},"modified":"2025-09-29T17:17:47","modified_gmt":"2025-09-29T17:17:47","slug":"lifting-facial","status":"publish","type":"page","link":"https:\/\/drhebertlamblet.com\/pt-br\/procedimentos-faciais\/lifting-facial\/","title":{"rendered":"Lifting facial"},"content":{"rendered":"\n  <div id=\"page-header-1766146355\" class=\"page-header-wrapper\">\n  <div class=\"page-title light divided-title\">\n\n    \n    <div class=\"page-title-inner container align-center flex-row medium-flex-wrap\" >\n              <div class=\"title-wrapper flex-col text-left medium-text-center\">\n          <h1 class=\"entry-title mb-0\">\n            Lifting facial          <\/h1>\n        <\/div>\n                    <div class=\"title-content flex-col flex-right text-right medium-text-center\">\n        <div class=\"title-breadcrumbs pb-half pt-half\"><\/div>      <\/div>\n    <\/div>\n\n       <\/div>\n  <div class=\"container header-wrapper-divider\"><hr\/><\/div>  <\/div>\n  \n\n\t<div id=\"gap-1168902983\" class=\"gap-element clearfix\" style=\"display:block; height:auto;\">\n\t\t\n<style>\n#gap-1168902983 {\n  padding-top: 30px;\n}\n<\/style>\n\t<\/div>\n\t\n\n<div class=\"row\"  id=\"row-1145859040\">\n\n\n\t<div id=\"col-655455355\" class=\"col medium-5 small-12 large-5 col-divided\"  >\n\t\t\t\t<div class=\"col-inner\"  >\n\t\t\t\n\t\t\t\n\n\t<div class=\"img has-hover x md-x lg-x y md-y lg-y\" id=\"image_1051732727\">\n\t\t\t\t\t\t<div data-animate=\"fadeInLeft\">\t\t<div class=\"img-inner image-cover dark\" style=\"padding-top:100%;\">\n\t\t\t<img loading=\"lazy\" decoding=\"async\" width=\"485\" height=\"534\" src=\"https:\/\/drhebertlamblet.com\/wp-content\/uploads\/2019\/03\/facelift_surgery.jpg\" class=\"attachment-large size-large\" alt=\"\" srcset=\"https:\/\/drhebertlamblet.com\/wp-content\/uploads\/2019\/03\/facelift_surgery.jpg 485w, https:\/\/drhebertlamblet.com\/wp-content\/uploads\/2019\/03\/facelift_surgery-272x300.jpg 272w\" sizes=\"auto, (max-width: 485px) 100vw, 485px\" \/>\t\t\t\t\t\t\n\t\t\t\t\t<\/div>\n\t\t<\/div>\t\t\t\t\t\t\n<style>\n#image_1051732727 {\n  width: 100%;\n}\n<\/style>\n\t<\/div>\n\t\n\n\n\t\t<\/div>\n\t\t\t\t\t<\/div>\n\n\t\n\n\t<div id=\"col-1426161222\" class=\"col medium-7 small-12 large-7\"  >\n\t\t\t\t<div class=\"col-inner\"  >\n\t\t\t\n\t\t\t\n\n<h5 class=\"uppercase\">Cirurgia FACE LIFT<\/h5>\n<p>O rosto \u00e9 frequentemente a primeira zona do corpo a apresentar sinais de envelhecimento. As rugas e as r\u00eddulas parecem aparecer como h\u00f3spedes indesej\u00e1veis: sem aviso pr\u00e9vio, antes de serem esperadas. Se deseja uma apar\u00eancia mais suave e mais jovem, a cirurgia de lifting facial \u00e9 um dos procedimentos mais eficazes para acabar com as rugas.<\/p>\n<p>O Dr. Hebert Lamblet realiza todos os procedimentos de lifting facial na Vikaara Klinik\u00ae no Rio de Janeiro e em Manaus, Brasil, com um forte compromisso com a seguran\u00e7a e a satisfa\u00e7\u00e3o do paciente. Ap\u00f3s o procedimento, a flacidez da pele e as rugas s\u00e3o consideravelmente reduzidas e \u00e9 restaurado um aspeto refrescado e jovem.<\/p>\n<a href=\"\/contact-us\" class=\"button secondary is-outline\" >\n\t\t<span>Pedir uma consulta<\/span>\n\t<i class=\"icon-angle-right\" aria-hidden=\"true\"><\/i><\/a>\n\n\n\n\t\t<\/div>\n\t\t\t\t\t<\/div>\n\n\t\n\n<\/div>\n\t<div id=\"gap-828643218\" class=\"gap-element clearfix\" style=\"display:block; height:auto;\">\n\t\t\n<style>\n#gap-828643218 {\n  padding-top: 30px;\n}\n<\/style>\n\t<\/div>\n\t\n\n<div class=\"row\"  id=\"row-536412043\">\n\n\n\t<div id=\"col-278732360\" class=\"col small-12 large-12\"  >\n\t\t\t\t<div class=\"col-inner\"  >\n\t\t\t\n\t\t\t\n\n<h2>Procedimentos de lifting facial<\/h2>\n<p>Para iniciar o lifting facial, o Dr. Hebert Lamblet efectua pequenas incis\u00f5es ao longo do couro cabeludo, posicionando-as discretamente na linha do cabelo do paciente. Em seguida, o Dr. Lamblet remover\u00e1 o excesso de pele e os tecidos conjuntivos para reduzir a queda e a flacidez. Os m\u00fasculos faciais subjacentes s\u00e3o ent\u00e3o reposicionados de modo a que os contornos faciais fl\u00e1cidos sejam apertados e suavizados. Dependendo das necessidades do paciente, o Dr. Lamblet pode efetuar um lifting facial tradicional ou endosc\u00f3pico, sendo que este \u00faltimo requer incis\u00f5es mais pequenas e um per\u00edodo de recupera\u00e7\u00e3o mais curto.<\/p>\n\n\t\t<\/div>\n\t\t\t\t\t<\/div>\n\n\t\n\n<\/div>\n<div class=\"row\"  id=\"row-703199364\">\n\n\n\t<div id=\"col-543184684\" class=\"col medium-6 small-12 large-6\"  >\n\t\t\t\t<div class=\"col-inner\"  >\n\t\t\t\n\t\t\t\n\n<p>O Dr. Lamblet gosta de abordar a cirurgia de lifting facial como um refresco. \u00c9 por isso que ele cria contornos bonitos, naturais e suaves que s\u00e3o muito diferentes dos resultados &#8220;desfeitos pelo vento&#8221; que s\u00e3o frequentemente associados a cirurgias de lifting facial estigmatizadas. Para saber mais sobre os benef\u00edcios rejuvenescedores de um procedimento de lifting facial no nosso consult\u00f3rio no Rio de Janeiro, Brasil, <a href=\"http:\/\/www.drhebertlamblet.com\/contact-us\/\">contacte-nos hoje mesmo<\/a>. O Dr. Lamblet e toda a equipa da Vikaara Klinik\u00ae est\u00e3o ansiosos por responder a quaisquer perguntas que possa ter.<\/p>\n\n\t\t<\/div>\n\t\t\t\t\t<\/div>\n\n\t\n\n\t<div id=\"col-2124892062\" class=\"col medium-6 small-12 large-6\"  >\n\t\t\t\t<div class=\"col-inner\"  >\n\t\t\t\n\t\t\t\n\n\t<div class=\"box has-hover   has-hover box-bounce box-text-bottom\" >\n\n\t\t<div class=\"box-image\" >\n\t\t\t\t\t\t<div class=\"\" >\n\t\t\t\t<img loading=\"lazy\" decoding=\"async\" width=\"830\" height=\"392\" src=\"https:\/\/drhebertlamblet.com\/wp-content\/uploads\/2019\/04\/facelift-procedures.png\" class=\"attachment- size-\" alt=\"\" srcset=\"https:\/\/drhebertlamblet.com\/wp-content\/uploads\/2019\/04\/facelift-procedures.png 830w, https:\/\/drhebertlamblet.com\/wp-content\/uploads\/2019\/04\/facelift-procedures-300x142.png 300w, https:\/\/drhebertlamblet.com\/wp-content\/uploads\/2019\/04\/facelift-procedures-768x363.png 768w\" sizes=\"auto, (max-width: 830px) 100vw, 830px\" \/>\t\t\t\t\t\t\t\t\t\t\t<\/div>\n\t\t\t\t\t<\/div>\n\n\t\t<div class=\"box-text text-center\" >\n\t\t\t<div class=\"box-text-inner\">\n\t\t\t\t\n\n<h4>CIRURGIA DE LIFTING FACIAL<\/h4>\n<p>Procedimentos de lifting facial<\/p>\n\n\t\t\t<\/div>\n\t\t<\/div>\n\t<\/div>\n\t\n\n\t\t<\/div>\n\t\t\t\t\t<\/div>\n\n\t\n\n<\/div>\n\t<div id=\"gap-1785083237\" class=\"gap-element clearfix\" style=\"display:block; height:auto;\">\n\t\t\n<style>\n#gap-1785083237 {\n  padding-top: 30px;\n}\n<\/style>\n\t<\/div>\n\t\n\n<div class=\"row\"  id=\"row-1040029318\">\n\n\n\t<div id=\"col-1541768078\" class=\"col small-12 large-12\"  >\n\t\t\t\t<div class=\"col-inner\"  >\n\t\t\t\n\t\t\t\n\n\t<div id=\"text-2231748086\" class=\"text\">\n\t\t\n\n<h2 style=\"text-align: center;\">Blueprint Facial: A Arquitetura do Rejuvenescimento Facial<\/h2>\n<p style=\"text-align: left;\">A face humana \u00e9 uma obra-prima da natureza, e, assim como uma constru\u00e7\u00e3o arquitet\u00f4nica, ela possui uma base estrutural, pilares de sustenta\u00e7\u00e3o e uma fachada que reflete sua ess\u00eancia. Inspirado nesses princ\u00edpios, o Dr. Hebert Lamblet desenvolveu a <b>metodologia Blueprint Facial<\/b>, uma abordagem inovadora que combina ci\u00eancia, arte e tecnologia para alcan\u00e7ar resultados naturais, harm\u00f4nicos e duradouros.<br \/><br \/>O <b>Blueprint Facial<\/b> \u00e9 mais do que uma t\u00e9cnica; \u00e9 um m\u00e9todo de planejamento estrat\u00e9gico que respeita a individualidade de cada paciente. Atrav\u00e9s de um mapeamento facial tridimensional, \u00e9 poss\u00edvel identificar \u00e1reas de sustenta\u00e7\u00e3o, proje\u00e7\u00e3o e transi\u00e7\u00e3o, al\u00e9m de projetar a evolu\u00e7\u00e3o do envelhecimento para planejar interven\u00e7\u00f5es que preservem a identidade e a express\u00e3o natural do rosto.<\/p>\n\t\t\n<style>\n#text-2231748086 {\n  text-align: left;\n}\n<\/style>\n\t<\/div>\n\t\n\n\t<section class=\"section dark\" id=\"section_511778063\">\n\t\t<div class=\"section-bg fill\" >\n\t\t\t<img loading=\"lazy\" decoding=\"async\" width=\"900\" height=\"466\" src=\"https:\/\/drhebertlamblet.com\/wp-content\/uploads\/2019\/03\/facial_curves.png\" class=\"bg attachment- size-\" alt=\"\" \/>\t\t\t\t\t\t\n\t\t\t\n\n\t\t<\/div>\n\n\t\t\n\n\t\t<div class=\"section-content relative\">\n\t\t\t\n\n<div class=\"row\"  id=\"row-1279108577\">\n\n\n\t<div id=\"col-1762656917\" class=\"col hide-for-small medium-5 small-12 large-5\"  >\n\t\t\t\t<div class=\"col-inner\"  >\n\t\t\t\n\t\t\t\n\n\n\t\t<\/div>\n\t\t\t\t\t<\/div>\n\n\t\n\n\t<div id=\"col-1079724527\" class=\"col medium-7 small-12 large-7\"  >\n\t\t\t\t<div class=\"col-inner\"  >\n\t\t\t\n\t\t\t\n\n<p>Essa abordagem atua em todas as camadas da face:<\/p>\n<ul>\n<li><b>Funda\u00e7\u00f5es (estrutura \u00f3ssea):<\/b>\u00a0Avaliamos a base estrutural do rosto para entender como a remodela\u00e7\u00e3o \u00f3ssea afeta o suporte e a defini\u00e7\u00e3o.<\/li>\n<li><b>Pilares de sustenta\u00e7\u00e3o (tecidos profundos e ligamentos):<\/b>\u00a0Reposicionamos os tecidos internos para restaurar a sustenta\u00e7\u00e3o e os contornos naturais.<\/li>\n<li><b>Fachada (pele e tecido subcut\u00e2neo):<\/b>\u00a0Restauramos o volume perdido e melhoramos a qualidade da pele com t\u00e9cnicas regenerativas, como o enxerto de gordura aut\u00f3loga.<\/li>\n<\/ul>\n<p>O resultado? Um rejuvenescimento que respeita a ess\u00eancia do paciente, preservando sua express\u00e3o e garantindo uma apar\u00eancia jovem e natural por muitos anos.<br \/><br \/>Descubra como a metodologia Blueprint Facial pode transformar sua percep\u00e7\u00e3o de rejuvenescimento. <span style=\"color: #00aae7;\"><b>Agende sua consulta <\/b><\/span>e conhe\u00e7a o futuro da cirurgia pl\u00e1stica facial.<br \/><br \/><\/p>\n\n\t\t<\/div>\n\t\t\t\t\t<\/div>\n\n\t\n\n<\/div>\n\n\t\t<\/div>\n\n\t\t\n<style>\n#section_511778063 {\n  padding-top: 30px;\n  padding-bottom: 30px;\n  background-color: rgb(40, 40, 40);\n}\n#section_511778063 .section-bg img {\n  object-position: 51% 57%;\n}\n<\/style>\n\t<\/section>\n\t\n\n\t\t<\/div>\n\t\t\t\t\t<\/div>\n\n\t\n\n<\/div>\n\t<div id=\"gap-1900757402\" class=\"gap-element clearfix\" style=\"display:block; height:auto;\">\n\t\t\n<style>\n#gap-1900757402 {\n  padding-top: 65px;\n}\n<\/style>\n\t<\/div>\n\t\n\n\n","protected":false},"excerpt":{"rendered":"","protected":false},"author":1,"featured_media":0,"parent":3493,"menu_order":0,"comment_status":"closed","ping_status":"closed","template":"page-blank.php","meta":{"footnotes":""},"class_list":["post-3418","page","type-page","status-publish","hentry"],"_links":{"self":[{"href":"https:\/\/drhebertlamblet.com\/pt-br\/wp-json\/wp\/v2\/pages\/3418","targetHints":{"allow":["GET"]}}],"collection":[{"href":"https:\/\/drhebertlamblet.com\/pt-br\/wp-json\/wp\/v2\/pages"}],"about":[{"href":"https:\/\/drhebertlamblet.com\/pt-br\/wp-json\/wp\/v2\/types\/page"}],"author":[{"embeddable":true,"href":"https:\/\/drhebertlamblet.com\/pt-br\/wp-json\/wp\/v2\/users\/1"}],"replies":[{"embeddable":true,"href":"https:\/\/drhebertlamblet.com\/pt-br\/wp-json\/wp\/v2\/comments?post=3418"}],"version-history":[{"count":5,"href":"https:\/\/drhebertlamblet.com\/pt-br\/wp-json\/wp\/v2\/pages\/3418\/revisions"}],"predecessor-version":[{"id":5915,"href":"https:\/\/drhebertlamblet.com\/pt-br\/wp-json\/wp\/v2\/pages\/3418\/revisions\/5915"}],"up":[{"embeddable":true,"href":"https:\/\/drhebertlamblet.com\/pt-br\/wp-json\/wp\/v2\/pages\/3493"}],"wp:attachment":[{"href":"https:\/\/drhebertlamblet.com\/pt-br\/wp-json\/wp\/v2\/media?parent=3418"}],"curies":[{"name":"wp","href":"https:\/\/api.w.org\/{rel}","templated":true}]}}