{"id":3416,"date":"2019-04-26T21:59:55","date_gmt":"2019-04-26T21:59:55","guid":{"rendered":"https:\/\/drhebertlamblet.com\/viagens-e-alojamento\/"},"modified":"2023-08-11T03:20:19","modified_gmt":"2023-08-11T03:20:19","slug":"viagens-e-alojamento","status":"publish","type":"page","link":"https:\/\/drhebertlamblet.com\/pt-br\/viagens-e-alojamento\/","title":{"rendered":"Viagens e alojamento"},"content":{"rendered":"\t<div id=\"gap-1259884068\" class=\"gap-element clearfix\" style=\"display:block; height:auto;\">\n\t\t\n<style>\n#gap-1259884068 {\n  padding-top: 50px;\n}\n<\/style>\n\t<\/div>\n\t\n<div class=\"container section-title-container\" ><h2 class=\"section-title section-title-center\"><b aria-hidden=\"true\"><\/b><span class=\"section-title-main\" >Viagem e alojamento no Rio<\/span><b aria-hidden=\"true\"><\/b><\/h2><\/div>\n<div class=\"row\"  id=\"row-269175227\">\n\n\t<div id=\"col-1956497996\" class=\"col small-12 large-12\"  >\n\t\t\t\t<div class=\"col-inner\"  >\n\t\t\t\n\t\t\t\n\t<div id=\"gap-1080724785\" class=\"gap-element clearfix\" style=\"display:block; height:auto;\">\n\t\t\n<style>\n#gap-1080724785 {\n  padding-top: 30px;\n}\n<\/style>\n\t<\/div>\n\t\n<div class=\"row row-dashed\"  id=\"row-237065166\">\n\n\t<div id=\"col-1581344526\" class=\"col medium-4 small-12 large-4 col-divided\"  >\n\t\t\t\t<div class=\"col-inner\"  >\n\t\t\t\n\t\t\t\n<h3><span style=\"font-size: 150%;\">Tudo sobre<\/span><\/h3>\n<p class=\"lead\">Saiba mais sobre os hor\u00e1rios das companhias a\u00e9reas, as esta\u00e7\u00f5es do ano no Brasil e um calend\u00e1rio dos feriados brasileiros para poder escolher a altura ideal para vir ao Rio de Janeiro para o seu tratamento.  <\/p>\n\t\t<\/div>\n\t\t\t\t\t<\/div>\n\n\t\n\n\t<div id=\"col-903244689\" class=\"col medium-8 small-12 large-8\"  >\n\t\t\t\t<div class=\"col-inner\"  >\n\t\t\t\n\t\t\t\n<h3 id=\"airlines\">Companhias a\u00e9reas<\/h3>\n<p>V\u00e1rias companhias a\u00e9reas oferecem servi\u00e7os regulares de voo para o Brasil, incluindo a American Airlines, a Continental Airlines, a Delta Airlines, a Iberia, a Tam, a Tap, a United Airlines e a Varig. Consulte o seu agente de viagens para obter mais op\u00e7\u00f5es de voo para o Brasil.<\/p>\n<h3 id=\"seasons\">Esta\u00e7\u00f5es do ano<\/h3>\n<p>As esta\u00e7\u00f5es do ano no Brasil s\u00e3o opostas \u00e0s que ocorrem na Europa e nos Estados Unidos:<\/p>\n<ul>\n<li>primavera 22 de setembro &#8211; 21 de dezembro<\/li>\n<li>ver\u00e3o 22 de dezembro &#8211; 21 de mar\u00e7o<\/li>\n<li>outono 22 de mar\u00e7o &#8211; 21 de junho<\/li>\n<li>inverno 22 de junho &#8211; 21 de setembro<\/li>\n<\/ul>\n<h3 id=\"carnival\">Carnaval e outros feriados<\/h3>\n<p>O Carnaval \u00e9 um evento de quatro dias que come\u00e7a quarenta dias antes do feriado cat\u00f3lico da Quaresma. As celebra\u00e7\u00f5es come\u00e7am na sexta-feira anterior \u00e0 Quarta-feira de Cinzas e prolongam-se at\u00e9 \u00e0 ter\u00e7a-feira seguinte. O Carnaval \u00e9 a \u00e9poca alta das f\u00e9rias no Brasil, durante a qual os escrit\u00f3rios e as empresas est\u00e3o fechados e os brasileiros tiram f\u00e9rias do trabalho e viajam. O Carnaval \u00e9 um feriado extremamente popular que atrai milhares de visitantes de todo o mundo, por isso n\u00e3o se esque\u00e7a de planear a sua viagem com bastante anteced\u00eancia.<\/p>\n<p>As datas do Carnaval mudam todos os anos; as datas at\u00e9 ao ano de 2022 s\u00e3o as seguintes:<\/p>\n<ul>\n<li>2020 21, 22, 23, 24 de fevereiro<\/li>\n<li>2021 13, 14, 15, 16 de fevereiro<\/li>\n<li>2022 5, 6, 7, 8 de mar\u00e7o<\/li>\n<\/ul>\n<p>F\u00e9rias no Brasil  <\/p>\n<ul>\n<li>1 de janeiro: Dia de Ano Novo<\/li>\n<li>20 de janeiro: Dia de S\u00e3o Sebasti\u00e3o (Rio de Janeiro)<\/li>\n<li>21 a 25 de fevereiro: Carnaval<\/li>\n<li>10 de abril: Sexta-feira Santa\/P\u00e1scoa<\/li>\n<li>12 de abril: Domingo de P\u00e1scoa<\/li>\n<li>21 de abril: Tiradentes<\/li>\n<li>23 de abril: Dia de S\u00e3o Jorge (Rio de Janeiro)<\/li>\n<li>1 de maio: Dia do Trabalho\/Dia de maio<\/li>\n<li>11 de junho: Corpus Christi<\/li>\n<li>7 de setembro: Dia da Independ\u00eancia<\/li>\n<li>12 de outubro: Dia de Santa Maria (Padroeira do Brasil)<\/li>\n<li>2 de novembro: Dia de Todas as Almas<\/li>\n<li>15 de novembro: Proclama\u00e7\u00e3o da Rep\u00fablica<\/li>\n<li>20 de novembro: Dia de Zumbi (Rio de Janeiro)<\/li>\n<li>25 de dezembro: Dia de Natal<\/li>\n<li>31 de dezembro: V\u00e9spera de Ano Novo<\/li>\n<\/ul>\n\t\t<\/div>\n\t\t\t\t\t<\/div>\n\n\t\n<\/div>\n\t<div id=\"gap-1330073640\" class=\"gap-element clearfix\" style=\"display:block; height:auto;\">\n\t\t\n<style>\n#gap-1330073640 {\n  padding-top: 30px;\n}\n<\/style>\n\t<\/div>\n\t\n\t\t<\/div>\n\t\t\t\t\t<\/div>\n\n\t\n<\/div>\n","protected":false},"excerpt":{"rendered":"","protected":false},"author":1,"featured_media":0,"parent":0,"menu_order":0,"comment_status":"closed","ping_status":"closed","template":"page-blank.php","meta":{"footnotes":""},"class_list":["post-3416","page","type-page","status-publish","hentry"],"_links":{"self":[{"href":"https:\/\/drhebertlamblet.com\/pt-br\/wp-json\/wp\/v2\/pages\/3416","targetHints":{"allow":["GET"]}}],"collection":[{"href":"https:\/\/drhebertlamblet.com\/pt-br\/wp-json\/wp\/v2\/pages"}],"about":[{"href":"https:\/\/drhebertlamblet.com\/pt-br\/wp-json\/wp\/v2\/types\/page"}],"author":[{"embeddable":true,"href":"https:\/\/drhebertlamblet.com\/pt-br\/wp-json\/wp\/v2\/users\/1"}],"replies":[{"embeddable":true,"href":"https:\/\/drhebertlamblet.com\/pt-br\/wp-json\/wp\/v2\/comments?post=3416"}],"version-history":[{"count":2,"href":"https:\/\/drhebertlamblet.com\/pt-br\/wp-json\/wp\/v2\/pages\/3416\/revisions"}],"predecessor-version":[{"id":3510,"href":"https:\/\/drhebertlamblet.com\/pt-br\/wp-json\/wp\/v2\/pages\/3416\/revisions\/3510"}],"wp:attachment":[{"href":"https:\/\/drhebertlamblet.com\/pt-br\/wp-json\/wp\/v2\/media?parent=3416"}],"curies":[{"name":"wp","href":"https:\/\/api.w.org\/{rel}","templated":true}]}}