{"id":3415,"date":"2019-08-16T17:48:49","date_gmt":"2019-08-16T17:48:49","guid":{"rendered":"https:\/\/drhebertlamblet.com\/cirurgia-bariatrica\/"},"modified":"2023-08-11T02:18:14","modified_gmt":"2023-08-11T02:18:14","slug":"cirurgia-bariatrica","status":"publish","type":"page","link":"https:\/\/drhebertlamblet.com\/pt-br\/procedimentos-corporais\/cirurgia-bariatrica\/","title":{"rendered":"Cirurgia bari\u00e1trica"},"content":{"rendered":"  <div id=\"page-header-957531923\" class=\"page-header-wrapper\">\n  <div class=\"page-title light divided-title\">\n\n    \n    <div class=\"page-title-inner container align-center flex-row medium-flex-wrap\" >\n              <div class=\"title-wrapper flex-col text-left medium-text-center\">\n          <h1 class=\"entry-title mb-0\">\n            Cirurgia bari\u00e1trica          <\/h1>\n        <\/div>\n                    <div class=\"title-content flex-col flex-right text-right medium-text-center\">\n        <div class=\"title-breadcrumbs pb-half pt-half\"><\/div>      <\/div>\n    <\/div>\n\n       <\/div>\n  <div class=\"container header-wrapper-divider\"><hr\/><\/div>  <\/div>\n  \n\t<div id=\"gap-1955693944\" class=\"gap-element clearfix\" style=\"display:block; height:auto;\">\n\t\t\n<style>\n#gap-1955693944 {\n  padding-top: 30px;\n}\n<\/style>\n\t<\/div>\n\t\n<div class=\"row\"  id=\"row-1760618075\">\n\n\t<div id=\"col-1351208945\" class=\"col medium-5 small-12 large-5 col-divided\"  >\n\t\t\t\t<div class=\"col-inner\"  >\n\t\t\t\n\t\t\t\n\t<div class=\"img has-hover x md-x lg-x y md-y lg-y\" id=\"image_1397533054\">\n\t\t\t\t\t\t<div data-animate=\"fadeInLeft\">\t\t<div class=\"img-inner image-cover dark\" style=\"padding-top:100%;\">\n\t\t\t<img loading=\"lazy\" decoding=\"async\" width=\"725\" height=\"483\" src=\"https:\/\/drhebertlamblet.com\/wp-content\/uploads\/2019\/08\/bariatric-surgery.jpg\" class=\"attachment-large size-large\" alt=\"Bariatric Surgery Procedures\" srcset=\"https:\/\/drhebertlamblet.com\/wp-content\/uploads\/2019\/08\/bariatric-surgery.jpg 725w, https:\/\/drhebertlamblet.com\/wp-content\/uploads\/2019\/08\/bariatric-surgery-300x200.jpg 300w\" sizes=\"auto, (max-width: 725px) 100vw, 725px\" \/>\t\t\t\t\t\t\n\t\t\t\t\t<\/div>\n\t\t<\/div>\t\t\t\t\t\t\n<style>\n#image_1397533054 {\n  width: 100%;\n}\n<\/style>\n\t<\/div>\n\t\n\t\t<\/div>\n\t\t\t\t\t<\/div>\n\n\t\n\n\t<div id=\"col-1058960906\" class=\"col medium-7 small-12 large-7\"  >\n\t\t\t\t<div class=\"col-inner\"  >\n\t\t\t\n\t\t\t\n<h2><span style=\"font-size: 75%;\">PERDA DE PESO COM CIRURGIA BARI\u00c1TRICA<\/span><\/h2>\n<p>Os procedimentos de cirurgia bari\u00e1trica s\u00e3o concebidos para pessoas que sofrem de obesidade.<\/p>\n<p class=\"p1\">O tamanho do est\u00f4mago \u00e9 reduzido com uma banda g\u00e1strica, ou com a remo\u00e7\u00e3o de uma pequena por\u00e7\u00e3o do est\u00f4mago, ou atrav\u00e9s da ressec\u00e7\u00e3o e reencaminhamento do intestino delgado para uma pequena bolsa g\u00e1strica. Com estes m\u00e9todos, \u00e9 poss\u00edvel obter resultados para uma perda de peso duradoura.<\/p>\n<p>Em parceria com o <strong><br \/>\n  <a href=\"https:\/\/institutovictordib.com.br\" target=\"_blank\" rel=\"noopener noreferrer\">Instituto de Cirurgia Bari\u00e1trica Dr. Victor Dib<\/a><br \/>\n<\/strong> no Brasil, Dr. Lamblet e Dr. Dib oferecem uma variedade de procedimentos de cirurgia bari\u00e1trica para perda de peso, que utilizam as mais recentes tecnologias e procedimentos mais seguros, de acordo com padr\u00f5es internacionais.  <\/p>\n<a href=\"\/contact-us\" class=\"button secondary is-outline\" >\n\t\t<span>Pedir uma consulta<\/span>\n\t<i class=\"icon-angle-right\" aria-hidden=\"true\"><\/i><\/a>\n\n\t\t<\/div>\n\t\t\t\t\t<\/div>\n\n\t\n<\/div>\n\t<div id=\"gap-1214314152\" class=\"gap-element clearfix\" style=\"display:block; height:auto;\">\n\t\t\n<style>\n#gap-1214314152 {\n  padding-top: 30px;\n}\n<\/style>\n\t<\/div>\n\t\n<div class=\"row\"  id=\"row-1857188961\">\n\n\t<div id=\"col-666916937\" class=\"col small-12 large-12\"  >\n\t\t\t\t<div class=\"col-inner\"  >\n\t\t\t\n\t\t\t\n<h3 class=\"uppercase\" style=\"text-align: center;\"><span style=\"font-size: 110%;\">Tipos de procedimentos de cirurgia bari\u00e1trica<\/span><\/h3>\n<div class=\"text-center\"><div class=\"is-divider divider clearfix\" style=\"max-width:100px;\"><\/div><\/div>\n\t\t<\/div>\n\t\t\t\t\t<\/div>\n\n\t\n<\/div>\n\t<div id=\"gap-1186632407\" class=\"gap-element clearfix\" style=\"display:block; height:auto;\">\n\t\t\n<style>\n#gap-1186632407 {\n  padding-top: 30px;\n}\n<\/style>\n\t<\/div>\n\t\n<div class=\"row\"  id=\"row-1586728842\">\n\n\t<div id=\"col-197234638\" class=\"col medium-6 small-12 large-6 col-divided\"  >\n\t\t\t\t<div class=\"col-inner\"  >\n\t\t\t\n\t\t\t\n<h2 class=\"uppercase\"><span style=\"font-size: 75%;\">CIRURGIA de manga g\u00e1strica<\/span><\/h2>\n<h3 class=\"thin-font\">Procedimento de perda de peso<\/h3>\n<p>O sleeve g\u00e1strico \u00e9 o procedimento bari\u00e1trico mais realizado nos Estados Unidos. Trata-se de um procedimento cir\u00fargico videolaparosc\u00f3pico que consiste no agrafamento longitudinal do est\u00f4mago, em que cerca de 80% do est\u00f4mago \u00e9 extra\u00eddo, reduzindo a sua capacidade de armazenamento para 150 a 250 mililitros. Este procedimento n\u00e3o implica um redireccionamento intestinal ou m\u00e1 absor\u00e7\u00e3o, a menos que seja seguido de um bypass g\u00e1strico em Y de Roux, e utiliza apenas os tecidos naturais do seu pr\u00f3prio corpo.<\/p>\n<p>Esta t\u00e9cnica n\u00e3o altera a anatomia do intestino, preservando assim uma maior absor\u00e7\u00e3o dos alimentos. Verifica-se tamb\u00e9m uma altera\u00e7\u00e3o do eixo end\u00f3crino gastro-ent\u00e9rico e do microbiota intestinal, que contribuem para a perda de peso e o controlo metab\u00f3lico.<\/p>\n<p>O doente sentir\u00e1 menos fome e, consequentemente, a ingest\u00e3o de alimentos ser\u00e1 menor.  <strong>A perda de peso estimada \u00e9 de 30 a 35% do peso um ano ap\u00f3s a cirurgia.<\/strong>  Existe uma tend\u00eancia crescente a n\u00edvel mundial que aponta este m\u00e9todo como um dos mais populares.<\/p>\n\t\t<\/div>\n\t\t\t\t\t<\/div>\n\n\t\n\n\t<div id=\"col-1190067953\" class=\"col medium-6 small-12 large-6\"  >\n\t\t\t\t<div class=\"col-inner text-center\"  >\n\t\t\t\n\t\t\t\n\t<div class=\"box has-hover   has-hover box-bounce box-text-bottom\" >\n\n\t\t<div class=\"box-image\" >\n\t\t\t\t\t\t<div class=\"\" >\n\t\t\t\t<img loading=\"lazy\" decoding=\"async\" width=\"572\" height=\"377\" src=\"https:\/\/drhebertlamblet.com\/wp-content\/uploads\/2019\/08\/gastric-sleeve-surgery-beforeafter.jpg\" class=\"attachment- size-\" alt=\"Gastric Sleeve Surgery\" srcset=\"https:\/\/drhebertlamblet.com\/wp-content\/uploads\/2019\/08\/gastric-sleeve-surgery-beforeafter.jpg 572w, https:\/\/drhebertlamblet.com\/wp-content\/uploads\/2019\/08\/gastric-sleeve-surgery-beforeafter-300x198.jpg 300w\" sizes=\"auto, (max-width: 572px) 100vw, 572px\" \/>\t\t\t\t\t\t\t\t\t\t\t<\/div>\n\t\t\t\t\t<\/div>\n\n\t\t<div class=\"box-text text-center\" >\n\t\t\t<div class=\"box-text-inner\">\n\t\t\t\t\n<p>PROCEDIMENTOS DE MANGA G\u00c1STRICA<\/p>\n<p>Antes e depois da cirurgia<\/p>\n\t\t\t<\/div>\n\t\t<\/div>\n\t<\/div>\n\t\n<a href=\"\/contact-us\" class=\"button secondary is-outline\" >\n\t\t<span>Pedir uma consulta<\/span>\n\t<i class=\"icon-angle-right\" aria-hidden=\"true\"><\/i><\/a>\n\n\t\t<\/div>\n\t\t\t\t\t<\/div>\n\n\t\n<\/div>\n\t<div id=\"gap-1423155911\" class=\"gap-element clearfix\" style=\"display:block; height:auto;\">\n\t\t\n<style>\n#gap-1423155911 {\n  padding-top: 30px;\n}\n<\/style>\n\t<\/div>\n\t\n<div class=\"row\"  id=\"row-540334842\">\n\n\t<div id=\"col-1487739084\" class=\"col medium-6 small-12 large-6 col-divided\"  >\n\t\t\t\t<div class=\"col-inner\"  >\n\t\t\t\n\t\t\t\n<h2 class=\"uppercase\"><span style=\"font-size: 75%;\">cirurgia de bypass g\u00e1strico<\/span><\/h2>\n<h3 class=\"thin-font\">Procedimento de perda de peso<\/h3>\n<p>A cirurgia de Bypass G\u00e1strico \u00e9 a t\u00e9cnica bari\u00e1trica mais praticada no mundo devido \u00e0 sua seguran\u00e7a e, principalmente, \u00e0 sua efic\u00e1cia sendo realizada por videolaparoscopia.<\/p>\n<p>Nesta t\u00e9cnica, \u00e9 efectuado um agrafamento cir\u00fargico no est\u00f4mago e \u00e9 constru\u00eddo um reservat\u00f3rio g\u00e1strico de cerca de 30 ml. O resto do est\u00f4mago e parte dos intestinos s\u00e3o desviados e exclu\u00eddos do contacto com os alimentos. Desta forma, a quantidade de alimentos ingeridos, bem como a sua absor\u00e7\u00e3o, s\u00e3o menores. O eixo end\u00f3crino gastrointestinal e o microbiota intestinal (flora bacteriana) tamb\u00e9m s\u00e3o alterados, o que contribui n\u00e3o s\u00f3 para a perda de peso, mas tamb\u00e9m para o controlo da diabetes e de outras doen\u00e7as metab\u00f3licas.<\/p>\n<p><strong>A perda de peso estimada \u00e9 de 35 a 45% do peso inicial um ano ap\u00f3s a cirurgia.<\/strong><\/p>\n\t\t<\/div>\n\t\t\t\t\t<\/div>\n\n\t\n\n\t<div id=\"col-79753111\" class=\"col medium-6 small-12 large-6\"  >\n\t\t\t\t<div class=\"col-inner text-center\"  >\n\t\t\t\n\t\t\t\n\t<div class=\"box has-hover   has-hover box-bounce box-text-bottom\" >\n\n\t\t<div class=\"box-image\" >\n\t\t\t\t\t\t<div class=\"\" >\n\t\t\t\t<img loading=\"lazy\" decoding=\"async\" width=\"572\" height=\"377\" src=\"https:\/\/drhebertlamblet.com\/wp-content\/uploads\/2019\/08\/gastric-bypass-surgery-beforeafter.jpg\" class=\"attachment- size-\" alt=\"\" srcset=\"https:\/\/drhebertlamblet.com\/wp-content\/uploads\/2019\/08\/gastric-bypass-surgery-beforeafter.jpg 572w, https:\/\/drhebertlamblet.com\/wp-content\/uploads\/2019\/08\/gastric-bypass-surgery-beforeafter-300x198.jpg 300w\" sizes=\"auto, (max-width: 572px) 100vw, 572px\" \/>\t\t\t\t\t\t\t\t\t\t\t<\/div>\n\t\t\t\t\t<\/div>\n\n\t\t<div class=\"box-text text-center\" >\n\t\t\t<div class=\"box-text-inner\">\n\t\t\t\t\n<p>PROCEDIMENTOS DE BYPASS G\u00c1STRICO<\/p>\n<p>Antes e depois da cirurgia<\/p>\n\t\t\t<\/div>\n\t\t<\/div>\n\t<\/div>\n\t\n<a href=\"\/contact-us\" class=\"button secondary is-outline\" >\n\t\t<span>Pedir uma consulta<\/span>\n\t<i class=\"icon-angle-right\" aria-hidden=\"true\"><\/i><\/a>\n\n\t\t<\/div>\n\t\t\t\t\t<\/div>\n\n\t\n<\/div>\n\t<div id=\"gap-759540728\" class=\"gap-element clearfix\" style=\"display:block; height:auto;\">\n\t\t\n<style>\n#gap-759540728 {\n  padding-top: 30px;\n}\n<\/style>\n\t<\/div>\n\t\n<div class=\"row\"  id=\"row-773094627\">\n\n\t<div id=\"col-992506009\" class=\"col small-12 large-12\"  >\n\t\t\t\t<div class=\"col-inner\"  >\n\t\t\t\n\t\t\t\n<h3 class=\"uppercase\" style=\"text-align: center;\">Outros procedimentos de cirurgia bari\u00e1trica<\/h3>\n<div class=\"text-center\"><div class=\"is-divider divider clearfix\" style=\"max-width:100px;\"><\/div><\/div>\n\t\t<\/div>\n\t\t\t\t\t<\/div>\n\n\t\n<\/div>\n<div class=\"row\"  id=\"row-1041726208\">\n\n\t<div id=\"col-1689909854\" class=\"col medium-6 small-12 large-6 col-divided\"  >\n\t\t\t\t<div class=\"col-inner\"  >\n\t\t\t\n\t\t\t\n<h3>Deriva\u00e7\u00e3o biliopancre\u00e1tica com switch duodenal<\/h3>\n<p>Nesta t\u00e9cnica videolaparosc\u00f3pica, parte do est\u00f4mago \u00e9 removida, semelhante \u00e0 t\u00e9cnica da manga g\u00e1strica, e \u00e9 adicionado um bypass intestinal.<\/p>\n<p>Trata-se de um procedimento mais disabsortivo do que restritivo, que altera potencialmente o eixo end\u00f3crino gastro-ent\u00e9rico e a microbiota intestinal, estando <em>reservado a doentes extremamente obesos com perturba\u00e7\u00f5es metab\u00f3licas graves<\/em>.<\/p>\n<p><strong>A perda de peso estimada \u00e9 de 45 a 50% do peso inicial um ano ap\u00f3s a cirurgia.<\/strong><\/p>\n\t\t<\/div>\n\t\t\t\t\t<\/div>\n\n\t\n\n\t<div id=\"col-984258559\" class=\"col medium-6 small-12 large-6\"  >\n\t\t\t\t<div class=\"col-inner\"  >\n\t\t\t\n\t\t\t\n<h3>Banda g\u00e1strica ajust\u00e1vel<\/h3>\n<p>Trata-se de uma t\u00e9cnica cir\u00fargica restritiva realizada por videolaparoscopia, que consiste na coloca\u00e7\u00e3o de uma banda de silicone ajust\u00e1vel ou de uma pr\u00f3tese de fita \u00e0 volta da parte inicial do est\u00f4mago para provocar um estreitamento, criando um pequeno reservat\u00f3rio de 30 ml.<\/p>\n<p>A ingest\u00e3o de alimentos enche rapidamente este reservat\u00f3rio, fazendo com que o doente se sinta saciado e deixe de comer. A banda pode ser ajustada no p\u00f3s-operat\u00f3rio, introduzindo fluido atrav\u00e9s da pun\u00e7\u00e3o de um dispositivo fixado sob a pele do abd\u00f3men durante a cirurgia, de modo a que o aperto sobre o est\u00f4mago possa ser aumentado ou reduzido conforme necess\u00e1rio.<\/p>\n<p><strong>A perda de peso estimada \u00e9 de 20 a 25% do peso inicial.<\/strong>  Esta t\u00e9cnica tem sido utilizada com pouca frequ\u00eancia nos \u00faltimos anos devido a resultados insatisfat\u00f3rios num grande n\u00famero de doentes.<\/p>\n\t\t<\/div>\n\t\t\t\t\t<\/div>\n\n\t\n<\/div>\n\t<div id=\"gap-622719659\" class=\"gap-element clearfix\" style=\"display:block; height:auto;\">\n\t\t\n<style>\n#gap-622719659 {\n  padding-top: 65px;\n}\n<\/style>\n\t<\/div>\n\t\n","protected":false},"excerpt":{"rendered":"","protected":false},"author":1,"featured_media":0,"parent":3475,"menu_order":0,"comment_status":"closed","ping_status":"closed","template":"page-blank.php","meta":{"footnotes":""},"class_list":["post-3415","page","type-page","status-publish","hentry"],"_links":{"self":[{"href":"https:\/\/drhebertlamblet.com\/pt-br\/wp-json\/wp\/v2\/pages\/3415","targetHints":{"allow":["GET"]}}],"collection":[{"href":"https:\/\/drhebertlamblet.com\/pt-br\/wp-json\/wp\/v2\/pages"}],"about":[{"href":"https:\/\/drhebertlamblet.com\/pt-br\/wp-json\/wp\/v2\/types\/page"}],"author":[{"embeddable":true,"href":"https:\/\/drhebertlamblet.com\/pt-br\/wp-json\/wp\/v2\/users\/1"}],"replies":[{"embeddable":true,"href":"https:\/\/drhebertlamblet.com\/pt-br\/wp-json\/wp\/v2\/comments?post=3415"}],"version-history":[{"count":1,"href":"https:\/\/drhebertlamblet.com\/pt-br\/wp-json\/wp\/v2\/pages\/3415\/revisions"}],"predecessor-version":[{"id":3421,"href":"https:\/\/drhebertlamblet.com\/pt-br\/wp-json\/wp\/v2\/pages\/3415\/revisions\/3421"}],"up":[{"embeddable":true,"href":"https:\/\/drhebertlamblet.com\/pt-br\/wp-json\/wp\/v2\/pages\/3475"}],"wp:attachment":[{"href":"https:\/\/drhebertlamblet.com\/pt-br\/wp-json\/wp\/v2\/media?parent=3415"}],"curies":[{"name":"wp","href":"https:\/\/api.w.org\/{rel}","templated":true}]}}