{"id":3409,"date":"2019-04-16T02:24:35","date_gmt":"2019-04-16T02:24:35","guid":{"rendered":"https:\/\/drhebertlamblet.com\/blefaroplastia-cirurgia-das-palpebras\/"},"modified":"2023-08-11T02:18:13","modified_gmt":"2023-08-11T02:18:13","slug":"blefaroplastia-cirurgia-das-palpebras","status":"publish","type":"page","link":"https:\/\/drhebertlamblet.com\/pt-br\/procedimentos-faciais\/blefaroplastia-cirurgia-das-palpebras\/","title":{"rendered":"Blefaroplastia (Cirurgia das p\u00e1lpebras)"},"content":{"rendered":"  <div id=\"page-header-891428655\" class=\"page-header-wrapper\">\n  <div class=\"page-title light divided-title\">\n\n    \n    <div class=\"page-title-inner container align-center flex-row medium-flex-wrap\" >\n              <div class=\"title-wrapper flex-col text-left medium-text-center\">\n          <h1 class=\"entry-title mb-0\">\n            Blefaroplastia (Cirurgia das p\u00e1lpebras)          <\/h1>\n        <\/div>\n                    <div class=\"title-content flex-col flex-right text-right medium-text-center\">\n        <div class=\"title-breadcrumbs pb-half pt-half\"><\/div>      <\/div>\n    <\/div>\n\n       <\/div>\n  <div class=\"container header-wrapper-divider\"><hr\/><\/div>  <\/div>\n  \n\t<div id=\"gap-1883211181\" class=\"gap-element clearfix\" style=\"display:block; height:auto;\">\n\t\t\n<style>\n#gap-1883211181 {\n  padding-top: 30px;\n}\n<\/style>\n\t<\/div>\n\t\n<div class=\"row\"  id=\"row-820775437\">\n\n\t<div id=\"col-40500902\" class=\"col medium-6 small-12 large-6 col-divided\"  >\n\t\t\t\t<div class=\"col-inner\"  >\n\t\t\t\n\t\t\t\n\t<div class=\"img has-hover x md-x lg-x y md-y lg-y\" id=\"image_1142275971\">\n\t\t\t\t\t\t<div data-animate=\"fadeInLeft\">\t\t<div class=\"img-inner dark\" >\n\t\t\t<img loading=\"lazy\" decoding=\"async\" width=\"600\" height=\"600\" src=\"https:\/\/drhebertlamblet.com\/wp-content\/uploads\/2019\/06\/Eyelid_Surgery.png\" class=\"attachment-large size-large\" alt=\"\" srcset=\"https:\/\/drhebertlamblet.com\/wp-content\/uploads\/2019\/06\/Eyelid_Surgery.png 600w, https:\/\/drhebertlamblet.com\/wp-content\/uploads\/2019\/06\/Eyelid_Surgery-150x150.png 150w, https:\/\/drhebertlamblet.com\/wp-content\/uploads\/2019\/06\/Eyelid_Surgery-300x300.png 300w, https:\/\/drhebertlamblet.com\/wp-content\/uploads\/2019\/06\/Eyelid_Surgery-100x100.png 100w\" sizes=\"auto, (max-width: 600px) 100vw, 600px\" \/>\t\t\t\t\t\t\n\t\t\t\t\t<\/div>\n\t\t<\/div>\t\t\t\t\t\t\n<style>\n#image_1142275971 {\n  width: 100%;\n}\n<\/style>\n\t<\/div>\n\t\n\t\t<\/div>\n\t\t\t\t\t<\/div>\n\n\t\n\n\t<div id=\"col-29901486\" class=\"col medium-6 small-12 large-6\"  >\n\t\t\t\t<div class=\"col-inner\"  >\n\t\t\t\n\t\t\t\n<h5 class=\"uppercase\">Cirurgia das p\u00e1lpebras<\/h5>\n<p>Durante a cirurgia est\u00e9tica das p\u00e1lpebras, tamb\u00e9m designada por blefaroplastia, o excesso de pele, m\u00fasculo e gordura que causam as bolsas e o incha\u00e7o s\u00e3o removidos atrav\u00e9s de incis\u00f5es ocultas ao longo das linhas naturais da pele.<\/p>\n<p>Como cirurgi\u00e3o com uma vasta experi\u00eancia na realiza\u00e7\u00e3o de cirurgia est\u00e9tica das p\u00e1lpebras, o Dr. Lamblet obt\u00e9m consistentemente resultados sim\u00e9tricos e de aspeto natural que podem fazer com que os seus pacientes pare\u00e7am anos mais novos.  <\/p>\n<\/p>\n<a href=\"\/contact-us\" class=\"button secondary is-outline\" >\n\t\t<span>Pedir uma consulta<\/span>\n\t<i class=\"icon-angle-right\" aria-hidden=\"true\"><\/i><\/a>\n\n\t\t<\/div>\n\t\t\t\t\t<\/div>\n\n\t\n<\/div>\n\t<div id=\"gap-1995465063\" class=\"gap-element clearfix\" style=\"display:block; height:auto;\">\n\t\t\n<style>\n#gap-1995465063 {\n  padding-top: 30px;\n}\n<\/style>\n\t<\/div>\n\t\n<div class=\"row\"  id=\"row-1525787242\">\n\n\t<div id=\"col-226126382\" class=\"col medium-6 small-12 large-6\"  >\n\t\t\t\t<div class=\"col-inner\"  >\n\t\t\t\n\t\t\t\n\t<div id=\"gap-642394960\" class=\"gap-element clearfix hide-for-small\" style=\"display:block; height:auto;\">\n\t\t\n<style>\n#gap-642394960 {\n  padding-top: 20px;\n}\n<\/style>\n\t<\/div>\n\t\n<h3>Blefaroplastia transconjuntival<\/h3>\n<p>A blefaroplastia transconjuntival \u00e9 o procedimento que consiste em operar a p\u00e1lpebra inferior a partir do interior da p\u00e1lpebra &#8211; \u00e9 um procedimento suave, preciso, seguro e que poupa os tecidos para o rejuvenescimento das p\u00e1lpebras. Os doentes que pretendem efetuar uma cirurgia \u00e0s p\u00e1lpebras para corrigir os papos e a flacidez da p\u00e1lpebra inferior devem considerar os benef\u00edcios associados \u00e0 abordagem transconjuntival, uma vez que esta oferece v\u00e1rias vantagens est\u00e9ticas e funcionais a longo prazo em compara\u00e7\u00e3o com as t\u00e9cnicas tradicionais.<\/p>\n<p>Para os doentes com volume reduzido de gordura e tecido \u00e0 volta dos olhos, podem ser administrados <a href=\"https:\/\/drhebertlamblet.com\/pt-br\/?page_id=3397\">tratamentos de transfer\u00eancia de gordura e de c\u00e9lulas derivadas da gordura (ADCs)<\/a> para suavizar a defini\u00e7\u00e3o \u00f3ssea ou preencher cavidades.<\/p>\n\t\t<\/div>\n\t\t\t\t\t<\/div>\n\n\t\n\n\t<div id=\"col-1916555598\" class=\"col medium-6 small-12 large-6\"  >\n\t\t\t\t<div class=\"col-inner\"  >\n\t\t\t\n\t\t\t\n\t<div class=\"box has-hover   has-hover box-bounce box-text-bottom\" >\n\n\t\t<div class=\"box-image\" >\n\t\t\t\t\t\t<div class=\"\" >\n\t\t\t\t<img loading=\"lazy\" decoding=\"async\" width=\"480\" height=\"400\" src=\"https:\/\/drhebertlamblet.com\/wp-content\/uploads\/2019\/06\/transconjuctival_eyelid_procedure.jpg\" class=\"attachment- size-\" alt=\"\" srcset=\"https:\/\/drhebertlamblet.com\/wp-content\/uploads\/2019\/06\/transconjuctival_eyelid_procedure.jpg 480w, https:\/\/drhebertlamblet.com\/wp-content\/uploads\/2019\/06\/transconjuctival_eyelid_procedure-300x250.jpg 300w\" sizes=\"auto, (max-width: 480px) 100vw, 480px\" \/>\t\t\t\t\t\t\t\t\t\t\t<\/div>\n\t\t\t\t\t<\/div>\n\n\t\t<div class=\"box-text text-center\" >\n\t\t\t<div class=\"box-text-inner\">\n\t\t\t\t\n<h4>CIRURGIA DOS OLHOS<\/h4>\n<p>Procedimentos de Blefaroplastia<\/p>\n\t\t\t<\/div>\n\t\t<\/div>\n\t<\/div>\n\t\n\t\t<\/div>\n\t\t\t\t\t<\/div>\n\n\t\n<\/div>\n<div class=\"row\"  id=\"row-810354945\">\n\n\t<div id=\"col-136533526\" class=\"col medium-6 small-12 large-6\"  >\n\t\t\t\t<div class=\"col-inner\"  >\n\t\t\t\n\t\t\t\n\t<div class=\"img has-hover x md-x lg-x y md-y lg-y\" id=\"image_1566287727\">\n\t\t\t\t\t\t<div data-animate=\"fadeInRight\">\t\t<div class=\"img-inner dark\" >\n\t\t\t<img loading=\"lazy\" decoding=\"async\" width=\"600\" height=\"383\" src=\"https:\/\/drhebertlamblet.com\/wp-content\/uploads\/2019\/06\/eyelid_deformities.jpg\" class=\"attachment-large size-large\" alt=\"\" srcset=\"https:\/\/drhebertlamblet.com\/wp-content\/uploads\/2019\/06\/eyelid_deformities.jpg 600w, https:\/\/drhebertlamblet.com\/wp-content\/uploads\/2019\/06\/eyelid_deformities-300x192.jpg 300w\" sizes=\"auto, (max-width: 600px) 100vw, 600px\" \/>\t\t\t\t\t\t\n\t\t\t\t\t<\/div>\n\t\t<\/div>\t\t\t\t\t\t\n<style>\n#image_1566287727 {\n  width: 100%;\n}\n<\/style>\n\t<\/div>\n\t\n\t\t<\/div>\n\t\t\t\t\t<\/div>\n\n\t\n\n\t<div id=\"col-1953510265\" class=\"col medium-6 small-12 large-6\"  >\n\t\t\t\t<div class=\"col-inner\"  >\n\t\t\t\n\t\t\t\n<h3>Tipos de cirurgia das p\u00e1lpebras<\/h3>\n<p>Existem dezenas de tipos de procedimentos de cirurgia das p\u00e1lpebras que podem ser efectuados para v\u00e1rios fins espec\u00edficos. Entre os tipos mais comuns contam-se a remo\u00e7\u00e3o do excesso de pele e gordura das p\u00e1lpebras (blefaroplastia), a cirurgia das p\u00e1lpebras por laser (para rejuvenescimento da pele), a cirurgia das p\u00e1lpebras desca\u00eddas (corre\u00e7\u00e3o da ptose, eleva\u00e7\u00e3o das p\u00e1lpebras), o aperto do tend\u00e3o da p\u00e1lpebra inferior quando as p\u00e1lpebras se desviam para longe ou para perto dos olhos, para a remo\u00e7\u00e3o de les\u00f5es (tais como ter\u00e7\u00f3is, quistos, papilomas, cancros da pele e similares), cirurgia do canal lacrimal para olhos lacrimejantes, alongamento da p\u00e1lpebra superior e reconstru\u00e7\u00e3o da p\u00e1lpebra devido \u00e0 remo\u00e7\u00e3o de cancro ou trauma facial.<\/p>\n<a href=\"\/contact-us\" class=\"button secondary is-outline\" >\n\t\t<span>Pedir uma consulta<\/span>\n\t<i class=\"icon-angle-right\" aria-hidden=\"true\"><\/i><\/a>\n\n\t\t<\/div>\n\t\t\t\t\t<\/div>\n\n\t\n<\/div>\n\t<div id=\"gap-809510213\" class=\"gap-element clearfix\" style=\"display:block; height:auto;\">\n\t\t\n<style>\n#gap-809510213 {\n  padding-top: 65px;\n}\n<\/style>\n\t<\/div>\n\t\n","protected":false},"excerpt":{"rendered":"","protected":false},"author":1,"featured_media":0,"parent":3493,"menu_order":0,"comment_status":"closed","ping_status":"closed","template":"page-blank.php","meta":{"footnotes":""},"class_list":["post-3409","page","type-page","status-publish","hentry"],"_links":{"self":[{"href":"https:\/\/drhebertlamblet.com\/pt-br\/wp-json\/wp\/v2\/pages\/3409","targetHints":{"allow":["GET"]}}],"collection":[{"href":"https:\/\/drhebertlamblet.com\/pt-br\/wp-json\/wp\/v2\/pages"}],"about":[{"href":"https:\/\/drhebertlamblet.com\/pt-br\/wp-json\/wp\/v2\/types\/page"}],"author":[{"embeddable":true,"href":"https:\/\/drhebertlamblet.com\/pt-br\/wp-json\/wp\/v2\/users\/1"}],"replies":[{"embeddable":true,"href":"https:\/\/drhebertlamblet.com\/pt-br\/wp-json\/wp\/v2\/comments?post=3409"}],"version-history":[{"count":1,"href":"https:\/\/drhebertlamblet.com\/pt-br\/wp-json\/wp\/v2\/pages\/3409\/revisions"}],"predecessor-version":[{"id":3417,"href":"https:\/\/drhebertlamblet.com\/pt-br\/wp-json\/wp\/v2\/pages\/3409\/revisions\/3417"}],"up":[{"embeddable":true,"href":"https:\/\/drhebertlamblet.com\/pt-br\/wp-json\/wp\/v2\/pages\/3493"}],"wp:attachment":[{"href":"https:\/\/drhebertlamblet.com\/pt-br\/wp-json\/wp\/v2\/media?parent=3409"}],"curies":[{"name":"wp","href":"https:\/\/api.w.org\/{rel}","templated":true}]}}