{"id":3407,"date":"2019-04-27T02:14:07","date_gmt":"2019-04-27T02:14:07","guid":{"rendered":"https:\/\/drhebertlamblet.com\/facelift-para-homens\/"},"modified":"2023-08-11T02:18:06","modified_gmt":"2023-08-11T02:18:06","slug":"facelift-para-homens","status":"publish","type":"page","link":"https:\/\/drhebertlamblet.com\/pt-br\/para-homens\/facelift-para-homens\/","title":{"rendered":"Facelift para homens"},"content":{"rendered":"  <div id=\"page-header-479458550\" class=\"page-header-wrapper\">\n  <div class=\"page-title light divided-title\">\n\n    \n    <div class=\"page-title-inner container align-center flex-row medium-flex-wrap\" >\n              <div class=\"title-wrapper flex-col text-left medium-text-center\">\n          <h1 class=\"entry-title mb-0\">\n            Facelift para homens          <\/h1>\n        <\/div>\n                    <div class=\"title-content flex-col flex-right text-right medium-text-center\">\n        <div class=\"title-breadcrumbs pb-half pt-half\"><\/div>      <\/div>\n    <\/div>\n\n       <\/div>\n  <div class=\"container header-wrapper-divider\"><hr\/><\/div>  <\/div>\n  \n\t<div id=\"gap-349512316\" class=\"gap-element clearfix\" style=\"display:block; height:auto;\">\n\t\t\n<style>\n#gap-349512316 {\n  padding-top: 30px;\n}\n<\/style>\n\t<\/div>\n\t\n<div class=\"row\"  id=\"row-1720347814\">\n\n\t<div id=\"col-454178835\" class=\"col medium-5 small-12 large-5 col-divided\"  >\n\t\t\t\t<div class=\"col-inner\"  >\n\t\t\t\n\t\t\t\n\t<div class=\"img has-hover x md-x lg-x y md-y lg-y\" id=\"image_1452089348\">\n\t\t\t\t\t\t<div data-animate=\"fadeInLeft\">\t\t<div class=\"img-inner image-cover dark\" style=\"padding-top:100%;\">\n\t\t\t<img loading=\"lazy\" decoding=\"async\" width=\"829\" height=\"801\" src=\"https:\/\/drhebertlamblet.com\/wp-content\/uploads\/2019\/03\/facelift_men.jpg\" class=\"attachment-large size-large\" alt=\"\" srcset=\"https:\/\/drhebertlamblet.com\/wp-content\/uploads\/2019\/03\/facelift_men.jpg 829w, https:\/\/drhebertlamblet.com\/wp-content\/uploads\/2019\/03\/facelift_men-300x290.jpg 300w, https:\/\/drhebertlamblet.com\/wp-content\/uploads\/2019\/03\/facelift_men-768x742.jpg 768w\" sizes=\"auto, (max-width: 829px) 100vw, 829px\" \/>\t\t\t\t\t\t\n\t\t\t\t\t<\/div>\n\t\t<\/div>\t\t\t\t\t\t\n<style>\n#image_1452089348 {\n  width: 100%;\n}\n<\/style>\n\t<\/div>\n\t\n\t\t<\/div>\n\t\t\t\t\t<\/div>\n\n\t\n\n\t<div id=\"col-1304872281\" class=\"col medium-7 small-12 large-7\"  >\n\t\t\t\t<div class=\"col-inner\"  >\n\t\t\t\n\t\t\t\n<h5 class=\"uppercase\">Cirurgia FACE LIFT para homens<\/h5>\n<p>Uma das considera\u00e7\u00f5es mais importantes quando se realizam procedimentos cir\u00fargicos no rosto e\/ou pesco\u00e7o de um homem \u00e9 assegurar que as suas caracter\u00edsticas masculinas est\u00e3o &#8220;intactas&#8221;. Outra considera\u00e7\u00e3o importante \u00e9 que muitas das linhas faciais que s\u00e3o inaceit\u00e1veis para as mulheres n\u00e3o s\u00e3o, de facto, problem\u00e1ticas para os homens.  <\/p>\n<p>O Dr. Hebert Lamblet realiza todos os procedimentos de lifting facial na Vikaara Klinik\u00ae no Rio de Janeiro, Brasil, com um forte compromisso com a seguran\u00e7a e satisfa\u00e7\u00e3o do paciente. Ap\u00f3s o procedimento, a flacidez da pele e as rugas s\u00e3o consideravelmente reduzidas e \u00e9 restaurado um aspeto refrescado e jovem.<\/p>\n<a href=\"\/contact-us\" class=\"button secondary is-outline\" >\n\t\t<span>Pedir uma consulta<\/span>\n\t<i class=\"icon-angle-right\" aria-hidden=\"true\"><\/i><\/a>\n\n\t\t<\/div>\n\t\t\t\t\t<\/div>\n\n\t\n<\/div>\n\t<div id=\"gap-572287678\" class=\"gap-element clearfix\" style=\"display:block; height:auto;\">\n\t\t\n<style>\n#gap-572287678 {\n  padding-top: 30px;\n}\n<\/style>\n\t<\/div>\n\t\n<div class=\"row\"  id=\"row-1200335904\">\n\n\t<div id=\"col-1021928284\" class=\"col small-12 large-12\"  >\n\t\t\t\t<div class=\"col-inner\"  >\n\t\t\t\n\t\t\t\n<h2>Procedimentos de lifting facial<\/h2>\n\t\t<\/div>\n\t\t\t\t\t<\/div>\n\n\t\n<\/div>\n<div class=\"row\"  id=\"row-418545465\">\n\n\t<div id=\"col-749712382\" class=\"col medium-6 small-12 large-6\"  >\n\t\t\t\t<div class=\"col-inner\"  >\n\t\t\t\n\t\t\t\n<p>A \u00e1rea mais importante para a cirurgia pl\u00e1stica no rosto de um homem \u00e9 o pesco\u00e7o e a linha do maxilar. S\u00e3o estas caracter\u00edsticas que d\u00e3o a apar\u00eancia de uma juventude saud\u00e1vel e atl\u00e9tica.<\/p>\n<p>Para saber mais sobre os benef\u00edcios rejuvenescedores de um procedimento de lifting facial no nosso consult\u00f3rio no Rio de Janeiro, Brasil, <a href=\"http:\/\/www.drhebertlamblet.com\/contact-us\/\">contacte-nos hoje mesmo<\/a>. O Dr. Lamblet e toda a equipa da Vikaara Klinik\u00ae est\u00e3o ansiosos por responder a quaisquer perguntas que possa ter.<\/p>\n\t\t<\/div>\n\t\t\t\t\t<\/div>\n\n\t\n\n\t<div id=\"col-1448530053\" class=\"col medium-6 small-12 large-6\"  >\n\t\t\t\t<div class=\"col-inner\"  >\n\t\t\t\n\t\t\t\n\t<div class=\"box has-hover   has-hover box-bounce box-text-bottom\" >\n\n\t\t<div class=\"box-image\" >\n\t\t\t\t\t\t<div class=\"\" >\n\t\t\t\t<img loading=\"lazy\" decoding=\"async\" width=\"926\" height=\"618\" src=\"https:\/\/drhebertlamblet.com\/wp-content\/uploads\/2019\/04\/facelift-for-men-procedures.jpg\" class=\"attachment- size-\" alt=\"\" srcset=\"https:\/\/drhebertlamblet.com\/wp-content\/uploads\/2019\/04\/facelift-for-men-procedures.jpg 926w, https:\/\/drhebertlamblet.com\/wp-content\/uploads\/2019\/04\/facelift-for-men-procedures-300x200.jpg 300w, https:\/\/drhebertlamblet.com\/wp-content\/uploads\/2019\/04\/facelift-for-men-procedures-768x513.jpg 768w\" sizes=\"auto, (max-width: 926px) 100vw, 926px\" \/>\t\t\t\t\t\t\t\t\t\t\t<\/div>\n\t\t\t\t\t<\/div>\n\n\t\t<div class=\"box-text text-center\" >\n\t\t\t<div class=\"box-text-inner\">\n\t\t\t\t\n<h4>CIRURGIA DE LIFTING FACIAL<\/h4>\n<p>Procedimentos de lifting facial<\/p>\n\t\t\t<\/div>\n\t\t<\/div>\n\t<\/div>\n\t\n\t\t<\/div>\n\t\t\t\t\t<\/div>\n\n\t\n<\/div>\n\t<div id=\"gap-1501498964\" class=\"gap-element clearfix\" style=\"display:block; height:auto;\">\n\t\t\n<style>\n#gap-1501498964 {\n  padding-top: 65px;\n}\n<\/style>\n\t<\/div>\n\t\n","protected":false},"excerpt":{"rendered":"","protected":false},"author":1,"featured_media":0,"parent":3440,"menu_order":0,"comment_status":"closed","ping_status":"closed","template":"page-blank.php","meta":{"footnotes":""},"class_list":["post-3407","page","type-page","status-publish","hentry"],"_links":{"self":[{"href":"https:\/\/drhebertlamblet.com\/pt-br\/wp-json\/wp\/v2\/pages\/3407","targetHints":{"allow":["GET"]}}],"collection":[{"href":"https:\/\/drhebertlamblet.com\/pt-br\/wp-json\/wp\/v2\/pages"}],"about":[{"href":"https:\/\/drhebertlamblet.com\/pt-br\/wp-json\/wp\/v2\/types\/page"}],"author":[{"embeddable":true,"href":"https:\/\/drhebertlamblet.com\/pt-br\/wp-json\/wp\/v2\/users\/1"}],"replies":[{"embeddable":true,"href":"https:\/\/drhebertlamblet.com\/pt-br\/wp-json\/wp\/v2\/comments?post=3407"}],"version-history":[{"count":1,"href":"https:\/\/drhebertlamblet.com\/pt-br\/wp-json\/wp\/v2\/pages\/3407\/revisions"}],"predecessor-version":[{"id":3414,"href":"https:\/\/drhebertlamblet.com\/pt-br\/wp-json\/wp\/v2\/pages\/3407\/revisions\/3414"}],"up":[{"embeddable":true,"href":"https:\/\/drhebertlamblet.com\/pt-br\/wp-json\/wp\/v2\/pages\/3440"}],"wp:attachment":[{"href":"https:\/\/drhebertlamblet.com\/pt-br\/wp-json\/wp\/v2\/media?parent=3407"}],"curies":[{"name":"wp","href":"https:\/\/api.w.org\/{rel}","templated":true}]}}