{"id":3406,"date":"2021-07-26T19:42:38","date_gmt":"2021-07-26T19:42:38","guid":{"rendered":"https:\/\/drhebertlamblet.com\/efetuar-um-pagamento-ou-deposito\/"},"modified":"2023-09-20T17:15:19","modified_gmt":"2023-09-20T17:15:19","slug":"efetuar-um-pagamento-ou-deposito","status":"publish","type":"page","link":"https:\/\/drhebertlamblet.com\/pt-br\/efetuar-um-pagamento-ou-deposito\/","title":{"rendered":"Efetuar um pagamento ou dep\u00f3sito"},"content":{"rendered":"\n\t<div id=\"gap-1696380650\" class=\"gap-element clearfix\" style=\"display:block; height:auto;\">\n\t\t\n<style>\n#gap-1696380650 {\n  padding-top: 30px;\n}\n<\/style>\n\t<\/div>\n\t\n\n<div class=\"container section-title-container\" ><h3 class=\"section-title section-title-center\"><b aria-hidden=\"true\"><\/b><span class=\"section-title-main\" >Efetuar um PAGAMENTO OU DEP\u00d3SITO<\/span><b aria-hidden=\"true\"><\/b><\/h3><\/div>\n\n<div class=\"row\"  id=\"row-1659799963\">\n\n\n\t<div id=\"col-340170294\" class=\"col medium-1 small-12 large-1\"  >\n\t\t\t\t<div class=\"col-inner\"  >\n\t\t\t\n\t\t\t\n\n\t<div id=\"gap-2144601703\" class=\"gap-element clearfix\" style=\"display:block; height:auto;\">\n\t\t\n<style>\n#gap-2144601703 {\n  padding-top: 30px;\n}\n<\/style>\n\t<\/div>\n\t\n\n\n\t\t<\/div>\n\t\t\t\t\t<\/div>\n\n\t\n\n\t<div id=\"col-984060201\" class=\"col medium-3 small-12 large-3\"  >\n\t\t\t\t<div class=\"col-inner\"  >\n\t\t\t\n\t\t\t\n\n\t<div class=\"img has-hover x md-x lg-x y md-y lg-y\" id=\"image_1294752387\">\n\t\t\t\t\t\t\t\t<div class=\"img-inner dark\" >\n\t\t\t<img loading=\"lazy\" decoding=\"async\" width=\"277\" height=\"286\" src=\"https:\/\/drhebertlamblet.com\/wp-content\/uploads\/2021\/07\/stripe-payments.png\" class=\"attachment-large size-large\" alt=\"\" \/>\t\t\t\t\t\t\n\t\t\t\t\t<\/div>\n\t\t\t\t\t\t\t\t\n<style>\n#image_1294752387 {\n  width: 100%;\n}\n<\/style>\n\t<\/div>\n\t\n\n\t<div id=\"gap-575427115\" class=\"gap-element clearfix\" style=\"display:block; height:auto;\">\n\t\t\n<style>\n#gap-575427115 {\n  padding-top: 30px;\n}\n<\/style>\n\t<\/div>\n\t\n\n\n\t\t<\/div>\n\t\t\t\t\t<\/div>\n\n\t\n\n\t<div id=\"col-1829388496\" class=\"col medium-6 small-12 large-6\"  >\n\t\t\t\t<div class=\"col-inner\"  >\n\t\t\t\n\t\t\t\n\n\t<div class=\"asp_product_item\">\n\t\t<div class=\"asp_product_item_top\">\n\t\t<div class=\"asp_product_item_thumbnail\">\n\t\t\t<img decoding=\"async\" src=\"https:\/\/drhebertlamblet.com\/wp-content\/uploads\/2019\/03\/payment.png\">\n\t\t<\/div>\n\t\t<div class=\"asp_product_name\">\n\t\t\tPagamentos e dep\u00f3sitos\n\t\t<\/div>\n\t\t<\/div>\n\t\t<div style=\"clear:both;\"><\/div>\n\t\t<div class=\"asp_product_description\">\n\t\t<p>Efectue um pagamento com cart\u00e3o de cr\u00e9dito para a sua fatura ou um dep\u00f3sito na sua conta. Pagamento de procedimentos pr\u00e9\/p\u00f3s e\/ou facturas pendentes.<\/p>\n<p><strong>Todos os principais cart\u00f5es de cr\u00e9dito s\u00e3o aceitos. Transa\u00e7\u00f5es garantidas pela Stripe.<\/strong><\/p>\n\n\t\t<\/div>\n\t\t<div class=\"asp_price_container\">\n\t\t<span class=\"asp_price_amount\"><\/span> <span class=\"asp_new_price_amount\"><\/span> <span class=\"asp_quantity\"><\/span>\n\t\t<div class=\"asp_under_price_line\"><\/div>\n\t\t<\/div>\n\t\t<div class=\"asp_product_buy_button\">\n\t\t<div class=\"asp-processing-cont\" style=\"display:none;\"><span class=\"asp-processing\">Processing <i>.<\/i><i>.<\/i><i>.<\/i><\/span><\/div><form id=\"asp_ng_form_069d857c0e9a76\" class=\"asp-stripe-form\" action=\"\"  method=\"POST\"> <input type=\"hidden\" name=\"asp_product_id\" value=\"3955\" \/><div class=\"asp-child-hidden-fields\" style=\"display: none !important;\"><\/div><\/form><div id=\"asp-all-buttons-container-069d857c0e9a76\" class=\"asp_all_buttons_container\"><div class=\"asp_product_buy_btn_container\"><button id=\"asp_ng_button_069d857c0e9a76\" type=\"submit\" class=\"asp_product_buy_btn blue\" ><span>EFETUE O PAGAMENTO AGORA<\/span><\/button><\/div><noscript>Stripe Payments requires Javascript to be supported by the browser in order to operate.<\/noscript><\/div><div id=\"asp-btn-spinner-container-069d857c0e9a76\" class=\"asp-btn-spinner-container\" style=\"display: none !important\"><div class=\"asp-btn-spinner\"><div><\/div><div><\/div><div><\/div><div><\/div><\/div><\/div><script>var asp_data_069d857c0e9a76 = {\"is_live\":true,\"product_id\":3955,\"iframe_url\":\"https:\\\/\\\/drhebertlamblet.com\\\/pt-br\\\/asp-payment-box\\\/?product_id=3955\",\"button_key\":\"4209976419886d8ead84de2e15e97a6f\",\"item_price\":0,\"quantity\":1,\"custom_quantity\":\"\",\"description\":\"\",\"descrGenerated\":false,\"shipping\":0,\"tax\":0,\"image\":\"https:\\\/\\\/drhebertlamblet.com\\\/wp-content\\\/uploads\\\/2023\\\/09\\\/asp_product_3955_thumb_74edd831a8aa601ad73be93246bb8fc2.png\",\"currency\":\"BRL\",\"currency_variable\":\"1\",\"locale\":\"auto\",\"name\":\"Pagamentos e dep\\u00f3sitos\",\"url\":\"\",\"amount\":0,\"billingAddress\":false,\"shippingAddress\":false,\"customer_email\":\"\",\"uniq_id\":\"069d857c0e9a76\",\"variable\":true,\"zeroCents\":[\"JPY\",\"MGA\",\"VND\",\"KRW\"],\"addonHooks\":[\"recaptcha\"],\"button_text\":\"EFETUE O PAGAMENTO AGORA\",\"out_of_stock\":false,\"stock_control_enabled\":false,\"stock_items\":0,\"currencyFormat\":{\"c\":2,\"d\":\".\",\"t\":\",\",\"s\":\"R$\",\"pos\":\"left\"},\"displayStr\":{\"tax\":\"%s (tax)\",\"ship\":\"%s (shipping)\"},\"thankyou_page_url\":\"\",\"show_custom_amount_input\":false,\"recaptchaSiteKey\":\"6LfSBxkiAAAAAABqNdgdkxVo6F8e70hSjtAm9ydO\"};if(typeof jQuery!==\"undefined\") {jQuery(document).ready(function() {new stripeHandlerNG(asp_data_069d857c0e9a76);});} else { if (typeof wpaspInitOnDocReady===\"undefined\") {var wpaspInitOnDocReady=[];} wpaspInitOnDocReady.push(asp_data_069d857c0e9a76);}<\/script>\n\t\t<\/div>\n\t<\/div>\n\t\n\t<div id=\"gap-873674451\" class=\"gap-element clearfix\" style=\"display:block; height:auto;\">\n\t\t\n<style>\n#gap-873674451 {\n  padding-top: 30px;\n}\n<\/style>\n\t<\/div>\n\t\n\n\n\t\t<\/div>\n\t\t\t\t\t<\/div>\n\n\t\n\n<\/div>\n","protected":false},"excerpt":{"rendered":"<p>Pagamentos e dep\u00f3sitos Efectue um pagamento com cart\u00e3o de cr\u00e9dito para a sua fatura ou um dep\u00f3sito na sua conta. Pagamento de procedimentos pr\u00e9\/p\u00f3s e\/ou facturas pendentes. Todos os principais cart\u00f5es de cr\u00e9dito s\u00e3o aceitos. Transa\u00e7\u00f5es garantidas pela Stripe.<\/p>\n","protected":false},"author":4,"featured_media":0,"parent":0,"menu_order":0,"comment_status":"closed","ping_status":"closed","template":"page-blank.php","meta":{"footnotes":""},"class_list":["post-3406","page","type-page","status-publish","hentry"],"_links":{"self":[{"href":"https:\/\/drhebertlamblet.com\/pt-br\/wp-json\/wp\/v2\/pages\/3406","targetHints":{"allow":["GET"]}}],"collection":[{"href":"https:\/\/drhebertlamblet.com\/pt-br\/wp-json\/wp\/v2\/pages"}],"about":[{"href":"https:\/\/drhebertlamblet.com\/pt-br\/wp-json\/wp\/v2\/types\/page"}],"author":[{"embeddable":true,"href":"https:\/\/drhebertlamblet.com\/pt-br\/wp-json\/wp\/v2\/users\/4"}],"replies":[{"embeddable":true,"href":"https:\/\/drhebertlamblet.com\/pt-br\/wp-json\/wp\/v2\/comments?post=3406"}],"version-history":[{"count":2,"href":"https:\/\/drhebertlamblet.com\/pt-br\/wp-json\/wp\/v2\/pages\/3406\/revisions"}],"predecessor-version":[{"id":3958,"href":"https:\/\/drhebertlamblet.com\/pt-br\/wp-json\/wp\/v2\/pages\/3406\/revisions\/3958"}],"wp:attachment":[{"href":"https:\/\/drhebertlamblet.com\/pt-br\/wp-json\/wp\/v2\/media?parent=3406"}],"curies":[{"name":"wp","href":"https:\/\/api.w.org\/{rel}","templated":true}]}}