{"id":3404,"date":"2019-03-24T19:58:29","date_gmt":"2019-03-24T19:58:29","guid":{"rendered":"https:\/\/drhebertlamblet.com\/galeria\/"},"modified":"2023-08-11T02:18:06","modified_gmt":"2023-08-11T02:18:06","slug":"galeria","status":"publish","type":"page","link":"https:\/\/drhebertlamblet.com\/pt-br\/galeria\/","title":{"rendered":"Galeria"},"content":{"rendered":"\t<div id=\"gap-414052759\" class=\"gap-element clearfix\" style=\"display:block; height:auto;\">\n\t\t\n<style>\n#gap-414052759 {\n  padding-top: 150px;\n}\n<\/style>\n\t<\/div>\n\t\n<div class=\"row\"  id=\"row-1310505647\">\n\n\t<div id=\"col-1789011326\" class=\"col small-12 large-12\"  >\n\t\t\t\t<div class=\"col-inner\"  >\n\t\t\t\n\t\t\t\n<h1 class=\"uppercase\" style=\"text-align: center;\">Galeria de fotos<\/h1>\n<p class=\"lead\" style=\"text-align: center;\">De acordo com o C\u00f3digo de \u00c9tica M\u00e9dica do Brasil, aprovado pelo Conselho Federal de Medicina, \u00e9 proibido tirar fotos &#8220;antes e depois&#8221; dos nossos pacientes. Se o fizer, estar\u00e1 a cometer uma infra\u00e7\u00e3o grave, contr\u00e1ria \u00e0s regras de conduta profissional impostas pela nossa autoridade reguladora das licen\u00e7as m\u00e9dicas.<\/p>\n<p class=\"lead\" style=\"text-align: center;\">Obrigado pela vossa compreens\u00e3o.<\/p>\n<div class=\"row\"  id=\"row-1229118260\">\n\n\t<div id=\"col-1033044700\" class=\"col small-12 large-12\"  >\n\t\t\t\t<div class=\"col-inner text-center\"  >\n\t\t\t\n\t\t\t\n<div class=\"ux-logo has-hover align-middle ux_logo inline-block\" style=\"max-width: 100%!important; width: 169.125px!important\"><div class=\"ux-logo-link block image-\" title=\"\" href=\"\" style=\"padding: 15px;\"><img decoding=\"async\" src=\"https:\/\/drhebertlamblet.com\/wp-content\/uploads\/2019\/03\/member_logos_ISBI.png\" title=\"\" alt=\"\" class=\"ux-logo-image block\" style=\"height:126px;\" \/><\/div><\/div>\n<div class=\"ux-logo has-hover align-middle ux_logo inline-block\" style=\"max-width: 100%!important; width: 181.375px!important\"><div class=\"ux-logo-link block image-\" title=\"\" href=\"\" style=\"padding: 15px;\"><img decoding=\"async\" src=\"https:\/\/drhebertlamblet.com\/wp-content\/uploads\/2019\/03\/member_logos_pitanguy.png\" title=\"\" alt=\"\" class=\"ux-logo-image block\" style=\"height:126px;\" \/><\/div><\/div>\n<div class=\"ux-logo has-hover align-middle ux_logo inline-block\" style=\"max-width: 100%!important; width: 168.43421052632px!important\"><div class=\"ux-logo-link block image-\" title=\"\" href=\"\" style=\"padding: 15px;\"><img decoding=\"async\" src=\"https:\/\/drhebertlamblet.com\/wp-content\/uploads\/2019\/03\/member_logos_brasil.png\" title=\"\" alt=\"\" class=\"ux-logo-image block\" style=\"height:126px;\" \/><\/div><\/div>\n<div class=\"ux-logo has-hover align-middle ux_logo inline-block\" style=\"max-width: 100%!important; width: 168.44444444444px!important\"><div class=\"ux-logo-link block image-\" title=\"\" href=\"\" style=\"padding: 15px;\"><img decoding=\"async\" src=\"https:\/\/drhebertlamblet.com\/wp-content\/uploads\/2019\/03\/member_logos_ASAPS.png\" title=\"\" alt=\"\" class=\"ux-logo-image block\" style=\"height:126px;\" \/><\/div><\/div>\n\t\t<\/div>\n\t\t\t\t\t<\/div>\n\n\t\n<\/div>\n\t<div id=\"gap-1237157672\" class=\"gap-element clearfix\" style=\"display:block; height:auto;\">\n\t\t\n<style>\n#gap-1237157672 {\n  padding-top: 150px;\n}\n<\/style>\n\t<\/div>\n\t\n\t\t<\/div>\n\t\t\t\t\t<\/div>\n\n\t\n<\/div>\n\t<div id=\"gap-1713314620\" class=\"gap-element clearfix\" style=\"display:block; height:auto;\">\n\t\t\n<style>\n#gap-1713314620 {\n  padding-top: 30px;\n}\n<\/style>\n\t<\/div>\n\t\n","protected":false},"excerpt":{"rendered":"","protected":false},"author":1,"featured_media":0,"parent":0,"menu_order":0,"comment_status":"closed","ping_status":"closed","template":"page-blank.php","meta":{"footnotes":""},"class_list":["post-3404","page","type-page","status-publish","hentry"],"_links":{"self":[{"href":"https:\/\/drhebertlamblet.com\/pt-br\/wp-json\/wp\/v2\/pages\/3404","targetHints":{"allow":["GET"]}}],"collection":[{"href":"https:\/\/drhebertlamblet.com\/pt-br\/wp-json\/wp\/v2\/pages"}],"about":[{"href":"https:\/\/drhebertlamblet.com\/pt-br\/wp-json\/wp\/v2\/types\/page"}],"author":[{"embeddable":true,"href":"https:\/\/drhebertlamblet.com\/pt-br\/wp-json\/wp\/v2\/users\/1"}],"replies":[{"embeddable":true,"href":"https:\/\/drhebertlamblet.com\/pt-br\/wp-json\/wp\/v2\/comments?post=3404"}],"version-history":[{"count":1,"href":"https:\/\/drhebertlamblet.com\/pt-br\/wp-json\/wp\/v2\/pages\/3404\/revisions"}],"predecessor-version":[{"id":3410,"href":"https:\/\/drhebertlamblet.com\/pt-br\/wp-json\/wp\/v2\/pages\/3404\/revisions\/3410"}],"wp:attachment":[{"href":"https:\/\/drhebertlamblet.com\/pt-br\/wp-json\/wp\/v2\/media?parent=3404"}],"curies":[{"name":"wp","href":"https:\/\/api.w.org\/{rel}","templated":true}]}}