{"id":3403,"date":"2019-04-22T01:49:20","date_gmt":"2019-04-22T01:49:20","guid":{"rendered":"https:\/\/drhebertlamblet.com\/cirurgia-do-ouvido-otoplastia\/"},"modified":"2023-08-11T02:18:05","modified_gmt":"2023-08-11T02:18:05","slug":"cirurgia-do-ouvido-otoplastia","status":"publish","type":"page","link":"https:\/\/drhebertlamblet.com\/pt-br\/procedimentos-faciais\/cirurgia-do-ouvido-otoplastia\/","title":{"rendered":"Cirurgia do ouvido (Otoplastia)"},"content":{"rendered":"  <div id=\"page-header-905585362\" class=\"page-header-wrapper\">\n  <div class=\"page-title light divided-title\">\n\n    \n    <div class=\"page-title-inner container align-center flex-row medium-flex-wrap\" >\n              <div class=\"title-wrapper flex-col text-left medium-text-center\">\n          <h1 class=\"entry-title mb-0\">\n            Cirurgia do ouvido (Otoplastia)          <\/h1>\n        <\/div>\n                    <div class=\"title-content flex-col flex-right text-right medium-text-center\">\n        <div class=\"title-breadcrumbs pb-half pt-half\"><\/div>      <\/div>\n    <\/div>\n\n       <\/div>\n  <div class=\"container header-wrapper-divider\"><hr\/><\/div>  <\/div>\n  \n\t<div id=\"gap-152734195\" class=\"gap-element clearfix\" style=\"display:block; height:auto;\">\n\t\t\n<style>\n#gap-152734195 {\n  padding-top: 30px;\n}\n<\/style>\n\t<\/div>\n\t\n<div class=\"row\"  id=\"row-80032369\">\n\n\t<div id=\"col-1893763597\" class=\"col medium-5 small-12 large-5 col-divided\"  >\n\t\t\t\t<div class=\"col-inner\"  >\n\t\t\t\n\t\t\t\n\t<div class=\"img has-hover x md-x lg-x y md-y lg-y\" id=\"image_1052040382\">\n\t\t\t\t\t\t<div data-animate=\"fadeInLeft\">\t\t<div class=\"img-inner image-cover dark\" style=\"padding-top:100%;\">\n\t\t\t<img loading=\"lazy\" decoding=\"async\" width=\"685\" height=\"355\" src=\"https:\/\/drhebertlamblet.com\/wp-content\/uploads\/2019\/03\/otoplasty_ear_surgery.jpg\" class=\"attachment-large size-large\" alt=\"Ear Surgery (Otoplasty)\" srcset=\"https:\/\/drhebertlamblet.com\/wp-content\/uploads\/2019\/03\/otoplasty_ear_surgery.jpg 685w, https:\/\/drhebertlamblet.com\/wp-content\/uploads\/2019\/03\/otoplasty_ear_surgery-300x155.jpg 300w\" sizes=\"auto, (max-width: 685px) 100vw, 685px\" \/>\t\t\t\t\t\t\n\t\t\t\t\t<\/div>\n\t\t<\/div>\t\t\t\t\t\t\n<style>\n#image_1052040382 {\n  width: 100%;\n}\n<\/style>\n\t<\/div>\n\t\n\t\t<\/div>\n\t\t\t\t\t<\/div>\n\n\t\n\n\t<div id=\"col-1148077321\" class=\"col medium-7 small-12 large-7\"  >\n\t\t\t\t<div class=\"col-inner\"  >\n\t\t\t\n\t\t\t\n<h5 class=\"uppercase\">Cirurgia do ouvido<\/h5>\n<p>A otoplastia \u00e9 um procedimento em que as orelhas s\u00e3o remodeladas ou reposicionadas para melhorar o seu aspeto. Na maioria dos casos, a otoplastia \u00e9 efectuada para corrigir orelhas proeminentes, de modo a que fiquem mais planas em rela\u00e7\u00e3o \u00e0 cabe\u00e7a.<\/p>\n<p>O Dr. Lamblet tamb\u00e9m pode melhorar a apar\u00eancia de orelhas com formato desproporcional, esculpindo o tecido mole e a cartilagem. Embora muitos adultos se submetam ao procedimento com excelentes resultados, a otoplastia \u00e9 normalmente realizada em crian\u00e7as, uma vez que as orelhas s\u00e3o mais flex\u00edveis e mais f\u00e1ceis de corrigir numa idade precoce.<\/p>\n<a href=\"\/contact-us\" class=\"button secondary is-outline\" >\n\t\t<span>Pedir uma consulta<\/span>\n\t<i class=\"icon-angle-right\" aria-hidden=\"true\"><\/i><\/a>\n\n\t\t<\/div>\n\t\t\t\t\t<\/div>\n\n\t\n<\/div>\n\t<div id=\"gap-411347400\" class=\"gap-element clearfix\" style=\"display:block; height:auto;\">\n\t\t\n<style>\n#gap-411347400 {\n  padding-top: 30px;\n}\n<\/style>\n\t<\/div>\n\t\n<div class=\"row\"  id=\"row-1515825732\">\n\n\t<div id=\"col-707344657\" class=\"col medium-6 small-12 large-6\"  >\n\t\t\t\t<div class=\"col-inner\"  >\n\t\t\t\n\t\t\t\n\t<div id=\"gap-1226030365\" class=\"gap-element clearfix hide-for-small\" style=\"display:block; height:auto;\">\n\t\t\n<style>\n#gap-1226030365 {\n  padding-top: 60px;\n}\n<\/style>\n\t<\/div>\n\t\n<h2><b>O procedimento de otoplastia<\/b><\/h2>\n<p>A otoplastia pode ser administrada sob anestesia geral para os doentes mais jovens e sob anestesia local combinada com um sedativo ligeiro para os adultos e crian\u00e7as mais velhas. Nalguns casos de anestesia geral, pode ser necess\u00e1ria uma noite de estadia. Caso contr\u00e1rio, os doentes regressam normalmente a casa algumas horas ap\u00f3s o procedimento.<\/p>\n<p>Os factores que podem influenciar a escolha da t\u00e9cnica incluem a anatomia geral das orelhas, a extens\u00e3o da cartilagem da orelha e o excesso de pele na \u00e1rea circundante.<\/p>\n\t\t<\/div>\n\t\t\t\t\t<\/div>\n\n\t\n\n\t<div id=\"col-1851468039\" class=\"col medium-6 small-12 large-6\"  >\n\t\t\t\t<div class=\"col-inner\"  >\n\t\t\t\n\t\t\t\n\t<div class=\"box has-hover   has-hover box-bounce box-text-bottom\" >\n\n\t\t<div class=\"box-image\" >\n\t\t\t\t\t\t<div class=\"\" >\n\t\t\t\t<img loading=\"lazy\" decoding=\"async\" width=\"560\" height=\"374\" src=\"https:\/\/drhebertlamblet.com\/wp-content\/uploads\/2019\/04\/ear-surgery.jpg\" class=\"attachment- size-\" alt=\"\" srcset=\"https:\/\/drhebertlamblet.com\/wp-content\/uploads\/2019\/04\/ear-surgery.jpg 560w, https:\/\/drhebertlamblet.com\/wp-content\/uploads\/2019\/04\/ear-surgery-300x200.jpg 300w\" sizes=\"auto, (max-width: 560px) 100vw, 560px\" \/>\t\t\t\t\t\t\t\t\t\t\t<\/div>\n\t\t\t\t\t<\/div>\n\n\t\t<div class=\"box-text text-center\" >\n\t\t\t<div class=\"box-text-inner\">\n\t\t\t\t\n<h4>CIRURGIA DO OUVIDO<\/h4>\n<p>Procedimentos de otoplastia<\/p>\n\t\t\t<\/div>\n\t\t<\/div>\n\t<\/div>\n\t\n\t\t<\/div>\n\t\t\t\t\t<\/div>\n\n\t\n<\/div>\n\t<div id=\"gap-1610125256\" class=\"gap-element clearfix\" style=\"display:block; height:auto;\">\n\t\t\n<style>\n#gap-1610125256 {\n  padding-top: 65px;\n}\n<\/style>\n\t<\/div>\n\t\n","protected":false},"excerpt":{"rendered":"","protected":false},"author":1,"featured_media":0,"parent":3493,"menu_order":0,"comment_status":"closed","ping_status":"closed","template":"page-blank.php","meta":{"footnotes":""},"class_list":["post-3403","page","type-page","status-publish","hentry"],"_links":{"self":[{"href":"https:\/\/drhebertlamblet.com\/pt-br\/wp-json\/wp\/v2\/pages\/3403","targetHints":{"allow":["GET"]}}],"collection":[{"href":"https:\/\/drhebertlamblet.com\/pt-br\/wp-json\/wp\/v2\/pages"}],"about":[{"href":"https:\/\/drhebertlamblet.com\/pt-br\/wp-json\/wp\/v2\/types\/page"}],"author":[{"embeddable":true,"href":"https:\/\/drhebertlamblet.com\/pt-br\/wp-json\/wp\/v2\/users\/1"}],"replies":[{"embeddable":true,"href":"https:\/\/drhebertlamblet.com\/pt-br\/wp-json\/wp\/v2\/comments?post=3403"}],"version-history":[{"count":1,"href":"https:\/\/drhebertlamblet.com\/pt-br\/wp-json\/wp\/v2\/pages\/3403\/revisions"}],"predecessor-version":[{"id":3408,"href":"https:\/\/drhebertlamblet.com\/pt-br\/wp-json\/wp\/v2\/pages\/3403\/revisions\/3408"}],"up":[{"embeddable":true,"href":"https:\/\/drhebertlamblet.com\/pt-br\/wp-json\/wp\/v2\/pages\/3493"}],"wp:attachment":[{"href":"https:\/\/drhebertlamblet.com\/pt-br\/wp-json\/wp\/v2\/media?parent=3403"}],"curies":[{"name":"wp","href":"https:\/\/api.w.org\/{rel}","templated":true}]}}