{"id":3397,"date":"2019-04-26T18:38:05","date_gmt":"2019-04-26T18:38:05","guid":{"rendered":"https:\/\/drhebertlamblet.com\/remodelacao-facial-volumetrica\/"},"modified":"2023-08-11T02:17:59","modified_gmt":"2023-08-11T02:17:59","slug":"remodelacao-facial-volumetrica","status":"publish","type":"page","link":"https:\/\/drhebertlamblet.com\/pt-br\/procedimentos-faciais\/remodelacao-facial-volumetrica\/","title":{"rendered":"Remodela\u00e7\u00e3o facial volum\u00e9trica"},"content":{"rendered":"  <div id=\"page-header-1830101861\" class=\"page-header-wrapper\">\n  <div class=\"page-title light divided-title\">\n\n    \n    <div class=\"page-title-inner container align-center flex-row medium-flex-wrap\" >\n              <div class=\"title-wrapper flex-col text-left medium-text-center\">\n          <h1 class=\"entry-title mb-0\">\n            Remodela\u00e7\u00e3o facial volum\u00e9trica          <\/h1>\n        <\/div>\n                    <div class=\"title-content flex-col flex-right text-right medium-text-center\">\n        <div class=\"title-breadcrumbs pb-half pt-half\"><\/div>      <\/div>\n    <\/div>\n\n       <\/div>\n  <div class=\"container header-wrapper-divider\"><hr\/><\/div>  <\/div>\n  \n\t<div id=\"gap-868083464\" class=\"gap-element clearfix\" style=\"display:block; height:auto;\">\n\t\t\n<style>\n#gap-868083464 {\n  padding-top: 30px;\n}\n<\/style>\n\t<\/div>\n\t\n<div class=\"row\"  id=\"row-1939742224\">\n\n\t<div id=\"col-1810221923\" class=\"col medium-5 small-12 large-5 col-divided\"  >\n\t\t\t\t<div class=\"col-inner\"  >\n\t\t\t\n\t\t\t\n\t<div class=\"img has-hover x md-x lg-x y md-y lg-y\" id=\"image_1363401123\">\n\t\t\t\t\t\t<div data-animate=\"fadeInLeft\">\t\t<div class=\"img-inner image-cover dark\" style=\"padding-top:100%;\">\n\t\t\t<img loading=\"lazy\" decoding=\"async\" width=\"700\" height=\"553\" src=\"https:\/\/drhebertlamblet.com\/wp-content\/uploads\/2019\/03\/volumetric_facial_rejuvenation.png\" class=\"attachment-large size-large\" alt=\"Volumetric Facial Reshaping\" srcset=\"https:\/\/drhebertlamblet.com\/wp-content\/uploads\/2019\/03\/volumetric_facial_rejuvenation.png 700w, https:\/\/drhebertlamblet.com\/wp-content\/uploads\/2019\/03\/volumetric_facial_rejuvenation-300x237.png 300w\" sizes=\"auto, (max-width: 700px) 100vw, 700px\" \/>\t\t\t\t\t\t\n\t\t\t\t\t<\/div>\n\t\t<\/div>\t\t\t\t\t\t\n<style>\n#image_1363401123 {\n  width: 100%;\n}\n<\/style>\n\t<\/div>\n\t\n\t\t<\/div>\n\t\t\t\t\t<\/div>\n\n\t\n\n\t<div id=\"col-438375567\" class=\"col medium-7 small-12 large-7\"  >\n\t\t\t\t<div class=\"col-inner\"  >\n\t\t\t\n\t\t\t\n<h5 class=\"uppercase\">Reverter o envelhecimento facial<\/h5>\n<p>O Dr. Lamblet acredita que a revers\u00e3o do processo de envelhecimento facial pode ser alcan\u00e7ada eficazmente atrav\u00e9s da restaura\u00e7\u00e3o volum\u00e9trica tridimensional do rosto. O volume pode ser restaurado no rosto atrav\u00e9s de v\u00e1rios m\u00e9todos, que incluem a inje\u00e7\u00e3o de enchimentos de tecidos moles, a coloca\u00e7\u00e3o de implantes faciais e o microenxerto aut\u00f3logo de gordura.<\/p>\n<p>Destes m\u00e9todos, o Dr. Lamblet prefere utilizar microenxertos aut\u00f3logos de gordura com c\u00e9lulas derivadas da adiposidade (ADCs) para obter um volume e uma forma facial jovem.<\/p>\n<a href=\"\/contact-us\" class=\"button secondary is-outline\" >\n\t\t<span>Pedir uma consulta<\/span>\n\t<i class=\"icon-angle-right\" aria-hidden=\"true\"><\/i><\/a>\n\n\t<div id=\"gap-1715797907\" class=\"gap-element clearfix\" style=\"display:block; height:auto;\">\n\t\t\n<style>\n#gap-1715797907 {\n  padding-top: 30px;\n}\n<\/style>\n\t<\/div>\n\t\n\t\t<\/div>\n\t\t\t\t\t<\/div>\n\n\t\n<\/div>\n\t<div id=\"gap-1519677745\" class=\"gap-element clearfix\" style=\"display:block; height:auto;\">\n\t\t\n<style>\n#gap-1519677745 {\n  padding-top: 30px;\n}\n<\/style>\n\t<\/div>\n\t\n<div class=\"row\"  id=\"row-1838590550\">\n\n\t<div id=\"col-1415019750\" class=\"col medium-6 small-12 large-6\"  >\n\t\t\t\t<div class=\"col-inner\"  >\n\t\t\t\n\t\t\t\n\t<div id=\"gap-1322695167\" class=\"gap-element clearfix hide-for-small\" style=\"display:block; height:auto;\">\n\t\t\n<style>\n#gap-1322695167 {\n  padding-top: 27px;\n}\n<\/style>\n\t<\/div>\n\t\n<h3>Remodela\u00e7\u00e3o volum\u00e9trica do rosto atrav\u00e9s de enxerto de gordura aut\u00f3loga com ADCs<\/h3>\n<p>Durante o procedimento de microenxerto de gordura facial, as c\u00e9lulas regenerativas s\u00e3o colhidas do tecido adiposo recolhido do doente, processadas, adicionadas a c\u00e9lulas adiposas frescas saud\u00e1veis e, em seguida, reinjectadas na \u00e1rea a tratar num \u00fanico procedimento realizado no consult\u00f3rio.<\/p>\n<p>Ao utilizar as suas pr\u00f3prias c\u00e9lulas, o recetor pode evitar os problemas de transmiss\u00e3o de doen\u00e7as e de rejei\u00e7\u00e3o associados aos tecidos ou implantes de dadores. O procedimento de transfer\u00eancia de gordura pode ser efectuado sob anestesia local para rejuvenescer todo o rosto, ou em \u00e1reas isoladas como o nariz, as bochechas, o queixo e a mand\u00edbula (papada).  <\/p>\n<p>Ap\u00f3s o procedimento, o incha\u00e7o ou hematomas persistentes s\u00e3o raros, permitindo uma recupera\u00e7\u00e3o r\u00e1pida na maioria dos casos. O Dr. Lamblet realiza enxertos de gordura aut\u00f3loga h\u00e1 mais de vinte anos e \u00e9 um m\u00e9dico altamente qualificado e especializado nesta t\u00e9cnica revolucion\u00e1ria.<\/p>\n<p>O enxerto de gordura com CDA pode tamb\u00e9m ser efectuado em determinadas zonas do corpo para fins cosm\u00e9ticos ou reconstrutivos.  <a href=\"http:\/\/www.drhebertlamblet.com\/contact-us\/\">Contacte a Vikaara Klinik \u00ae<\/a> no Rio de Janeiro, Brasil, para marcar uma consulta com o Dr. Lamblet e saber mais sobre os resultados que podem ser obtidos com o enxerto de gordura aut\u00f3loga com ADCs.<\/p>\n<a href=\"\/contact-us\" class=\"button secondary is-outline\" >\n\t\t<span>Solicitar uma consulta gratuita<\/span>\n\t<i class=\"icon-angle-right\" aria-hidden=\"true\"><\/i><\/a>\n\n\t\t<\/div>\n\t\t\t\t\t<\/div>\n\n\t\n\n\t<div id=\"col-1874143205\" class=\"col medium-6 small-12 large-6\"  >\n\t\t\t\t<div class=\"col-inner\"  >\n\t\t\t\n\t\t\t\n\t<div class=\"img has-hover x md-x lg-x y md-y lg-y\" id=\"image_937485460\">\n\t\t\t\t\t\t<div data-animate=\"fadeInRight\">\t\t<div class=\"img-inner dark\" >\n\t\t\t<img loading=\"lazy\" decoding=\"async\" width=\"673\" height=\"1024\" src=\"https:\/\/drhebertlamblet.com\/wp-content\/uploads\/2019\/06\/volumetric-facial-reshaping-673x1024.jpg\" class=\"attachment-large size-large\" alt=\"Volumetric Facial Reshaping\" srcset=\"https:\/\/drhebertlamblet.com\/wp-content\/uploads\/2019\/06\/volumetric-facial-reshaping-673x1024.jpg 673w, https:\/\/drhebertlamblet.com\/wp-content\/uploads\/2019\/06\/volumetric-facial-reshaping-197x300.jpg 197w, https:\/\/drhebertlamblet.com\/wp-content\/uploads\/2019\/06\/volumetric-facial-reshaping.jpg 682w\" sizes=\"auto, (max-width: 673px) 100vw, 673px\" \/>\t\t\t\t\t\t\n\t\t\t\t\t<\/div>\n\t\t<\/div>\t\t\t\t\t\t\n<style>\n#image_937485460 {\n  width: 100%;\n}\n<\/style>\n\t<\/div>\n\t\n\t\t<\/div>\n\t\t\t\t\t<\/div>\n\n\t\n<\/div>\n\t<div id=\"gap-1164580322\" class=\"gap-element clearfix\" style=\"display:block; height:auto;\">\n\t\t\n<style>\n#gap-1164580322 {\n  padding-top: 65px;\n}\n<\/style>\n\t<\/div>\n\t\n","protected":false},"excerpt":{"rendered":"","protected":false},"author":1,"featured_media":0,"parent":3493,"menu_order":0,"comment_status":"closed","ping_status":"closed","template":"page-blank.php","meta":{"footnotes":""},"class_list":["post-3397","page","type-page","status-publish","hentry"],"_links":{"self":[{"href":"https:\/\/drhebertlamblet.com\/pt-br\/wp-json\/wp\/v2\/pages\/3397","targetHints":{"allow":["GET"]}}],"collection":[{"href":"https:\/\/drhebertlamblet.com\/pt-br\/wp-json\/wp\/v2\/pages"}],"about":[{"href":"https:\/\/drhebertlamblet.com\/pt-br\/wp-json\/wp\/v2\/types\/page"}],"author":[{"embeddable":true,"href":"https:\/\/drhebertlamblet.com\/pt-br\/wp-json\/wp\/v2\/users\/1"}],"replies":[{"embeddable":true,"href":"https:\/\/drhebertlamblet.com\/pt-br\/wp-json\/wp\/v2\/comments?post=3397"}],"version-history":[{"count":1,"href":"https:\/\/drhebertlamblet.com\/pt-br\/wp-json\/wp\/v2\/pages\/3397\/revisions"}],"predecessor-version":[{"id":3398,"href":"https:\/\/drhebertlamblet.com\/pt-br\/wp-json\/wp\/v2\/pages\/3397\/revisions\/3398"}],"up":[{"embeddable":true,"href":"https:\/\/drhebertlamblet.com\/pt-br\/wp-json\/wp\/v2\/pages\/3493"}],"wp:attachment":[{"href":"https:\/\/drhebertlamblet.com\/pt-br\/wp-json\/wp\/v2\/media?parent=3397"}],"curies":[{"name":"wp","href":"https:\/\/api.w.org\/{rel}","templated":true}]}}