{"id":3396,"date":"2019-04-15T23:07:08","date_gmt":"2019-04-15T23:07:08","guid":{"rendered":"https:\/\/drhebertlamblet.com\/lifting-de-gluteos-brasileiro\/"},"modified":"2023-08-11T02:17:59","modified_gmt":"2023-08-11T02:17:59","slug":"lifting-de-gluteos-brasileiro","status":"publish","type":"page","link":"https:\/\/drhebertlamblet.com\/pt-br\/procedimentos-corporais\/lifting-de-gluteos-brasileiro\/","title":{"rendered":"Lifting de gl\u00fateos brasileiro"},"content":{"rendered":"  <div id=\"page-header-398751322\" class=\"page-header-wrapper\">\n  <div class=\"page-title light divided-title\">\n\n    \n    <div class=\"page-title-inner container align-center flex-row medium-flex-wrap\" >\n              <div class=\"title-wrapper flex-col text-left medium-text-center\">\n          <h1 class=\"entry-title mb-0\">\n            Lifting de gl\u00fateos brasileiro          <\/h1>\n        <\/div>\n                    <div class=\"title-content flex-col flex-right text-right medium-text-center\">\n        <div class=\"title-breadcrumbs pb-half pt-half\"><\/div>      <\/div>\n    <\/div>\n\n       <\/div>\n  <div class=\"container header-wrapper-divider\"><hr\/><\/div>  <\/div>\n  \n\t<div id=\"gap-1295974059\" class=\"gap-element clearfix\" style=\"display:block; height:auto;\">\n\t\t\n<style>\n#gap-1295974059 {\n  padding-top: 30px;\n}\n<\/style>\n\t<\/div>\n\t\n<div class=\"row\"  id=\"row-268122618\">\n\n\t<div id=\"col-687460985\" class=\"col medium-5 small-12 large-5 col-divided\"  >\n\t\t\t\t<div class=\"col-inner\"  >\n\t\t\t\n\t\t\t\n\t<div class=\"img has-hover x md-x lg-x y md-y lg-y\" id=\"image_1588197218\">\n\t\t\t\t\t\t<div data-animate=\"fadeInLeft\">\t\t<div class=\"img-inner image-cover dark\" style=\"padding-top:93%;\">\n\t\t\t<img loading=\"lazy\" decoding=\"async\" width=\"800\" height=\"542\" src=\"https:\/\/drhebertlamblet.com\/wp-content\/uploads\/2019\/03\/brazillian_butt_lift_procedure.png\" class=\"attachment-large size-large\" alt=\"\" srcset=\"https:\/\/drhebertlamblet.com\/wp-content\/uploads\/2019\/03\/brazillian_butt_lift_procedure.png 800w, https:\/\/drhebertlamblet.com\/wp-content\/uploads\/2019\/03\/brazillian_butt_lift_procedure-300x203.png 300w, https:\/\/drhebertlamblet.com\/wp-content\/uploads\/2019\/03\/brazillian_butt_lift_procedure-768x520.png 768w\" sizes=\"auto, (max-width: 800px) 100vw, 800px\" \/>\t\t\t\t\t\t\n\t\t\t\t\t<\/div>\n\t\t<\/div>\t\t\t\t\t\t\n<style>\n#image_1588197218 {\n  width: 100%;\n}\n<\/style>\n\t<\/div>\n\t\n\t\t<\/div>\n\t\t\t\t\t<\/div>\n\n\t\n\n\t<div id=\"col-950763295\" class=\"col medium-7 small-12 large-7\"  >\n\t\t\t\t<div class=\"col-inner\"  >\n\t\t\t\n\t\t\t\n<h5 class=\"uppercase\">Procedimento de levantamento de gl\u00fateos brasileiro<\/h5>\n<p>O Dr. Lamblet \u00e9 especializado em todos os tipos de cirurgias cosm\u00e9ticas, incluindo o seu procedimento de assinatura: o levantamento do rabo brasileiro. Pacientes de todo o mundo v\u00eam ao Rio de Janeiro para fazer esta cirurgia que d\u00e1 forma a um traseiro mais voluptuoso e esticado.<\/p>\n<p>Durante o procedimento de eleva\u00e7\u00e3o do bumbum brasileiro, a gordura \u00e9 recolhida do paciente atrav\u00e9s de lipoaspira\u00e7\u00e3o, processada e depois reinjectada nas n\u00e1degas para adicionar plenitude e criar uma silhueta mais curvil\u00ednea. O Dr. Lamblet consegue obter um resultado mais natural e bem sucedido preservando as c\u00e9lulas ADC dos pacientes que est\u00e3o presentes nas c\u00e9lulas adiposas saud\u00e1veis. As c\u00e9lulas ADC s\u00e3o conhecidas como c\u00e9lulas estaminais, c\u00e9lulas de fator de crescimento e c\u00e9lulas progenitoras endoteliais, todas elas derivadas de c\u00e9lulas adiposas. Preservados e reinjectados, promover\u00e3o um ambiente perfeito para as c\u00e9lulas adiposas sobreviverem.  <\/p>\n<a href=\"\/contact-us\" class=\"button secondary is-outline\" >\n\t\t<span>Pedir uma consulta<\/span>\n\t<i class=\"icon-angle-right\" aria-hidden=\"true\"><\/i><\/a>\n\n\t<div id=\"gap-1696422155\" class=\"gap-element clearfix\" style=\"display:block; height:auto;\">\n\t\t\n<style>\n#gap-1696422155 {\n  padding-top: 30px;\n}\n<\/style>\n\t<\/div>\n\t\n\t\t<\/div>\n\t\t\t\t\t<\/div>\n\n\t\n<\/div>\n\t<div id=\"gap-229108533\" class=\"gap-element clearfix\" style=\"display:block; height:auto;\">\n\t\t\n<style>\n#gap-229108533 {\n  padding-top: 30px;\n}\n<\/style>\n\t<\/div>\n\t\n<div class=\"row\"  id=\"row-1303922215\">\n\n\t<div id=\"col-1191530020\" class=\"col small-12 large-12\"  >\n\t\t\t\t<div class=\"col-inner\"  >\n\t\t\t\n\t\t\t\n<div class=\"row\"  id=\"row-18838148\">\n\n\t<div id=\"col-377711844\" class=\"col small-12 large-12\"  >\n\t\t\t\t<div class=\"col-inner\"  >\n\t\t\t\n\t\t\t\n<p>Uma vez que <a href=\"http:\/\/www.drhebertlamblet.com\/body-procedures\/liposuction\/\">a lipoaspira\u00e7\u00e3o<\/a> \u00e9 a t\u00e9cnica utilizada para colher gordura, os candidatos ideais para o procedimento de eleva\u00e7\u00e3o do bumbum brasileiro s\u00e3o aqueles com bolsas de gordura em excesso noutras \u00e1reas do corpo. A gordura pode ser colhida em v\u00e1rias partes do corpo, mas nem toda a gordura colhida \u00e9 utilizada para re-inje\u00e7\u00e3o, raz\u00e3o pela qual os bons candidatos necessitam de uma certa quantidade de gordura corporal em excesso. Geralmente, a quantidade recolhida durante a lipoaspira\u00e7\u00e3o \u00e9 de aproximadamente 1000cc; o Dr. Lamblet avaliar\u00e1 a sua candidatura ao procedimento atrav\u00e9s de uma consulta privada no seu consult\u00f3rio. Dependendo da \u00e1rea doadora de gordura determinada, muitas pacientes t\u00eam o prazer de descobrir o benef\u00edcio adicional de fazer dois procedimentos num s\u00f3 com o Lifting de Bumbum Brasileiro. Isto porque a lipoaspira\u00e7\u00e3o do abd\u00f3men, dos flancos, das ancas ou das coxas criar\u00e1 propor\u00e7\u00f5es ideais na parte inferior do corpo que melhoram ainda mais a apar\u00eancia das n\u00e1degas.<\/p>\n\t\t<\/div>\n\t\t\t\t\t<\/div>\n\n\t\n<\/div>\n\t<div id=\"gap-713311880\" class=\"gap-element clearfix\" style=\"display:block; height:auto;\">\n\t\t\n<style>\n#gap-713311880 {\n  padding-top: 30px;\n}\n<\/style>\n\t<\/div>\n\t\n\t<div class=\"box has-hover   has-hover box-bounce box-text-bottom\" >\n\n\t\t<div class=\"box-image\" style=\"width:86%;\">\n\t\t\t\t\t\t<div class=\"\" >\n\t\t\t\t<img loading=\"lazy\" decoding=\"async\" width=\"985\" height=\"426\" src=\"https:\/\/drhebertlamblet.com\/wp-content\/uploads\/2019\/05\/fat-grafting-process.png\" class=\"attachment- size-\" alt=\"Autologous Micro Fat Grafting Process\" srcset=\"https:\/\/drhebertlamblet.com\/wp-content\/uploads\/2019\/05\/fat-grafting-process.png 985w, https:\/\/drhebertlamblet.com\/wp-content\/uploads\/2019\/05\/fat-grafting-process-300x130.png 300w, https:\/\/drhebertlamblet.com\/wp-content\/uploads\/2019\/05\/fat-grafting-process-768x332.png 768w\" sizes=\"auto, (max-width: 985px) 100vw, 985px\" \/>\t\t\t\t\t\t\t\t\t\t\t<\/div>\n\t\t\t\t\t<\/div>\n\n\t\t<div class=\"box-text text-center\" >\n\t\t\t<div class=\"box-text-inner\">\n\t\t\t\t\n<h4>PROCEDIMENTO DE TRANSFER\u00caNCIA AUT\u00d3LOGA<\/h4>\n<p>Lifting de gl\u00fateos brasileiro<\/p>\n\t\t\t<\/div>\n\t\t<\/div>\n\t<\/div>\n\t\n<p>O tempo de recupera\u00e7\u00e3o ap\u00f3s este procedimento \u00e9 mais curto do que ap\u00f3s a cirurgia de implantes nas n\u00e1degas, e os pacientes podem evitar poss\u00edveis complica\u00e7\u00f5es, como infe\u00e7\u00e3o, rejei\u00e7\u00e3o ou perfura\u00e7\u00e3o do implante. Os resultados a longo prazo do lifting do bumbum brasileiro s\u00e3o bons a excelentes, com pouca ou nenhuma reabsor\u00e7\u00e3o da gordura injectada, conforme indicado atrav\u00e9s de dados recolhidos em ensaios de investiga\u00e7\u00e3o cl\u00ednica. O Dr. Lamblet tem estado envolvido na investiga\u00e7\u00e3o do enxerto de gordura preservando as c\u00e9lulas da ADC e o procedimento do Brazilian Butt Lift nos \u00faltimos vinte anos, o que o torna altamente qualificado para lhe dar o traseiro mais curvil\u00edneo que deseja num ambiente seguro.<\/p>\n<p>Se desejar realizar este procedimento transformador no seu pa\u00eds de origem, <a href=\"http:\/\/www.drhebertlamblet.com\/contact-us\/\">contacte a nossa cl\u00ednica de cirurgia est\u00e9tica no Brasil<\/a> para mais informa\u00e7\u00f5es.<\/p>\n\t\t<\/div>\n\t\t\t\t\t<\/div>\n\n\t\n<\/div>\n\t<div id=\"gap-1752669518\" class=\"gap-element clearfix\" style=\"display:block; height:auto;\">\n\t\t\n<style>\n#gap-1752669518 {\n  padding-top: 65px;\n}\n<\/style>\n\t<\/div>\n\t\n","protected":false},"excerpt":{"rendered":"","protected":false},"author":1,"featured_media":0,"parent":3475,"menu_order":0,"comment_status":"closed","ping_status":"closed","template":"page-blank.php","meta":{"footnotes":""},"class_list":["post-3396","page","type-page","status-publish","hentry"],"_links":{"self":[{"href":"https:\/\/drhebertlamblet.com\/pt-br\/wp-json\/wp\/v2\/pages\/3396","targetHints":{"allow":["GET"]}}],"collection":[{"href":"https:\/\/drhebertlamblet.com\/pt-br\/wp-json\/wp\/v2\/pages"}],"about":[{"href":"https:\/\/drhebertlamblet.com\/pt-br\/wp-json\/wp\/v2\/types\/page"}],"author":[{"embeddable":true,"href":"https:\/\/drhebertlamblet.com\/pt-br\/wp-json\/wp\/v2\/users\/1"}],"replies":[{"embeddable":true,"href":"https:\/\/drhebertlamblet.com\/pt-br\/wp-json\/wp\/v2\/comments?post=3396"}],"version-history":[{"count":1,"href":"https:\/\/drhebertlamblet.com\/pt-br\/wp-json\/wp\/v2\/pages\/3396\/revisions"}],"predecessor-version":[{"id":3400,"href":"https:\/\/drhebertlamblet.com\/pt-br\/wp-json\/wp\/v2\/pages\/3396\/revisions\/3400"}],"up":[{"embeddable":true,"href":"https:\/\/drhebertlamblet.com\/pt-br\/wp-json\/wp\/v2\/pages\/3475"}],"wp:attachment":[{"href":"https:\/\/drhebertlamblet.com\/pt-br\/wp-json\/wp\/v2\/media?parent=3396"}],"curies":[{"name":"wp","href":"https:\/\/api.w.org\/{rel}","templated":true}]}}