{"id":3395,"date":"2019-04-27T02:29:53","date_gmt":"2019-04-27T02:29:53","guid":{"rendered":"https:\/\/drhebertlamblet.com\/lipoaspiracao-para-homens\/"},"modified":"2023-08-11T02:17:59","modified_gmt":"2023-08-11T02:17:59","slug":"lipoaspiracao-para-homens","status":"publish","type":"page","link":"https:\/\/drhebertlamblet.com\/pt-br\/para-homens\/lipoaspiracao-para-homens\/","title":{"rendered":"Lipoaspira\u00e7\u00e3o para homens"},"content":{"rendered":"  <div id=\"page-header-724909170\" class=\"page-header-wrapper\">\n  <div class=\"page-title light divided-title\">\n\n    \n    <div class=\"page-title-inner container align-center flex-row medium-flex-wrap\" >\n              <div class=\"title-wrapper flex-col text-left medium-text-center\">\n          <h1 class=\"entry-title mb-0\">\n            Lipoaspira\u00e7\u00e3o para homens          <\/h1>\n        <\/div>\n                    <div class=\"title-content flex-col flex-right text-right medium-text-center\">\n        <div class=\"title-breadcrumbs pb-half pt-half\"><\/div>      <\/div>\n    <\/div>\n\n       <\/div>\n  <div class=\"container header-wrapper-divider\"><hr\/><\/div>  <\/div>\n  \n\t<div id=\"gap-1392776064\" class=\"gap-element clearfix\" style=\"display:block; height:auto;\">\n\t\t\n<style>\n#gap-1392776064 {\n  padding-top: 30px;\n}\n<\/style>\n\t<\/div>\n\t\n<div class=\"row\"  id=\"row-758303510\">\n\n\t<div id=\"col-166207223\" class=\"col medium-5 small-12 large-5 col-divided\"  >\n\t\t\t\t<div class=\"col-inner\"  >\n\t\t\t\n\t\t\t\n\t<div class=\"img has-hover x md-x lg-x y md-y lg-y\" id=\"image_691251530\">\n\t\t\t\t\t\t<div data-animate=\"fadeInLeft\">\t\t<div class=\"img-inner image-cover dark\" style=\"padding-top:100%;\">\n\t\t\t<img loading=\"lazy\" decoding=\"async\" width=\"685\" height=\"355\" src=\"https:\/\/drhebertlamblet.com\/wp-content\/uploads\/2019\/03\/liposuction_for_men.jpg\" class=\"attachment-large size-large\" alt=\"Liposuction for Men\" srcset=\"https:\/\/drhebertlamblet.com\/wp-content\/uploads\/2019\/03\/liposuction_for_men.jpg 685w, https:\/\/drhebertlamblet.com\/wp-content\/uploads\/2019\/03\/liposuction_for_men-300x155.jpg 300w\" sizes=\"auto, (max-width: 685px) 100vw, 685px\" \/>\t\t\t\t\t\t\n\t\t\t\t\t<\/div>\n\t\t<\/div>\t\t\t\t\t\t\n<style>\n#image_691251530 {\n  width: 100%;\n}\n<\/style>\n\t<\/div>\n\t\n\t\t<\/div>\n\t\t\t\t\t<\/div>\n\n\t\n\n\t<div id=\"col-834431224\" class=\"col medium-7 small-12 large-7\"  >\n\t\t\t\t<div class=\"col-inner\"  >\n\t\t\t\n\t\t\t\n<h5 class=\"uppercase\">Procedimentos de lipoaspira\u00e7\u00e3o para homens<\/h5>\n<p>A forma ideal do corpo masculino \u00e9 considerada como sendo esbelta e atl\u00e9tica, com ombros e peito largos, um abd\u00f3men plano e uma zona estreita entre as ancas e as coxas. No entanto, \u00e0 medida que os homens envelhecem, as \u00e1reas de gordura tendem a acumular-se \u00e0 volta do abd\u00f3men, nos flancos (&#8220;pegas de amor&#8221;), na \u00e1rea do peito (uma condi\u00e7\u00e3o chamada ginecomastia) e ao longo do queixo e do pesco\u00e7o. Os homens recorrem por vezes \u00e0 lipoaspira\u00e7\u00e3o para eliminar estas zonas de gordura que resistem \u00e0 dieta e ao exerc\u00edcio.<\/p>\n<p>A lipoaspira\u00e7\u00e3o \u00e9 um procedimento em que os contornos do corpo s\u00e3o reesculpidos atrav\u00e9s da remo\u00e7\u00e3o de dep\u00f3sitos localizados de gordura indesejada. Durante a \u00faltima d\u00e9cada, os avan\u00e7os nas t\u00e9cnicas de lipoaspira\u00e7\u00e3o e na tecnologia tornaram o procedimento mais seguro e mais eficiente do que nunca.<\/p>\n<a href=\"\/contact-us\" class=\"button secondary is-outline\" >\n\t\t<span>Pedir uma consulta<\/span>\n\t<i class=\"icon-angle-right\" aria-hidden=\"true\"><\/i><\/a>\n\n\t\t<\/div>\n\t\t\t\t\t<\/div>\n\n\t\n<\/div>\n\t<div id=\"gap-1626869715\" class=\"gap-element clearfix\" style=\"display:block; height:auto;\">\n\t\t\n<style>\n#gap-1626869715 {\n  padding-top: 30px;\n}\n<\/style>\n\t<\/div>\n\t\n<div class=\"row\"  id=\"row-316759328\">\n\n\t<div id=\"col-1549010540\" class=\"col medium-6 small-12 large-6\"  >\n\t\t\t\t<div class=\"col-inner\"  >\n\t\t\t\n\t\t\t\n\t<div id=\"gap-772007824\" class=\"gap-element clearfix hide-for-small\" style=\"display:block; height:auto;\">\n\t\t\n<style>\n#gap-772007824 {\n  padding-top: 60px;\n}\n<\/style>\n\t<\/div>\n\t\n<p>O Dr. Lamblet efectua a lipoaspira\u00e7\u00e3o utilizando a t\u00e9cnica tumescente. Com esta t\u00e9cnica, a gordura \u00e9 aspirada utilizando um instrumento fino, chamado c\u00e2nula; a c\u00e2nula causa menos traumas nos tecidos circundantes do que os m\u00e9todos anteriores de lipoaspira\u00e7\u00e3o. No final do procedimento, o Dr. Lamblet pode colocar pequenos drenos que permitem a liberta\u00e7\u00e3o do excesso de fluido durante a cicatriza\u00e7\u00e3o, e coloca um penso na \u00e1rea. A sua recupera\u00e7\u00e3o ser\u00e1 acompanhada de perto pelo Dr. Lamblet para se certificar de que est\u00e1 a sarar corretamente.<\/p>\n<p>A lipoaspira\u00e7\u00e3o \u00e9 o procedimento ideal para remover \u00e1reas teimosas de gordura que n\u00e3o respondem a dietas e exerc\u00edcios. Contacte o <a href=\"http:\/\/www.drhebertlamblet.com\/contact-us\/\">consult\u00f3rio do Dr. Lamblet<\/a> para saber se \u00e9 um bom candidato \u00e0 lipoaspira\u00e7\u00e3o.<\/p>\n\t\t<\/div>\n\t\t\t\t\t<\/div>\n\n\t\n\n\t<div id=\"col-100626106\" class=\"col medium-6 small-12 large-6\"  >\n\t\t\t\t<div class=\"col-inner\"  >\n\t\t\t\n\t\t\t\n\t<div class=\"box has-hover   has-hover box-bounce box-text-bottom\" >\n\n\t\t<div class=\"box-image\" >\n\t\t\t\t\t\t<div class=\"\" >\n\t\t\t\t<img loading=\"lazy\" decoding=\"async\" width=\"700\" height=\"683\" src=\"https:\/\/drhebertlamblet.com\/wp-content\/uploads\/2019\/04\/liposuction-procedure-areas.jpg\" class=\"attachment- size-\" alt=\"\" srcset=\"https:\/\/drhebertlamblet.com\/wp-content\/uploads\/2019\/04\/liposuction-procedure-areas.jpg 700w, https:\/\/drhebertlamblet.com\/wp-content\/uploads\/2019\/04\/liposuction-procedure-areas-300x293.jpg 300w\" sizes=\"auto, (max-width: 700px) 100vw, 700px\" \/>\t\t\t\t\t\t\t\t\t\t\t<\/div>\n\t\t\t\t\t<\/div>\n\n\t\t<div class=\"box-text text-center\" >\n\t\t\t<div class=\"box-text-inner\">\n\t\t\t\t\n<h4>\u00c1REAS DE LIPOASPIRA\u00c7\u00c3O<\/h4>\n<p>Procedimentos de lipoaspira\u00e7\u00e3o para homens e mulheres<\/p>\n\t\t\t<\/div>\n\t\t<\/div>\n\t<\/div>\n\t\n\t\t<\/div>\n\t\t\t\t\t<\/div>\n\n\t\n<\/div>\n\t<div id=\"gap-1355045091\" class=\"gap-element clearfix\" style=\"display:block; height:auto;\">\n\t\t\n<style>\n#gap-1355045091 {\n  padding-top: 65px;\n}\n<\/style>\n\t<\/div>\n\t\n","protected":false},"excerpt":{"rendered":"","protected":false},"author":1,"featured_media":0,"parent":3440,"menu_order":0,"comment_status":"closed","ping_status":"closed","template":"page-blank.php","meta":{"footnotes":""},"class_list":["post-3395","page","type-page","status-publish","hentry"],"_links":{"self":[{"href":"https:\/\/drhebertlamblet.com\/pt-br\/wp-json\/wp\/v2\/pages\/3395","targetHints":{"allow":["GET"]}}],"collection":[{"href":"https:\/\/drhebertlamblet.com\/pt-br\/wp-json\/wp\/v2\/pages"}],"about":[{"href":"https:\/\/drhebertlamblet.com\/pt-br\/wp-json\/wp\/v2\/types\/page"}],"author":[{"embeddable":true,"href":"https:\/\/drhebertlamblet.com\/pt-br\/wp-json\/wp\/v2\/users\/1"}],"replies":[{"embeddable":true,"href":"https:\/\/drhebertlamblet.com\/pt-br\/wp-json\/wp\/v2\/comments?post=3395"}],"version-history":[{"count":1,"href":"https:\/\/drhebertlamblet.com\/pt-br\/wp-json\/wp\/v2\/pages\/3395\/revisions"}],"predecessor-version":[{"id":3401,"href":"https:\/\/drhebertlamblet.com\/pt-br\/wp-json\/wp\/v2\/pages\/3395\/revisions\/3401"}],"up":[{"embeddable":true,"href":"https:\/\/drhebertlamblet.com\/pt-br\/wp-json\/wp\/v2\/pages\/3440"}],"wp:attachment":[{"href":"https:\/\/drhebertlamblet.com\/pt-br\/wp-json\/wp\/v2\/media?parent=3395"}],"curies":[{"name":"wp","href":"https:\/\/api.w.org\/{rel}","templated":true}]}}