{"id":3394,"date":"2021-07-21T00:51:23","date_gmt":"2021-07-21T00:51:23","guid":{"rendered":"https:\/\/drhebertlamblet.com\/servicos\/"},"modified":"2023-08-11T02:17:59","modified_gmt":"2023-08-11T02:17:59","slug":"servicos","status":"publish","type":"page","link":"https:\/\/drhebertlamblet.com\/pt-br\/servicos\/","title":{"rendered":"Servi\u00e7os"},"content":{"rendered":"\n<div class=\"row\"  id=\"row-1806140593\">\n\n\n\t<div id=\"col-1682686489\" class=\"col small-12 large-12\"  >\n\t\t\t\t<div class=\"col-inner\"  >\n\t\t\t\n\t\t\t\n\n<div class=\"wpec_shop_products\"><div class=\"wp-asp-post-grid wp-asp-grid\">\n\t\n<div id=\"asp-sort-wrapper\">\t\n<form method=\"GET\" id=\"asp-sort-by-form\">\n<select id=\"asp-sort-by\" name=\"asp-sortby\">\n\t<option value=\"\">Select sorting option<\/option>\n\t<option  value=\"id-desc\">Sort by latest<\/option>\n\t<option  value=\"title-asc\">Sort by title<\/option>\n\t<option  value=\"price-asc\">Sort by price (low to high)<\/option>\n\t<option  value=\"price-desc\">Sort by price(high to low)<\/option>\n<\/select>\n<\/form>\n<\/div>\n\n\n<form id=\"wp-asp-search-form\" method=\"GET\">\n\t<div class=\"wp-asp-listing-search-field\">\n\t\t<input type=\"text\" class=\"wp-asp-search-input\" name=\"asp_search\" value=\"\" placeholder=\"Search ...\">\n\t<button type=\"submit\" class=\"wp-asp-search-button\" value=\"Search\" title=\"Search\"><span class=\"dashicons dashicons-search\"><\/button>\n\t<\/div>\n<\/form>\n<div class=\"wp-asp-search-res-text\">\n\t\n<\/div>\n\n\t<div id=\"wp-asp-members-list\">\n\t\t<div class=\"wp-asp-grid-row\"><div class=\"wp-asp-grid-item wp-asp-product-id-3959\">\n\t<div class=\"wp-asp-product-thumb\"><img decoding=\"async\" src=\"https:\/\/drhebertlamblet.com\/wp-content\/uploads\/2021\/07\/Dr.-Hebert-Lamblet-Closeup.jpg\"><\/div>\n\t<div class=\"wp-asp-product-price\">R$400.00<\/div>\n\t<div class=\"wp-asp-product-name\">Consulta Online com o Dr. Lamblet<\/div>\n\t<div class=\"wp-asp-view-product-btn\"><a href=\"https:\/\/drhebertlamblet.com\/pt-br\/asp-products\/consulta-online-com-o-dr-lamblet\/\" class=\"wp-asp-view-product-lnk\"><button>View Item<\/button><\/a><\/div>\n<\/div>\n<div class=\"wp-asp-grid-item wp-asp-product-id-3955\">\n\t<div class=\"wp-asp-product-thumb\"><img decoding=\"async\" src=\"https:\/\/drhebertlamblet.com\/wp-content\/uploads\/2019\/03\/payment.png\"><\/div>\n\t<div class=\"wp-asp-product-price\">R$0.00<\/div>\n\t<div class=\"wp-asp-product-name\">Pagamentos e dep\u00f3sitos<\/div>\n\t<div class=\"wp-asp-view-product-btn\"><a href=\"https:\/\/drhebertlamblet.com\/pt-br\/asp-products\/pagamentos-e-depositos\/\" class=\"wp-asp-view-product-lnk\"><button>View Item<\/button><\/a><\/div>\n<\/div>\n<\/div>\n\t<\/div>\n\t\n<\/div>\n<\/div>\n\n\t\t<\/div>\n\t\t\t\t\t<\/div>\n\n\t\n\n\n<style>\n#row-1806140593 > .col > .col-inner {\n  padding: 50px 0px 0px 0px;\n}\n<\/style>\n<\/div>\n\n","protected":false},"excerpt":{"rendered":"<p>Pagamentos e dep\u00f3sitos Efectue um pagamento com cart\u00e3o de cr\u00e9dito para a sua fatura ou um dep\u00f3sito na sua conta. Pagamento de procedimentos pr\u00e9\/p\u00f3s e\/ou facturas pendentes. Todos os principais cart\u00f5es de cr\u00e9dito s\u00e3o aceitos. Transa\u00e7\u00f5es garantidas pela Stripe.<\/p>\n","protected":false},"author":4,"featured_media":0,"parent":0,"menu_order":0,"comment_status":"closed","ping_status":"closed","template":"page-blank.php","meta":{"footnotes":""},"class_list":["post-3394","page","type-page","status-publish","hentry"],"_links":{"self":[{"href":"https:\/\/drhebertlamblet.com\/pt-br\/wp-json\/wp\/v2\/pages\/3394","targetHints":{"allow":["GET"]}}],"collection":[{"href":"https:\/\/drhebertlamblet.com\/pt-br\/wp-json\/wp\/v2\/pages"}],"about":[{"href":"https:\/\/drhebertlamblet.com\/pt-br\/wp-json\/wp\/v2\/types\/page"}],"author":[{"embeddable":true,"href":"https:\/\/drhebertlamblet.com\/pt-br\/wp-json\/wp\/v2\/users\/4"}],"replies":[{"embeddable":true,"href":"https:\/\/drhebertlamblet.com\/pt-br\/wp-json\/wp\/v2\/comments?post=3394"}],"version-history":[{"count":1,"href":"https:\/\/drhebertlamblet.com\/pt-br\/wp-json\/wp\/v2\/pages\/3394\/revisions"}],"predecessor-version":[{"id":3402,"href":"https:\/\/drhebertlamblet.com\/pt-br\/wp-json\/wp\/v2\/pages\/3394\/revisions\/3402"}],"wp:attachment":[{"href":"https:\/\/drhebertlamblet.com\/pt-br\/wp-json\/wp\/v2\/media?parent=3394"}],"curies":[{"name":"wp","href":"https:\/\/api.w.org\/{rel}","templated":true}]}}